{"id":27572,"date":"2024-12-03T12:08:32","date_gmt":"2024-12-03T12:08:32","guid":{"rendered":"https:\/\/amt.ee\/product\/cobi-blocks-mirage-2000-5\/"},"modified":"2025-05-29T21:22:26","modified_gmt":"2025-05-29T21:22:26","slug":"cobi-blocks-mirage-2000-5","status":"publish","type":"product","link":"https:\/\/amt.ee\/ru\/product\/cobi-blocks-mirage-2000-5\/","title":{"rendered":"Cobi \u043a\u043e\u043d\u0441\u0442\u0440\u0443\u043a\u0442\u043e\u0440, Mirage 2000-5"},"content":{"rendered":"<div class=\"heading\">\n<p><strong>Description<\/strong><\/p>\n<p>The Dassault Mirage 2000 is a contemporary single-seater (or two-seater training aircraft) French fighter produced by Dassault Aviation. It is a single-engine jet plane in a delta wing system with an all-metal construction. Around 600 units have been created for use in the armed forces: France, Brazil, Egypt, Greece, India, Peru, Qatar, China and the United Arab Emirates.<\/p>\n<\/div>\n<div class=\"content product-desc\">\n<p>From the world of COBI comes a model of the Mirage 2000-5 aircraft in 1:48 scale issued under the original Dassault Aviation license. It is made up of 400 construction blocks. It is a perfect model for any aviation enthusiast to build and display or would equally be at home in any child\u2019s play room. The model uses only high quality, durable prints for that extra detail and does not contain any stickers. It has many movable elements such as folding wheels, ailerons &amp; an opening cockpit.<br \/>\nArmed Forces is a series that includes perfectly reproduced models of modern military vehicles used worldwide. It includes armoured cars, transporters, tanks, helicopters and planes.<br \/>\nA special pilot\u2019s figure is included in the set, which can be placed in the cockpit.<br \/>\nThe kit also includes a special display stand with an aircraft name plate.<\/p>\n<ul>\n<li>400 high quality components,<\/li>\n<li>produced in the EU by a company with over 20 years of tradition,<\/li>\n<li>meet the safety standards for children&#8217;s products,<\/li>\n<li>Fully compatible with other brands of construction blocks,<\/li>\n<li>Printed pads do not deform and do not fade during play or under temperature,<\/li>\n<li>clear and intuitive instruction based on drawings and icons,<\/li>\n<li>a special pilot body that can be placed inside the cabin,<\/li>\n<li>Exposure stand with model name,<\/li>\n<li>the original Dassault Aviation license.<\/li>\n<\/ul>\n<p><iframe loading=\"lazy\" title=\"(COBI-5801) \ud83d\udca5 Mirage 2000-5 \ud83d\udca5\" width=\"640\" height=\"360\" src=\"https:\/\/www.youtube.com\/embed\/pd0HaS9Q4BQ?feature=oembed\" frameborder=\"0\" allow=\"accelerometer; autoplay; clipboard-write; encrypted-media; gyroscope; picture-in-picture; web-share\" referrerpolicy=\"strict-origin-when-cross-origin\" allowfullscreen><\/iframe><\/p>\n<p><strong>Hoiatus!<br \/>\n<\/strong><span>Kui m\u00e4nguasjal on v\u00e4ikesed osad, ei sobi see alla 3-aastastele lastele. Olge ettevaatlik v\u00e4ikeste osadega, mis v\u00f5ivad eralduda v\u00f5i murduda, kuna laps v\u00f5ib l\u00e4mbuda v\u00f5i selle sisse hingata! K\u00f5ik pakkematerjalid ja m\u00e4nguasja osad ei ole m\u00e4nguasja osa, mist\u00f5ttu tuleb need enne m\u00e4nguasja lapsele andmist eemaldada. Kasutada t\u00e4iskasvanu j\u00e4relevalve all.<\/span><\/p>\n<\/div>\n","protected":false},"excerpt":{"rendered":"<ul>\n<li><span>\u041a\u043e\u043b\u0438\u0447\u0435\u0441\u0442\u0432\u043e \u0434\u0435\u0442\u0430\u043b\u0435\u0439: 400 \u0448\u0442\u0443\u043a<\/span><\/li>\n<li><span>\u0420\u0430\u0437\u043c\u0435\u0440\u044b \u043a\u043e\u0440\u043e\u0431\u043a\u0438:<\/span><\/li>\n<li><span>\u0420\u0435\u043a\u043e\u043c\u0435\u043d\u0434\u0443\u0435\u043c\u044b\u0439 \u0432\u043e\u0437\u0440\u0430\u0441\u0442: 7+<\/span><\/li>\n<li>\u0414\u0435\u0442\u0430\u043b\u0438 \u0441\u043e\u0432\u043c\u0435\u0441\u0442\u0438\u043c\u044b \u0441 \u043a\u043e\u043d\u0441\u0442\u0440\u0443\u043a\u0442\u043e\u0440\u0430\u043c\u0438 \u0434\u0440\u0443\u0433\u0438\u0445 \u043f\u0440\u043e\u0438\u0437\u0432\u043e\u0434\u0438\u0442\u0435\u043b\u0435\u0439<\/li>\n<\/ul>\n","protected":false},"featured_media":16742,"comment_status":"open","ping_status":"closed","template":"","meta":[],"product_brand":[],"product_cat":[316],"product_tag":[],"class_list":{"0":"post-27572","1":"product","2":"type-product","3":"status-publish","4":"has-post-thumbnail","6":"product_cat-igrushki","8":"first","9":"instock","10":"sale","11":"taxable","12":"shipping-taxable","13":"purchasable","14":"product-type-simple"},"yoast_head":"<!-- This site is optimized with the Yoast SEO plugin v25.2 - https:\/\/yoast.com\/wordpress\/plugins\/seo\/ -->\n<title>Cobi \u043a\u043e\u043d\u0441\u0442\u0440\u0443\u043a\u0442\u043e\u0440, Mirage 2000-5<\/title>\n<meta name=\"description\" content=\"\u041a\u043e\u043b\u0438\u0447\u0435\u0441\u0442\u0432\u043e \u0434\u0435\u0442\u0430\u043b\u0435\u0439: 400 \u0448\u0442\u0443\u043a  \u0420\u0430\u0437\u043c\u0435\u0440\u044b \u043a\u043e\u0440\u043e\u0431\u043a\u0438:  \u0420\u0435\u043a\u043e\u043c\u0435\u043d\u0434\u0443\u0435\u043c\u044b\u0439 \u0432\u043e\u0437\u0440\u0430\u0441\u0442: 7+  \u0414\u0435\u0442\u0430\u043b\u0438 \u0441\u043e\u0432\u043c\u0435\u0441\u0442\u0438\u043c\u044b \u0441 \u043a\u043e\u043d\u0441\u0442\u0440\u0443\u043a\u0442\u043e\u0440\u0430\u043c\u0438 \u0434\u0440\u0443\u0433\u0438\u0445 \u043f\u0440\u043e\u0438\u0437\u0432\u043e\u0434\u0438\u0442\u0435\u043b\u0435\u0439\" \/>\n<meta name=\"robots\" content=\"index, follow, max-snippet:-1, max-image-preview:large, max-video-preview:-1\" \/>\n<link rel=\"canonical\" href=\"https:\/\/amt.ee\/ru\/product\/cobi-blocks-mirage-2000-5\/\" \/>\n<meta property=\"og:locale\" content=\"ru_RU\" \/>\n<meta property=\"og:type\" content=\"article\" \/>\n<meta property=\"og:title\" content=\"Cobi \u043a\u043e\u043d\u0441\u0442\u0440\u0443\u043a\u0442\u043e\u0440, Mirage 2000-5\" \/>\n<meta property=\"og:description\" content=\"\u041a\u043e\u043b\u0438\u0447\u0435\u0441\u0442\u0432\u043e \u0434\u0435\u0442\u0430\u043b\u0435\u0439: 400 \u0448\u0442\u0443\u043a  \u0420\u0430\u0437\u043c\u0435\u0440\u044b \u043a\u043e\u0440\u043e\u0431\u043a\u0438:  \u0420\u0435\u043a\u043e\u043c\u0435\u043d\u0434\u0443\u0435\u043c\u044b\u0439 \u0432\u043e\u0437\u0440\u0430\u0441\u0442: 7+  \u0414\u0435\u0442\u0430\u043b\u0438 \u0441\u043e\u0432\u043c\u0435\u0441\u0442\u0438\u043c\u044b \u0441 \u043a\u043e\u043d\u0441\u0442\u0440\u0443\u043a\u0442\u043e\u0440\u0430\u043c\u0438 \u0434\u0440\u0443\u0433\u0438\u0445 \u043f\u0440\u043e\u0438\u0437\u0432\u043e\u0434\u0438\u0442\u0435\u043b\u0435\u0439\" \/>\n<meta property=\"og:url\" content=\"https:\/\/amt.ee\/ru\/product\/cobi-blocks-mirage-2000-5\/\" \/>\n<meta property=\"og:site_name\" content=\"Astro &amp; Micro Technics Ltd.\" \/>\n<meta property=\"article:publisher\" content=\"https:\/\/www.facebook.com\/AmtEstonia\/\" \/>\n<meta property=\"article:modified_time\" content=\"2025-05-29T21:22:26+00:00\" \/>\n<meta property=\"og:image\" content=\"https:\/\/amt.ee\/wp-content\/uploads\/2021\/07\/5801-box-front-rgb-72ppi1.jpg\" \/>\n\t<meta property=\"og:image:width\" content=\"840\" \/>\n\t<meta property=\"og:image:height\" content=\"1120\" \/>\n\t<meta property=\"og:image:type\" content=\"image\/jpeg\" \/>\n<meta name=\"twitter:card\" content=\"summary_large_image\" \/>\n<meta name=\"twitter:label1\" content=\"\u041f\u0440\u0438\u043c\u0435\u0440\u043d\u043e\u0435 \u0432\u0440\u0435\u043c\u044f \u0434\u043b\u044f \u0447\u0442\u0435\u043d\u0438\u044f\" \/>\n\t<meta name=\"twitter:data1\" content=\"2 \u043c\u0438\u043d\u0443\u0442\u044b\" \/>\n<script type=\"application\/ld+json\" class=\"yoast-schema-graph\">{\"@context\":\"https:\/\/schema.org\",\"@graph\":[{\"@type\":\"WebPage\",\"@id\":\"https:\/\/amt.ee\/ru\/product\/cobi-blocks-mirage-2000-5\/\",\"url\":\"https:\/\/amt.ee\/ru\/product\/cobi-blocks-mirage-2000-5\/\",\"name\":\"Cobi \u043a\u043e\u043d\u0441\u0442\u0440\u0443\u043a\u0442\u043e\u0440, Mirage 2000-5\",\"isPartOf\":{\"@id\":\"https:\/\/amt.ee\/#website\"},\"primaryImageOfPage\":{\"@id\":\"https:\/\/amt.ee\/ru\/product\/cobi-blocks-mirage-2000-5\/#primaryimage\"},\"image\":{\"@id\":\"https:\/\/amt.ee\/ru\/product\/cobi-blocks-mirage-2000-5\/#primaryimage\"},\"thumbnailUrl\":\"https:\/\/amt.ee\/wp-content\/uploads\/2021\/07\/5801-box-front-rgb-72ppi1.jpg\",\"datePublished\":\"2024-12-03T12:08:32+00:00\",\"dateModified\":\"2025-05-29T21:22:26+00:00\",\"description\":\"\u041a\u043e\u043b\u0438\u0447\u0435\u0441\u0442\u0432\u043e \u0434\u0435\u0442\u0430\u043b\u0435\u0439: 400 \u0448\u0442\u0443\u043a \u0420\u0430\u0437\u043c\u0435\u0440\u044b \u043a\u043e\u0440\u043e\u0431\u043a\u0438: \u0420\u0435\u043a\u043e\u043c\u0435\u043d\u0434\u0443\u0435\u043c\u044b\u0439 \u0432\u043e\u0437\u0440\u0430\u0441\u0442: 7+ \u0414\u0435\u0442\u0430\u043b\u0438 \u0441\u043e\u0432\u043c\u0435\u0441\u0442\u0438\u043c\u044b \u0441 \u043a\u043e\u043d\u0441\u0442\u0440\u0443\u043a\u0442\u043e\u0440\u0430\u043c\u0438 \u0434\u0440\u0443\u0433\u0438\u0445 \u043f\u0440\u043e\u0438\u0437\u0432\u043e\u0434\u0438\u0442\u0435\u043b\u0435\u0439\",\"breadcrumb\":{\"@id\":\"https:\/\/amt.ee\/ru\/product\/cobi-blocks-mirage-2000-5\/#breadcrumb\"},\"inLanguage\":\"ru-RU\",\"potentialAction\":[{\"@type\":\"ReadAction\",\"target\":[\"https:\/\/amt.ee\/ru\/product\/cobi-blocks-mirage-2000-5\/\"]}]},{\"@type\":\"ImageObject\",\"inLanguage\":\"ru-RU\",\"@id\":\"https:\/\/amt.ee\/ru\/product\/cobi-blocks-mirage-2000-5\/#primaryimage\",\"url\":\"https:\/\/amt.ee\/wp-content\/uploads\/2021\/07\/5801-box-front-rgb-72ppi1.jpg\",\"contentUrl\":\"https:\/\/amt.ee\/wp-content\/uploads\/2021\/07\/5801-box-front-rgb-72ppi1.jpg\",\"width\":840,\"height\":1120},{\"@type\":\"BreadcrumbList\",\"@id\":\"https:\/\/amt.ee\/ru\/product\/cobi-blocks-mirage-2000-5\/#breadcrumb\",\"itemListElement\":[{\"@type\":\"ListItem\",\"position\":1,\"name\":\"Home\",\"item\":\"https:\/\/amt.ee\/ru\/\"},{\"@type\":\"ListItem\",\"position\":2,\"name\":\"\u041c\u0430\u0433\u0430\u0437\u0438\u043d\",\"item\":\"https:\/\/amt.ee\/ru\/shop\/\"},{\"@type\":\"ListItem\",\"position\":3,\"name\":\"Cobi \u043a\u043e\u043d\u0441\u0442\u0440\u0443\u043a\u0442\u043e\u0440, Mirage 2000-5\"}]},{\"@type\":\"WebSite\",\"@id\":\"https:\/\/amt.ee\/#website\",\"url\":\"https:\/\/amt.ee\/\",\"name\":\"Astro &amp; Micro Technics Ltd.\",\"description\":\"\",\"publisher\":{\"@id\":\"https:\/\/amt.ee\/#organization\"},\"potentialAction\":[{\"@type\":\"SearchAction\",\"target\":{\"@type\":\"EntryPoint\",\"urlTemplate\":\"https:\/\/amt.ee\/?s={search_term_string}\"},\"query-input\":{\"@type\":\"PropertyValueSpecification\",\"valueRequired\":true,\"valueName\":\"search_term_string\"}}],\"inLanguage\":\"ru-RU\"},{\"@type\":\"Organization\",\"@id\":\"https:\/\/amt.ee\/#organization\",\"name\":\"Astro & Micro Technics Ltd.\",\"url\":\"https:\/\/amt.ee\/\",\"logo\":{\"@type\":\"ImageObject\",\"inLanguage\":\"ru-RU\",\"@id\":\"https:\/\/amt.ee\/#\/schema\/logo\/image\/\",\"url\":\"https:\/\/amt.ee\/wp-content\/uploads\/2021\/01\/logo.png\",\"contentUrl\":\"https:\/\/amt.ee\/wp-content\/uploads\/2021\/01\/logo.png\",\"width\":500,\"height\":149,\"caption\":\"Astro & Micro Technics Ltd.\"},\"image\":{\"@id\":\"https:\/\/amt.ee\/#\/schema\/logo\/image\/\"},\"sameAs\":[\"https:\/\/www.facebook.com\/AmtEstonia\/\",\"https:\/\/www.instagram.com\/anatoli_medvedev\/\"]}]}<\/script>\n<!-- \/ Yoast SEO plugin. -->","yoast_head_json":{"title":"Cobi \u043a\u043e\u043d\u0441\u0442\u0440\u0443\u043a\u0442\u043e\u0440, Mirage 2000-5","description":"\u041a\u043e\u043b\u0438\u0447\u0435\u0441\u0442\u0432\u043e \u0434\u0435\u0442\u0430\u043b\u0435\u0439: 400 \u0448\u0442\u0443\u043a  \u0420\u0430\u0437\u043c\u0435\u0440\u044b \u043a\u043e\u0440\u043e\u0431\u043a\u0438:  \u0420\u0435\u043a\u043e\u043c\u0435\u043d\u0434\u0443\u0435\u043c\u044b\u0439 \u0432\u043e\u0437\u0440\u0430\u0441\u0442: 7+  \u0414\u0435\u0442\u0430\u043b\u0438 \u0441\u043e\u0432\u043c\u0435\u0441\u0442\u0438\u043c\u044b \u0441 \u043a\u043e\u043d\u0441\u0442\u0440\u0443\u043a\u0442\u043e\u0440\u0430\u043c\u0438 \u0434\u0440\u0443\u0433\u0438\u0445 \u043f\u0440\u043e\u0438\u0437\u0432\u043e\u0434\u0438\u0442\u0435\u043b\u0435\u0439","robots":{"index":"index","follow":"follow","max-snippet":"max-snippet:-1","max-image-preview":"max-image-preview:large","max-video-preview":"max-video-preview:-1"},"canonical":"https:\/\/amt.ee\/ru\/product\/cobi-blocks-mirage-2000-5\/","og_locale":"ru_RU","og_type":"article","og_title":"Cobi \u043a\u043e\u043d\u0441\u0442\u0440\u0443\u043a\u0442\u043e\u0440, Mirage 2000-5","og_description":"\u041a\u043e\u043b\u0438\u0447\u0435\u0441\u0442\u0432\u043e \u0434\u0435\u0442\u0430\u043b\u0435\u0439: 400 \u0448\u0442\u0443\u043a  \u0420\u0430\u0437\u043c\u0435\u0440\u044b \u043a\u043e\u0440\u043e\u0431\u043a\u0438:  \u0420\u0435\u043a\u043e\u043c\u0435\u043d\u0434\u0443\u0435\u043c\u044b\u0439 \u0432\u043e\u0437\u0440\u0430\u0441\u0442: 7+  \u0414\u0435\u0442\u0430\u043b\u0438 \u0441\u043e\u0432\u043c\u0435\u0441\u0442\u0438\u043c\u044b \u0441 \u043a\u043e\u043d\u0441\u0442\u0440\u0443\u043a\u0442\u043e\u0440\u0430\u043c\u0438 \u0434\u0440\u0443\u0433\u0438\u0445 \u043f\u0440\u043e\u0438\u0437\u0432\u043e\u0434\u0438\u0442\u0435\u043b\u0435\u0439","og_url":"https:\/\/amt.ee\/ru\/product\/cobi-blocks-mirage-2000-5\/","og_site_name":"Astro &amp; Micro Technics Ltd.","article_publisher":"https:\/\/www.facebook.com\/AmtEstonia\/","article_modified_time":"2025-05-29T21:22:26+00:00","og_image":[{"width":840,"height":1120,"url":"https:\/\/amt.ee\/wp-content\/uploads\/2021\/07\/5801-box-front-rgb-72ppi1.jpg","type":"image\/jpeg"}],"twitter_card":"summary_large_image","twitter_misc":{"\u041f\u0440\u0438\u043c\u0435\u0440\u043d\u043e\u0435 \u0432\u0440\u0435\u043c\u044f \u0434\u043b\u044f \u0447\u0442\u0435\u043d\u0438\u044f":"2 \u043c\u0438\u043d\u0443\u0442\u044b"},"schema":{"@context":"https:\/\/schema.org","@graph":[{"@type":"WebPage","@id":"https:\/\/amt.ee\/ru\/product\/cobi-blocks-mirage-2000-5\/","url":"https:\/\/amt.ee\/ru\/product\/cobi-blocks-mirage-2000-5\/","name":"Cobi \u043a\u043e\u043d\u0441\u0442\u0440\u0443\u043a\u0442\u043e\u0440, Mirage 2000-5","isPartOf":{"@id":"https:\/\/amt.ee\/#website"},"primaryImageOfPage":{"@id":"https:\/\/amt.ee\/ru\/product\/cobi-blocks-mirage-2000-5\/#primaryimage"},"image":{"@id":"https:\/\/amt.ee\/ru\/product\/cobi-blocks-mirage-2000-5\/#primaryimage"},"thumbnailUrl":"https:\/\/amt.ee\/wp-content\/uploads\/2021\/07\/5801-box-front-rgb-72ppi1.jpg","datePublished":"2024-12-03T12:08:32+00:00","dateModified":"2025-05-29T21:22:26+00:00","description":"\u041a\u043e\u043b\u0438\u0447\u0435\u0441\u0442\u0432\u043e \u0434\u0435\u0442\u0430\u043b\u0435\u0439: 400 \u0448\u0442\u0443\u043a \u0420\u0430\u0437\u043c\u0435\u0440\u044b \u043a\u043e\u0440\u043e\u0431\u043a\u0438: \u0420\u0435\u043a\u043e\u043c\u0435\u043d\u0434\u0443\u0435\u043c\u044b\u0439 \u0432\u043e\u0437\u0440\u0430\u0441\u0442: 7+ \u0414\u0435\u0442\u0430\u043b\u0438 \u0441\u043e\u0432\u043c\u0435\u0441\u0442\u0438\u043c\u044b \u0441 \u043a\u043e\u043d\u0441\u0442\u0440\u0443\u043a\u0442\u043e\u0440\u0430\u043c\u0438 \u0434\u0440\u0443\u0433\u0438\u0445 \u043f\u0440\u043e\u0438\u0437\u0432\u043e\u0434\u0438\u0442\u0435\u043b\u0435\u0439","breadcrumb":{"@id":"https:\/\/amt.ee\/ru\/product\/cobi-blocks-mirage-2000-5\/#breadcrumb"},"inLanguage":"ru-RU","potentialAction":[{"@type":"ReadAction","target":["https:\/\/amt.ee\/ru\/product\/cobi-blocks-mirage-2000-5\/"]}]},{"@type":"ImageObject","inLanguage":"ru-RU","@id":"https:\/\/amt.ee\/ru\/product\/cobi-blocks-mirage-2000-5\/#primaryimage","url":"https:\/\/amt.ee\/wp-content\/uploads\/2021\/07\/5801-box-front-rgb-72ppi1.jpg","contentUrl":"https:\/\/amt.ee\/wp-content\/uploads\/2021\/07\/5801-box-front-rgb-72ppi1.jpg","width":840,"height":1120},{"@type":"BreadcrumbList","@id":"https:\/\/amt.ee\/ru\/product\/cobi-blocks-mirage-2000-5\/#breadcrumb","itemListElement":[{"@type":"ListItem","position":1,"name":"Home","item":"https:\/\/amt.ee\/ru\/"},{"@type":"ListItem","position":2,"name":"\u041c\u0430\u0433\u0430\u0437\u0438\u043d","item":"https:\/\/amt.ee\/ru\/shop\/"},{"@type":"ListItem","position":3,"name":"Cobi \u043a\u043e\u043d\u0441\u0442\u0440\u0443\u043a\u0442\u043e\u0440, Mirage 2000-5"}]},{"@type":"WebSite","@id":"https:\/\/amt.ee\/#website","url":"https:\/\/amt.ee\/","name":"Astro &amp; Micro Technics Ltd.","description":"","publisher":{"@id":"https:\/\/amt.ee\/#organization"},"potentialAction":[{"@type":"SearchAction","target":{"@type":"EntryPoint","urlTemplate":"https:\/\/amt.ee\/?s={search_term_string}"},"query-input":{"@type":"PropertyValueSpecification","valueRequired":true,"valueName":"search_term_string"}}],"inLanguage":"ru-RU"},{"@type":"Organization","@id":"https:\/\/amt.ee\/#organization","name":"Astro & Micro Technics Ltd.","url":"https:\/\/amt.ee\/","logo":{"@type":"ImageObject","inLanguage":"ru-RU","@id":"https:\/\/amt.ee\/#\/schema\/logo\/image\/","url":"https:\/\/amt.ee\/wp-content\/uploads\/2021\/01\/logo.png","contentUrl":"https:\/\/amt.ee\/wp-content\/uploads\/2021\/01\/logo.png","width":500,"height":149,"caption":"Astro & Micro Technics Ltd."},"image":{"@id":"https:\/\/amt.ee\/#\/schema\/logo\/image\/"},"sameAs":["https:\/\/www.facebook.com\/AmtEstonia\/","https:\/\/www.instagram.com\/anatoli_medvedev\/"]}]}},"_links":{"self":[{"href":"https:\/\/amt.ee\/ru\/wp-json\/wp\/v2\/product\/27572","targetHints":{"allow":["GET"]}}],"collection":[{"href":"https:\/\/amt.ee\/ru\/wp-json\/wp\/v2\/product"}],"about":[{"href":"https:\/\/amt.ee\/ru\/wp-json\/wp\/v2\/types\/product"}],"replies":[{"embeddable":true,"href":"https:\/\/amt.ee\/ru\/wp-json\/wp\/v2\/comments?post=27572"}],"wp:featuredmedia":[{"embeddable":true,"href":"https:\/\/amt.ee\/ru\/wp-json\/wp\/v2\/media\/16742"}],"wp:attachment":[{"href":"https:\/\/amt.ee\/ru\/wp-json\/wp\/v2\/media?parent=27572"}],"wp:term":[{"taxonomy":"product_brand","embeddable":true,"href":"https:\/\/amt.ee\/ru\/wp-json\/wp\/v2\/product_brand?post=27572"},{"taxonomy":"product_cat","embeddable":true,"href":"https:\/\/amt.ee\/ru\/wp-json\/wp\/v2\/product_cat?post=27572"},{"taxonomy":"product_tag","embeddable":true,"href":"https:\/\/amt.ee\/ru\/wp-json\/wp\/v2\/product_tag?post=27572"}],"curies":[{"name":"wp","href":"https:\/\/api.w.org\/{rel}","templated":true}]}}