{"id":27567,"date":"2024-12-03T11:57:35","date_gmt":"2024-12-03T11:57:35","guid":{"rendered":"https:\/\/amt.ee\/product\/cobi-blocks-ah-64-apache\/"},"modified":"2024-12-03T12:02:22","modified_gmt":"2024-12-03T12:02:22","slug":"cobi-blocks-ah-64-apache","status":"publish","type":"product","link":"https:\/\/amt.ee\/ru\/product\/cobi-blocks-ah-64-apache\/","title":{"rendered":"Cobi \u043a\u043e\u043d\u0441\u0442\u0440\u0443\u043a\u0442\u043e\u0440, AH-64 Apache"},"content":{"rendered":"<div class=\"heading\"><strong>Description<\/strong><\/div>\n<div class=\"content product-desc\">\n<p>The famous Apache is a tactical U.S. Army attack helicopter designed to combat armored weapons and to support ground units. It was designed as a durable machine capable of operating in all weather conditions, regardless of the time of day or location. It has been continuously produced and modernized since the 1980s. Its excellent, modern design and great properties have made export versions of great interest to other countries all over the world.<br \/>\nFrom this COBI building block kit you can build a highly accurate American AH-64 Apache helicopter with a scale of 1:48. The model has been covered with high-quality prints that do not wear out even during intense play. The prints mimic the painting of the vehicle in the colors of the USA and imitate the details of the helicopter. The Apache is equipped with rotating propellers and an opening cockpit. Two pilot figures and an display stand with a name plate are also included.<\/p>\n<ul>\n<li>510 high-quality components.<\/li>\n<li>Manufactured in the EU by a company with more than 20 years of tradition.<\/li>\n<li>Meets safety standards for children&#8217;s products.<\/li>\n<li>Fully compatible with other brands of building blocks.<\/li>\n<li>Blocks with prints do not smear or scratch and do not fade during play or under the influence of temperature.<\/li>\n<li>Easy-to-read and intuitive instructions based on drawings and step-by-step directions.<\/li>\n<\/ul>\n<p><iframe loading=\"lazy\" title=\"(COBI-5808) \ud83d\udca5 AH-64 APACHE \ud83d\udca5\" width=\"640\" height=\"360\" src=\"https:\/\/www.youtube.com\/embed\/KnTPjkzw3YQ?feature=oembed\" frameborder=\"0\" allow=\"accelerometer; autoplay; clipboard-write; encrypted-media; gyroscope; picture-in-picture; web-share\" referrerpolicy=\"strict-origin-when-cross-origin\" allowfullscreen><\/iframe><\/p>\n<p><strong>Hoiatus!<br \/>\n<\/strong><span>Kui m\u00e4nguasjal on v\u00e4ikesed osad, ei sobi see alla 3-aastastele lastele. Olge ettevaatlik v\u00e4ikeste osadega, mis v\u00f5ivad eralduda v\u00f5i murduda, kuna laps v\u00f5ib l\u00e4mbuda v\u00f5i selle sisse hingata! K\u00f5ik pakkematerjalid ja m\u00e4nguasja osad ei ole m\u00e4nguasja osa, mist\u00f5ttu tuleb need enne m\u00e4nguasja lapsele andmist eemaldada. Kasutada t\u00e4iskasvanu j\u00e4relevalve all.<\/span><\/p>\n<\/div>\n","protected":false},"excerpt":{"rendered":"<ul>\n<li><span>\u041a\u043e\u043b\u0438\u0447\u0435\u0441\u0442\u0432\u043e \u0434\u0435\u0442\u0430\u043b\u0435\u0439: 510 \u0448\u0442\u0443\u043a<\/span><\/li>\n<li><span>\u0420\u0430\u0437\u043c\u0435\u0440\u044b \u043a\u043e\u0440\u043e\u0431\u043a\u0438:<\/span><\/li>\n<li><span>\u0420\u0435\u043a\u043e\u043c\u0435\u043d\u0434\u0443\u0435\u043c\u044b\u0439 \u0432\u043e\u0437\u0440\u0430\u0441\u0442: 7+<\/span><\/li>\n<li>\u0414\u0435\u0442\u0430\u043b\u0438 \u0441\u043e\u0432\u043c\u0435\u0441\u0442\u0438\u043c\u044b \u0441 \u043a\u043e\u043d\u0441\u0442\u0440\u0443\u043a\u0442\u043e\u0440\u0430\u043c\u0438 \u0434\u0440\u0443\u0433\u0438\u0445 \u043f\u0440\u043e\u0438\u0437\u0432\u043e\u0434\u0438\u0442\u0435\u043b\u0435\u0439<\/li>\n<\/ul>\n","protected":false},"featured_media":16760,"comment_status":"open","ping_status":"closed","template":"","meta":[],"product_brand":[],"product_cat":[316],"product_tag":[],"class_list":{"0":"post-27567","1":"product","2":"type-product","3":"status-publish","4":"has-post-thumbnail","6":"product_cat-igrushki","8":"first","9":"instock","10":"sale","11":"taxable","12":"shipping-taxable","13":"purchasable","14":"product-type-simple"},"yoast_head":"<!-- This site is optimized with the Yoast SEO plugin v25.2 - https:\/\/yoast.com\/wordpress\/plugins\/seo\/ -->\n<title>Cobi \u043a\u043e\u043d\u0441\u0442\u0440\u0443\u043a\u0442\u043e\u0440, AH-64 Apache<\/title>\n<meta name=\"description\" content=\"\u041a\u043e\u043b\u0438\u0447\u0435\u0441\u0442\u0432\u043e \u0434\u0435\u0442\u0430\u043b\u0435\u0439: 510 \u0448\u0442\u0443\u043a  \u0420\u0430\u0437\u043c\u0435\u0440\u044b \u043a\u043e\u0440\u043e\u0431\u043a\u0438:  \u0420\u0435\u043a\u043e\u043c\u0435\u043d\u0434\u0443\u0435\u043c\u044b\u0439 \u0432\u043e\u0437\u0440\u0430\u0441\u0442: 7+  \u0414\u0435\u0442\u0430\u043b\u0438 \u0441\u043e\u0432\u043c\u0435\u0441\u0442\u0438\u043c\u044b \u0441 \u043a\u043e\u043d\u0441\u0442\u0440\u0443\u043a\u0442\u043e\u0440\u0430\u043c\u0438 \u0434\u0440\u0443\u0433\u0438\u0445 \u043f\u0440\u043e\u0438\u0437\u0432\u043e\u0434\u0438\u0442\u0435\u043b\u0435\u0439\" \/>\n<meta name=\"robots\" content=\"index, follow, max-snippet:-1, max-image-preview:large, max-video-preview:-1\" \/>\n<link rel=\"canonical\" href=\"https:\/\/amt.ee\/ru\/product\/cobi-blocks-ah-64-apache\/\" \/>\n<meta property=\"og:locale\" content=\"ru_RU\" \/>\n<meta property=\"og:type\" content=\"article\" \/>\n<meta property=\"og:title\" content=\"Cobi \u043a\u043e\u043d\u0441\u0442\u0440\u0443\u043a\u0442\u043e\u0440, AH-64 Apache\" \/>\n<meta property=\"og:description\" content=\"\u041a\u043e\u043b\u0438\u0447\u0435\u0441\u0442\u0432\u043e \u0434\u0435\u0442\u0430\u043b\u0435\u0439: 510 \u0448\u0442\u0443\u043a  \u0420\u0430\u0437\u043c\u0435\u0440\u044b \u043a\u043e\u0440\u043e\u0431\u043a\u0438:  \u0420\u0435\u043a\u043e\u043c\u0435\u043d\u0434\u0443\u0435\u043c\u044b\u0439 \u0432\u043e\u0437\u0440\u0430\u0441\u0442: 7+  \u0414\u0435\u0442\u0430\u043b\u0438 \u0441\u043e\u0432\u043c\u0435\u0441\u0442\u0438\u043c\u044b \u0441 \u043a\u043e\u043d\u0441\u0442\u0440\u0443\u043a\u0442\u043e\u0440\u0430\u043c\u0438 \u0434\u0440\u0443\u0433\u0438\u0445 \u043f\u0440\u043e\u0438\u0437\u0432\u043e\u0434\u0438\u0442\u0435\u043b\u0435\u0439\" \/>\n<meta property=\"og:url\" content=\"https:\/\/amt.ee\/ru\/product\/cobi-blocks-ah-64-apache\/\" \/>\n<meta property=\"og:site_name\" content=\"Astro &amp; Micro Technics Ltd.\" \/>\n<meta property=\"article:publisher\" content=\"https:\/\/www.facebook.com\/AmtEstonia\/\" \/>\n<meta property=\"article:modified_time\" content=\"2024-12-03T12:02:22+00:00\" \/>\n<meta property=\"og:image\" content=\"https:\/\/amt.ee\/wp-content\/uploads\/2021\/07\/5808-box-front-rgb-72ppi.jpg\" \/>\n\t<meta property=\"og:image:width\" content=\"1144\" \/>\n\t<meta property=\"og:image:height\" content=\"1524\" \/>\n\t<meta property=\"og:image:type\" content=\"image\/jpeg\" \/>\n<meta name=\"twitter:card\" content=\"summary_large_image\" \/>\n<meta name=\"twitter:label1\" content=\"\u041f\u0440\u0438\u043c\u0435\u0440\u043d\u043e\u0435 \u0432\u0440\u0435\u043c\u044f \u0434\u043b\u044f \u0447\u0442\u0435\u043d\u0438\u044f\" \/>\n\t<meta name=\"twitter:data1\" content=\"1 \u043c\u0438\u043d\u0443\u0442\u0430\" \/>\n<script type=\"application\/ld+json\" class=\"yoast-schema-graph\">{\"@context\":\"https:\/\/schema.org\",\"@graph\":[{\"@type\":\"WebPage\",\"@id\":\"https:\/\/amt.ee\/ru\/product\/cobi-blocks-ah-64-apache\/\",\"url\":\"https:\/\/amt.ee\/ru\/product\/cobi-blocks-ah-64-apache\/\",\"name\":\"Cobi \u043a\u043e\u043d\u0441\u0442\u0440\u0443\u043a\u0442\u043e\u0440, AH-64 Apache\",\"isPartOf\":{\"@id\":\"https:\/\/amt.ee\/#website\"},\"primaryImageOfPage\":{\"@id\":\"https:\/\/amt.ee\/ru\/product\/cobi-blocks-ah-64-apache\/#primaryimage\"},\"image\":{\"@id\":\"https:\/\/amt.ee\/ru\/product\/cobi-blocks-ah-64-apache\/#primaryimage\"},\"thumbnailUrl\":\"https:\/\/amt.ee\/wp-content\/uploads\/2021\/07\/5808-box-front-rgb-72ppi.jpg\",\"datePublished\":\"2024-12-03T11:57:35+00:00\",\"dateModified\":\"2024-12-03T12:02:22+00:00\",\"description\":\"\u041a\u043e\u043b\u0438\u0447\u0435\u0441\u0442\u0432\u043e \u0434\u0435\u0442\u0430\u043b\u0435\u0439: 510 \u0448\u0442\u0443\u043a \u0420\u0430\u0437\u043c\u0435\u0440\u044b \u043a\u043e\u0440\u043e\u0431\u043a\u0438: \u0420\u0435\u043a\u043e\u043c\u0435\u043d\u0434\u0443\u0435\u043c\u044b\u0439 \u0432\u043e\u0437\u0440\u0430\u0441\u0442: 7+ \u0414\u0435\u0442\u0430\u043b\u0438 \u0441\u043e\u0432\u043c\u0435\u0441\u0442\u0438\u043c\u044b \u0441 \u043a\u043e\u043d\u0441\u0442\u0440\u0443\u043a\u0442\u043e\u0440\u0430\u043c\u0438 \u0434\u0440\u0443\u0433\u0438\u0445 \u043f\u0440\u043e\u0438\u0437\u0432\u043e\u0434\u0438\u0442\u0435\u043b\u0435\u0439\",\"breadcrumb\":{\"@id\":\"https:\/\/amt.ee\/ru\/product\/cobi-blocks-ah-64-apache\/#breadcrumb\"},\"inLanguage\":\"ru-RU\",\"potentialAction\":[{\"@type\":\"ReadAction\",\"target\":[\"https:\/\/amt.ee\/ru\/product\/cobi-blocks-ah-64-apache\/\"]}]},{\"@type\":\"ImageObject\",\"inLanguage\":\"ru-RU\",\"@id\":\"https:\/\/amt.ee\/ru\/product\/cobi-blocks-ah-64-apache\/#primaryimage\",\"url\":\"https:\/\/amt.ee\/wp-content\/uploads\/2021\/07\/5808-box-front-rgb-72ppi.jpg\",\"contentUrl\":\"https:\/\/amt.ee\/wp-content\/uploads\/2021\/07\/5808-box-front-rgb-72ppi.jpg\",\"width\":1144,\"height\":1524},{\"@type\":\"BreadcrumbList\",\"@id\":\"https:\/\/amt.ee\/ru\/product\/cobi-blocks-ah-64-apache\/#breadcrumb\",\"itemListElement\":[{\"@type\":\"ListItem\",\"position\":1,\"name\":\"Home\",\"item\":\"https:\/\/amt.ee\/ru\/\"},{\"@type\":\"ListItem\",\"position\":2,\"name\":\"\u041c\u0430\u0433\u0430\u0437\u0438\u043d\",\"item\":\"https:\/\/amt.ee\/ru\/shop\/\"},{\"@type\":\"ListItem\",\"position\":3,\"name\":\"Cobi \u043a\u043e\u043d\u0441\u0442\u0440\u0443\u043a\u0442\u043e\u0440, AH-64 Apache\"}]},{\"@type\":\"WebSite\",\"@id\":\"https:\/\/amt.ee\/#website\",\"url\":\"https:\/\/amt.ee\/\",\"name\":\"Astro &amp; Micro Technics Ltd.\",\"description\":\"\",\"publisher\":{\"@id\":\"https:\/\/amt.ee\/#organization\"},\"potentialAction\":[{\"@type\":\"SearchAction\",\"target\":{\"@type\":\"EntryPoint\",\"urlTemplate\":\"https:\/\/amt.ee\/?s={search_term_string}\"},\"query-input\":{\"@type\":\"PropertyValueSpecification\",\"valueRequired\":true,\"valueName\":\"search_term_string\"}}],\"inLanguage\":\"ru-RU\"},{\"@type\":\"Organization\",\"@id\":\"https:\/\/amt.ee\/#organization\",\"name\":\"Astro & Micro Technics Ltd.\",\"url\":\"https:\/\/amt.ee\/\",\"logo\":{\"@type\":\"ImageObject\",\"inLanguage\":\"ru-RU\",\"@id\":\"https:\/\/amt.ee\/#\/schema\/logo\/image\/\",\"url\":\"https:\/\/amt.ee\/wp-content\/uploads\/2021\/01\/logo.png\",\"contentUrl\":\"https:\/\/amt.ee\/wp-content\/uploads\/2021\/01\/logo.png\",\"width\":500,\"height\":149,\"caption\":\"Astro & Micro Technics Ltd.\"},\"image\":{\"@id\":\"https:\/\/amt.ee\/#\/schema\/logo\/image\/\"},\"sameAs\":[\"https:\/\/www.facebook.com\/AmtEstonia\/\",\"https:\/\/www.instagram.com\/anatoli_medvedev\/\"]}]}<\/script>\n<!-- \/ Yoast SEO plugin. -->","yoast_head_json":{"title":"Cobi \u043a\u043e\u043d\u0441\u0442\u0440\u0443\u043a\u0442\u043e\u0440, AH-64 Apache","description":"\u041a\u043e\u043b\u0438\u0447\u0435\u0441\u0442\u0432\u043e \u0434\u0435\u0442\u0430\u043b\u0435\u0439: 510 \u0448\u0442\u0443\u043a  \u0420\u0430\u0437\u043c\u0435\u0440\u044b \u043a\u043e\u0440\u043e\u0431\u043a\u0438:  \u0420\u0435\u043a\u043e\u043c\u0435\u043d\u0434\u0443\u0435\u043c\u044b\u0439 \u0432\u043e\u0437\u0440\u0430\u0441\u0442: 7+  \u0414\u0435\u0442\u0430\u043b\u0438 \u0441\u043e\u0432\u043c\u0435\u0441\u0442\u0438\u043c\u044b \u0441 \u043a\u043e\u043d\u0441\u0442\u0440\u0443\u043a\u0442\u043e\u0440\u0430\u043c\u0438 \u0434\u0440\u0443\u0433\u0438\u0445 \u043f\u0440\u043e\u0438\u0437\u0432\u043e\u0434\u0438\u0442\u0435\u043b\u0435\u0439","robots":{"index":"index","follow":"follow","max-snippet":"max-snippet:-1","max-image-preview":"max-image-preview:large","max-video-preview":"max-video-preview:-1"},"canonical":"https:\/\/amt.ee\/ru\/product\/cobi-blocks-ah-64-apache\/","og_locale":"ru_RU","og_type":"article","og_title":"Cobi \u043a\u043e\u043d\u0441\u0442\u0440\u0443\u043a\u0442\u043e\u0440, AH-64 Apache","og_description":"\u041a\u043e\u043b\u0438\u0447\u0435\u0441\u0442\u0432\u043e \u0434\u0435\u0442\u0430\u043b\u0435\u0439: 510 \u0448\u0442\u0443\u043a  \u0420\u0430\u0437\u043c\u0435\u0440\u044b \u043a\u043e\u0440\u043e\u0431\u043a\u0438:  \u0420\u0435\u043a\u043e\u043c\u0435\u043d\u0434\u0443\u0435\u043c\u044b\u0439 \u0432\u043e\u0437\u0440\u0430\u0441\u0442: 7+  \u0414\u0435\u0442\u0430\u043b\u0438 \u0441\u043e\u0432\u043c\u0435\u0441\u0442\u0438\u043c\u044b \u0441 \u043a\u043e\u043d\u0441\u0442\u0440\u0443\u043a\u0442\u043e\u0440\u0430\u043c\u0438 \u0434\u0440\u0443\u0433\u0438\u0445 \u043f\u0440\u043e\u0438\u0437\u0432\u043e\u0434\u0438\u0442\u0435\u043b\u0435\u0439","og_url":"https:\/\/amt.ee\/ru\/product\/cobi-blocks-ah-64-apache\/","og_site_name":"Astro &amp; Micro Technics Ltd.","article_publisher":"https:\/\/www.facebook.com\/AmtEstonia\/","article_modified_time":"2024-12-03T12:02:22+00:00","og_image":[{"width":1144,"height":1524,"url":"https:\/\/amt.ee\/wp-content\/uploads\/2021\/07\/5808-box-front-rgb-72ppi.jpg","type":"image\/jpeg"}],"twitter_card":"summary_large_image","twitter_misc":{"\u041f\u0440\u0438\u043c\u0435\u0440\u043d\u043e\u0435 \u0432\u0440\u0435\u043c\u044f \u0434\u043b\u044f \u0447\u0442\u0435\u043d\u0438\u044f":"1 \u043c\u0438\u043d\u0443\u0442\u0430"},"schema":{"@context":"https:\/\/schema.org","@graph":[{"@type":"WebPage","@id":"https:\/\/amt.ee\/ru\/product\/cobi-blocks-ah-64-apache\/","url":"https:\/\/amt.ee\/ru\/product\/cobi-blocks-ah-64-apache\/","name":"Cobi \u043a\u043e\u043d\u0441\u0442\u0440\u0443\u043a\u0442\u043e\u0440, AH-64 Apache","isPartOf":{"@id":"https:\/\/amt.ee\/#website"},"primaryImageOfPage":{"@id":"https:\/\/amt.ee\/ru\/product\/cobi-blocks-ah-64-apache\/#primaryimage"},"image":{"@id":"https:\/\/amt.ee\/ru\/product\/cobi-blocks-ah-64-apache\/#primaryimage"},"thumbnailUrl":"https:\/\/amt.ee\/wp-content\/uploads\/2021\/07\/5808-box-front-rgb-72ppi.jpg","datePublished":"2024-12-03T11:57:35+00:00","dateModified":"2024-12-03T12:02:22+00:00","description":"\u041a\u043e\u043b\u0438\u0447\u0435\u0441\u0442\u0432\u043e \u0434\u0435\u0442\u0430\u043b\u0435\u0439: 510 \u0448\u0442\u0443\u043a \u0420\u0430\u0437\u043c\u0435\u0440\u044b \u043a\u043e\u0440\u043e\u0431\u043a\u0438: \u0420\u0435\u043a\u043e\u043c\u0435\u043d\u0434\u0443\u0435\u043c\u044b\u0439 \u0432\u043e\u0437\u0440\u0430\u0441\u0442: 7+ \u0414\u0435\u0442\u0430\u043b\u0438 \u0441\u043e\u0432\u043c\u0435\u0441\u0442\u0438\u043c\u044b \u0441 \u043a\u043e\u043d\u0441\u0442\u0440\u0443\u043a\u0442\u043e\u0440\u0430\u043c\u0438 \u0434\u0440\u0443\u0433\u0438\u0445 \u043f\u0440\u043e\u0438\u0437\u0432\u043e\u0434\u0438\u0442\u0435\u043b\u0435\u0439","breadcrumb":{"@id":"https:\/\/amt.ee\/ru\/product\/cobi-blocks-ah-64-apache\/#breadcrumb"},"inLanguage":"ru-RU","potentialAction":[{"@type":"ReadAction","target":["https:\/\/amt.ee\/ru\/product\/cobi-blocks-ah-64-apache\/"]}]},{"@type":"ImageObject","inLanguage":"ru-RU","@id":"https:\/\/amt.ee\/ru\/product\/cobi-blocks-ah-64-apache\/#primaryimage","url":"https:\/\/amt.ee\/wp-content\/uploads\/2021\/07\/5808-box-front-rgb-72ppi.jpg","contentUrl":"https:\/\/amt.ee\/wp-content\/uploads\/2021\/07\/5808-box-front-rgb-72ppi.jpg","width":1144,"height":1524},{"@type":"BreadcrumbList","@id":"https:\/\/amt.ee\/ru\/product\/cobi-blocks-ah-64-apache\/#breadcrumb","itemListElement":[{"@type":"ListItem","position":1,"name":"Home","item":"https:\/\/amt.ee\/ru\/"},{"@type":"ListItem","position":2,"name":"\u041c\u0430\u0433\u0430\u0437\u0438\u043d","item":"https:\/\/amt.ee\/ru\/shop\/"},{"@type":"ListItem","position":3,"name":"Cobi \u043a\u043e\u043d\u0441\u0442\u0440\u0443\u043a\u0442\u043e\u0440, AH-64 Apache"}]},{"@type":"WebSite","@id":"https:\/\/amt.ee\/#website","url":"https:\/\/amt.ee\/","name":"Astro &amp; Micro Technics Ltd.","description":"","publisher":{"@id":"https:\/\/amt.ee\/#organization"},"potentialAction":[{"@type":"SearchAction","target":{"@type":"EntryPoint","urlTemplate":"https:\/\/amt.ee\/?s={search_term_string}"},"query-input":{"@type":"PropertyValueSpecification","valueRequired":true,"valueName":"search_term_string"}}],"inLanguage":"ru-RU"},{"@type":"Organization","@id":"https:\/\/amt.ee\/#organization","name":"Astro & Micro Technics Ltd.","url":"https:\/\/amt.ee\/","logo":{"@type":"ImageObject","inLanguage":"ru-RU","@id":"https:\/\/amt.ee\/#\/schema\/logo\/image\/","url":"https:\/\/amt.ee\/wp-content\/uploads\/2021\/01\/logo.png","contentUrl":"https:\/\/amt.ee\/wp-content\/uploads\/2021\/01\/logo.png","width":500,"height":149,"caption":"Astro & Micro Technics Ltd."},"image":{"@id":"https:\/\/amt.ee\/#\/schema\/logo\/image\/"},"sameAs":["https:\/\/www.facebook.com\/AmtEstonia\/","https:\/\/www.instagram.com\/anatoli_medvedev\/"]}]}},"_links":{"self":[{"href":"https:\/\/amt.ee\/ru\/wp-json\/wp\/v2\/product\/27567","targetHints":{"allow":["GET"]}}],"collection":[{"href":"https:\/\/amt.ee\/ru\/wp-json\/wp\/v2\/product"}],"about":[{"href":"https:\/\/amt.ee\/ru\/wp-json\/wp\/v2\/types\/product"}],"replies":[{"embeddable":true,"href":"https:\/\/amt.ee\/ru\/wp-json\/wp\/v2\/comments?post=27567"}],"wp:featuredmedia":[{"embeddable":true,"href":"https:\/\/amt.ee\/ru\/wp-json\/wp\/v2\/media\/16760"}],"wp:attachment":[{"href":"https:\/\/amt.ee\/ru\/wp-json\/wp\/v2\/media?parent=27567"}],"wp:term":[{"taxonomy":"product_brand","embeddable":true,"href":"https:\/\/amt.ee\/ru\/wp-json\/wp\/v2\/product_brand?post=27567"},{"taxonomy":"product_cat","embeddable":true,"href":"https:\/\/amt.ee\/ru\/wp-json\/wp\/v2\/product_cat?post=27567"},{"taxonomy":"product_tag","embeddable":true,"href":"https:\/\/amt.ee\/ru\/wp-json\/wp\/v2\/product_tag?post=27567"}],"curies":[{"name":"wp","href":"https:\/\/api.w.org\/{rel}","templated":true}]}}