{"id":26523,"date":"2023-02-17T07:39:49","date_gmt":"2023-02-17T07:39:49","guid":{"rendered":"https:\/\/amt.ee\/product\/1-ravensburger-gravitrax-pro-starter-set\/"},"modified":"2023-02-17T07:50:12","modified_gmt":"2023-02-17T07:50:12","slug":"1-ravensburger-gravitrax-pro-starter-set","status":"publish","type":"product","link":"https:\/\/amt.ee\/ru\/product\/1-ravensburger-gravitrax-pro-starter-set\/","title":{"rendered":"1. Ravensburger GraviTrax \u0421\u0442\u0430\u0440\u0442\u043e\u0432\u044b\u0439 \u043d\u0430\u0431\u043e\u0440 Pro"},"content":{"rendered":"<p><iframe loading=\"lazy\" title=\"GraviTrax PRO Trailer (2021) | THE EPIC Marble Run Toy for Kids by Ravensburger\" width=\"640\" height=\"360\" src=\"https:\/\/www.youtube.com\/embed\/_9xQwN1-9po?feature=oembed\" frameborder=\"0\" allow=\"accelerometer; autoplay; clipboard-write; encrypted-media; gyroscope; picture-in-picture; web-share\" allowfullscreen><\/iframe><\/p>\n<p>GraviTrax Pro stardikomplekt on uuenduslik kuulim\u00e4ng poistele ja t\u00fcdrukutele alates 8. eluaastast. See on ideaalne j\u00f5ulu- v\u00f5i s\u00fcnnip\u00e4evakingitus nutikatele ja uudishimulikele laste.<\/p>\n<p>M\u00f5tle v\u00e4lja omi radu v\u00f5i kasuta kaasasolevaid \u00fclesandeid ja jooniseid. GraviTraxi trekis\u00fcsteemi saab l\u00f5putult pikendada t\u00e4iendavate rajapakettide ja lisadega.<br \/>\nVastab t\u00e4ielikult k\u00f5igile vajalikele \u00dchendkuningriigi ja EL-i testimisstandarditele.<\/p>\n<p>Kaasas juhised, plaanide bro\u0161\u00fc\u00fcr ja 153 t\u00fckki: 6 metallist marmorit, 4 tugevat 12\u201d x 12\u201d kaardip\u00f5hja, 1 l\u00e4bipaistev tasapind, 20 suurt\/9 v\u00e4ikest k\u00f5rgust plaati, 18 rada (3 pikka, 6 keskmist, 9 l\u00fchikest), 1 magnetkahur, 28 kurvi, 4 X-ristmikku, 1 p\u00f6\u00f6ris, 2 Y-ristmikku, 1 kanderakett, 1 fini\u0161ijoon, 1 kolm-\u00fches klots, 2 l\u00fclitit, 4 alust sisestustele (2 p\u00fc\u00fcdurit, 1 vabalangemine, 1 prits, 1 maandumine), 8 sammast, 4 tunnelisammast, 6 seina (2 pikka, 3 keskmist, 1 v\u00e4ike), 16 r\u00f5du, 4 kahekordset r\u00f5du.<\/p>\n","protected":false},"excerpt":{"rendered":"<p>GraviTrax Pro \u0441\u0442\u0430\u0440\u0442\u043e\u0432\u044b\u0439 \u043d\u0430\u0431\u043e\u0440 &#8212; \u044d\u0442\u043e \u0438\u043d\u043d\u043e\u0432\u0430\u0446\u0438\u043e\u043d\u043d\u0430\u044f \u0438\u0433\u0440\u0430 \u0434\u043b\u044f \u043c\u0430\u043b\u044c\u0447\u0438\u043a\u043e\u0432 \u0438 \u0434\u0435\u0432\u043e\u0447\u0435\u043a. \u0418\u0434\u0435\u0430\u043b\u044c\u043d\u044b\u0439 \u043f\u043e\u0434\u0430\u0440\u043e\u043a \u043d\u0430 \u0414\u0435\u043d\u044c \u0440\u043e\u0436\u0434\u0435\u043d\u0438\u044f \u0434\u043b\u044f \u0443\u043c\u043d\u044b\u0445 \u0438 \u043b\u044e\u0431\u043e\u0437\u043d\u0430\u0442\u0435\u043b\u044c\u043d\u044b\u0445 \u0434\u0435\u0442\u0435\u0439.<\/p>\n<p>\u0420\u0430\u0437\u043c\u0435\u0440\u044b: 34 x 34 x 18 \u0441\u043c<br \/>\n\u0412\u0435\u0441: 3,36 \u043a\u0433<\/p>\n","protected":false},"featured_media":26500,"comment_status":"open","ping_status":"closed","template":"","meta":[],"product_brand":[],"product_cat":[316],"product_tag":[],"class_list":{"0":"post-26523","1":"product","2":"type-product","3":"status-publish","4":"has-post-thumbnail","6":"product_cat-igrushki","8":"first","9":"instock","10":"taxable","11":"shipping-taxable","12":"purchasable","13":"product-type-simple"},"yoast_head":"<!-- This site is optimized with the Yoast SEO plugin v27.4 - https:\/\/yoast.com\/product\/yoast-seo-wordpress\/ -->\n<title>1. Ravensburger GraviTrax \u0421\u0442\u0430\u0440\u0442\u043e\u0432\u044b\u0439 \u043d\u0430\u0431\u043e\u0440 Pro<\/title>\n<meta name=\"description\" content=\"GraviTrax Pro \u0441\u0442\u0430\u0440\u0442\u043e\u0432\u044b\u0439 \u043d\u0430\u0431\u043e\u0440 - \u044d\u0442\u043e \u0438\u043d\u043d\u043e\u0432\u0430\u0446\u0438\u043e\u043d\u043d\u0430\u044f \u0438\u0433\u0440\u0430 \u0434\u043b\u044f \u043c\u0430\u043b\u044c\u0447\u0438\u043a\u043e\u0432 \u0438 \u0434\u0435\u0432\u043e\u0447\u0435\u043a. \u0418\u0434\u0435\u0430\u043b\u044c\u043d\u044b\u0439 \u043f\u043e\u0434\u0430\u0440\u043e\u043a \u043d\u0430 \u0414\u0435\u043d\u044c \u0440\u043e\u0436\u0434\u0435\u043d\u0438\u044f \u0434\u043b\u044f \u0443\u043c\u043d\u044b\u0445 \u0438 \u043b\u044e\u0431\u043e\u0437\u043d\u0430\u0442\u0435\u043b\u044c\u043d\u044b\u0445 \u0434\u0435\u0442\u0435\u0439.  \u0420\u0430\u0437\u043c\u0435\u0440\u044b: 34 x 34 x 18 \u0441\u043c \u0412\u0435\u0441: 3,36 \u043a\u0433\" \/>\n<meta name=\"robots\" content=\"index, follow, max-snippet:-1, max-image-preview:large, max-video-preview:-1\" \/>\n<link rel=\"canonical\" href=\"https:\/\/amt.ee\/ru\/product\/1-ravensburger-gravitrax-pro-starter-set\/\" \/>\n<meta property=\"og:locale\" content=\"ru_RU\" \/>\n<meta property=\"og:type\" content=\"article\" \/>\n<meta property=\"og:title\" content=\"1. Ravensburger GraviTrax \u0421\u0442\u0430\u0440\u0442\u043e\u0432\u044b\u0439 \u043d\u0430\u0431\u043e\u0440 Pro\" \/>\n<meta property=\"og:description\" content=\"GraviTrax Pro \u0441\u0442\u0430\u0440\u0442\u043e\u0432\u044b\u0439 \u043d\u0430\u0431\u043e\u0440 - \u044d\u0442\u043e \u0438\u043d\u043d\u043e\u0432\u0430\u0446\u0438\u043e\u043d\u043d\u0430\u044f \u0438\u0433\u0440\u0430 \u0434\u043b\u044f \u043c\u0430\u043b\u044c\u0447\u0438\u043a\u043e\u0432 \u0438 \u0434\u0435\u0432\u043e\u0447\u0435\u043a. \u0418\u0434\u0435\u0430\u043b\u044c\u043d\u044b\u0439 \u043f\u043e\u0434\u0430\u0440\u043e\u043a \u043d\u0430 \u0414\u0435\u043d\u044c \u0440\u043e\u0436\u0434\u0435\u043d\u0438\u044f \u0434\u043b\u044f \u0443\u043c\u043d\u044b\u0445 \u0438 \u043b\u044e\u0431\u043e\u0437\u043d\u0430\u0442\u0435\u043b\u044c\u043d\u044b\u0445 \u0434\u0435\u0442\u0435\u0439.  \u0420\u0430\u0437\u043c\u0435\u0440\u044b: 34 x 34 x 18 \u0441\u043c \u0412\u0435\u0441: 3,36 \u043a\u0433\" \/>\n<meta property=\"og:url\" content=\"https:\/\/amt.ee\/ru\/product\/1-ravensburger-gravitrax-pro-starter-set\/\" \/>\n<meta property=\"og:site_name\" content=\"Astro &amp; Micro Technics Ltd.\" \/>\n<meta property=\"article:publisher\" content=\"https:\/\/www.facebook.com\/AmtEstonia\/\" \/>\n<meta property=\"article:modified_time\" content=\"2023-02-17T07:50:12+00:00\" \/>\n<meta property=\"og:image\" content=\"https:\/\/amt.ee\/wp-content\/uploads\/2023\/02\/26832-1.jpg\" \/>\n\t<meta property=\"og:image:width\" content=\"910\" \/>\n\t<meta property=\"og:image:height\" content=\"1214\" \/>\n\t<meta property=\"og:image:type\" content=\"image\/jpeg\" \/>\n<meta name=\"twitter:card\" content=\"summary_large_image\" \/>\n<meta name=\"twitter:label1\" content=\"\u041f\u0440\u0438\u043c\u0435\u0440\u043d\u043e\u0435 \u0432\u0440\u0435\u043c\u044f \u0434\u043b\u044f \u0447\u0442\u0435\u043d\u0438\u044f\" \/>\n\t<meta name=\"twitter:data1\" content=\"1 \u043c\u0438\u043d\u0443\u0442\u0430\" \/>\n<script type=\"application\/ld+json\" class=\"yoast-schema-graph\">{\"@context\":\"https:\\\/\\\/schema.org\",\"@graph\":[{\"@type\":\"WebPage\",\"@id\":\"https:\\\/\\\/amt.ee\\\/ru\\\/product\\\/1-ravensburger-gravitrax-pro-starter-set\\\/\",\"url\":\"https:\\\/\\\/amt.ee\\\/ru\\\/product\\\/1-ravensburger-gravitrax-pro-starter-set\\\/\",\"name\":\"1. Ravensburger GraviTrax \u0421\u0442\u0430\u0440\u0442\u043e\u0432\u044b\u0439 \u043d\u0430\u0431\u043e\u0440 Pro\",\"isPartOf\":{\"@id\":\"https:\\\/\\\/amt.ee\\\/#website\"},\"primaryImageOfPage\":{\"@id\":\"https:\\\/\\\/amt.ee\\\/ru\\\/product\\\/1-ravensburger-gravitrax-pro-starter-set\\\/#primaryimage\"},\"image\":{\"@id\":\"https:\\\/\\\/amt.ee\\\/ru\\\/product\\\/1-ravensburger-gravitrax-pro-starter-set\\\/#primaryimage\"},\"thumbnailUrl\":\"https:\\\/\\\/amt.ee\\\/wp-content\\\/uploads\\\/2023\\\/02\\\/26832-1.jpg\",\"datePublished\":\"2023-02-17T07:39:49+00:00\",\"dateModified\":\"2023-02-17T07:50:12+00:00\",\"description\":\"GraviTrax Pro \u0441\u0442\u0430\u0440\u0442\u043e\u0432\u044b\u0439 \u043d\u0430\u0431\u043e\u0440 - \u044d\u0442\u043e \u0438\u043d\u043d\u043e\u0432\u0430\u0446\u0438\u043e\u043d\u043d\u0430\u044f \u0438\u0433\u0440\u0430 \u0434\u043b\u044f \u043c\u0430\u043b\u044c\u0447\u0438\u043a\u043e\u0432 \u0438 \u0434\u0435\u0432\u043e\u0447\u0435\u043a. \u0418\u0434\u0435\u0430\u043b\u044c\u043d\u044b\u0439 \u043f\u043e\u0434\u0430\u0440\u043e\u043a \u043d\u0430 \u0414\u0435\u043d\u044c \u0440\u043e\u0436\u0434\u0435\u043d\u0438\u044f \u0434\u043b\u044f \u0443\u043c\u043d\u044b\u0445 \u0438 \u043b\u044e\u0431\u043e\u0437\u043d\u0430\u0442\u0435\u043b\u044c\u043d\u044b\u0445 \u0434\u0435\u0442\u0435\u0439. \u0420\u0430\u0437\u043c\u0435\u0440\u044b: 34 x 34 x 18 \u0441\u043c \u0412\u0435\u0441: 3,36 \u043a\u0433\",\"breadcrumb\":{\"@id\":\"https:\\\/\\\/amt.ee\\\/ru\\\/product\\\/1-ravensburger-gravitrax-pro-starter-set\\\/#breadcrumb\"},\"inLanguage\":\"ru-RU\",\"potentialAction\":[{\"@type\":\"ReadAction\",\"target\":[\"https:\\\/\\\/amt.ee\\\/ru\\\/product\\\/1-ravensburger-gravitrax-pro-starter-set\\\/\"]}]},{\"@type\":\"ImageObject\",\"inLanguage\":\"ru-RU\",\"@id\":\"https:\\\/\\\/amt.ee\\\/ru\\\/product\\\/1-ravensburger-gravitrax-pro-starter-set\\\/#primaryimage\",\"url\":\"https:\\\/\\\/amt.ee\\\/wp-content\\\/uploads\\\/2023\\\/02\\\/26832-1.jpg\",\"contentUrl\":\"https:\\\/\\\/amt.ee\\\/wp-content\\\/uploads\\\/2023\\\/02\\\/26832-1.jpg\",\"width\":910,\"height\":1214},{\"@type\":\"BreadcrumbList\",\"@id\":\"https:\\\/\\\/amt.ee\\\/ru\\\/product\\\/1-ravensburger-gravitrax-pro-starter-set\\\/#breadcrumb\",\"itemListElement\":[{\"@type\":\"ListItem\",\"position\":1,\"name\":\"Home\",\"item\":\"https:\\\/\\\/amt.ee\\\/ru\\\/\"},{\"@type\":\"ListItem\",\"position\":2,\"name\":\"\u041c\u0430\u0433\u0430\u0437\u0438\u043d\",\"item\":\"https:\\\/\\\/amt.ee\\\/ru\\\/shop\\\/\"},{\"@type\":\"ListItem\",\"position\":3,\"name\":\"1. Ravensburger GraviTrax \u0421\u0442\u0430\u0440\u0442\u043e\u0432\u044b\u0439 \u043d\u0430\u0431\u043e\u0440 Pro\"}]},{\"@type\":\"WebSite\",\"@id\":\"https:\\\/\\\/amt.ee\\\/#website\",\"url\":\"https:\\\/\\\/amt.ee\\\/\",\"name\":\"Astro &amp; Micro Technics Ltd.\",\"description\":\"\",\"publisher\":{\"@id\":\"https:\\\/\\\/amt.ee\\\/#organization\"},\"potentialAction\":[{\"@type\":\"SearchAction\",\"target\":{\"@type\":\"EntryPoint\",\"urlTemplate\":\"https:\\\/\\\/amt.ee\\\/?s={search_term_string}\"},\"query-input\":{\"@type\":\"PropertyValueSpecification\",\"valueRequired\":true,\"valueName\":\"search_term_string\"}}],\"inLanguage\":\"ru-RU\"},{\"@type\":\"Organization\",\"@id\":\"https:\\\/\\\/amt.ee\\\/#organization\",\"name\":\"Astro & Micro Technics Ltd.\",\"url\":\"https:\\\/\\\/amt.ee\\\/\",\"logo\":{\"@type\":\"ImageObject\",\"inLanguage\":\"ru-RU\",\"@id\":\"https:\\\/\\\/amt.ee\\\/#\\\/schema\\\/logo\\\/image\\\/\",\"url\":\"https:\\\/\\\/amt.ee\\\/wp-content\\\/uploads\\\/2021\\\/01\\\/logo.png\",\"contentUrl\":\"https:\\\/\\\/amt.ee\\\/wp-content\\\/uploads\\\/2021\\\/01\\\/logo.png\",\"width\":500,\"height\":149,\"caption\":\"Astro & Micro Technics Ltd.\"},\"image\":{\"@id\":\"https:\\\/\\\/amt.ee\\\/#\\\/schema\\\/logo\\\/image\\\/\"},\"sameAs\":[\"https:\\\/\\\/www.facebook.com\\\/AmtEstonia\\\/\",\"https:\\\/\\\/www.instagram.com\\\/anatoli_medvedev\\\/\"]}]}<\/script>\n<!-- \/ Yoast SEO plugin. -->","yoast_head_json":{"title":"1. Ravensburger GraviTrax \u0421\u0442\u0430\u0440\u0442\u043e\u0432\u044b\u0439 \u043d\u0430\u0431\u043e\u0440 Pro","description":"GraviTrax Pro \u0441\u0442\u0430\u0440\u0442\u043e\u0432\u044b\u0439 \u043d\u0430\u0431\u043e\u0440 - \u044d\u0442\u043e \u0438\u043d\u043d\u043e\u0432\u0430\u0446\u0438\u043e\u043d\u043d\u0430\u044f \u0438\u0433\u0440\u0430 \u0434\u043b\u044f \u043c\u0430\u043b\u044c\u0447\u0438\u043a\u043e\u0432 \u0438 \u0434\u0435\u0432\u043e\u0447\u0435\u043a. \u0418\u0434\u0435\u0430\u043b\u044c\u043d\u044b\u0439 \u043f\u043e\u0434\u0430\u0440\u043e\u043a \u043d\u0430 \u0414\u0435\u043d\u044c \u0440\u043e\u0436\u0434\u0435\u043d\u0438\u044f \u0434\u043b\u044f \u0443\u043c\u043d\u044b\u0445 \u0438 \u043b\u044e\u0431\u043e\u0437\u043d\u0430\u0442\u0435\u043b\u044c\u043d\u044b\u0445 \u0434\u0435\u0442\u0435\u0439.  \u0420\u0430\u0437\u043c\u0435\u0440\u044b: 34 x 34 x 18 \u0441\u043c \u0412\u0435\u0441: 3,36 \u043a\u0433","robots":{"index":"index","follow":"follow","max-snippet":"max-snippet:-1","max-image-preview":"max-image-preview:large","max-video-preview":"max-video-preview:-1"},"canonical":"https:\/\/amt.ee\/ru\/product\/1-ravensburger-gravitrax-pro-starter-set\/","og_locale":"ru_RU","og_type":"article","og_title":"1. Ravensburger GraviTrax \u0421\u0442\u0430\u0440\u0442\u043e\u0432\u044b\u0439 \u043d\u0430\u0431\u043e\u0440 Pro","og_description":"GraviTrax Pro \u0441\u0442\u0430\u0440\u0442\u043e\u0432\u044b\u0439 \u043d\u0430\u0431\u043e\u0440 - \u044d\u0442\u043e \u0438\u043d\u043d\u043e\u0432\u0430\u0446\u0438\u043e\u043d\u043d\u0430\u044f \u0438\u0433\u0440\u0430 \u0434\u043b\u044f \u043c\u0430\u043b\u044c\u0447\u0438\u043a\u043e\u0432 \u0438 \u0434\u0435\u0432\u043e\u0447\u0435\u043a. \u0418\u0434\u0435\u0430\u043b\u044c\u043d\u044b\u0439 \u043f\u043e\u0434\u0430\u0440\u043e\u043a \u043d\u0430 \u0414\u0435\u043d\u044c \u0440\u043e\u0436\u0434\u0435\u043d\u0438\u044f \u0434\u043b\u044f \u0443\u043c\u043d\u044b\u0445 \u0438 \u043b\u044e\u0431\u043e\u0437\u043d\u0430\u0442\u0435\u043b\u044c\u043d\u044b\u0445 \u0434\u0435\u0442\u0435\u0439.  \u0420\u0430\u0437\u043c\u0435\u0440\u044b: 34 x 34 x 18 \u0441\u043c \u0412\u0435\u0441: 3,36 \u043a\u0433","og_url":"https:\/\/amt.ee\/ru\/product\/1-ravensburger-gravitrax-pro-starter-set\/","og_site_name":"Astro &amp; Micro Technics Ltd.","article_publisher":"https:\/\/www.facebook.com\/AmtEstonia\/","article_modified_time":"2023-02-17T07:50:12+00:00","og_image":[{"width":910,"height":1214,"url":"https:\/\/amt.ee\/wp-content\/uploads\/2023\/02\/26832-1.jpg","type":"image\/jpeg"}],"twitter_card":"summary_large_image","twitter_misc":{"\u041f\u0440\u0438\u043c\u0435\u0440\u043d\u043e\u0435 \u0432\u0440\u0435\u043c\u044f \u0434\u043b\u044f \u0447\u0442\u0435\u043d\u0438\u044f":"1 \u043c\u0438\u043d\u0443\u0442\u0430"},"schema":{"@context":"https:\/\/schema.org","@graph":[{"@type":"WebPage","@id":"https:\/\/amt.ee\/ru\/product\/1-ravensburger-gravitrax-pro-starter-set\/","url":"https:\/\/amt.ee\/ru\/product\/1-ravensburger-gravitrax-pro-starter-set\/","name":"1. Ravensburger GraviTrax \u0421\u0442\u0430\u0440\u0442\u043e\u0432\u044b\u0439 \u043d\u0430\u0431\u043e\u0440 Pro","isPartOf":{"@id":"https:\/\/amt.ee\/#website"},"primaryImageOfPage":{"@id":"https:\/\/amt.ee\/ru\/product\/1-ravensburger-gravitrax-pro-starter-set\/#primaryimage"},"image":{"@id":"https:\/\/amt.ee\/ru\/product\/1-ravensburger-gravitrax-pro-starter-set\/#primaryimage"},"thumbnailUrl":"https:\/\/amt.ee\/wp-content\/uploads\/2023\/02\/26832-1.jpg","datePublished":"2023-02-17T07:39:49+00:00","dateModified":"2023-02-17T07:50:12+00:00","description":"GraviTrax Pro \u0441\u0442\u0430\u0440\u0442\u043e\u0432\u044b\u0439 \u043d\u0430\u0431\u043e\u0440 - \u044d\u0442\u043e \u0438\u043d\u043d\u043e\u0432\u0430\u0446\u0438\u043e\u043d\u043d\u0430\u044f \u0438\u0433\u0440\u0430 \u0434\u043b\u044f \u043c\u0430\u043b\u044c\u0447\u0438\u043a\u043e\u0432 \u0438 \u0434\u0435\u0432\u043e\u0447\u0435\u043a. \u0418\u0434\u0435\u0430\u043b\u044c\u043d\u044b\u0439 \u043f\u043e\u0434\u0430\u0440\u043e\u043a \u043d\u0430 \u0414\u0435\u043d\u044c \u0440\u043e\u0436\u0434\u0435\u043d\u0438\u044f \u0434\u043b\u044f \u0443\u043c\u043d\u044b\u0445 \u0438 \u043b\u044e\u0431\u043e\u0437\u043d\u0430\u0442\u0435\u043b\u044c\u043d\u044b\u0445 \u0434\u0435\u0442\u0435\u0439. \u0420\u0430\u0437\u043c\u0435\u0440\u044b: 34 x 34 x 18 \u0441\u043c \u0412\u0435\u0441: 3,36 \u043a\u0433","breadcrumb":{"@id":"https:\/\/amt.ee\/ru\/product\/1-ravensburger-gravitrax-pro-starter-set\/#breadcrumb"},"inLanguage":"ru-RU","potentialAction":[{"@type":"ReadAction","target":["https:\/\/amt.ee\/ru\/product\/1-ravensburger-gravitrax-pro-starter-set\/"]}]},{"@type":"ImageObject","inLanguage":"ru-RU","@id":"https:\/\/amt.ee\/ru\/product\/1-ravensburger-gravitrax-pro-starter-set\/#primaryimage","url":"https:\/\/amt.ee\/wp-content\/uploads\/2023\/02\/26832-1.jpg","contentUrl":"https:\/\/amt.ee\/wp-content\/uploads\/2023\/02\/26832-1.jpg","width":910,"height":1214},{"@type":"BreadcrumbList","@id":"https:\/\/amt.ee\/ru\/product\/1-ravensburger-gravitrax-pro-starter-set\/#breadcrumb","itemListElement":[{"@type":"ListItem","position":1,"name":"Home","item":"https:\/\/amt.ee\/ru\/"},{"@type":"ListItem","position":2,"name":"\u041c\u0430\u0433\u0430\u0437\u0438\u043d","item":"https:\/\/amt.ee\/ru\/shop\/"},{"@type":"ListItem","position":3,"name":"1. Ravensburger GraviTrax \u0421\u0442\u0430\u0440\u0442\u043e\u0432\u044b\u0439 \u043d\u0430\u0431\u043e\u0440 Pro"}]},{"@type":"WebSite","@id":"https:\/\/amt.ee\/#website","url":"https:\/\/amt.ee\/","name":"Astro &amp; Micro Technics Ltd.","description":"","publisher":{"@id":"https:\/\/amt.ee\/#organization"},"potentialAction":[{"@type":"SearchAction","target":{"@type":"EntryPoint","urlTemplate":"https:\/\/amt.ee\/?s={search_term_string}"},"query-input":{"@type":"PropertyValueSpecification","valueRequired":true,"valueName":"search_term_string"}}],"inLanguage":"ru-RU"},{"@type":"Organization","@id":"https:\/\/amt.ee\/#organization","name":"Astro & Micro Technics Ltd.","url":"https:\/\/amt.ee\/","logo":{"@type":"ImageObject","inLanguage":"ru-RU","@id":"https:\/\/amt.ee\/#\/schema\/logo\/image\/","url":"https:\/\/amt.ee\/wp-content\/uploads\/2021\/01\/logo.png","contentUrl":"https:\/\/amt.ee\/wp-content\/uploads\/2021\/01\/logo.png","width":500,"height":149,"caption":"Astro & Micro Technics Ltd."},"image":{"@id":"https:\/\/amt.ee\/#\/schema\/logo\/image\/"},"sameAs":["https:\/\/www.facebook.com\/AmtEstonia\/","https:\/\/www.instagram.com\/anatoli_medvedev\/"]}]}},"_links":{"self":[{"href":"https:\/\/amt.ee\/ru\/wp-json\/wp\/v2\/product\/26523","targetHints":{"allow":["GET"]}}],"collection":[{"href":"https:\/\/amt.ee\/ru\/wp-json\/wp\/v2\/product"}],"about":[{"href":"https:\/\/amt.ee\/ru\/wp-json\/wp\/v2\/types\/product"}],"replies":[{"embeddable":true,"href":"https:\/\/amt.ee\/ru\/wp-json\/wp\/v2\/comments?post=26523"}],"wp:featuredmedia":[{"embeddable":true,"href":"https:\/\/amt.ee\/ru\/wp-json\/wp\/v2\/media\/26500"}],"wp:attachment":[{"href":"https:\/\/amt.ee\/ru\/wp-json\/wp\/v2\/media?parent=26523"}],"wp:term":[{"taxonomy":"product_brand","embeddable":true,"href":"https:\/\/amt.ee\/ru\/wp-json\/wp\/v2\/product_brand?post=26523"},{"taxonomy":"product_cat","embeddable":true,"href":"https:\/\/amt.ee\/ru\/wp-json\/wp\/v2\/product_cat?post=26523"},{"taxonomy":"product_tag","embeddable":true,"href":"https:\/\/amt.ee\/ru\/wp-json\/wp\/v2\/product_tag?post=26523"}],"curies":[{"name":"wp","href":"https:\/\/api.w.org\/{rel}","templated":true}]}}