{"id":24201,"date":"2022-04-06T11:22:52","date_gmt":"2022-04-06T11:22:52","guid":{"rendered":"https:\/\/amt.ee\/product\/minu-kosmoseatlas\/"},"modified":"2024-03-11T21:24:46","modified_gmt":"2024-03-11T21:24:46","slug":"minu-kosmoseatlas","status":"publish","type":"product","link":"https:\/\/amt.ee\/ru\/product\/minu-kosmoseatlas\/","title":{"rendered":"MINU KOSMOSEATLAS"},"content":{"rendered":"<p>\u201e<strong>Minu kosmoseatlase<\/strong>\u201c p\u00f5nevad andmed, ilusad illustratsioonid, toredad kleepsud ja huvitavad fotod aitavad sul tutvust teha kosmosega. Oma uusi teadmisi saad kinnistada, kleepides vahvaid kleepse suurele p\u00e4ikeses\u00fcsteemi kujutavale plakat. Raamatu abil saad uurida meie p\u00e4ikeses\u00fcsteemi planeete, p\u00e4ikest ja t\u00e4hti. Kas oled valmis p\u00f5nevaks kosmosereisiks? Siis skafander selga, raketti ja universumit avastama!<\/p>\n","protected":false},"excerpt":{"rendered":"<p>T\u00f5lkija (d): Tiiu Saar<br \/>\nKirjastus: Sinisukk<br \/>\nIlmumisaasta: 2018<br \/>\nLehek\u00fclgi: 24<br \/>\nFormaat: Pehmekaaneline<br \/>\nM\u00f5\u00f5dud: 210 x 295 x 3 mm<\/p>\n","protected":false},"featured_media":24197,"comment_status":"open","ping_status":"closed","template":"","meta":[],"product_brand":[],"product_cat":[360],"product_tag":[],"class_list":{"0":"post-24201","1":"product","2":"type-product","3":"status-publish","4":"has-post-thumbnail","6":"product_cat-knigi-estonskii","8":"first","9":"outofstock","10":"taxable","11":"shipping-taxable","12":"purchasable","13":"product-type-simple"},"yoast_head":"<!-- This site is optimized with the Yoast SEO plugin v25.2 - https:\/\/yoast.com\/wordpress\/plugins\/seo\/ -->\n<title>MINU KOSMOSEATLAS<\/title>\n<meta name=\"description\" content=\"T\u00f5lkija (d): Tiiu Saar Kirjastus: Sinisukk Ilmumisaasta: 2018 Lehek\u00fclgi: 24 Formaat: Pehmekaaneline M\u00f5\u00f5dud: 210 x 295 x 3 mm\" \/>\n<meta name=\"robots\" content=\"index, follow, max-snippet:-1, max-image-preview:large, max-video-preview:-1\" \/>\n<link rel=\"canonical\" href=\"https:\/\/amt.ee\/ru\/product\/minu-kosmoseatlas\/\" \/>\n<meta property=\"og:locale\" content=\"ru_RU\" \/>\n<meta property=\"og:type\" content=\"article\" \/>\n<meta property=\"og:title\" content=\"MINU KOSMOSEATLAS\" \/>\n<meta property=\"og:description\" content=\"T\u00f5lkija (d): Tiiu Saar Kirjastus: Sinisukk Ilmumisaasta: 2018 Lehek\u00fclgi: 24 Formaat: Pehmekaaneline M\u00f5\u00f5dud: 210 x 295 x 3 mm\" \/>\n<meta property=\"og:url\" content=\"https:\/\/amt.ee\/ru\/product\/minu-kosmoseatlas\/\" \/>\n<meta property=\"og:site_name\" content=\"Astro &amp; Micro Technics Ltd.\" \/>\n<meta property=\"article:publisher\" content=\"https:\/\/www.facebook.com\/AmtEstonia\/\" \/>\n<meta property=\"article:modified_time\" content=\"2024-03-11T21:24:46+00:00\" \/>\n<meta property=\"og:image\" content=\"https:\/\/amt.ee\/wp-content\/uploads\/2022\/04\/9789949346349.jpg\" \/>\n\t<meta property=\"og:image:width\" content=\"560\" \/>\n\t<meta property=\"og:image:height\" content=\"747\" \/>\n\t<meta property=\"og:image:type\" content=\"image\/jpeg\" \/>\n<meta name=\"twitter:card\" content=\"summary_large_image\" \/>\n<script type=\"application\/ld+json\" class=\"yoast-schema-graph\">{\"@context\":\"https:\/\/schema.org\",\"@graph\":[{\"@type\":\"WebPage\",\"@id\":\"https:\/\/amt.ee\/ru\/product\/minu-kosmoseatlas\/\",\"url\":\"https:\/\/amt.ee\/ru\/product\/minu-kosmoseatlas\/\",\"name\":\"MINU KOSMOSEATLAS\",\"isPartOf\":{\"@id\":\"https:\/\/amt.ee\/#website\"},\"primaryImageOfPage\":{\"@id\":\"https:\/\/amt.ee\/ru\/product\/minu-kosmoseatlas\/#primaryimage\"},\"image\":{\"@id\":\"https:\/\/amt.ee\/ru\/product\/minu-kosmoseatlas\/#primaryimage\"},\"thumbnailUrl\":\"https:\/\/amt.ee\/wp-content\/uploads\/2022\/04\/9789949346349.jpg\",\"datePublished\":\"2022-04-06T11:22:52+00:00\",\"dateModified\":\"2024-03-11T21:24:46+00:00\",\"description\":\"T\u00f5lkija (d): Tiiu Saar Kirjastus: Sinisukk Ilmumisaasta: 2018 Lehek\u00fclgi: 24 Formaat: Pehmekaaneline M\u00f5\u00f5dud: 210 x 295 x 3 mm\",\"breadcrumb\":{\"@id\":\"https:\/\/amt.ee\/ru\/product\/minu-kosmoseatlas\/#breadcrumb\"},\"inLanguage\":\"ru-RU\",\"potentialAction\":[{\"@type\":\"ReadAction\",\"target\":[\"https:\/\/amt.ee\/ru\/product\/minu-kosmoseatlas\/\"]}]},{\"@type\":\"ImageObject\",\"inLanguage\":\"ru-RU\",\"@id\":\"https:\/\/amt.ee\/ru\/product\/minu-kosmoseatlas\/#primaryimage\",\"url\":\"https:\/\/amt.ee\/wp-content\/uploads\/2022\/04\/9789949346349.jpg\",\"contentUrl\":\"https:\/\/amt.ee\/wp-content\/uploads\/2022\/04\/9789949346349.jpg\",\"width\":560,\"height\":747},{\"@type\":\"BreadcrumbList\",\"@id\":\"https:\/\/amt.ee\/ru\/product\/minu-kosmoseatlas\/#breadcrumb\",\"itemListElement\":[{\"@type\":\"ListItem\",\"position\":1,\"name\":\"Home\",\"item\":\"https:\/\/amt.ee\/ru\/\"},{\"@type\":\"ListItem\",\"position\":2,\"name\":\"\u041c\u0430\u0433\u0430\u0437\u0438\u043d\",\"item\":\"https:\/\/amt.ee\/ru\/shop\/\"},{\"@type\":\"ListItem\",\"position\":3,\"name\":\"MINU KOSMOSEATLAS\"}]},{\"@type\":\"WebSite\",\"@id\":\"https:\/\/amt.ee\/#website\",\"url\":\"https:\/\/amt.ee\/\",\"name\":\"Astro &amp; Micro Technics Ltd.\",\"description\":\"\",\"publisher\":{\"@id\":\"https:\/\/amt.ee\/#organization\"},\"potentialAction\":[{\"@type\":\"SearchAction\",\"target\":{\"@type\":\"EntryPoint\",\"urlTemplate\":\"https:\/\/amt.ee\/?s={search_term_string}\"},\"query-input\":{\"@type\":\"PropertyValueSpecification\",\"valueRequired\":true,\"valueName\":\"search_term_string\"}}],\"inLanguage\":\"ru-RU\"},{\"@type\":\"Organization\",\"@id\":\"https:\/\/amt.ee\/#organization\",\"name\":\"Astro & Micro Technics Ltd.\",\"url\":\"https:\/\/amt.ee\/\",\"logo\":{\"@type\":\"ImageObject\",\"inLanguage\":\"ru-RU\",\"@id\":\"https:\/\/amt.ee\/#\/schema\/logo\/image\/\",\"url\":\"https:\/\/amt.ee\/wp-content\/uploads\/2021\/01\/logo.png\",\"contentUrl\":\"https:\/\/amt.ee\/wp-content\/uploads\/2021\/01\/logo.png\",\"width\":500,\"height\":149,\"caption\":\"Astro & Micro Technics Ltd.\"},\"image\":{\"@id\":\"https:\/\/amt.ee\/#\/schema\/logo\/image\/\"},\"sameAs\":[\"https:\/\/www.facebook.com\/AmtEstonia\/\",\"https:\/\/www.instagram.com\/anatoli_medvedev\/\"]}]}<\/script>\n<!-- \/ Yoast SEO plugin. -->","yoast_head_json":{"title":"MINU KOSMOSEATLAS","description":"T\u00f5lkija (d): Tiiu Saar Kirjastus: Sinisukk Ilmumisaasta: 2018 Lehek\u00fclgi: 24 Formaat: Pehmekaaneline M\u00f5\u00f5dud: 210 x 295 x 3 mm","robots":{"index":"index","follow":"follow","max-snippet":"max-snippet:-1","max-image-preview":"max-image-preview:large","max-video-preview":"max-video-preview:-1"},"canonical":"https:\/\/amt.ee\/ru\/product\/minu-kosmoseatlas\/","og_locale":"ru_RU","og_type":"article","og_title":"MINU KOSMOSEATLAS","og_description":"T\u00f5lkija (d): Tiiu Saar Kirjastus: Sinisukk Ilmumisaasta: 2018 Lehek\u00fclgi: 24 Formaat: Pehmekaaneline M\u00f5\u00f5dud: 210 x 295 x 3 mm","og_url":"https:\/\/amt.ee\/ru\/product\/minu-kosmoseatlas\/","og_site_name":"Astro &amp; Micro Technics Ltd.","article_publisher":"https:\/\/www.facebook.com\/AmtEstonia\/","article_modified_time":"2024-03-11T21:24:46+00:00","og_image":[{"width":560,"height":747,"url":"https:\/\/amt.ee\/wp-content\/uploads\/2022\/04\/9789949346349.jpg","type":"image\/jpeg"}],"twitter_card":"summary_large_image","schema":{"@context":"https:\/\/schema.org","@graph":[{"@type":"WebPage","@id":"https:\/\/amt.ee\/ru\/product\/minu-kosmoseatlas\/","url":"https:\/\/amt.ee\/ru\/product\/minu-kosmoseatlas\/","name":"MINU KOSMOSEATLAS","isPartOf":{"@id":"https:\/\/amt.ee\/#website"},"primaryImageOfPage":{"@id":"https:\/\/amt.ee\/ru\/product\/minu-kosmoseatlas\/#primaryimage"},"image":{"@id":"https:\/\/amt.ee\/ru\/product\/minu-kosmoseatlas\/#primaryimage"},"thumbnailUrl":"https:\/\/amt.ee\/wp-content\/uploads\/2022\/04\/9789949346349.jpg","datePublished":"2022-04-06T11:22:52+00:00","dateModified":"2024-03-11T21:24:46+00:00","description":"T\u00f5lkija (d): Tiiu Saar Kirjastus: Sinisukk Ilmumisaasta: 2018 Lehek\u00fclgi: 24 Formaat: Pehmekaaneline M\u00f5\u00f5dud: 210 x 295 x 3 mm","breadcrumb":{"@id":"https:\/\/amt.ee\/ru\/product\/minu-kosmoseatlas\/#breadcrumb"},"inLanguage":"ru-RU","potentialAction":[{"@type":"ReadAction","target":["https:\/\/amt.ee\/ru\/product\/minu-kosmoseatlas\/"]}]},{"@type":"ImageObject","inLanguage":"ru-RU","@id":"https:\/\/amt.ee\/ru\/product\/minu-kosmoseatlas\/#primaryimage","url":"https:\/\/amt.ee\/wp-content\/uploads\/2022\/04\/9789949346349.jpg","contentUrl":"https:\/\/amt.ee\/wp-content\/uploads\/2022\/04\/9789949346349.jpg","width":560,"height":747},{"@type":"BreadcrumbList","@id":"https:\/\/amt.ee\/ru\/product\/minu-kosmoseatlas\/#breadcrumb","itemListElement":[{"@type":"ListItem","position":1,"name":"Home","item":"https:\/\/amt.ee\/ru\/"},{"@type":"ListItem","position":2,"name":"\u041c\u0430\u0433\u0430\u0437\u0438\u043d","item":"https:\/\/amt.ee\/ru\/shop\/"},{"@type":"ListItem","position":3,"name":"MINU KOSMOSEATLAS"}]},{"@type":"WebSite","@id":"https:\/\/amt.ee\/#website","url":"https:\/\/amt.ee\/","name":"Astro &amp; Micro Technics Ltd.","description":"","publisher":{"@id":"https:\/\/amt.ee\/#organization"},"potentialAction":[{"@type":"SearchAction","target":{"@type":"EntryPoint","urlTemplate":"https:\/\/amt.ee\/?s={search_term_string}"},"query-input":{"@type":"PropertyValueSpecification","valueRequired":true,"valueName":"search_term_string"}}],"inLanguage":"ru-RU"},{"@type":"Organization","@id":"https:\/\/amt.ee\/#organization","name":"Astro & Micro Technics Ltd.","url":"https:\/\/amt.ee\/","logo":{"@type":"ImageObject","inLanguage":"ru-RU","@id":"https:\/\/amt.ee\/#\/schema\/logo\/image\/","url":"https:\/\/amt.ee\/wp-content\/uploads\/2021\/01\/logo.png","contentUrl":"https:\/\/amt.ee\/wp-content\/uploads\/2021\/01\/logo.png","width":500,"height":149,"caption":"Astro & Micro Technics Ltd."},"image":{"@id":"https:\/\/amt.ee\/#\/schema\/logo\/image\/"},"sameAs":["https:\/\/www.facebook.com\/AmtEstonia\/","https:\/\/www.instagram.com\/anatoli_medvedev\/"]}]}},"_links":{"self":[{"href":"https:\/\/amt.ee\/ru\/wp-json\/wp\/v2\/product\/24201","targetHints":{"allow":["GET"]}}],"collection":[{"href":"https:\/\/amt.ee\/ru\/wp-json\/wp\/v2\/product"}],"about":[{"href":"https:\/\/amt.ee\/ru\/wp-json\/wp\/v2\/types\/product"}],"replies":[{"embeddable":true,"href":"https:\/\/amt.ee\/ru\/wp-json\/wp\/v2\/comments?post=24201"}],"wp:featuredmedia":[{"embeddable":true,"href":"https:\/\/amt.ee\/ru\/wp-json\/wp\/v2\/media\/24197"}],"wp:attachment":[{"href":"https:\/\/amt.ee\/ru\/wp-json\/wp\/v2\/media?parent=24201"}],"wp:term":[{"taxonomy":"product_brand","embeddable":true,"href":"https:\/\/amt.ee\/ru\/wp-json\/wp\/v2\/product_brand?post=24201"},{"taxonomy":"product_cat","embeddable":true,"href":"https:\/\/amt.ee\/ru\/wp-json\/wp\/v2\/product_cat?post=24201"},{"taxonomy":"product_tag","embeddable":true,"href":"https:\/\/amt.ee\/ru\/wp-json\/wp\/v2\/product_tag?post=24201"}],"curies":[{"name":"wp","href":"https:\/\/api.w.org\/{rel}","templated":true}]}}