{"id":13727,"date":"2021-03-12T11:55:46","date_gmt":"2021-05-26T06:42:46","guid":{"rendered":"https:\/\/amt.ee\/product\/opilase-entsuklopeedia\/"},"modified":"2022-04-04T11:47:52","modified_gmt":"2022-04-04T11:47:52","slug":"opilase-entsuklopeedia","status":"publish","type":"product","link":"https:\/\/amt.ee\/ru\/product\/opilase-entsuklopeedia\/","title":{"rendered":"\u0445. \u00d5PILASE ENTS\u00dcKLOPEEDIA"},"content":{"rendered":"<p>Parandatud ja p\u00f5hjalikult uuendatud v\u00e4ljaanne!<br \/>\nMillal? Kus? Mis? Miks? Sellest raamatust leiad vastuse peaaegu igale k\u00fcsimusele, mida lapsed tavaliselt armastavad esitada. V\u00f5tmek\u00fcsimusi alates hiiglasuurtest galaktikatest ja mikroskoopilistest bakteritest kuni inimkeha rakkude ja muistsete tsivilisatsioonideni k\u00e4sitletakse v\u00e4rskes ja k\u00f6itvas vormis. Arvukad illustratsioonid ja p\u00f5nevad faktikastid aitavad uusi teadmisi paremini meelde j\u00e4tta. Ents\u00fcklopeedias on rohkem kui 9000 m\u00e4rks\u00f5na, fakti ja arvu ning 2500 v\u00e4rvilist illustratsiooni.<br \/>\n<img loading=\"lazy\" decoding=\"async\" class=\"alignnone size-full wp-image-13622\" src=\"https:\/\/amt.ee\/wp-content\/uploads\/2021\/05\/soovitab.png\" alt=\"\" width=\"135\" height=\"135\" \/><\/p>\n","protected":false},"excerpt":{"rendered":"<p>Toimetanud: Eha K\u00f5rge<br \/>\nT\u00f5lkija (d): Helje Heinoja, Virgo Siil<br \/>\nKirjastus: Varrak<br \/>\nIlmumisaasta: 2020<br \/>\nLehek\u00fclgi: 304<br \/>\nFormaat: K\u00f5vakaaneline<br \/>\nM\u00f5\u00f5dud: 282 \u00d7 223 x 29\u00a0 \u043c\u043c<\/p>\n<p><img loading=\"lazy\" decoding=\"async\" class=\"alignnone size-full wp-image-13623\" src=\"https:\/\/amt.ee\/wp-content\/uploads\/2021\/05\/soovitab.png\" alt=\"\" width=\"135\" height=\"135\" \/><\/p>\n","protected":false},"featured_media":13723,"comment_status":"open","ping_status":"closed","template":"","meta":[],"product_brand":[],"product_cat":[360],"product_tag":[],"class_list":{"0":"post-13727","1":"product","2":"type-product","3":"status-publish","4":"has-post-thumbnail","6":"product_cat-knigi-estonskii","8":"first","9":"outofstock","10":"taxable","11":"shipping-taxable","12":"purchasable","13":"product-type-simple"},"yoast_head":"<!-- This site is optimized with the Yoast SEO plugin v25.2 - https:\/\/yoast.com\/wordpress\/plugins\/seo\/ -->\n<title>\u0445. \u00d5PILASE ENTS\u00dcKLOPEEDIA<\/title>\n<meta name=\"description\" content=\"Toimetanud: Eha K\u00f5rge T\u00f5lkija (d): Helje Heinoja, Virgo Siil Kirjastus: Varrak Ilmumisaasta: 2020 Lehek\u00fclgi: 304 Formaat: K\u00f5vakaaneline M\u00f5\u00f5dud: 282 \u00d7 223 x 29\u00a0 \u043c\u043c\" \/>\n<meta name=\"robots\" content=\"index, follow, max-snippet:-1, max-image-preview:large, max-video-preview:-1\" \/>\n<link rel=\"canonical\" href=\"https:\/\/amt.ee\/ru\/product\/opilase-entsuklopeedia\/\" \/>\n<meta property=\"og:locale\" content=\"ru_RU\" \/>\n<meta property=\"og:type\" content=\"article\" \/>\n<meta property=\"og:title\" content=\"\u0445. \u00d5PILASE ENTS\u00dcKLOPEEDIA\" \/>\n<meta property=\"og:description\" content=\"Toimetanud: Eha K\u00f5rge T\u00f5lkija (d): Helje Heinoja, Virgo Siil Kirjastus: Varrak Ilmumisaasta: 2020 Lehek\u00fclgi: 304 Formaat: K\u00f5vakaaneline M\u00f5\u00f5dud: 282 \u00d7 223 x 29\u00a0 \u043c\u043c\" \/>\n<meta property=\"og:url\" content=\"https:\/\/amt.ee\/ru\/product\/opilase-entsuklopeedia\/\" \/>\n<meta property=\"og:site_name\" content=\"Astro &amp; Micro Technics Ltd.\" \/>\n<meta property=\"article:publisher\" content=\"https:\/\/www.facebook.com\/AmtEstonia\/\" \/>\n<meta property=\"article:modified_time\" content=\"2022-04-04T11:47:52+00:00\" \/>\n<meta property=\"og:image\" content=\"https:\/\/amt.ee\/wp-content\/uploads\/2021\/05\/opilase-entsuklopeedia.jpg\" \/>\n\t<meta property=\"og:image:width\" content=\"550\" \/>\n\t<meta property=\"og:image:height\" content=\"732\" \/>\n\t<meta property=\"og:image:type\" content=\"image\/jpeg\" \/>\n<meta name=\"twitter:card\" content=\"summary_large_image\" \/>\n<script type=\"application\/ld+json\" class=\"yoast-schema-graph\">{\"@context\":\"https:\/\/schema.org\",\"@graph\":[{\"@type\":\"WebPage\",\"@id\":\"https:\/\/amt.ee\/ru\/product\/opilase-entsuklopeedia\/\",\"url\":\"https:\/\/amt.ee\/ru\/product\/opilase-entsuklopeedia\/\",\"name\":\"\u0445. \u00d5PILASE ENTS\u00dcKLOPEEDIA\",\"isPartOf\":{\"@id\":\"https:\/\/amt.ee\/#website\"},\"primaryImageOfPage\":{\"@id\":\"https:\/\/amt.ee\/ru\/product\/opilase-entsuklopeedia\/#primaryimage\"},\"image\":{\"@id\":\"https:\/\/amt.ee\/ru\/product\/opilase-entsuklopeedia\/#primaryimage\"},\"thumbnailUrl\":\"https:\/\/amt.ee\/wp-content\/uploads\/2021\/05\/opilase-entsuklopeedia.jpg\",\"datePublished\":\"2021-05-26T06:42:46+00:00\",\"dateModified\":\"2022-04-04T11:47:52+00:00\",\"description\":\"Toimetanud: Eha K\u00f5rge T\u00f5lkija (d): Helje Heinoja, Virgo Siil Kirjastus: Varrak Ilmumisaasta: 2020 Lehek\u00fclgi: 304 Formaat: K\u00f5vakaaneline M\u00f5\u00f5dud: 282 \u00d7 223 x 29\u00a0 \u043c\u043c\",\"breadcrumb\":{\"@id\":\"https:\/\/amt.ee\/ru\/product\/opilase-entsuklopeedia\/#breadcrumb\"},\"inLanguage\":\"ru-RU\",\"potentialAction\":[{\"@type\":\"ReadAction\",\"target\":[\"https:\/\/amt.ee\/ru\/product\/opilase-entsuklopeedia\/\"]}]},{\"@type\":\"ImageObject\",\"inLanguage\":\"ru-RU\",\"@id\":\"https:\/\/amt.ee\/ru\/product\/opilase-entsuklopeedia\/#primaryimage\",\"url\":\"https:\/\/amt.ee\/wp-content\/uploads\/2021\/05\/opilase-entsuklopeedia.jpg\",\"contentUrl\":\"https:\/\/amt.ee\/wp-content\/uploads\/2021\/05\/opilase-entsuklopeedia.jpg\",\"width\":550,\"height\":732},{\"@type\":\"BreadcrumbList\",\"@id\":\"https:\/\/amt.ee\/ru\/product\/opilase-entsuklopeedia\/#breadcrumb\",\"itemListElement\":[{\"@type\":\"ListItem\",\"position\":1,\"name\":\"Home\",\"item\":\"https:\/\/amt.ee\/ru\/\"},{\"@type\":\"ListItem\",\"position\":2,\"name\":\"\u041c\u0430\u0433\u0430\u0437\u0438\u043d\",\"item\":\"https:\/\/amt.ee\/ru\/shop\/\"},{\"@type\":\"ListItem\",\"position\":3,\"name\":\"\u0445. \u00d5PILASE ENTS\u00dcKLOPEEDIA\"}]},{\"@type\":\"WebSite\",\"@id\":\"https:\/\/amt.ee\/#website\",\"url\":\"https:\/\/amt.ee\/\",\"name\":\"Astro &amp; Micro Technics Ltd.\",\"description\":\"\",\"publisher\":{\"@id\":\"https:\/\/amt.ee\/#organization\"},\"potentialAction\":[{\"@type\":\"SearchAction\",\"target\":{\"@type\":\"EntryPoint\",\"urlTemplate\":\"https:\/\/amt.ee\/?s={search_term_string}\"},\"query-input\":{\"@type\":\"PropertyValueSpecification\",\"valueRequired\":true,\"valueName\":\"search_term_string\"}}],\"inLanguage\":\"ru-RU\"},{\"@type\":\"Organization\",\"@id\":\"https:\/\/amt.ee\/#organization\",\"name\":\"Astro & Micro Technics Ltd.\",\"url\":\"https:\/\/amt.ee\/\",\"logo\":{\"@type\":\"ImageObject\",\"inLanguage\":\"ru-RU\",\"@id\":\"https:\/\/amt.ee\/#\/schema\/logo\/image\/\",\"url\":\"https:\/\/amt.ee\/wp-content\/uploads\/2021\/01\/logo.png\",\"contentUrl\":\"https:\/\/amt.ee\/wp-content\/uploads\/2021\/01\/logo.png\",\"width\":500,\"height\":149,\"caption\":\"Astro & Micro Technics Ltd.\"},\"image\":{\"@id\":\"https:\/\/amt.ee\/#\/schema\/logo\/image\/\"},\"sameAs\":[\"https:\/\/www.facebook.com\/AmtEstonia\/\",\"https:\/\/www.instagram.com\/anatoli_medvedev\/\"]}]}<\/script>\n<!-- \/ Yoast SEO plugin. -->","yoast_head_json":{"title":"\u0445. \u00d5PILASE ENTS\u00dcKLOPEEDIA","description":"Toimetanud: Eha K\u00f5rge T\u00f5lkija (d): Helje Heinoja, Virgo Siil Kirjastus: Varrak Ilmumisaasta: 2020 Lehek\u00fclgi: 304 Formaat: K\u00f5vakaaneline M\u00f5\u00f5dud: 282 \u00d7 223 x 29\u00a0 \u043c\u043c","robots":{"index":"index","follow":"follow","max-snippet":"max-snippet:-1","max-image-preview":"max-image-preview:large","max-video-preview":"max-video-preview:-1"},"canonical":"https:\/\/amt.ee\/ru\/product\/opilase-entsuklopeedia\/","og_locale":"ru_RU","og_type":"article","og_title":"\u0445. \u00d5PILASE ENTS\u00dcKLOPEEDIA","og_description":"Toimetanud: Eha K\u00f5rge T\u00f5lkija (d): Helje Heinoja, Virgo Siil Kirjastus: Varrak Ilmumisaasta: 2020 Lehek\u00fclgi: 304 Formaat: K\u00f5vakaaneline M\u00f5\u00f5dud: 282 \u00d7 223 x 29\u00a0 \u043c\u043c","og_url":"https:\/\/amt.ee\/ru\/product\/opilase-entsuklopeedia\/","og_site_name":"Astro &amp; Micro Technics Ltd.","article_publisher":"https:\/\/www.facebook.com\/AmtEstonia\/","article_modified_time":"2022-04-04T11:47:52+00:00","og_image":[{"width":550,"height":732,"url":"https:\/\/amt.ee\/wp-content\/uploads\/2021\/05\/opilase-entsuklopeedia.jpg","type":"image\/jpeg"}],"twitter_card":"summary_large_image","schema":{"@context":"https:\/\/schema.org","@graph":[{"@type":"WebPage","@id":"https:\/\/amt.ee\/ru\/product\/opilase-entsuklopeedia\/","url":"https:\/\/amt.ee\/ru\/product\/opilase-entsuklopeedia\/","name":"\u0445. \u00d5PILASE ENTS\u00dcKLOPEEDIA","isPartOf":{"@id":"https:\/\/amt.ee\/#website"},"primaryImageOfPage":{"@id":"https:\/\/amt.ee\/ru\/product\/opilase-entsuklopeedia\/#primaryimage"},"image":{"@id":"https:\/\/amt.ee\/ru\/product\/opilase-entsuklopeedia\/#primaryimage"},"thumbnailUrl":"https:\/\/amt.ee\/wp-content\/uploads\/2021\/05\/opilase-entsuklopeedia.jpg","datePublished":"2021-05-26T06:42:46+00:00","dateModified":"2022-04-04T11:47:52+00:00","description":"Toimetanud: Eha K\u00f5rge T\u00f5lkija (d): Helje Heinoja, Virgo Siil Kirjastus: Varrak Ilmumisaasta: 2020 Lehek\u00fclgi: 304 Formaat: K\u00f5vakaaneline M\u00f5\u00f5dud: 282 \u00d7 223 x 29\u00a0 \u043c\u043c","breadcrumb":{"@id":"https:\/\/amt.ee\/ru\/product\/opilase-entsuklopeedia\/#breadcrumb"},"inLanguage":"ru-RU","potentialAction":[{"@type":"ReadAction","target":["https:\/\/amt.ee\/ru\/product\/opilase-entsuklopeedia\/"]}]},{"@type":"ImageObject","inLanguage":"ru-RU","@id":"https:\/\/amt.ee\/ru\/product\/opilase-entsuklopeedia\/#primaryimage","url":"https:\/\/amt.ee\/wp-content\/uploads\/2021\/05\/opilase-entsuklopeedia.jpg","contentUrl":"https:\/\/amt.ee\/wp-content\/uploads\/2021\/05\/opilase-entsuklopeedia.jpg","width":550,"height":732},{"@type":"BreadcrumbList","@id":"https:\/\/amt.ee\/ru\/product\/opilase-entsuklopeedia\/#breadcrumb","itemListElement":[{"@type":"ListItem","position":1,"name":"Home","item":"https:\/\/amt.ee\/ru\/"},{"@type":"ListItem","position":2,"name":"\u041c\u0430\u0433\u0430\u0437\u0438\u043d","item":"https:\/\/amt.ee\/ru\/shop\/"},{"@type":"ListItem","position":3,"name":"\u0445. \u00d5PILASE ENTS\u00dcKLOPEEDIA"}]},{"@type":"WebSite","@id":"https:\/\/amt.ee\/#website","url":"https:\/\/amt.ee\/","name":"Astro &amp; Micro Technics Ltd.","description":"","publisher":{"@id":"https:\/\/amt.ee\/#organization"},"potentialAction":[{"@type":"SearchAction","target":{"@type":"EntryPoint","urlTemplate":"https:\/\/amt.ee\/?s={search_term_string}"},"query-input":{"@type":"PropertyValueSpecification","valueRequired":true,"valueName":"search_term_string"}}],"inLanguage":"ru-RU"},{"@type":"Organization","@id":"https:\/\/amt.ee\/#organization","name":"Astro & Micro Technics Ltd.","url":"https:\/\/amt.ee\/","logo":{"@type":"ImageObject","inLanguage":"ru-RU","@id":"https:\/\/amt.ee\/#\/schema\/logo\/image\/","url":"https:\/\/amt.ee\/wp-content\/uploads\/2021\/01\/logo.png","contentUrl":"https:\/\/amt.ee\/wp-content\/uploads\/2021\/01\/logo.png","width":500,"height":149,"caption":"Astro & Micro Technics Ltd."},"image":{"@id":"https:\/\/amt.ee\/#\/schema\/logo\/image\/"},"sameAs":["https:\/\/www.facebook.com\/AmtEstonia\/","https:\/\/www.instagram.com\/anatoli_medvedev\/"]}]}},"_links":{"self":[{"href":"https:\/\/amt.ee\/ru\/wp-json\/wp\/v2\/product\/13727","targetHints":{"allow":["GET"]}}],"collection":[{"href":"https:\/\/amt.ee\/ru\/wp-json\/wp\/v2\/product"}],"about":[{"href":"https:\/\/amt.ee\/ru\/wp-json\/wp\/v2\/types\/product"}],"replies":[{"embeddable":true,"href":"https:\/\/amt.ee\/ru\/wp-json\/wp\/v2\/comments?post=13727"}],"wp:featuredmedia":[{"embeddable":true,"href":"https:\/\/amt.ee\/ru\/wp-json\/wp\/v2\/media\/13723"}],"wp:attachment":[{"href":"https:\/\/amt.ee\/ru\/wp-json\/wp\/v2\/media?parent=13727"}],"wp:term":[{"taxonomy":"product_brand","embeddable":true,"href":"https:\/\/amt.ee\/ru\/wp-json\/wp\/v2\/product_brand?post=13727"},{"taxonomy":"product_cat","embeddable":true,"href":"https:\/\/amt.ee\/ru\/wp-json\/wp\/v2\/product_cat?post=13727"},{"taxonomy":"product_tag","embeddable":true,"href":"https:\/\/amt.ee\/ru\/wp-json\/wp\/v2\/product_tag?post=13727"}],"curies":[{"name":"wp","href":"https:\/\/api.w.org\/{rel}","templated":true}]}}