{"id":13695,"date":"2021-05-26T05:38:35","date_gmt":"2021-05-26T05:38:35","guid":{"rendered":"https:\/\/amt.ee\/product\/autod-rongid-laevad-ja-lennukid\/"},"modified":"2024-03-17T08:10:35","modified_gmt":"2024-03-17T08:10:35","slug":"autod-rongid-laevad-ja-lennukid","status":"publish","type":"product","link":"https:\/\/amt.ee\/ru\/product\/autod-rongid-laevad-ja-lennukid\/","title":{"rendered":"\u0445. AUTOD, RONGID, LAEVAD JA LENNUKID"},"content":{"rendered":"<p>Sea end valmis imep\u00e4raseks teekonnaks s\u00f5idukite maailmas, kuhu see illustreeritud ents\u00fcklopeedia sind viib. Kihuta punases superautos, v\u00f5ta pilet \u00fclikiirrongile, astu luksusreisilaeva pardale ning kiika \u00fclehelikiirusega reaktiivlennuki kabiini.<br \/>\nRohkem kui 1000 pilti ja ohtralt paeluvaid fakte sisaldav \u201eAutod, rongid, laevad ja lennukid\u201d s\u00f5idutab sind maal, \u00f5hus ja merel \u00fcheainsa raamatu lehek\u00fclgedel.<\/p>\n","protected":false},"excerpt":{"rendered":"<p><span class=\"label\">Autor: Clive Gifford<\/span><br \/>\nT\u00f5lkija (d): Kalle Klein<br \/>\nKirjastus: Varrak<br \/>\nIlmumisaasta: 2017<br \/>\nLehek\u00fclgi: 256<br \/>\nFormaat: K\u00f5vakaaneline<br \/>\nM\u00f5\u00f5dud: 282 \u00d7 223 \u0445 23 \u043c\u043c<\/p>\n","protected":false},"featured_media":13691,"comment_status":"open","ping_status":"closed","template":"","meta":[],"product_brand":[],"product_cat":[360],"product_tag":[],"class_list":{"0":"post-13695","1":"product","2":"type-product","3":"status-publish","4":"has-post-thumbnail","6":"product_cat-knigi-estonskii","8":"first","9":"outofstock","10":"taxable","11":"shipping-taxable","12":"purchasable","13":"product-type-simple"},"yoast_head":"<!-- This site is optimized with the Yoast SEO plugin v25.2 - https:\/\/yoast.com\/wordpress\/plugins\/seo\/ -->\n<title>\u0445. AUTOD, RONGID, LAEVAD JA LENNUKID<\/title>\n<meta name=\"description\" content=\"Autor: Clive Gifford T\u00f5lkija (d): Kalle Klein Kirjastus: Varrak Ilmumisaasta: 2017 Lehek\u00fclgi: 256 Formaat: K\u00f5vakaaneline M\u00f5\u00f5dud: 282 \u00d7 223 \u0445 23 \u043c\u043c\" \/>\n<meta name=\"robots\" content=\"index, follow, max-snippet:-1, max-image-preview:large, max-video-preview:-1\" \/>\n<link rel=\"canonical\" href=\"https:\/\/amt.ee\/ru\/product\/autod-rongid-laevad-ja-lennukid\/\" \/>\n<meta property=\"og:locale\" content=\"ru_RU\" \/>\n<meta property=\"og:type\" content=\"article\" \/>\n<meta property=\"og:title\" content=\"\u0445. AUTOD, RONGID, LAEVAD JA LENNUKID\" \/>\n<meta property=\"og:description\" content=\"Autor: Clive Gifford T\u00f5lkija (d): Kalle Klein Kirjastus: Varrak Ilmumisaasta: 2017 Lehek\u00fclgi: 256 Formaat: K\u00f5vakaaneline M\u00f5\u00f5dud: 282 \u00d7 223 \u0445 23 \u043c\u043c\" \/>\n<meta property=\"og:url\" content=\"https:\/\/amt.ee\/ru\/product\/autod-rongid-laevad-ja-lennukid\/\" \/>\n<meta property=\"og:site_name\" content=\"Astro &amp; Micro Technics Ltd.\" \/>\n<meta property=\"article:publisher\" content=\"https:\/\/www.facebook.com\/AmtEstonia\/\" \/>\n<meta property=\"article:modified_time\" content=\"2024-03-17T08:10:35+00:00\" \/>\n<meta property=\"og:image\" content=\"https:\/\/amt.ee\/wp-content\/uploads\/2021\/05\/autod-rongid-laevad-ja-lennukid.jpg\" \/>\n\t<meta property=\"og:image:width\" content=\"590\" \/>\n\t<meta property=\"og:image:height\" content=\"788\" \/>\n\t<meta property=\"og:image:type\" content=\"image\/jpeg\" \/>\n<meta name=\"twitter:card\" content=\"summary_large_image\" \/>\n<script type=\"application\/ld+json\" class=\"yoast-schema-graph\">{\"@context\":\"https:\/\/schema.org\",\"@graph\":[{\"@type\":\"WebPage\",\"@id\":\"https:\/\/amt.ee\/ru\/product\/autod-rongid-laevad-ja-lennukid\/\",\"url\":\"https:\/\/amt.ee\/ru\/product\/autod-rongid-laevad-ja-lennukid\/\",\"name\":\"\u0445. AUTOD, RONGID, LAEVAD JA LENNUKID\",\"isPartOf\":{\"@id\":\"https:\/\/amt.ee\/#website\"},\"primaryImageOfPage\":{\"@id\":\"https:\/\/amt.ee\/ru\/product\/autod-rongid-laevad-ja-lennukid\/#primaryimage\"},\"image\":{\"@id\":\"https:\/\/amt.ee\/ru\/product\/autod-rongid-laevad-ja-lennukid\/#primaryimage\"},\"thumbnailUrl\":\"https:\/\/amt.ee\/wp-content\/uploads\/2021\/05\/autod-rongid-laevad-ja-lennukid.jpg\",\"datePublished\":\"2021-05-26T05:38:35+00:00\",\"dateModified\":\"2024-03-17T08:10:35+00:00\",\"description\":\"Autor: Clive Gifford T\u00f5lkija (d): Kalle Klein Kirjastus: Varrak Ilmumisaasta: 2017 Lehek\u00fclgi: 256 Formaat: K\u00f5vakaaneline M\u00f5\u00f5dud: 282 \u00d7 223 \u0445 23 \u043c\u043c\",\"breadcrumb\":{\"@id\":\"https:\/\/amt.ee\/ru\/product\/autod-rongid-laevad-ja-lennukid\/#breadcrumb\"},\"inLanguage\":\"ru-RU\",\"potentialAction\":[{\"@type\":\"ReadAction\",\"target\":[\"https:\/\/amt.ee\/ru\/product\/autod-rongid-laevad-ja-lennukid\/\"]}]},{\"@type\":\"ImageObject\",\"inLanguage\":\"ru-RU\",\"@id\":\"https:\/\/amt.ee\/ru\/product\/autod-rongid-laevad-ja-lennukid\/#primaryimage\",\"url\":\"https:\/\/amt.ee\/wp-content\/uploads\/2021\/05\/autod-rongid-laevad-ja-lennukid.jpg\",\"contentUrl\":\"https:\/\/amt.ee\/wp-content\/uploads\/2021\/05\/autod-rongid-laevad-ja-lennukid.jpg\",\"width\":590,\"height\":788},{\"@type\":\"BreadcrumbList\",\"@id\":\"https:\/\/amt.ee\/ru\/product\/autod-rongid-laevad-ja-lennukid\/#breadcrumb\",\"itemListElement\":[{\"@type\":\"ListItem\",\"position\":1,\"name\":\"Home\",\"item\":\"https:\/\/amt.ee\/ru\/\"},{\"@type\":\"ListItem\",\"position\":2,\"name\":\"\u041c\u0430\u0433\u0430\u0437\u0438\u043d\",\"item\":\"https:\/\/amt.ee\/ru\/shop\/\"},{\"@type\":\"ListItem\",\"position\":3,\"name\":\"\u0445. AUTOD, RONGID, LAEVAD JA LENNUKID\"}]},{\"@type\":\"WebSite\",\"@id\":\"https:\/\/amt.ee\/#website\",\"url\":\"https:\/\/amt.ee\/\",\"name\":\"Astro &amp; Micro Technics Ltd.\",\"description\":\"\",\"publisher\":{\"@id\":\"https:\/\/amt.ee\/#organization\"},\"potentialAction\":[{\"@type\":\"SearchAction\",\"target\":{\"@type\":\"EntryPoint\",\"urlTemplate\":\"https:\/\/amt.ee\/?s={search_term_string}\"},\"query-input\":{\"@type\":\"PropertyValueSpecification\",\"valueRequired\":true,\"valueName\":\"search_term_string\"}}],\"inLanguage\":\"ru-RU\"},{\"@type\":\"Organization\",\"@id\":\"https:\/\/amt.ee\/#organization\",\"name\":\"Astro & Micro Technics Ltd.\",\"url\":\"https:\/\/amt.ee\/\",\"logo\":{\"@type\":\"ImageObject\",\"inLanguage\":\"ru-RU\",\"@id\":\"https:\/\/amt.ee\/#\/schema\/logo\/image\/\",\"url\":\"https:\/\/amt.ee\/wp-content\/uploads\/2021\/01\/logo.png\",\"contentUrl\":\"https:\/\/amt.ee\/wp-content\/uploads\/2021\/01\/logo.png\",\"width\":500,\"height\":149,\"caption\":\"Astro & Micro Technics Ltd.\"},\"image\":{\"@id\":\"https:\/\/amt.ee\/#\/schema\/logo\/image\/\"},\"sameAs\":[\"https:\/\/www.facebook.com\/AmtEstonia\/\",\"https:\/\/www.instagram.com\/anatoli_medvedev\/\"]}]}<\/script>\n<!-- \/ Yoast SEO plugin. -->","yoast_head_json":{"title":"\u0445. AUTOD, RONGID, LAEVAD JA LENNUKID","description":"Autor: Clive Gifford T\u00f5lkija (d): Kalle Klein Kirjastus: Varrak Ilmumisaasta: 2017 Lehek\u00fclgi: 256 Formaat: K\u00f5vakaaneline M\u00f5\u00f5dud: 282 \u00d7 223 \u0445 23 \u043c\u043c","robots":{"index":"index","follow":"follow","max-snippet":"max-snippet:-1","max-image-preview":"max-image-preview:large","max-video-preview":"max-video-preview:-1"},"canonical":"https:\/\/amt.ee\/ru\/product\/autod-rongid-laevad-ja-lennukid\/","og_locale":"ru_RU","og_type":"article","og_title":"\u0445. AUTOD, RONGID, LAEVAD JA LENNUKID","og_description":"Autor: Clive Gifford T\u00f5lkija (d): Kalle Klein Kirjastus: Varrak Ilmumisaasta: 2017 Lehek\u00fclgi: 256 Formaat: K\u00f5vakaaneline M\u00f5\u00f5dud: 282 \u00d7 223 \u0445 23 \u043c\u043c","og_url":"https:\/\/amt.ee\/ru\/product\/autod-rongid-laevad-ja-lennukid\/","og_site_name":"Astro &amp; Micro Technics Ltd.","article_publisher":"https:\/\/www.facebook.com\/AmtEstonia\/","article_modified_time":"2024-03-17T08:10:35+00:00","og_image":[{"width":590,"height":788,"url":"https:\/\/amt.ee\/wp-content\/uploads\/2021\/05\/autod-rongid-laevad-ja-lennukid.jpg","type":"image\/jpeg"}],"twitter_card":"summary_large_image","schema":{"@context":"https:\/\/schema.org","@graph":[{"@type":"WebPage","@id":"https:\/\/amt.ee\/ru\/product\/autod-rongid-laevad-ja-lennukid\/","url":"https:\/\/amt.ee\/ru\/product\/autod-rongid-laevad-ja-lennukid\/","name":"\u0445. AUTOD, RONGID, LAEVAD JA LENNUKID","isPartOf":{"@id":"https:\/\/amt.ee\/#website"},"primaryImageOfPage":{"@id":"https:\/\/amt.ee\/ru\/product\/autod-rongid-laevad-ja-lennukid\/#primaryimage"},"image":{"@id":"https:\/\/amt.ee\/ru\/product\/autod-rongid-laevad-ja-lennukid\/#primaryimage"},"thumbnailUrl":"https:\/\/amt.ee\/wp-content\/uploads\/2021\/05\/autod-rongid-laevad-ja-lennukid.jpg","datePublished":"2021-05-26T05:38:35+00:00","dateModified":"2024-03-17T08:10:35+00:00","description":"Autor: Clive Gifford T\u00f5lkija (d): Kalle Klein Kirjastus: Varrak Ilmumisaasta: 2017 Lehek\u00fclgi: 256 Formaat: K\u00f5vakaaneline M\u00f5\u00f5dud: 282 \u00d7 223 \u0445 23 \u043c\u043c","breadcrumb":{"@id":"https:\/\/amt.ee\/ru\/product\/autod-rongid-laevad-ja-lennukid\/#breadcrumb"},"inLanguage":"ru-RU","potentialAction":[{"@type":"ReadAction","target":["https:\/\/amt.ee\/ru\/product\/autod-rongid-laevad-ja-lennukid\/"]}]},{"@type":"ImageObject","inLanguage":"ru-RU","@id":"https:\/\/amt.ee\/ru\/product\/autod-rongid-laevad-ja-lennukid\/#primaryimage","url":"https:\/\/amt.ee\/wp-content\/uploads\/2021\/05\/autod-rongid-laevad-ja-lennukid.jpg","contentUrl":"https:\/\/amt.ee\/wp-content\/uploads\/2021\/05\/autod-rongid-laevad-ja-lennukid.jpg","width":590,"height":788},{"@type":"BreadcrumbList","@id":"https:\/\/amt.ee\/ru\/product\/autod-rongid-laevad-ja-lennukid\/#breadcrumb","itemListElement":[{"@type":"ListItem","position":1,"name":"Home","item":"https:\/\/amt.ee\/ru\/"},{"@type":"ListItem","position":2,"name":"\u041c\u0430\u0433\u0430\u0437\u0438\u043d","item":"https:\/\/amt.ee\/ru\/shop\/"},{"@type":"ListItem","position":3,"name":"\u0445. AUTOD, RONGID, LAEVAD JA LENNUKID"}]},{"@type":"WebSite","@id":"https:\/\/amt.ee\/#website","url":"https:\/\/amt.ee\/","name":"Astro &amp; Micro Technics Ltd.","description":"","publisher":{"@id":"https:\/\/amt.ee\/#organization"},"potentialAction":[{"@type":"SearchAction","target":{"@type":"EntryPoint","urlTemplate":"https:\/\/amt.ee\/?s={search_term_string}"},"query-input":{"@type":"PropertyValueSpecification","valueRequired":true,"valueName":"search_term_string"}}],"inLanguage":"ru-RU"},{"@type":"Organization","@id":"https:\/\/amt.ee\/#organization","name":"Astro & Micro Technics Ltd.","url":"https:\/\/amt.ee\/","logo":{"@type":"ImageObject","inLanguage":"ru-RU","@id":"https:\/\/amt.ee\/#\/schema\/logo\/image\/","url":"https:\/\/amt.ee\/wp-content\/uploads\/2021\/01\/logo.png","contentUrl":"https:\/\/amt.ee\/wp-content\/uploads\/2021\/01\/logo.png","width":500,"height":149,"caption":"Astro & Micro Technics Ltd."},"image":{"@id":"https:\/\/amt.ee\/#\/schema\/logo\/image\/"},"sameAs":["https:\/\/www.facebook.com\/AmtEstonia\/","https:\/\/www.instagram.com\/anatoli_medvedev\/"]}]}},"_links":{"self":[{"href":"https:\/\/amt.ee\/ru\/wp-json\/wp\/v2\/product\/13695","targetHints":{"allow":["GET"]}}],"collection":[{"href":"https:\/\/amt.ee\/ru\/wp-json\/wp\/v2\/product"}],"about":[{"href":"https:\/\/amt.ee\/ru\/wp-json\/wp\/v2\/types\/product"}],"replies":[{"embeddable":true,"href":"https:\/\/amt.ee\/ru\/wp-json\/wp\/v2\/comments?post=13695"}],"wp:featuredmedia":[{"embeddable":true,"href":"https:\/\/amt.ee\/ru\/wp-json\/wp\/v2\/media\/13691"}],"wp:attachment":[{"href":"https:\/\/amt.ee\/ru\/wp-json\/wp\/v2\/media?parent=13695"}],"wp:term":[{"taxonomy":"product_brand","embeddable":true,"href":"https:\/\/amt.ee\/ru\/wp-json\/wp\/v2\/product_brand?post=13695"},{"taxonomy":"product_cat","embeddable":true,"href":"https:\/\/amt.ee\/ru\/wp-json\/wp\/v2\/product_cat?post=13695"},{"taxonomy":"product_tag","embeddable":true,"href":"https:\/\/amt.ee\/ru\/wp-json\/wp\/v2\/product_tag?post=13695"}],"curies":[{"name":"wp","href":"https:\/\/api.w.org\/{rel}","templated":true}]}}