{"id":13679,"date":"2021-05-26T05:14:03","date_gmt":"2021-05-26T05:14:03","guid":{"rendered":"https:\/\/amt.ee\/product\/nutikas-laps-lihtne-loogika\/"},"modified":"2022-04-04T11:45:41","modified_gmt":"2022-04-04T11:45:41","slug":"nutikas-laps-lihtne-loogika","status":"publish","type":"product","link":"https:\/\/amt.ee\/ru\/product\/nutikas-laps-lihtne-loogika\/","title":{"rendered":"\u0445. NUTIKAS LAPS. LIHTNE LOOGIKA"},"content":{"rendered":"<p>Suurt\u00e4htede ja kenade piltidega raamatus on palju p\u00f5nevaid loogika\u00fclesandeid, mis juhatavad erisuguste lahendusk\u00e4ikudeni. Laps \u00f5pib t\u00e4hele panema, mida k\u00fcsitakse ja kuidas \u00fclesanne samm-sammult lahendada. Vahvate tekst\u00fclesannete lahendamine loob tugeva p\u00f5hja loogilisele ja iseseisvale m\u00f5tlemisele. M\u00f5tle loogiliselt, joonista, uuri, kavanda ja leia \u00f5ige lahendus!<\/p>\n","protected":false},"excerpt":{"rendered":"<p>T\u00f5lkija (d): Karin Volmer<br \/>\nKirjastus: Koolibri<br \/>\nIlmumisaasta: 2020<br \/>\nLehek\u00fclgi: 48<br \/>\nFormaat: Pehmekaaneline<br \/>\nM\u00f5\u00f5dud: 270 \u00d7 200 \u0445 4 \u043c\u043c<\/p>\n","protected":false},"featured_media":13675,"comment_status":"open","ping_status":"closed","template":"","meta":[],"product_brand":[],"product_cat":[360],"product_tag":[],"class_list":{"0":"post-13679","1":"product","2":"type-product","3":"status-publish","4":"has-post-thumbnail","6":"product_cat-knigi-estonskii","8":"first","9":"outofstock","10":"taxable","11":"shipping-taxable","12":"purchasable","13":"product-type-simple"},"yoast_head":"<!-- This site is optimized with the Yoast SEO plugin v27.4 - https:\/\/yoast.com\/product\/yoast-seo-wordpress\/ -->\n<title>\u0445. NUTIKAS LAPS. LIHTNE LOOGIKA<\/title>\n<meta name=\"description\" content=\"T\u00f5lkija (d): Karin Volmer Kirjastus: Koolibri Ilmumisaasta: 2020 Lehek\u00fclgi: 48 Formaat: Pehmekaaneline M\u00f5\u00f5dud: 270 \u00d7 200 \u0445 4 \u043c\u043c\" \/>\n<meta name=\"robots\" content=\"index, follow, max-snippet:-1, max-image-preview:large, max-video-preview:-1\" \/>\n<link rel=\"canonical\" href=\"https:\/\/amt.ee\/ru\/product\/nutikas-laps-lihtne-loogika\/\" \/>\n<meta property=\"og:locale\" content=\"ru_RU\" \/>\n<meta property=\"og:type\" content=\"article\" \/>\n<meta property=\"og:title\" content=\"\u0445. NUTIKAS LAPS. LIHTNE LOOGIKA\" \/>\n<meta property=\"og:description\" content=\"T\u00f5lkija (d): Karin Volmer Kirjastus: Koolibri Ilmumisaasta: 2020 Lehek\u00fclgi: 48 Formaat: Pehmekaaneline M\u00f5\u00f5dud: 270 \u00d7 200 \u0445 4 \u043c\u043c\" \/>\n<meta property=\"og:url\" content=\"https:\/\/amt.ee\/ru\/product\/nutikas-laps-lihtne-loogika\/\" \/>\n<meta property=\"og:site_name\" content=\"Astro &amp; Micro Technics Ltd.\" \/>\n<meta property=\"article:publisher\" content=\"https:\/\/www.facebook.com\/AmtEstonia\/\" \/>\n<meta property=\"article:modified_time\" content=\"2022-04-04T11:45:41+00:00\" \/>\n<meta property=\"og:image\" content=\"https:\/\/amt.ee\/wp-content\/uploads\/2021\/05\/nutikas-laps-lihtne-loogika-768x1024.jpg\" \/>\n\t<meta property=\"og:image:width\" content=\"768\" \/>\n\t<meta property=\"og:image:height\" content=\"1024\" \/>\n\t<meta property=\"og:image:type\" content=\"image\/jpeg\" \/>\n<meta name=\"twitter:card\" content=\"summary_large_image\" \/>\n<script type=\"application\/ld+json\" class=\"yoast-schema-graph\">{\"@context\":\"https:\\\/\\\/schema.org\",\"@graph\":[{\"@type\":\"WebPage\",\"@id\":\"https:\\\/\\\/amt.ee\\\/ru\\\/product\\\/nutikas-laps-lihtne-loogika\\\/\",\"url\":\"https:\\\/\\\/amt.ee\\\/ru\\\/product\\\/nutikas-laps-lihtne-loogika\\\/\",\"name\":\"\u0445. NUTIKAS LAPS. LIHTNE LOOGIKA\",\"isPartOf\":{\"@id\":\"https:\\\/\\\/amt.ee\\\/#website\"},\"primaryImageOfPage\":{\"@id\":\"https:\\\/\\\/amt.ee\\\/ru\\\/product\\\/nutikas-laps-lihtne-loogika\\\/#primaryimage\"},\"image\":{\"@id\":\"https:\\\/\\\/amt.ee\\\/ru\\\/product\\\/nutikas-laps-lihtne-loogika\\\/#primaryimage\"},\"thumbnailUrl\":\"https:\\\/\\\/amt.ee\\\/wp-content\\\/uploads\\\/2021\\\/05\\\/nutikas-laps-lihtne-loogika.jpg\",\"datePublished\":\"2021-05-26T05:14:03+00:00\",\"dateModified\":\"2022-04-04T11:45:41+00:00\",\"description\":\"T\u00f5lkija (d): Karin Volmer Kirjastus: Koolibri Ilmumisaasta: 2020 Lehek\u00fclgi: 48 Formaat: Pehmekaaneline M\u00f5\u00f5dud: 270 \u00d7 200 \u0445 4 \u043c\u043c\",\"breadcrumb\":{\"@id\":\"https:\\\/\\\/amt.ee\\\/ru\\\/product\\\/nutikas-laps-lihtne-loogika\\\/#breadcrumb\"},\"inLanguage\":\"ru-RU\",\"potentialAction\":[{\"@type\":\"ReadAction\",\"target\":[\"https:\\\/\\\/amt.ee\\\/ru\\\/product\\\/nutikas-laps-lihtne-loogika\\\/\"]}]},{\"@type\":\"ImageObject\",\"inLanguage\":\"ru-RU\",\"@id\":\"https:\\\/\\\/amt.ee\\\/ru\\\/product\\\/nutikas-laps-lihtne-loogika\\\/#primaryimage\",\"url\":\"https:\\\/\\\/amt.ee\\\/wp-content\\\/uploads\\\/2021\\\/05\\\/nutikas-laps-lihtne-loogika.jpg\",\"contentUrl\":\"https:\\\/\\\/amt.ee\\\/wp-content\\\/uploads\\\/2021\\\/05\\\/nutikas-laps-lihtne-loogika.jpg\",\"width\":1012,\"height\":1350},{\"@type\":\"BreadcrumbList\",\"@id\":\"https:\\\/\\\/amt.ee\\\/ru\\\/product\\\/nutikas-laps-lihtne-loogika\\\/#breadcrumb\",\"itemListElement\":[{\"@type\":\"ListItem\",\"position\":1,\"name\":\"Home\",\"item\":\"https:\\\/\\\/amt.ee\\\/ru\\\/\"},{\"@type\":\"ListItem\",\"position\":2,\"name\":\"\u041c\u0430\u0433\u0430\u0437\u0438\u043d\",\"item\":\"https:\\\/\\\/amt.ee\\\/ru\\\/shop\\\/\"},{\"@type\":\"ListItem\",\"position\":3,\"name\":\"\u0445. NUTIKAS LAPS. LIHTNE LOOGIKA\"}]},{\"@type\":\"WebSite\",\"@id\":\"https:\\\/\\\/amt.ee\\\/#website\",\"url\":\"https:\\\/\\\/amt.ee\\\/\",\"name\":\"Astro &amp; Micro Technics Ltd.\",\"description\":\"\",\"publisher\":{\"@id\":\"https:\\\/\\\/amt.ee\\\/#organization\"},\"potentialAction\":[{\"@type\":\"SearchAction\",\"target\":{\"@type\":\"EntryPoint\",\"urlTemplate\":\"https:\\\/\\\/amt.ee\\\/?s={search_term_string}\"},\"query-input\":{\"@type\":\"PropertyValueSpecification\",\"valueRequired\":true,\"valueName\":\"search_term_string\"}}],\"inLanguage\":\"ru-RU\"},{\"@type\":\"Organization\",\"@id\":\"https:\\\/\\\/amt.ee\\\/#organization\",\"name\":\"Astro & Micro Technics Ltd.\",\"url\":\"https:\\\/\\\/amt.ee\\\/\",\"logo\":{\"@type\":\"ImageObject\",\"inLanguage\":\"ru-RU\",\"@id\":\"https:\\\/\\\/amt.ee\\\/#\\\/schema\\\/logo\\\/image\\\/\",\"url\":\"https:\\\/\\\/amt.ee\\\/wp-content\\\/uploads\\\/2021\\\/01\\\/logo.png\",\"contentUrl\":\"https:\\\/\\\/amt.ee\\\/wp-content\\\/uploads\\\/2021\\\/01\\\/logo.png\",\"width\":500,\"height\":149,\"caption\":\"Astro & Micro Technics Ltd.\"},\"image\":{\"@id\":\"https:\\\/\\\/amt.ee\\\/#\\\/schema\\\/logo\\\/image\\\/\"},\"sameAs\":[\"https:\\\/\\\/www.facebook.com\\\/AmtEstonia\\\/\",\"https:\\\/\\\/www.instagram.com\\\/anatoli_medvedev\\\/\"]}]}<\/script>\n<!-- \/ Yoast SEO plugin. -->","yoast_head_json":{"title":"\u0445. NUTIKAS LAPS. LIHTNE LOOGIKA","description":"T\u00f5lkija (d): Karin Volmer Kirjastus: Koolibri Ilmumisaasta: 2020 Lehek\u00fclgi: 48 Formaat: Pehmekaaneline M\u00f5\u00f5dud: 270 \u00d7 200 \u0445 4 \u043c\u043c","robots":{"index":"index","follow":"follow","max-snippet":"max-snippet:-1","max-image-preview":"max-image-preview:large","max-video-preview":"max-video-preview:-1"},"canonical":"https:\/\/amt.ee\/ru\/product\/nutikas-laps-lihtne-loogika\/","og_locale":"ru_RU","og_type":"article","og_title":"\u0445. NUTIKAS LAPS. LIHTNE LOOGIKA","og_description":"T\u00f5lkija (d): Karin Volmer Kirjastus: Koolibri Ilmumisaasta: 2020 Lehek\u00fclgi: 48 Formaat: Pehmekaaneline M\u00f5\u00f5dud: 270 \u00d7 200 \u0445 4 \u043c\u043c","og_url":"https:\/\/amt.ee\/ru\/product\/nutikas-laps-lihtne-loogika\/","og_site_name":"Astro &amp; Micro Technics Ltd.","article_publisher":"https:\/\/www.facebook.com\/AmtEstonia\/","article_modified_time":"2022-04-04T11:45:41+00:00","og_image":[{"width":768,"height":1024,"url":"https:\/\/amt.ee\/wp-content\/uploads\/2021\/05\/nutikas-laps-lihtne-loogika-768x1024.jpg","type":"image\/jpeg"}],"twitter_card":"summary_large_image","schema":{"@context":"https:\/\/schema.org","@graph":[{"@type":"WebPage","@id":"https:\/\/amt.ee\/ru\/product\/nutikas-laps-lihtne-loogika\/","url":"https:\/\/amt.ee\/ru\/product\/nutikas-laps-lihtne-loogika\/","name":"\u0445. NUTIKAS LAPS. LIHTNE LOOGIKA","isPartOf":{"@id":"https:\/\/amt.ee\/#website"},"primaryImageOfPage":{"@id":"https:\/\/amt.ee\/ru\/product\/nutikas-laps-lihtne-loogika\/#primaryimage"},"image":{"@id":"https:\/\/amt.ee\/ru\/product\/nutikas-laps-lihtne-loogika\/#primaryimage"},"thumbnailUrl":"https:\/\/amt.ee\/wp-content\/uploads\/2021\/05\/nutikas-laps-lihtne-loogika.jpg","datePublished":"2021-05-26T05:14:03+00:00","dateModified":"2022-04-04T11:45:41+00:00","description":"T\u00f5lkija (d): Karin Volmer Kirjastus: Koolibri Ilmumisaasta: 2020 Lehek\u00fclgi: 48 Formaat: Pehmekaaneline M\u00f5\u00f5dud: 270 \u00d7 200 \u0445 4 \u043c\u043c","breadcrumb":{"@id":"https:\/\/amt.ee\/ru\/product\/nutikas-laps-lihtne-loogika\/#breadcrumb"},"inLanguage":"ru-RU","potentialAction":[{"@type":"ReadAction","target":["https:\/\/amt.ee\/ru\/product\/nutikas-laps-lihtne-loogika\/"]}]},{"@type":"ImageObject","inLanguage":"ru-RU","@id":"https:\/\/amt.ee\/ru\/product\/nutikas-laps-lihtne-loogika\/#primaryimage","url":"https:\/\/amt.ee\/wp-content\/uploads\/2021\/05\/nutikas-laps-lihtne-loogika.jpg","contentUrl":"https:\/\/amt.ee\/wp-content\/uploads\/2021\/05\/nutikas-laps-lihtne-loogika.jpg","width":1012,"height":1350},{"@type":"BreadcrumbList","@id":"https:\/\/amt.ee\/ru\/product\/nutikas-laps-lihtne-loogika\/#breadcrumb","itemListElement":[{"@type":"ListItem","position":1,"name":"Home","item":"https:\/\/amt.ee\/ru\/"},{"@type":"ListItem","position":2,"name":"\u041c\u0430\u0433\u0430\u0437\u0438\u043d","item":"https:\/\/amt.ee\/ru\/shop\/"},{"@type":"ListItem","position":3,"name":"\u0445. NUTIKAS LAPS. LIHTNE LOOGIKA"}]},{"@type":"WebSite","@id":"https:\/\/amt.ee\/#website","url":"https:\/\/amt.ee\/","name":"Astro &amp; Micro Technics Ltd.","description":"","publisher":{"@id":"https:\/\/amt.ee\/#organization"},"potentialAction":[{"@type":"SearchAction","target":{"@type":"EntryPoint","urlTemplate":"https:\/\/amt.ee\/?s={search_term_string}"},"query-input":{"@type":"PropertyValueSpecification","valueRequired":true,"valueName":"search_term_string"}}],"inLanguage":"ru-RU"},{"@type":"Organization","@id":"https:\/\/amt.ee\/#organization","name":"Astro & Micro Technics Ltd.","url":"https:\/\/amt.ee\/","logo":{"@type":"ImageObject","inLanguage":"ru-RU","@id":"https:\/\/amt.ee\/#\/schema\/logo\/image\/","url":"https:\/\/amt.ee\/wp-content\/uploads\/2021\/01\/logo.png","contentUrl":"https:\/\/amt.ee\/wp-content\/uploads\/2021\/01\/logo.png","width":500,"height":149,"caption":"Astro & Micro Technics Ltd."},"image":{"@id":"https:\/\/amt.ee\/#\/schema\/logo\/image\/"},"sameAs":["https:\/\/www.facebook.com\/AmtEstonia\/","https:\/\/www.instagram.com\/anatoli_medvedev\/"]}]}},"_links":{"self":[{"href":"https:\/\/amt.ee\/ru\/wp-json\/wp\/v2\/product\/13679","targetHints":{"allow":["GET"]}}],"collection":[{"href":"https:\/\/amt.ee\/ru\/wp-json\/wp\/v2\/product"}],"about":[{"href":"https:\/\/amt.ee\/ru\/wp-json\/wp\/v2\/types\/product"}],"replies":[{"embeddable":true,"href":"https:\/\/amt.ee\/ru\/wp-json\/wp\/v2\/comments?post=13679"}],"wp:featuredmedia":[{"embeddable":true,"href":"https:\/\/amt.ee\/ru\/wp-json\/wp\/v2\/media\/13675"}],"wp:attachment":[{"href":"https:\/\/amt.ee\/ru\/wp-json\/wp\/v2\/media?parent=13679"}],"wp:term":[{"taxonomy":"product_brand","embeddable":true,"href":"https:\/\/amt.ee\/ru\/wp-json\/wp\/v2\/product_brand?post=13679"},{"taxonomy":"product_cat","embeddable":true,"href":"https:\/\/amt.ee\/ru\/wp-json\/wp\/v2\/product_cat?post=13679"},{"taxonomy":"product_tag","embeddable":true,"href":"https:\/\/amt.ee\/ru\/wp-json\/wp\/v2\/product_tag?post=13679"}],"curies":[{"name":"wp","href":"https:\/\/api.w.org\/{rel}","templated":true}]}}