{"id":13671,"date":"2021-05-25T22:16:54","date_gmt":"2021-05-25T22:16:54","guid":{"rendered":"https:\/\/amt.ee\/product\/lippude-atlas\/"},"modified":"2021-05-26T05:41:10","modified_gmt":"2021-05-26T05:41:10","slug":"lippude-atlas","status":"publish","type":"product","link":"https:\/\/amt.ee\/ru\/product\/lippude-atlas\/","title":{"rendered":"LIPPUDE ATLAS"},"content":{"rendered":"<p>Esmapilgul pole lipp midagi enamat kui lihtne ristk\u00fclikukujuline v\u00e4rviline riidet\u00fckk, mida on kerge joonistada ja \u00e4ra tunda. See esmamulje on petlik! Lipud esindavad riike. Neil peituvad s\u00fcmbolid jutustavad tervete rahvaste ajaloost ja t\u00f5ekspidamistest \u2013 sellest, mille \u00fcle nad uhkust tunnevad. See raamat \u00f5petab sulle lippude keelt. Saad teada, mida iga rahva poolt v\u00e4lja valitud v\u00e4rvid ja s\u00fcmbolid tegelikult t\u00e4hendavad. Tutvud ka reeglitega, millest juhinduda, kui hakkad kujundama omaenda lippu.<\/p>\n<p><img loading=\"lazy\" decoding=\"async\" class=\"alignnone size-full wp-image-13622\" src=\"https:\/\/amt.ee\/wp-content\/uploads\/2021\/05\/soovitab.png\" alt=\"\" width=\"135\" height=\"135\" \/><\/p>\n","protected":false},"excerpt":{"rendered":"<p><span class=\"label\">Autor: Frederico Silvestri<\/span><br \/>\nT\u00f5lkija (d): Vallo Kask<br \/>\nIllustreerija (d): Rossella Trionfetti<br \/>\nKirjastus: Koolibri<br \/>\nIlmumisaasta: 2020<br \/>\nLehek\u00fclgi: 96<br \/>\nFormaat: K\u00f5vakaaneline<br \/>\nM\u00f5\u00f5dud: 286 \u00d7 214 \u0445 16 \u043c\u043c<\/p>\n<p><img loading=\"lazy\" decoding=\"async\" class=\"alignnone size-full wp-image-13622\" src=\"https:\/\/amt.ee\/wp-content\/uploads\/2021\/05\/soovitab.png\" alt=\"\" width=\"135\" height=\"135\" \/><\/p>\n","protected":false},"featured_media":13667,"comment_status":"open","ping_status":"closed","template":"","meta":[],"product_brand":[],"product_cat":[360],"product_tag":[],"class_list":{"0":"post-13671","1":"product","2":"type-product","3":"status-publish","4":"has-post-thumbnail","6":"product_cat-knigi-estonskii","8":"first","9":"instock","10":"taxable","11":"shipping-taxable","12":"purchasable","13":"product-type-simple"},"yoast_head":"<!-- This site is optimized with the Yoast SEO plugin v25.2 - https:\/\/yoast.com\/wordpress\/plugins\/seo\/ -->\n<title>LIPPUDE ATLAS<\/title>\n<meta name=\"description\" content=\"Autor: Frederico Silvestri T\u00f5lkija (d): Vallo Kask Illustreerija (d): Rossella Trionfetti Kirjastus: Koolibri Ilmumisaasta: 2020 Lehek\u00fclgi: 96 Formaat: K\u00f5vakaaneline M\u00f5\u00f5dud: 286 \u00d7 214 \u0445 16 \u043c\u043c\" \/>\n<meta name=\"robots\" content=\"index, follow, max-snippet:-1, max-image-preview:large, max-video-preview:-1\" \/>\n<link rel=\"canonical\" href=\"https:\/\/amt.ee\/ru\/product\/lippude-atlas\/\" \/>\n<meta property=\"og:locale\" content=\"ru_RU\" \/>\n<meta property=\"og:type\" content=\"article\" \/>\n<meta property=\"og:title\" content=\"LIPPUDE ATLAS\" \/>\n<meta property=\"og:description\" content=\"Autor: Frederico Silvestri T\u00f5lkija (d): Vallo Kask Illustreerija (d): Rossella Trionfetti Kirjastus: Koolibri Ilmumisaasta: 2020 Lehek\u00fclgi: 96 Formaat: K\u00f5vakaaneline M\u00f5\u00f5dud: 286 \u00d7 214 \u0445 16 \u043c\u043c\" \/>\n<meta property=\"og:url\" content=\"https:\/\/amt.ee\/ru\/product\/lippude-atlas\/\" \/>\n<meta property=\"og:site_name\" content=\"Astro &amp; Micro Technics Ltd.\" \/>\n<meta property=\"article:publisher\" content=\"https:\/\/www.facebook.com\/AmtEstonia\/\" \/>\n<meta property=\"article:modified_time\" content=\"2021-05-26T05:41:10+00:00\" \/>\n<meta property=\"og:image\" content=\"https:\/\/amt.ee\/wp-content\/uploads\/2021\/05\/lippude-atlas.jpg\" \/>\n\t<meta property=\"og:image:width\" content=\"1000\" \/>\n\t<meta property=\"og:image:height\" content=\"1334\" \/>\n\t<meta property=\"og:image:type\" content=\"image\/jpeg\" \/>\n<meta name=\"twitter:card\" content=\"summary_large_image\" \/>\n<script type=\"application\/ld+json\" class=\"yoast-schema-graph\">{\"@context\":\"https:\/\/schema.org\",\"@graph\":[{\"@type\":\"WebPage\",\"@id\":\"https:\/\/amt.ee\/ru\/product\/lippude-atlas\/\",\"url\":\"https:\/\/amt.ee\/ru\/product\/lippude-atlas\/\",\"name\":\"LIPPUDE ATLAS\",\"isPartOf\":{\"@id\":\"https:\/\/amt.ee\/#website\"},\"primaryImageOfPage\":{\"@id\":\"https:\/\/amt.ee\/ru\/product\/lippude-atlas\/#primaryimage\"},\"image\":{\"@id\":\"https:\/\/amt.ee\/ru\/product\/lippude-atlas\/#primaryimage\"},\"thumbnailUrl\":\"https:\/\/amt.ee\/wp-content\/uploads\/2021\/05\/lippude-atlas.jpg\",\"datePublished\":\"2021-05-25T22:16:54+00:00\",\"dateModified\":\"2021-05-26T05:41:10+00:00\",\"description\":\"Autor: Frederico Silvestri T\u00f5lkija (d): Vallo Kask Illustreerija (d): Rossella Trionfetti Kirjastus: Koolibri Ilmumisaasta: 2020 Lehek\u00fclgi: 96 Formaat: K\u00f5vakaaneline M\u00f5\u00f5dud: 286 \u00d7 214 \u0445 16 \u043c\u043c\",\"breadcrumb\":{\"@id\":\"https:\/\/amt.ee\/ru\/product\/lippude-atlas\/#breadcrumb\"},\"inLanguage\":\"ru-RU\",\"potentialAction\":[{\"@type\":\"ReadAction\",\"target\":[\"https:\/\/amt.ee\/ru\/product\/lippude-atlas\/\"]}]},{\"@type\":\"ImageObject\",\"inLanguage\":\"ru-RU\",\"@id\":\"https:\/\/amt.ee\/ru\/product\/lippude-atlas\/#primaryimage\",\"url\":\"https:\/\/amt.ee\/wp-content\/uploads\/2021\/05\/lippude-atlas.jpg\",\"contentUrl\":\"https:\/\/amt.ee\/wp-content\/uploads\/2021\/05\/lippude-atlas.jpg\",\"width\":1000,\"height\":1334},{\"@type\":\"BreadcrumbList\",\"@id\":\"https:\/\/amt.ee\/ru\/product\/lippude-atlas\/#breadcrumb\",\"itemListElement\":[{\"@type\":\"ListItem\",\"position\":1,\"name\":\"Home\",\"item\":\"https:\/\/amt.ee\/ru\/\"},{\"@type\":\"ListItem\",\"position\":2,\"name\":\"\u041c\u0430\u0433\u0430\u0437\u0438\u043d\",\"item\":\"https:\/\/amt.ee\/ru\/shop\/\"},{\"@type\":\"ListItem\",\"position\":3,\"name\":\"LIPPUDE ATLAS\"}]},{\"@type\":\"WebSite\",\"@id\":\"https:\/\/amt.ee\/#website\",\"url\":\"https:\/\/amt.ee\/\",\"name\":\"Astro &amp; Micro Technics Ltd.\",\"description\":\"\",\"publisher\":{\"@id\":\"https:\/\/amt.ee\/#organization\"},\"potentialAction\":[{\"@type\":\"SearchAction\",\"target\":{\"@type\":\"EntryPoint\",\"urlTemplate\":\"https:\/\/amt.ee\/?s={search_term_string}\"},\"query-input\":{\"@type\":\"PropertyValueSpecification\",\"valueRequired\":true,\"valueName\":\"search_term_string\"}}],\"inLanguage\":\"ru-RU\"},{\"@type\":\"Organization\",\"@id\":\"https:\/\/amt.ee\/#organization\",\"name\":\"Astro & Micro Technics Ltd.\",\"url\":\"https:\/\/amt.ee\/\",\"logo\":{\"@type\":\"ImageObject\",\"inLanguage\":\"ru-RU\",\"@id\":\"https:\/\/amt.ee\/#\/schema\/logo\/image\/\",\"url\":\"https:\/\/amt.ee\/wp-content\/uploads\/2021\/01\/logo.png\",\"contentUrl\":\"https:\/\/amt.ee\/wp-content\/uploads\/2021\/01\/logo.png\",\"width\":500,\"height\":149,\"caption\":\"Astro & Micro Technics Ltd.\"},\"image\":{\"@id\":\"https:\/\/amt.ee\/#\/schema\/logo\/image\/\"},\"sameAs\":[\"https:\/\/www.facebook.com\/AmtEstonia\/\",\"https:\/\/www.instagram.com\/anatoli_medvedev\/\"]}]}<\/script>\n<!-- \/ Yoast SEO plugin. -->","yoast_head_json":{"title":"LIPPUDE ATLAS","description":"Autor: Frederico Silvestri T\u00f5lkija (d): Vallo Kask Illustreerija (d): Rossella Trionfetti Kirjastus: Koolibri Ilmumisaasta: 2020 Lehek\u00fclgi: 96 Formaat: K\u00f5vakaaneline M\u00f5\u00f5dud: 286 \u00d7 214 \u0445 16 \u043c\u043c","robots":{"index":"index","follow":"follow","max-snippet":"max-snippet:-1","max-image-preview":"max-image-preview:large","max-video-preview":"max-video-preview:-1"},"canonical":"https:\/\/amt.ee\/ru\/product\/lippude-atlas\/","og_locale":"ru_RU","og_type":"article","og_title":"LIPPUDE ATLAS","og_description":"Autor: Frederico Silvestri T\u00f5lkija (d): Vallo Kask Illustreerija (d): Rossella Trionfetti Kirjastus: Koolibri Ilmumisaasta: 2020 Lehek\u00fclgi: 96 Formaat: K\u00f5vakaaneline M\u00f5\u00f5dud: 286 \u00d7 214 \u0445 16 \u043c\u043c","og_url":"https:\/\/amt.ee\/ru\/product\/lippude-atlas\/","og_site_name":"Astro &amp; Micro Technics Ltd.","article_publisher":"https:\/\/www.facebook.com\/AmtEstonia\/","article_modified_time":"2021-05-26T05:41:10+00:00","og_image":[{"width":1000,"height":1334,"url":"https:\/\/amt.ee\/wp-content\/uploads\/2021\/05\/lippude-atlas.jpg","type":"image\/jpeg"}],"twitter_card":"summary_large_image","schema":{"@context":"https:\/\/schema.org","@graph":[{"@type":"WebPage","@id":"https:\/\/amt.ee\/ru\/product\/lippude-atlas\/","url":"https:\/\/amt.ee\/ru\/product\/lippude-atlas\/","name":"LIPPUDE ATLAS","isPartOf":{"@id":"https:\/\/amt.ee\/#website"},"primaryImageOfPage":{"@id":"https:\/\/amt.ee\/ru\/product\/lippude-atlas\/#primaryimage"},"image":{"@id":"https:\/\/amt.ee\/ru\/product\/lippude-atlas\/#primaryimage"},"thumbnailUrl":"https:\/\/amt.ee\/wp-content\/uploads\/2021\/05\/lippude-atlas.jpg","datePublished":"2021-05-25T22:16:54+00:00","dateModified":"2021-05-26T05:41:10+00:00","description":"Autor: Frederico Silvestri T\u00f5lkija (d): Vallo Kask Illustreerija (d): Rossella Trionfetti Kirjastus: Koolibri Ilmumisaasta: 2020 Lehek\u00fclgi: 96 Formaat: K\u00f5vakaaneline M\u00f5\u00f5dud: 286 \u00d7 214 \u0445 16 \u043c\u043c","breadcrumb":{"@id":"https:\/\/amt.ee\/ru\/product\/lippude-atlas\/#breadcrumb"},"inLanguage":"ru-RU","potentialAction":[{"@type":"ReadAction","target":["https:\/\/amt.ee\/ru\/product\/lippude-atlas\/"]}]},{"@type":"ImageObject","inLanguage":"ru-RU","@id":"https:\/\/amt.ee\/ru\/product\/lippude-atlas\/#primaryimage","url":"https:\/\/amt.ee\/wp-content\/uploads\/2021\/05\/lippude-atlas.jpg","contentUrl":"https:\/\/amt.ee\/wp-content\/uploads\/2021\/05\/lippude-atlas.jpg","width":1000,"height":1334},{"@type":"BreadcrumbList","@id":"https:\/\/amt.ee\/ru\/product\/lippude-atlas\/#breadcrumb","itemListElement":[{"@type":"ListItem","position":1,"name":"Home","item":"https:\/\/amt.ee\/ru\/"},{"@type":"ListItem","position":2,"name":"\u041c\u0430\u0433\u0430\u0437\u0438\u043d","item":"https:\/\/amt.ee\/ru\/shop\/"},{"@type":"ListItem","position":3,"name":"LIPPUDE ATLAS"}]},{"@type":"WebSite","@id":"https:\/\/amt.ee\/#website","url":"https:\/\/amt.ee\/","name":"Astro &amp; Micro Technics Ltd.","description":"","publisher":{"@id":"https:\/\/amt.ee\/#organization"},"potentialAction":[{"@type":"SearchAction","target":{"@type":"EntryPoint","urlTemplate":"https:\/\/amt.ee\/?s={search_term_string}"},"query-input":{"@type":"PropertyValueSpecification","valueRequired":true,"valueName":"search_term_string"}}],"inLanguage":"ru-RU"},{"@type":"Organization","@id":"https:\/\/amt.ee\/#organization","name":"Astro & Micro Technics Ltd.","url":"https:\/\/amt.ee\/","logo":{"@type":"ImageObject","inLanguage":"ru-RU","@id":"https:\/\/amt.ee\/#\/schema\/logo\/image\/","url":"https:\/\/amt.ee\/wp-content\/uploads\/2021\/01\/logo.png","contentUrl":"https:\/\/amt.ee\/wp-content\/uploads\/2021\/01\/logo.png","width":500,"height":149,"caption":"Astro & Micro Technics Ltd."},"image":{"@id":"https:\/\/amt.ee\/#\/schema\/logo\/image\/"},"sameAs":["https:\/\/www.facebook.com\/AmtEstonia\/","https:\/\/www.instagram.com\/anatoli_medvedev\/"]}]}},"_links":{"self":[{"href":"https:\/\/amt.ee\/ru\/wp-json\/wp\/v2\/product\/13671","targetHints":{"allow":["GET"]}}],"collection":[{"href":"https:\/\/amt.ee\/ru\/wp-json\/wp\/v2\/product"}],"about":[{"href":"https:\/\/amt.ee\/ru\/wp-json\/wp\/v2\/types\/product"}],"replies":[{"embeddable":true,"href":"https:\/\/amt.ee\/ru\/wp-json\/wp\/v2\/comments?post=13671"}],"wp:featuredmedia":[{"embeddable":true,"href":"https:\/\/amt.ee\/ru\/wp-json\/wp\/v2\/media\/13667"}],"wp:attachment":[{"href":"https:\/\/amt.ee\/ru\/wp-json\/wp\/v2\/media?parent=13671"}],"wp:term":[{"taxonomy":"product_brand","embeddable":true,"href":"https:\/\/amt.ee\/ru\/wp-json\/wp\/v2\/product_brand?post=13671"},{"taxonomy":"product_cat","embeddable":true,"href":"https:\/\/amt.ee\/ru\/wp-json\/wp\/v2\/product_cat?post=13671"},{"taxonomy":"product_tag","embeddable":true,"href":"https:\/\/amt.ee\/ru\/wp-json\/wp\/v2\/product_tag?post=13671"}],"curies":[{"name":"wp","href":"https:\/\/api.w.org\/{rel}","templated":true}]}}