{"id":13663,"date":"2021-05-25T22:06:59","date_gmt":"2021-05-25T22:06:59","guid":{"rendered":"https:\/\/amt.ee\/product\/mered-ja-ookeanid\/"},"modified":"2024-03-17T14:28:38","modified_gmt":"2024-03-17T14:28:38","slug":"mered-ja-ookeanid","status":"publish","type":"product","link":"https:\/\/amt.ee\/ru\/product\/mered-ja-ookeanid\/","title":{"rendered":"MERED JA OOKEANID"},"content":{"rendered":"<p>Rohkete illustratsioonidega raamat annab hea \u00fclevaate maailmamerest, selle p\u00e4ritolust ja arengust, loodete tekkest, ookeanide m\u00f5just Maa kliimale. Valdav osa raamatust on p\u00fchendatud mereelustikule ja mitmesugustele elupaikadele, nagu ookeanip\u00f5hja mustad tossutajad, korallrahud, mangroovisood, kui nimetada vaid m\u00f5nda eksootilisemat. Paraku ei saa m\u00f6\u00f6da vaadata inimtegevuse ja kliimasoojenemise m\u00f5ju maailmamerele. Raamatut t\u00e4iendab tasuta \u00e4pp, mille abil saad loetule lisaks nutitelefonist v\u00f5i tahvelarvutist videoid vaadata.<\/p>\n<p>Samas sarjas on varem ilmunud raamatud \u201e<a href=\"https:\/\/www.rahvaraamat.ee\/p\/loomade-maailm\/1029923\/et?isbn=9789985039892\" target=\"_blank\" rel=\"noopener\">Loomade maailm<\/a>\u201d ja \u201e<a href=\"https:\/\/www.rahvaraamat.ee\/p\/kuidas-keha-t%C3%B6%C3%B6tab\/1347915\/et?isbn=9789985043509\" target=\"_blank\" rel=\"noopener\">Kuidas keha t\u00f6\u00f6tab?<\/a>\u201d<\/p>\n","protected":false},"excerpt":{"rendered":"<p><span class=\"label\">Autor: Elizabeth Cranford<\/span><br \/>\nT\u00f5lkija (d): Jane Tooman<br \/>\nKirjastus: Koolibri<br \/>\nIlmumisaasta: 2020<br \/>\nLehek\u00fclgi: 62<br \/>\nFormaat: K\u00f5vakaaneline<br \/>\nM\u00f5\u00f5dud: 294 \u00d7 237 \u0445 10 \u043c\u043c<\/p>\n","protected":false},"featured_media":13659,"comment_status":"open","ping_status":"closed","template":"","meta":[],"product_brand":[],"product_cat":[360],"product_tag":[],"class_list":{"0":"post-13663","1":"product","2":"type-product","3":"status-publish","4":"has-post-thumbnail","6":"product_cat-knigi-estonskii","8":"first","9":"instock","10":"taxable","11":"shipping-taxable","12":"purchasable","13":"product-type-simple"},"yoast_head":"<!-- This site is optimized with the Yoast SEO plugin v27.4 - https:\/\/yoast.com\/product\/yoast-seo-wordpress\/ -->\n<title>MERED JA OOKEANID<\/title>\n<meta name=\"description\" content=\"Autor: Elizabeth Cranford T\u00f5lkija (d): Jane Tooman Kirjastus: Koolibri Ilmumisaasta: 2020 Lehek\u00fclgi: 62 Formaat: K\u00f5vakaaneline M\u00f5\u00f5dud: 294 \u00d7 237 \u0445 10 \u043c\u043c\" \/>\n<meta name=\"robots\" content=\"index, follow, max-snippet:-1, max-image-preview:large, max-video-preview:-1\" \/>\n<link rel=\"canonical\" href=\"https:\/\/amt.ee\/ru\/product\/mered-ja-ookeanid\/\" \/>\n<meta property=\"og:locale\" content=\"ru_RU\" \/>\n<meta property=\"og:type\" content=\"article\" \/>\n<meta property=\"og:title\" content=\"MERED JA OOKEANID\" \/>\n<meta property=\"og:description\" content=\"Autor: Elizabeth Cranford T\u00f5lkija (d): Jane Tooman Kirjastus: Koolibri Ilmumisaasta: 2020 Lehek\u00fclgi: 62 Formaat: K\u00f5vakaaneline M\u00f5\u00f5dud: 294 \u00d7 237 \u0445 10 \u043c\u043c\" \/>\n<meta property=\"og:url\" content=\"https:\/\/amt.ee\/ru\/product\/mered-ja-ookeanid\/\" \/>\n<meta property=\"og:site_name\" content=\"Astro &amp; Micro Technics Ltd.\" \/>\n<meta property=\"article:publisher\" content=\"https:\/\/www.facebook.com\/AmtEstonia\/\" \/>\n<meta property=\"article:modified_time\" content=\"2024-03-17T14:28:38+00:00\" \/>\n<meta property=\"og:image\" content=\"https:\/\/amt.ee\/wp-content\/uploads\/2021\/05\/mered-ja-ookeanid.jpg\" \/>\n\t<meta property=\"og:image:width\" content=\"680\" \/>\n\t<meta property=\"og:image:height\" content=\"908\" \/>\n\t<meta property=\"og:image:type\" content=\"image\/jpeg\" \/>\n<meta name=\"twitter:card\" content=\"summary_large_image\" \/>\n<script type=\"application\/ld+json\" class=\"yoast-schema-graph\">{\"@context\":\"https:\\\/\\\/schema.org\",\"@graph\":[{\"@type\":\"WebPage\",\"@id\":\"https:\\\/\\\/amt.ee\\\/ru\\\/product\\\/mered-ja-ookeanid\\\/\",\"url\":\"https:\\\/\\\/amt.ee\\\/ru\\\/product\\\/mered-ja-ookeanid\\\/\",\"name\":\"MERED JA OOKEANID\",\"isPartOf\":{\"@id\":\"https:\\\/\\\/amt.ee\\\/#website\"},\"primaryImageOfPage\":{\"@id\":\"https:\\\/\\\/amt.ee\\\/ru\\\/product\\\/mered-ja-ookeanid\\\/#primaryimage\"},\"image\":{\"@id\":\"https:\\\/\\\/amt.ee\\\/ru\\\/product\\\/mered-ja-ookeanid\\\/#primaryimage\"},\"thumbnailUrl\":\"https:\\\/\\\/amt.ee\\\/wp-content\\\/uploads\\\/2021\\\/05\\\/mered-ja-ookeanid.jpg\",\"datePublished\":\"2021-05-25T22:06:59+00:00\",\"dateModified\":\"2024-03-17T14:28:38+00:00\",\"description\":\"Autor: Elizabeth Cranford T\u00f5lkija (d): Jane Tooman Kirjastus: Koolibri Ilmumisaasta: 2020 Lehek\u00fclgi: 62 Formaat: K\u00f5vakaaneline M\u00f5\u00f5dud: 294 \u00d7 237 \u0445 10 \u043c\u043c\",\"breadcrumb\":{\"@id\":\"https:\\\/\\\/amt.ee\\\/ru\\\/product\\\/mered-ja-ookeanid\\\/#breadcrumb\"},\"inLanguage\":\"ru-RU\",\"potentialAction\":[{\"@type\":\"ReadAction\",\"target\":[\"https:\\\/\\\/amt.ee\\\/ru\\\/product\\\/mered-ja-ookeanid\\\/\"]}]},{\"@type\":\"ImageObject\",\"inLanguage\":\"ru-RU\",\"@id\":\"https:\\\/\\\/amt.ee\\\/ru\\\/product\\\/mered-ja-ookeanid\\\/#primaryimage\",\"url\":\"https:\\\/\\\/amt.ee\\\/wp-content\\\/uploads\\\/2021\\\/05\\\/mered-ja-ookeanid.jpg\",\"contentUrl\":\"https:\\\/\\\/amt.ee\\\/wp-content\\\/uploads\\\/2021\\\/05\\\/mered-ja-ookeanid.jpg\",\"width\":680,\"height\":908},{\"@type\":\"BreadcrumbList\",\"@id\":\"https:\\\/\\\/amt.ee\\\/ru\\\/product\\\/mered-ja-ookeanid\\\/#breadcrumb\",\"itemListElement\":[{\"@type\":\"ListItem\",\"position\":1,\"name\":\"Home\",\"item\":\"https:\\\/\\\/amt.ee\\\/ru\\\/\"},{\"@type\":\"ListItem\",\"position\":2,\"name\":\"\u041c\u0430\u0433\u0430\u0437\u0438\u043d\",\"item\":\"https:\\\/\\\/amt.ee\\\/ru\\\/shop\\\/\"},{\"@type\":\"ListItem\",\"position\":3,\"name\":\"MERED JA OOKEANID\"}]},{\"@type\":\"WebSite\",\"@id\":\"https:\\\/\\\/amt.ee\\\/#website\",\"url\":\"https:\\\/\\\/amt.ee\\\/\",\"name\":\"Astro &amp; Micro Technics Ltd.\",\"description\":\"\",\"publisher\":{\"@id\":\"https:\\\/\\\/amt.ee\\\/#organization\"},\"potentialAction\":[{\"@type\":\"SearchAction\",\"target\":{\"@type\":\"EntryPoint\",\"urlTemplate\":\"https:\\\/\\\/amt.ee\\\/?s={search_term_string}\"},\"query-input\":{\"@type\":\"PropertyValueSpecification\",\"valueRequired\":true,\"valueName\":\"search_term_string\"}}],\"inLanguage\":\"ru-RU\"},{\"@type\":\"Organization\",\"@id\":\"https:\\\/\\\/amt.ee\\\/#organization\",\"name\":\"Astro & Micro Technics Ltd.\",\"url\":\"https:\\\/\\\/amt.ee\\\/\",\"logo\":{\"@type\":\"ImageObject\",\"inLanguage\":\"ru-RU\",\"@id\":\"https:\\\/\\\/amt.ee\\\/#\\\/schema\\\/logo\\\/image\\\/\",\"url\":\"https:\\\/\\\/amt.ee\\\/wp-content\\\/uploads\\\/2021\\\/01\\\/logo.png\",\"contentUrl\":\"https:\\\/\\\/amt.ee\\\/wp-content\\\/uploads\\\/2021\\\/01\\\/logo.png\",\"width\":500,\"height\":149,\"caption\":\"Astro & Micro Technics Ltd.\"},\"image\":{\"@id\":\"https:\\\/\\\/amt.ee\\\/#\\\/schema\\\/logo\\\/image\\\/\"},\"sameAs\":[\"https:\\\/\\\/www.facebook.com\\\/AmtEstonia\\\/\",\"https:\\\/\\\/www.instagram.com\\\/anatoli_medvedev\\\/\"]}]}<\/script>\n<!-- \/ Yoast SEO plugin. -->","yoast_head_json":{"title":"MERED JA OOKEANID","description":"Autor: Elizabeth Cranford T\u00f5lkija (d): Jane Tooman Kirjastus: Koolibri Ilmumisaasta: 2020 Lehek\u00fclgi: 62 Formaat: K\u00f5vakaaneline M\u00f5\u00f5dud: 294 \u00d7 237 \u0445 10 \u043c\u043c","robots":{"index":"index","follow":"follow","max-snippet":"max-snippet:-1","max-image-preview":"max-image-preview:large","max-video-preview":"max-video-preview:-1"},"canonical":"https:\/\/amt.ee\/ru\/product\/mered-ja-ookeanid\/","og_locale":"ru_RU","og_type":"article","og_title":"MERED JA OOKEANID","og_description":"Autor: Elizabeth Cranford T\u00f5lkija (d): Jane Tooman Kirjastus: Koolibri Ilmumisaasta: 2020 Lehek\u00fclgi: 62 Formaat: K\u00f5vakaaneline M\u00f5\u00f5dud: 294 \u00d7 237 \u0445 10 \u043c\u043c","og_url":"https:\/\/amt.ee\/ru\/product\/mered-ja-ookeanid\/","og_site_name":"Astro &amp; Micro Technics Ltd.","article_publisher":"https:\/\/www.facebook.com\/AmtEstonia\/","article_modified_time":"2024-03-17T14:28:38+00:00","og_image":[{"width":680,"height":908,"url":"https:\/\/amt.ee\/wp-content\/uploads\/2021\/05\/mered-ja-ookeanid.jpg","type":"image\/jpeg"}],"twitter_card":"summary_large_image","schema":{"@context":"https:\/\/schema.org","@graph":[{"@type":"WebPage","@id":"https:\/\/amt.ee\/ru\/product\/mered-ja-ookeanid\/","url":"https:\/\/amt.ee\/ru\/product\/mered-ja-ookeanid\/","name":"MERED JA OOKEANID","isPartOf":{"@id":"https:\/\/amt.ee\/#website"},"primaryImageOfPage":{"@id":"https:\/\/amt.ee\/ru\/product\/mered-ja-ookeanid\/#primaryimage"},"image":{"@id":"https:\/\/amt.ee\/ru\/product\/mered-ja-ookeanid\/#primaryimage"},"thumbnailUrl":"https:\/\/amt.ee\/wp-content\/uploads\/2021\/05\/mered-ja-ookeanid.jpg","datePublished":"2021-05-25T22:06:59+00:00","dateModified":"2024-03-17T14:28:38+00:00","description":"Autor: Elizabeth Cranford T\u00f5lkija (d): Jane Tooman Kirjastus: Koolibri Ilmumisaasta: 2020 Lehek\u00fclgi: 62 Formaat: K\u00f5vakaaneline M\u00f5\u00f5dud: 294 \u00d7 237 \u0445 10 \u043c\u043c","breadcrumb":{"@id":"https:\/\/amt.ee\/ru\/product\/mered-ja-ookeanid\/#breadcrumb"},"inLanguage":"ru-RU","potentialAction":[{"@type":"ReadAction","target":["https:\/\/amt.ee\/ru\/product\/mered-ja-ookeanid\/"]}]},{"@type":"ImageObject","inLanguage":"ru-RU","@id":"https:\/\/amt.ee\/ru\/product\/mered-ja-ookeanid\/#primaryimage","url":"https:\/\/amt.ee\/wp-content\/uploads\/2021\/05\/mered-ja-ookeanid.jpg","contentUrl":"https:\/\/amt.ee\/wp-content\/uploads\/2021\/05\/mered-ja-ookeanid.jpg","width":680,"height":908},{"@type":"BreadcrumbList","@id":"https:\/\/amt.ee\/ru\/product\/mered-ja-ookeanid\/#breadcrumb","itemListElement":[{"@type":"ListItem","position":1,"name":"Home","item":"https:\/\/amt.ee\/ru\/"},{"@type":"ListItem","position":2,"name":"\u041c\u0430\u0433\u0430\u0437\u0438\u043d","item":"https:\/\/amt.ee\/ru\/shop\/"},{"@type":"ListItem","position":3,"name":"MERED JA OOKEANID"}]},{"@type":"WebSite","@id":"https:\/\/amt.ee\/#website","url":"https:\/\/amt.ee\/","name":"Astro &amp; Micro Technics Ltd.","description":"","publisher":{"@id":"https:\/\/amt.ee\/#organization"},"potentialAction":[{"@type":"SearchAction","target":{"@type":"EntryPoint","urlTemplate":"https:\/\/amt.ee\/?s={search_term_string}"},"query-input":{"@type":"PropertyValueSpecification","valueRequired":true,"valueName":"search_term_string"}}],"inLanguage":"ru-RU"},{"@type":"Organization","@id":"https:\/\/amt.ee\/#organization","name":"Astro & Micro Technics Ltd.","url":"https:\/\/amt.ee\/","logo":{"@type":"ImageObject","inLanguage":"ru-RU","@id":"https:\/\/amt.ee\/#\/schema\/logo\/image\/","url":"https:\/\/amt.ee\/wp-content\/uploads\/2021\/01\/logo.png","contentUrl":"https:\/\/amt.ee\/wp-content\/uploads\/2021\/01\/logo.png","width":500,"height":149,"caption":"Astro & Micro Technics Ltd."},"image":{"@id":"https:\/\/amt.ee\/#\/schema\/logo\/image\/"},"sameAs":["https:\/\/www.facebook.com\/AmtEstonia\/","https:\/\/www.instagram.com\/anatoli_medvedev\/"]}]}},"_links":{"self":[{"href":"https:\/\/amt.ee\/ru\/wp-json\/wp\/v2\/product\/13663","targetHints":{"allow":["GET"]}}],"collection":[{"href":"https:\/\/amt.ee\/ru\/wp-json\/wp\/v2\/product"}],"about":[{"href":"https:\/\/amt.ee\/ru\/wp-json\/wp\/v2\/types\/product"}],"replies":[{"embeddable":true,"href":"https:\/\/amt.ee\/ru\/wp-json\/wp\/v2\/comments?post=13663"}],"wp:featuredmedia":[{"embeddable":true,"href":"https:\/\/amt.ee\/ru\/wp-json\/wp\/v2\/media\/13659"}],"wp:attachment":[{"href":"https:\/\/amt.ee\/ru\/wp-json\/wp\/v2\/media?parent=13663"}],"wp:term":[{"taxonomy":"product_brand","embeddable":true,"href":"https:\/\/amt.ee\/ru\/wp-json\/wp\/v2\/product_brand?post=13663"},{"taxonomy":"product_cat","embeddable":true,"href":"https:\/\/amt.ee\/ru\/wp-json\/wp\/v2\/product_cat?post=13663"},{"taxonomy":"product_tag","embeddable":true,"href":"https:\/\/amt.ee\/ru\/wp-json\/wp\/v2\/product_tag?post=13663"}],"curies":[{"name":"wp","href":"https:\/\/api.w.org\/{rel}","templated":true}]}}