{"id":13655,"date":"2021-03-11T02:00:37","date_gmt":"2021-05-25T21:56:37","guid":{"rendered":"https:\/\/amt.ee\/product\/elav-planeet-elu-planeedil-maa-taimedest-ja-loomadest-kuni-muutuva-kliimani\/"},"modified":"2025-05-30T01:31:16","modified_gmt":"2025-05-30T01:31:16","slug":"elav-planeet-elu-planeedil-maa-taimedest-ja-loomadest-kuni-muutuva-kliimani","status":"publish","type":"product","link":"https:\/\/amt.ee\/ru\/product\/elav-planeet-elu-planeedil-maa-taimedest-ja-loomadest-kuni-muutuva-kliimani\/","title":{"rendered":"ELAV PLANEET. ELU PLANEEDIL MAA \u2013 TAIMEDEST JA LOOMADEST KUNI MUUTUVA KLIIMANI"},"content":{"rendered":"<p>See raamat viib sind uskumatule reisile \u00fcmber maakera, m\u00e4etippudest ookeanis\u00fcgavusteni. Raamatust saad teada, millest meie planeet koosneb, kuidas taimed ja loomad eri \u00f6kos\u00fcsteemides elavad, milline on inimese arengulugu ning mismoodi me elukeskkonda \u00fcmber kujundades kogu planeeti m\u00f5jutame. See on raamat Maa elu ajaloost.<\/p>\n<p>Kui laadid alla \u00e4pi, avanevad sinu ees p\u00f5nevad videod! Avastusretkel l\u00e4bi maailma saad j\u00e4lgida vulkaani purskamist, vaadata vihmametsa asukaid, astuda tormik\u00fcti j\u00e4lgedes, kaasa elada metsatulekahjus kodu kaotanud orangutangide p\u00e4\u00e4stmisele ning n\u00e4ha palju muud p\u00f5nevat.<\/p>\n<p>Ava\u00a0<strong>\u201eElav planeet\u201c\u00a0<\/strong>ning avasta loodus kogu selle hiilguses.<\/p>\n","protected":false},"excerpt":{"rendered":"<p><span class=\"label\">Autor: Camilla De La Bedoyere<\/span><br \/>\nT\u00f5lkija (d): Hanna Teppan<br \/>\nKirjastus: Koolibri<br \/>\nIlmumisaasta: 2020<br \/>\nLehek\u00fclgi: 96<br \/>\nFormaat: K\u00f5vakaaneline<br \/>\nM\u00f5\u00f5dud: 286 \u00d7 222 \u0445 12 \u043c\u043c<\/p>\n","protected":false},"featured_media":13651,"comment_status":"open","ping_status":"closed","template":"","meta":[],"product_brand":[],"product_cat":[360],"product_tag":[],"class_list":{"0":"post-13655","1":"product","2":"type-product","3":"status-publish","4":"has-post-thumbnail","6":"product_cat-knigi-estonskii","8":"first","9":"instock","10":"taxable","11":"shipping-taxable","12":"purchasable","13":"product-type-simple"},"yoast_head":"<!-- This site is optimized with the Yoast SEO plugin v27.4 - https:\/\/yoast.com\/product\/yoast-seo-wordpress\/ -->\n<title>ELAV PLANEET. ELU PLANEEDIL MAA \u2013 TAIMEDEST JA LOOMADEST KUNI MUUTUVA KLIIMANI<\/title>\n<meta name=\"description\" content=\"Autor: Camilla De La Bedoyere T\u00f5lkija (d): Hanna Teppan Kirjastus: Koolibri Ilmumisaasta: 2020 Lehek\u00fclgi: 96 Formaat: K\u00f5vakaaneline M\u00f5\u00f5dud: 286 \u00d7 222 \u0445 12 \u043c\u043c\" \/>\n<meta name=\"robots\" content=\"index, follow, max-snippet:-1, max-image-preview:large, max-video-preview:-1\" \/>\n<link rel=\"canonical\" href=\"https:\/\/amt.ee\/ru\/product\/elav-planeet-elu-planeedil-maa-taimedest-ja-loomadest-kuni-muutuva-kliimani\/\" \/>\n<meta property=\"og:locale\" content=\"ru_RU\" \/>\n<meta property=\"og:type\" content=\"article\" \/>\n<meta property=\"og:title\" content=\"ELAV PLANEET. ELU PLANEEDIL MAA \u2013 TAIMEDEST JA LOOMADEST KUNI MUUTUVA KLIIMANI\" \/>\n<meta property=\"og:description\" content=\"Autor: Camilla De La Bedoyere T\u00f5lkija (d): Hanna Teppan Kirjastus: Koolibri Ilmumisaasta: 2020 Lehek\u00fclgi: 96 Formaat: K\u00f5vakaaneline M\u00f5\u00f5dud: 286 \u00d7 222 \u0445 12 \u043c\u043c\" \/>\n<meta property=\"og:url\" content=\"https:\/\/amt.ee\/ru\/product\/elav-planeet-elu-planeedil-maa-taimedest-ja-loomadest-kuni-muutuva-kliimani\/\" \/>\n<meta property=\"og:site_name\" content=\"Astro &amp; Micro Technics Ltd.\" \/>\n<meta property=\"article:publisher\" content=\"https:\/\/www.facebook.com\/AmtEstonia\/\" \/>\n<meta property=\"article:modified_time\" content=\"2025-05-30T01:31:16+00:00\" \/>\n<meta property=\"og:image\" content=\"https:\/\/amt.ee\/wp-content\/uploads\/2021\/05\/elav-planeet-elu-planeedil-maa-taimedest-ja-loomadest-kuni-muutuva-kliimani.jpg\" \/>\n\t<meta property=\"og:image:width\" content=\"684\" \/>\n\t<meta property=\"og:image:height\" content=\"912\" \/>\n\t<meta property=\"og:image:type\" content=\"image\/jpeg\" \/>\n<meta name=\"twitter:card\" content=\"summary_large_image\" \/>\n<script type=\"application\/ld+json\" class=\"yoast-schema-graph\">{\"@context\":\"https:\\\/\\\/schema.org\",\"@graph\":[{\"@type\":\"WebPage\",\"@id\":\"https:\\\/\\\/amt.ee\\\/ru\\\/product\\\/elav-planeet-elu-planeedil-maa-taimedest-ja-loomadest-kuni-muutuva-kliimani\\\/\",\"url\":\"https:\\\/\\\/amt.ee\\\/ru\\\/product\\\/elav-planeet-elu-planeedil-maa-taimedest-ja-loomadest-kuni-muutuva-kliimani\\\/\",\"name\":\"ELAV PLANEET. ELU PLANEEDIL MAA \u2013 TAIMEDEST JA LOOMADEST KUNI MUUTUVA KLIIMANI\",\"isPartOf\":{\"@id\":\"https:\\\/\\\/amt.ee\\\/#website\"},\"primaryImageOfPage\":{\"@id\":\"https:\\\/\\\/amt.ee\\\/ru\\\/product\\\/elav-planeet-elu-planeedil-maa-taimedest-ja-loomadest-kuni-muutuva-kliimani\\\/#primaryimage\"},\"image\":{\"@id\":\"https:\\\/\\\/amt.ee\\\/ru\\\/product\\\/elav-planeet-elu-planeedil-maa-taimedest-ja-loomadest-kuni-muutuva-kliimani\\\/#primaryimage\"},\"thumbnailUrl\":\"https:\\\/\\\/amt.ee\\\/wp-content\\\/uploads\\\/2021\\\/05\\\/elav-planeet-elu-planeedil-maa-taimedest-ja-loomadest-kuni-muutuva-kliimani.jpg\",\"datePublished\":\"2021-05-25T21:56:37+00:00\",\"dateModified\":\"2025-05-30T01:31:16+00:00\",\"description\":\"Autor: Camilla De La Bedoyere T\u00f5lkija (d): Hanna Teppan Kirjastus: Koolibri Ilmumisaasta: 2020 Lehek\u00fclgi: 96 Formaat: K\u00f5vakaaneline M\u00f5\u00f5dud: 286 \u00d7 222 \u0445 12 \u043c\u043c\",\"breadcrumb\":{\"@id\":\"https:\\\/\\\/amt.ee\\\/ru\\\/product\\\/elav-planeet-elu-planeedil-maa-taimedest-ja-loomadest-kuni-muutuva-kliimani\\\/#breadcrumb\"},\"inLanguage\":\"ru-RU\",\"potentialAction\":[{\"@type\":\"ReadAction\",\"target\":[\"https:\\\/\\\/amt.ee\\\/ru\\\/product\\\/elav-planeet-elu-planeedil-maa-taimedest-ja-loomadest-kuni-muutuva-kliimani\\\/\"]}]},{\"@type\":\"ImageObject\",\"inLanguage\":\"ru-RU\",\"@id\":\"https:\\\/\\\/amt.ee\\\/ru\\\/product\\\/elav-planeet-elu-planeedil-maa-taimedest-ja-loomadest-kuni-muutuva-kliimani\\\/#primaryimage\",\"url\":\"https:\\\/\\\/amt.ee\\\/wp-content\\\/uploads\\\/2021\\\/05\\\/elav-planeet-elu-planeedil-maa-taimedest-ja-loomadest-kuni-muutuva-kliimani.jpg\",\"contentUrl\":\"https:\\\/\\\/amt.ee\\\/wp-content\\\/uploads\\\/2021\\\/05\\\/elav-planeet-elu-planeedil-maa-taimedest-ja-loomadest-kuni-muutuva-kliimani.jpg\",\"width\":684,\"height\":912},{\"@type\":\"BreadcrumbList\",\"@id\":\"https:\\\/\\\/amt.ee\\\/ru\\\/product\\\/elav-planeet-elu-planeedil-maa-taimedest-ja-loomadest-kuni-muutuva-kliimani\\\/#breadcrumb\",\"itemListElement\":[{\"@type\":\"ListItem\",\"position\":1,\"name\":\"Home\",\"item\":\"https:\\\/\\\/amt.ee\\\/ru\\\/\"},{\"@type\":\"ListItem\",\"position\":2,\"name\":\"\u041c\u0430\u0433\u0430\u0437\u0438\u043d\",\"item\":\"https:\\\/\\\/amt.ee\\\/ru\\\/shop\\\/\"},{\"@type\":\"ListItem\",\"position\":3,\"name\":\"ELAV PLANEET. ELU PLANEEDIL MAA \u2013 TAIMEDEST JA LOOMADEST KUNI MUUTUVA KLIIMANI\"}]},{\"@type\":\"WebSite\",\"@id\":\"https:\\\/\\\/amt.ee\\\/#website\",\"url\":\"https:\\\/\\\/amt.ee\\\/\",\"name\":\"Astro &amp; Micro Technics Ltd.\",\"description\":\"\",\"publisher\":{\"@id\":\"https:\\\/\\\/amt.ee\\\/#organization\"},\"potentialAction\":[{\"@type\":\"SearchAction\",\"target\":{\"@type\":\"EntryPoint\",\"urlTemplate\":\"https:\\\/\\\/amt.ee\\\/?s={search_term_string}\"},\"query-input\":{\"@type\":\"PropertyValueSpecification\",\"valueRequired\":true,\"valueName\":\"search_term_string\"}}],\"inLanguage\":\"ru-RU\"},{\"@type\":\"Organization\",\"@id\":\"https:\\\/\\\/amt.ee\\\/#organization\",\"name\":\"Astro & Micro Technics Ltd.\",\"url\":\"https:\\\/\\\/amt.ee\\\/\",\"logo\":{\"@type\":\"ImageObject\",\"inLanguage\":\"ru-RU\",\"@id\":\"https:\\\/\\\/amt.ee\\\/#\\\/schema\\\/logo\\\/image\\\/\",\"url\":\"https:\\\/\\\/amt.ee\\\/wp-content\\\/uploads\\\/2021\\\/01\\\/logo.png\",\"contentUrl\":\"https:\\\/\\\/amt.ee\\\/wp-content\\\/uploads\\\/2021\\\/01\\\/logo.png\",\"width\":500,\"height\":149,\"caption\":\"Astro & Micro Technics Ltd.\"},\"image\":{\"@id\":\"https:\\\/\\\/amt.ee\\\/#\\\/schema\\\/logo\\\/image\\\/\"},\"sameAs\":[\"https:\\\/\\\/www.facebook.com\\\/AmtEstonia\\\/\",\"https:\\\/\\\/www.instagram.com\\\/anatoli_medvedev\\\/\"]}]}<\/script>\n<!-- \/ Yoast SEO plugin. -->","yoast_head_json":{"title":"ELAV PLANEET. ELU PLANEEDIL MAA \u2013 TAIMEDEST JA LOOMADEST KUNI MUUTUVA KLIIMANI","description":"Autor: Camilla De La Bedoyere T\u00f5lkija (d): Hanna Teppan Kirjastus: Koolibri Ilmumisaasta: 2020 Lehek\u00fclgi: 96 Formaat: K\u00f5vakaaneline M\u00f5\u00f5dud: 286 \u00d7 222 \u0445 12 \u043c\u043c","robots":{"index":"index","follow":"follow","max-snippet":"max-snippet:-1","max-image-preview":"max-image-preview:large","max-video-preview":"max-video-preview:-1"},"canonical":"https:\/\/amt.ee\/ru\/product\/elav-planeet-elu-planeedil-maa-taimedest-ja-loomadest-kuni-muutuva-kliimani\/","og_locale":"ru_RU","og_type":"article","og_title":"ELAV PLANEET. ELU PLANEEDIL MAA \u2013 TAIMEDEST JA LOOMADEST KUNI MUUTUVA KLIIMANI","og_description":"Autor: Camilla De La Bedoyere T\u00f5lkija (d): Hanna Teppan Kirjastus: Koolibri Ilmumisaasta: 2020 Lehek\u00fclgi: 96 Formaat: K\u00f5vakaaneline M\u00f5\u00f5dud: 286 \u00d7 222 \u0445 12 \u043c\u043c","og_url":"https:\/\/amt.ee\/ru\/product\/elav-planeet-elu-planeedil-maa-taimedest-ja-loomadest-kuni-muutuva-kliimani\/","og_site_name":"Astro &amp; Micro Technics Ltd.","article_publisher":"https:\/\/www.facebook.com\/AmtEstonia\/","article_modified_time":"2025-05-30T01:31:16+00:00","og_image":[{"width":684,"height":912,"url":"https:\/\/amt.ee\/wp-content\/uploads\/2021\/05\/elav-planeet-elu-planeedil-maa-taimedest-ja-loomadest-kuni-muutuva-kliimani.jpg","type":"image\/jpeg"}],"twitter_card":"summary_large_image","schema":{"@context":"https:\/\/schema.org","@graph":[{"@type":"WebPage","@id":"https:\/\/amt.ee\/ru\/product\/elav-planeet-elu-planeedil-maa-taimedest-ja-loomadest-kuni-muutuva-kliimani\/","url":"https:\/\/amt.ee\/ru\/product\/elav-planeet-elu-planeedil-maa-taimedest-ja-loomadest-kuni-muutuva-kliimani\/","name":"ELAV PLANEET. ELU PLANEEDIL MAA \u2013 TAIMEDEST JA LOOMADEST KUNI MUUTUVA KLIIMANI","isPartOf":{"@id":"https:\/\/amt.ee\/#website"},"primaryImageOfPage":{"@id":"https:\/\/amt.ee\/ru\/product\/elav-planeet-elu-planeedil-maa-taimedest-ja-loomadest-kuni-muutuva-kliimani\/#primaryimage"},"image":{"@id":"https:\/\/amt.ee\/ru\/product\/elav-planeet-elu-planeedil-maa-taimedest-ja-loomadest-kuni-muutuva-kliimani\/#primaryimage"},"thumbnailUrl":"https:\/\/amt.ee\/wp-content\/uploads\/2021\/05\/elav-planeet-elu-planeedil-maa-taimedest-ja-loomadest-kuni-muutuva-kliimani.jpg","datePublished":"2021-05-25T21:56:37+00:00","dateModified":"2025-05-30T01:31:16+00:00","description":"Autor: Camilla De La Bedoyere T\u00f5lkija (d): Hanna Teppan Kirjastus: Koolibri Ilmumisaasta: 2020 Lehek\u00fclgi: 96 Formaat: K\u00f5vakaaneline M\u00f5\u00f5dud: 286 \u00d7 222 \u0445 12 \u043c\u043c","breadcrumb":{"@id":"https:\/\/amt.ee\/ru\/product\/elav-planeet-elu-planeedil-maa-taimedest-ja-loomadest-kuni-muutuva-kliimani\/#breadcrumb"},"inLanguage":"ru-RU","potentialAction":[{"@type":"ReadAction","target":["https:\/\/amt.ee\/ru\/product\/elav-planeet-elu-planeedil-maa-taimedest-ja-loomadest-kuni-muutuva-kliimani\/"]}]},{"@type":"ImageObject","inLanguage":"ru-RU","@id":"https:\/\/amt.ee\/ru\/product\/elav-planeet-elu-planeedil-maa-taimedest-ja-loomadest-kuni-muutuva-kliimani\/#primaryimage","url":"https:\/\/amt.ee\/wp-content\/uploads\/2021\/05\/elav-planeet-elu-planeedil-maa-taimedest-ja-loomadest-kuni-muutuva-kliimani.jpg","contentUrl":"https:\/\/amt.ee\/wp-content\/uploads\/2021\/05\/elav-planeet-elu-planeedil-maa-taimedest-ja-loomadest-kuni-muutuva-kliimani.jpg","width":684,"height":912},{"@type":"BreadcrumbList","@id":"https:\/\/amt.ee\/ru\/product\/elav-planeet-elu-planeedil-maa-taimedest-ja-loomadest-kuni-muutuva-kliimani\/#breadcrumb","itemListElement":[{"@type":"ListItem","position":1,"name":"Home","item":"https:\/\/amt.ee\/ru\/"},{"@type":"ListItem","position":2,"name":"\u041c\u0430\u0433\u0430\u0437\u0438\u043d","item":"https:\/\/amt.ee\/ru\/shop\/"},{"@type":"ListItem","position":3,"name":"ELAV PLANEET. ELU PLANEEDIL MAA \u2013 TAIMEDEST JA LOOMADEST KUNI MUUTUVA KLIIMANI"}]},{"@type":"WebSite","@id":"https:\/\/amt.ee\/#website","url":"https:\/\/amt.ee\/","name":"Astro &amp; Micro Technics Ltd.","description":"","publisher":{"@id":"https:\/\/amt.ee\/#organization"},"potentialAction":[{"@type":"SearchAction","target":{"@type":"EntryPoint","urlTemplate":"https:\/\/amt.ee\/?s={search_term_string}"},"query-input":{"@type":"PropertyValueSpecification","valueRequired":true,"valueName":"search_term_string"}}],"inLanguage":"ru-RU"},{"@type":"Organization","@id":"https:\/\/amt.ee\/#organization","name":"Astro & Micro Technics Ltd.","url":"https:\/\/amt.ee\/","logo":{"@type":"ImageObject","inLanguage":"ru-RU","@id":"https:\/\/amt.ee\/#\/schema\/logo\/image\/","url":"https:\/\/amt.ee\/wp-content\/uploads\/2021\/01\/logo.png","contentUrl":"https:\/\/amt.ee\/wp-content\/uploads\/2021\/01\/logo.png","width":500,"height":149,"caption":"Astro & Micro Technics Ltd."},"image":{"@id":"https:\/\/amt.ee\/#\/schema\/logo\/image\/"},"sameAs":["https:\/\/www.facebook.com\/AmtEstonia\/","https:\/\/www.instagram.com\/anatoli_medvedev\/"]}]}},"_links":{"self":[{"href":"https:\/\/amt.ee\/ru\/wp-json\/wp\/v2\/product\/13655","targetHints":{"allow":["GET"]}}],"collection":[{"href":"https:\/\/amt.ee\/ru\/wp-json\/wp\/v2\/product"}],"about":[{"href":"https:\/\/amt.ee\/ru\/wp-json\/wp\/v2\/types\/product"}],"replies":[{"embeddable":true,"href":"https:\/\/amt.ee\/ru\/wp-json\/wp\/v2\/comments?post=13655"}],"wp:featuredmedia":[{"embeddable":true,"href":"https:\/\/amt.ee\/ru\/wp-json\/wp\/v2\/media\/13651"}],"wp:attachment":[{"href":"https:\/\/amt.ee\/ru\/wp-json\/wp\/v2\/media?parent=13655"}],"wp:term":[{"taxonomy":"product_brand","embeddable":true,"href":"https:\/\/amt.ee\/ru\/wp-json\/wp\/v2\/product_brand?post=13655"},{"taxonomy":"product_cat","embeddable":true,"href":"https:\/\/amt.ee\/ru\/wp-json\/wp\/v2\/product_cat?post=13655"},{"taxonomy":"product_tag","embeddable":true,"href":"https:\/\/amt.ee\/ru\/wp-json\/wp\/v2\/product_tag?post=13655"}],"curies":[{"name":"wp","href":"https:\/\/api.w.org\/{rel}","templated":true}]}}