{"id":13639,"date":"2021-05-25T09:42:08","date_gmt":"2021-05-25T09:42:08","guid":{"rendered":"https:\/\/amt.ee\/product\/kuidas-toimib-inimkeha\/"},"modified":"2024-03-10T06:55:27","modified_gmt":"2024-03-10T06:55:27","slug":"kuidas-toimib-inimkeha","status":"publish","type":"product","link":"https:\/\/amt.ee\/ru\/product\/kuidas-toimib-inimkeha\/","title":{"rendered":"KUIDAS TOIMIB INIMKEHA?"},"content":{"rendered":"<p>Vahel esitavad lapsed inimese keha kohta h\u00e4mmastavaid k\u00fcsimusi:<\/p>\n<p>\u201eMiks on piss kollane?\u201c<br \/>\n\u201eMiks ma n\u00e4en just seda v\u00e4rvust?\u201c<br \/>\n\u201eKui veri on punane, siis miks see mulle soontes sinine paistab?\u201c<br \/>\n\u201eMis juhtub, kui ma aevastan?\u201c<br \/>\n\u201eMiks inimesed oskavad r\u00e4\u00e4kida, aga ahvid mitte?\u201c<br \/>\n\u201eMiks me ei ela igavesti?\u201c<\/p>\n<p>Tavaliselt me kas ei oska neile vastata v\u00f5i \u00fcritame ennast ebam\u00e4\u00e4rase jutuga v\u00e4lja keerutada. Sellest raamatust leiab laste k\u00f5ige tavalisematele k\u00fcsimustele selged vastused, mis on varustatud suurep\u00e4raste skeemide ja toredate piltidega ning aitavad lastel m\u00f5ista, kuidas nende enda keha toimib. Raamatus kasutatakse kergesti m\u00f5istetavat lastep\u00e4rast keelt ja tutvustatakse hulgaliselt p\u00f5nevaid fakte, mis on nii \u00fcllatavad kui ka l\u00f5busad.<\/p>\n<p><img loading=\"lazy\" decoding=\"async\" class=\"alignnone size-full wp-image-13622\" src=\"https:\/\/amt.ee\/wp-content\/uploads\/2021\/05\/soovitab.png\" alt=\"\" width=\"135\" height=\"135\" \/><\/p>\n","protected":false},"excerpt":{"rendered":"<p>Autor: MAR\u00cdA MA\u00d1ERU<br \/>\nT\u00f5lkija (d): Kristiina Raudsepp<br \/>\nKirjastus: \u00dchinenud Ajakirjad<br \/>\nIlmumisaasta: 2021<br \/>\nLehek\u00fclgi: 60<br \/>\nFormaat: K\u00f5vakaaneline<br \/>\nM\u00f5\u00f5dud: 299 \u00d7 233 \u0445 10 \u043c\u043c<\/p>\n<p><img loading=\"lazy\" decoding=\"async\" class=\"alignnone size-full wp-image-13622\" src=\"https:\/\/amt.ee\/wp-content\/uploads\/2021\/05\/soovitab.png\" alt=\"\" width=\"135\" height=\"135\" \/><\/p>\n","protected":false},"featured_media":13635,"comment_status":"open","ping_status":"closed","template":"","meta":[],"product_brand":[],"product_cat":[360],"product_tag":[],"class_list":{"0":"post-13639","1":"product","2":"type-product","3":"status-publish","4":"has-post-thumbnail","6":"product_cat-knigi-estonskii","8":"first","9":"instock","10":"taxable","11":"shipping-taxable","12":"purchasable","13":"product-type-simple"},"yoast_head":"<!-- This site is optimized with the Yoast SEO plugin v27.4 - https:\/\/yoast.com\/product\/yoast-seo-wordpress\/ -->\n<title>KUIDAS TOIMIB INIMKEHA?<\/title>\n<meta name=\"description\" content=\"Autor: MAR\u00cdA MA\u00d1ERU T\u00f5lkija (d): Kristiina Raudsepp Kirjastus: \u00dchinenud Ajakirjad Ilmumisaasta: 2021 Lehek\u00fclgi: 60 Formaat: K\u00f5vakaaneline M\u00f5\u00f5dud: 299 \u00d7 233 \u0445 10 \u043c\u043c\" \/>\n<meta name=\"robots\" content=\"index, follow, max-snippet:-1, max-image-preview:large, max-video-preview:-1\" \/>\n<link rel=\"canonical\" href=\"https:\/\/amt.ee\/ru\/product\/kuidas-toimib-inimkeha\/\" \/>\n<meta property=\"og:locale\" content=\"ru_RU\" \/>\n<meta property=\"og:type\" content=\"article\" \/>\n<meta property=\"og:title\" content=\"KUIDAS TOIMIB INIMKEHA?\" \/>\n<meta property=\"og:description\" content=\"Autor: MAR\u00cdA MA\u00d1ERU T\u00f5lkija (d): Kristiina Raudsepp Kirjastus: \u00dchinenud Ajakirjad Ilmumisaasta: 2021 Lehek\u00fclgi: 60 Formaat: K\u00f5vakaaneline M\u00f5\u00f5dud: 299 \u00d7 233 \u0445 10 \u043c\u043c\" \/>\n<meta property=\"og:url\" content=\"https:\/\/amt.ee\/ru\/product\/kuidas-toimib-inimkeha\/\" \/>\n<meta property=\"og:site_name\" content=\"Astro &amp; Micro Technics Ltd.\" \/>\n<meta property=\"article:publisher\" content=\"https:\/\/www.facebook.com\/AmtEstonia\/\" \/>\n<meta property=\"article:modified_time\" content=\"2024-03-10T06:55:27+00:00\" \/>\n<meta property=\"og:image\" content=\"https:\/\/amt.ee\/wp-content\/uploads\/2021\/05\/kuidas-toimib-inimkeha.jpg\" \/>\n\t<meta property=\"og:image:width\" content=\"1000\" \/>\n\t<meta property=\"og:image:height\" content=\"1332\" \/>\n\t<meta property=\"og:image:type\" content=\"image\/jpeg\" \/>\n<meta name=\"twitter:card\" content=\"summary_large_image\" \/>\n<meta name=\"twitter:label1\" content=\"\u041f\u0440\u0438\u043c\u0435\u0440\u043d\u043e\u0435 \u0432\u0440\u0435\u043c\u044f \u0434\u043b\u044f \u0447\u0442\u0435\u043d\u0438\u044f\" \/>\n\t<meta name=\"twitter:data1\" content=\"1 \u043c\u0438\u043d\u0443\u0442\u0430\" \/>\n<script type=\"application\/ld+json\" class=\"yoast-schema-graph\">{\"@context\":\"https:\\\/\\\/schema.org\",\"@graph\":[{\"@type\":\"WebPage\",\"@id\":\"https:\\\/\\\/amt.ee\\\/ru\\\/product\\\/kuidas-toimib-inimkeha\\\/\",\"url\":\"https:\\\/\\\/amt.ee\\\/ru\\\/product\\\/kuidas-toimib-inimkeha\\\/\",\"name\":\"KUIDAS TOIMIB INIMKEHA?\",\"isPartOf\":{\"@id\":\"https:\\\/\\\/amt.ee\\\/#website\"},\"primaryImageOfPage\":{\"@id\":\"https:\\\/\\\/amt.ee\\\/ru\\\/product\\\/kuidas-toimib-inimkeha\\\/#primaryimage\"},\"image\":{\"@id\":\"https:\\\/\\\/amt.ee\\\/ru\\\/product\\\/kuidas-toimib-inimkeha\\\/#primaryimage\"},\"thumbnailUrl\":\"https:\\\/\\\/amt.ee\\\/wp-content\\\/uploads\\\/2021\\\/05\\\/kuidas-toimib-inimkeha.jpg\",\"datePublished\":\"2021-05-25T09:42:08+00:00\",\"dateModified\":\"2024-03-10T06:55:27+00:00\",\"description\":\"Autor: MAR\u00cdA MA\u00d1ERU T\u00f5lkija (d): Kristiina Raudsepp Kirjastus: \u00dchinenud Ajakirjad Ilmumisaasta: 2021 Lehek\u00fclgi: 60 Formaat: K\u00f5vakaaneline M\u00f5\u00f5dud: 299 \u00d7 233 \u0445 10 \u043c\u043c\",\"breadcrumb\":{\"@id\":\"https:\\\/\\\/amt.ee\\\/ru\\\/product\\\/kuidas-toimib-inimkeha\\\/#breadcrumb\"},\"inLanguage\":\"ru-RU\",\"potentialAction\":[{\"@type\":\"ReadAction\",\"target\":[\"https:\\\/\\\/amt.ee\\\/ru\\\/product\\\/kuidas-toimib-inimkeha\\\/\"]}]},{\"@type\":\"ImageObject\",\"inLanguage\":\"ru-RU\",\"@id\":\"https:\\\/\\\/amt.ee\\\/ru\\\/product\\\/kuidas-toimib-inimkeha\\\/#primaryimage\",\"url\":\"https:\\\/\\\/amt.ee\\\/wp-content\\\/uploads\\\/2021\\\/05\\\/kuidas-toimib-inimkeha.jpg\",\"contentUrl\":\"https:\\\/\\\/amt.ee\\\/wp-content\\\/uploads\\\/2021\\\/05\\\/kuidas-toimib-inimkeha.jpg\",\"width\":1000,\"height\":1332},{\"@type\":\"BreadcrumbList\",\"@id\":\"https:\\\/\\\/amt.ee\\\/ru\\\/product\\\/kuidas-toimib-inimkeha\\\/#breadcrumb\",\"itemListElement\":[{\"@type\":\"ListItem\",\"position\":1,\"name\":\"Home\",\"item\":\"https:\\\/\\\/amt.ee\\\/ru\\\/\"},{\"@type\":\"ListItem\",\"position\":2,\"name\":\"\u041c\u0430\u0433\u0430\u0437\u0438\u043d\",\"item\":\"https:\\\/\\\/amt.ee\\\/ru\\\/shop\\\/\"},{\"@type\":\"ListItem\",\"position\":3,\"name\":\"KUIDAS TOIMIB INIMKEHA?\"}]},{\"@type\":\"WebSite\",\"@id\":\"https:\\\/\\\/amt.ee\\\/#website\",\"url\":\"https:\\\/\\\/amt.ee\\\/\",\"name\":\"Astro &amp; Micro Technics Ltd.\",\"description\":\"\",\"publisher\":{\"@id\":\"https:\\\/\\\/amt.ee\\\/#organization\"},\"potentialAction\":[{\"@type\":\"SearchAction\",\"target\":{\"@type\":\"EntryPoint\",\"urlTemplate\":\"https:\\\/\\\/amt.ee\\\/?s={search_term_string}\"},\"query-input\":{\"@type\":\"PropertyValueSpecification\",\"valueRequired\":true,\"valueName\":\"search_term_string\"}}],\"inLanguage\":\"ru-RU\"},{\"@type\":\"Organization\",\"@id\":\"https:\\\/\\\/amt.ee\\\/#organization\",\"name\":\"Astro & Micro Technics Ltd.\",\"url\":\"https:\\\/\\\/amt.ee\\\/\",\"logo\":{\"@type\":\"ImageObject\",\"inLanguage\":\"ru-RU\",\"@id\":\"https:\\\/\\\/amt.ee\\\/#\\\/schema\\\/logo\\\/image\\\/\",\"url\":\"https:\\\/\\\/amt.ee\\\/wp-content\\\/uploads\\\/2021\\\/01\\\/logo.png\",\"contentUrl\":\"https:\\\/\\\/amt.ee\\\/wp-content\\\/uploads\\\/2021\\\/01\\\/logo.png\",\"width\":500,\"height\":149,\"caption\":\"Astro & Micro Technics Ltd.\"},\"image\":{\"@id\":\"https:\\\/\\\/amt.ee\\\/#\\\/schema\\\/logo\\\/image\\\/\"},\"sameAs\":[\"https:\\\/\\\/www.facebook.com\\\/AmtEstonia\\\/\",\"https:\\\/\\\/www.instagram.com\\\/anatoli_medvedev\\\/\"]}]}<\/script>\n<!-- \/ Yoast SEO plugin. -->","yoast_head_json":{"title":"KUIDAS TOIMIB INIMKEHA?","description":"Autor: MAR\u00cdA MA\u00d1ERU T\u00f5lkija (d): Kristiina Raudsepp Kirjastus: \u00dchinenud Ajakirjad Ilmumisaasta: 2021 Lehek\u00fclgi: 60 Formaat: K\u00f5vakaaneline M\u00f5\u00f5dud: 299 \u00d7 233 \u0445 10 \u043c\u043c","robots":{"index":"index","follow":"follow","max-snippet":"max-snippet:-1","max-image-preview":"max-image-preview:large","max-video-preview":"max-video-preview:-1"},"canonical":"https:\/\/amt.ee\/ru\/product\/kuidas-toimib-inimkeha\/","og_locale":"ru_RU","og_type":"article","og_title":"KUIDAS TOIMIB INIMKEHA?","og_description":"Autor: MAR\u00cdA MA\u00d1ERU T\u00f5lkija (d): Kristiina Raudsepp Kirjastus: \u00dchinenud Ajakirjad Ilmumisaasta: 2021 Lehek\u00fclgi: 60 Formaat: K\u00f5vakaaneline M\u00f5\u00f5dud: 299 \u00d7 233 \u0445 10 \u043c\u043c","og_url":"https:\/\/amt.ee\/ru\/product\/kuidas-toimib-inimkeha\/","og_site_name":"Astro &amp; Micro Technics Ltd.","article_publisher":"https:\/\/www.facebook.com\/AmtEstonia\/","article_modified_time":"2024-03-10T06:55:27+00:00","og_image":[{"width":1000,"height":1332,"url":"https:\/\/amt.ee\/wp-content\/uploads\/2021\/05\/kuidas-toimib-inimkeha.jpg","type":"image\/jpeg"}],"twitter_card":"summary_large_image","twitter_misc":{"\u041f\u0440\u0438\u043c\u0435\u0440\u043d\u043e\u0435 \u0432\u0440\u0435\u043c\u044f \u0434\u043b\u044f \u0447\u0442\u0435\u043d\u0438\u044f":"1 \u043c\u0438\u043d\u0443\u0442\u0430"},"schema":{"@context":"https:\/\/schema.org","@graph":[{"@type":"WebPage","@id":"https:\/\/amt.ee\/ru\/product\/kuidas-toimib-inimkeha\/","url":"https:\/\/amt.ee\/ru\/product\/kuidas-toimib-inimkeha\/","name":"KUIDAS TOIMIB INIMKEHA?","isPartOf":{"@id":"https:\/\/amt.ee\/#website"},"primaryImageOfPage":{"@id":"https:\/\/amt.ee\/ru\/product\/kuidas-toimib-inimkeha\/#primaryimage"},"image":{"@id":"https:\/\/amt.ee\/ru\/product\/kuidas-toimib-inimkeha\/#primaryimage"},"thumbnailUrl":"https:\/\/amt.ee\/wp-content\/uploads\/2021\/05\/kuidas-toimib-inimkeha.jpg","datePublished":"2021-05-25T09:42:08+00:00","dateModified":"2024-03-10T06:55:27+00:00","description":"Autor: MAR\u00cdA MA\u00d1ERU T\u00f5lkija (d): Kristiina Raudsepp Kirjastus: \u00dchinenud Ajakirjad Ilmumisaasta: 2021 Lehek\u00fclgi: 60 Formaat: K\u00f5vakaaneline M\u00f5\u00f5dud: 299 \u00d7 233 \u0445 10 \u043c\u043c","breadcrumb":{"@id":"https:\/\/amt.ee\/ru\/product\/kuidas-toimib-inimkeha\/#breadcrumb"},"inLanguage":"ru-RU","potentialAction":[{"@type":"ReadAction","target":["https:\/\/amt.ee\/ru\/product\/kuidas-toimib-inimkeha\/"]}]},{"@type":"ImageObject","inLanguage":"ru-RU","@id":"https:\/\/amt.ee\/ru\/product\/kuidas-toimib-inimkeha\/#primaryimage","url":"https:\/\/amt.ee\/wp-content\/uploads\/2021\/05\/kuidas-toimib-inimkeha.jpg","contentUrl":"https:\/\/amt.ee\/wp-content\/uploads\/2021\/05\/kuidas-toimib-inimkeha.jpg","width":1000,"height":1332},{"@type":"BreadcrumbList","@id":"https:\/\/amt.ee\/ru\/product\/kuidas-toimib-inimkeha\/#breadcrumb","itemListElement":[{"@type":"ListItem","position":1,"name":"Home","item":"https:\/\/amt.ee\/ru\/"},{"@type":"ListItem","position":2,"name":"\u041c\u0430\u0433\u0430\u0437\u0438\u043d","item":"https:\/\/amt.ee\/ru\/shop\/"},{"@type":"ListItem","position":3,"name":"KUIDAS TOIMIB INIMKEHA?"}]},{"@type":"WebSite","@id":"https:\/\/amt.ee\/#website","url":"https:\/\/amt.ee\/","name":"Astro &amp; Micro Technics Ltd.","description":"","publisher":{"@id":"https:\/\/amt.ee\/#organization"},"potentialAction":[{"@type":"SearchAction","target":{"@type":"EntryPoint","urlTemplate":"https:\/\/amt.ee\/?s={search_term_string}"},"query-input":{"@type":"PropertyValueSpecification","valueRequired":true,"valueName":"search_term_string"}}],"inLanguage":"ru-RU"},{"@type":"Organization","@id":"https:\/\/amt.ee\/#organization","name":"Astro & Micro Technics Ltd.","url":"https:\/\/amt.ee\/","logo":{"@type":"ImageObject","inLanguage":"ru-RU","@id":"https:\/\/amt.ee\/#\/schema\/logo\/image\/","url":"https:\/\/amt.ee\/wp-content\/uploads\/2021\/01\/logo.png","contentUrl":"https:\/\/amt.ee\/wp-content\/uploads\/2021\/01\/logo.png","width":500,"height":149,"caption":"Astro & Micro Technics Ltd."},"image":{"@id":"https:\/\/amt.ee\/#\/schema\/logo\/image\/"},"sameAs":["https:\/\/www.facebook.com\/AmtEstonia\/","https:\/\/www.instagram.com\/anatoli_medvedev\/"]}]}},"_links":{"self":[{"href":"https:\/\/amt.ee\/ru\/wp-json\/wp\/v2\/product\/13639","targetHints":{"allow":["GET"]}}],"collection":[{"href":"https:\/\/amt.ee\/ru\/wp-json\/wp\/v2\/product"}],"about":[{"href":"https:\/\/amt.ee\/ru\/wp-json\/wp\/v2\/types\/product"}],"replies":[{"embeddable":true,"href":"https:\/\/amt.ee\/ru\/wp-json\/wp\/v2\/comments?post=13639"}],"wp:featuredmedia":[{"embeddable":true,"href":"https:\/\/amt.ee\/ru\/wp-json\/wp\/v2\/media\/13635"}],"wp:attachment":[{"href":"https:\/\/amt.ee\/ru\/wp-json\/wp\/v2\/media?parent=13639"}],"wp:term":[{"taxonomy":"product_brand","embeddable":true,"href":"https:\/\/amt.ee\/ru\/wp-json\/wp\/v2\/product_brand?post=13639"},{"taxonomy":"product_cat","embeddable":true,"href":"https:\/\/amt.ee\/ru\/wp-json\/wp\/v2\/product_cat?post=13639"},{"taxonomy":"product_tag","embeddable":true,"href":"https:\/\/amt.ee\/ru\/wp-json\/wp\/v2\/product_tag?post=13639"}],"curies":[{"name":"wp","href":"https:\/\/api.w.org\/{rel}","templated":true}]}}