{"id":13631,"date":"2022-04-03T04:00:29","date_gmt":"2021-05-25T09:28:29","guid":{"rendered":"https:\/\/amt.ee\/product\/kosmos-kusimused-ja-vastused-maailmaruumist-huvilisele-lapsele\/"},"modified":"2023-11-24T10:19:22","modified_gmt":"2023-11-24T10:19:22","slug":"kosmos-kusimused-ja-vastused-maailmaruumist-huvilisele-lapsele","status":"publish","type":"product","link":"https:\/\/amt.ee\/ru\/product\/kosmos-kusimused-ja-vastused-maailmaruumist-huvilisele-lapsele\/","title":{"rendered":"KOSMOS. K\u00dcSIMUSED JA VASTUSED MAAILMARUUMIST HUVILISELE LAPSELE"},"content":{"rendered":"<p>Kosmos on justkui hiiglaslik f\u00fc\u00fcsikalaboratoorium, kus katseid korraldab k\u00f5ige t\u00e4psem katsetaja \u2013 loodus ise. Meile annab ta suuremeelselt vaatleja rolli.<br \/>\nSelles raamatus on ainult killuke m\u00f5istatustest, mida astronoomid on suutnud viimase sajandi v\u00e4ltel lahendada.<\/p>\n<p><img loading=\"lazy\" decoding=\"async\" class=\"alignnone size-full wp-image-13622\" src=\"https:\/\/amt.ee\/wp-content\/uploads\/2021\/05\/soovitab.png\" alt=\"\" width=\"135\" height=\"135\" \/><\/p>\n","protected":false},"excerpt":{"rendered":"<p>Autor: Ene Ergma<br \/>\nKirjastus: Tammerraamat<br \/>\nIlmumisaasta: 2020<br \/>\nLehek\u00fclgi: 68<br \/>\nFormaat: K\u00f5vakaaneline<br \/>\nM\u00f5\u00f5dud: 216 \u00d7 215 \u0445 12 \u043c\u043c<\/p>\n<p><img loading=\"lazy\" decoding=\"async\" class=\"alignnone size-full wp-image-13622\" src=\"https:\/\/amt.ee\/wp-content\/uploads\/2021\/05\/soovitab.png\" alt=\"\" width=\"135\" height=\"135\" \/><\/p>\n","protected":false},"featured_media":13627,"comment_status":"open","ping_status":"closed","template":"","meta":[],"product_brand":[],"product_cat":[360],"product_tag":[],"class_list":{"0":"post-13631","1":"product","2":"type-product","3":"status-publish","4":"has-post-thumbnail","6":"product_cat-knigi-estonskii","8":"first","9":"outofstock","10":"taxable","11":"shipping-taxable","12":"purchasable","13":"product-type-simple"},"yoast_head":"<!-- This site is optimized with the Yoast SEO plugin v27.4 - https:\/\/yoast.com\/product\/yoast-seo-wordpress\/ -->\n<title>KOSMOS. K\u00dcSIMUSED JA VASTUSED MAAILMARUUMIST HUVILISELE LAPSELE<\/title>\n<meta name=\"description\" content=\"Autor: Ene Ergma Kirjastus: Tammerraamat Ilmumisaasta: 2020 Lehek\u00fclgi: 68 Formaat: K\u00f5vakaaneline M\u00f5\u00f5dud: 216 \u00d7 215 \u0445 12 \u043c\u043c\" \/>\n<meta name=\"robots\" content=\"index, follow, max-snippet:-1, max-image-preview:large, max-video-preview:-1\" \/>\n<link rel=\"canonical\" href=\"https:\/\/amt.ee\/ru\/product\/kosmos-kusimused-ja-vastused-maailmaruumist-huvilisele-lapsele\/\" \/>\n<meta property=\"og:locale\" content=\"ru_RU\" \/>\n<meta property=\"og:type\" content=\"article\" \/>\n<meta property=\"og:title\" content=\"KOSMOS. K\u00dcSIMUSED JA VASTUSED MAAILMARUUMIST HUVILISELE LAPSELE\" \/>\n<meta property=\"og:description\" content=\"Autor: Ene Ergma Kirjastus: Tammerraamat Ilmumisaasta: 2020 Lehek\u00fclgi: 68 Formaat: K\u00f5vakaaneline M\u00f5\u00f5dud: 216 \u00d7 215 \u0445 12 \u043c\u043c\" \/>\n<meta property=\"og:url\" content=\"https:\/\/amt.ee\/ru\/product\/kosmos-kusimused-ja-vastused-maailmaruumist-huvilisele-lapsele\/\" \/>\n<meta property=\"og:site_name\" content=\"Astro &amp; Micro Technics Ltd.\" \/>\n<meta property=\"article:publisher\" content=\"https:\/\/www.facebook.com\/AmtEstonia\/\" \/>\n<meta property=\"article:modified_time\" content=\"2023-11-24T10:19:22+00:00\" \/>\n<meta property=\"og:image\" content=\"https:\/\/amt.ee\/wp-content\/uploads\/2021\/05\/kosmos-kusimused-ja-vastused-maailmaruumist-huvilisele-lapsele.jpg\" \/>\n\t<meta property=\"og:image:width\" content=\"722\" \/>\n\t<meta property=\"og:image:height\" content=\"962\" \/>\n\t<meta property=\"og:image:type\" content=\"image\/jpeg\" \/>\n<meta name=\"twitter:card\" content=\"summary_large_image\" \/>\n<script type=\"application\/ld+json\" class=\"yoast-schema-graph\">{\"@context\":\"https:\\\/\\\/schema.org\",\"@graph\":[{\"@type\":\"WebPage\",\"@id\":\"https:\\\/\\\/amt.ee\\\/ru\\\/product\\\/kosmos-kusimused-ja-vastused-maailmaruumist-huvilisele-lapsele\\\/\",\"url\":\"https:\\\/\\\/amt.ee\\\/ru\\\/product\\\/kosmos-kusimused-ja-vastused-maailmaruumist-huvilisele-lapsele\\\/\",\"name\":\"KOSMOS. K\u00dcSIMUSED JA VASTUSED MAAILMARUUMIST HUVILISELE LAPSELE\",\"isPartOf\":{\"@id\":\"https:\\\/\\\/amt.ee\\\/#website\"},\"primaryImageOfPage\":{\"@id\":\"https:\\\/\\\/amt.ee\\\/ru\\\/product\\\/kosmos-kusimused-ja-vastused-maailmaruumist-huvilisele-lapsele\\\/#primaryimage\"},\"image\":{\"@id\":\"https:\\\/\\\/amt.ee\\\/ru\\\/product\\\/kosmos-kusimused-ja-vastused-maailmaruumist-huvilisele-lapsele\\\/#primaryimage\"},\"thumbnailUrl\":\"https:\\\/\\\/amt.ee\\\/wp-content\\\/uploads\\\/2021\\\/05\\\/kosmos-kusimused-ja-vastused-maailmaruumist-huvilisele-lapsele.jpg\",\"datePublished\":\"2021-05-25T09:28:29+00:00\",\"dateModified\":\"2023-11-24T10:19:22+00:00\",\"description\":\"Autor: Ene Ergma Kirjastus: Tammerraamat Ilmumisaasta: 2020 Lehek\u00fclgi: 68 Formaat: K\u00f5vakaaneline M\u00f5\u00f5dud: 216 \u00d7 215 \u0445 12 \u043c\u043c\",\"breadcrumb\":{\"@id\":\"https:\\\/\\\/amt.ee\\\/ru\\\/product\\\/kosmos-kusimused-ja-vastused-maailmaruumist-huvilisele-lapsele\\\/#breadcrumb\"},\"inLanguage\":\"ru-RU\",\"potentialAction\":[{\"@type\":\"ReadAction\",\"target\":[\"https:\\\/\\\/amt.ee\\\/ru\\\/product\\\/kosmos-kusimused-ja-vastused-maailmaruumist-huvilisele-lapsele\\\/\"]}]},{\"@type\":\"ImageObject\",\"inLanguage\":\"ru-RU\",\"@id\":\"https:\\\/\\\/amt.ee\\\/ru\\\/product\\\/kosmos-kusimused-ja-vastused-maailmaruumist-huvilisele-lapsele\\\/#primaryimage\",\"url\":\"https:\\\/\\\/amt.ee\\\/wp-content\\\/uploads\\\/2021\\\/05\\\/kosmos-kusimused-ja-vastused-maailmaruumist-huvilisele-lapsele.jpg\",\"contentUrl\":\"https:\\\/\\\/amt.ee\\\/wp-content\\\/uploads\\\/2021\\\/05\\\/kosmos-kusimused-ja-vastused-maailmaruumist-huvilisele-lapsele.jpg\",\"width\":722,\"height\":962},{\"@type\":\"BreadcrumbList\",\"@id\":\"https:\\\/\\\/amt.ee\\\/ru\\\/product\\\/kosmos-kusimused-ja-vastused-maailmaruumist-huvilisele-lapsele\\\/#breadcrumb\",\"itemListElement\":[{\"@type\":\"ListItem\",\"position\":1,\"name\":\"Home\",\"item\":\"https:\\\/\\\/amt.ee\\\/ru\\\/\"},{\"@type\":\"ListItem\",\"position\":2,\"name\":\"\u041c\u0430\u0433\u0430\u0437\u0438\u043d\",\"item\":\"https:\\\/\\\/amt.ee\\\/ru\\\/shop\\\/\"},{\"@type\":\"ListItem\",\"position\":3,\"name\":\"KOSMOS. K\u00dcSIMUSED JA VASTUSED MAAILMARUUMIST HUVILISELE LAPSELE\"}]},{\"@type\":\"WebSite\",\"@id\":\"https:\\\/\\\/amt.ee\\\/#website\",\"url\":\"https:\\\/\\\/amt.ee\\\/\",\"name\":\"Astro &amp; Micro Technics Ltd.\",\"description\":\"\",\"publisher\":{\"@id\":\"https:\\\/\\\/amt.ee\\\/#organization\"},\"potentialAction\":[{\"@type\":\"SearchAction\",\"target\":{\"@type\":\"EntryPoint\",\"urlTemplate\":\"https:\\\/\\\/amt.ee\\\/?s={search_term_string}\"},\"query-input\":{\"@type\":\"PropertyValueSpecification\",\"valueRequired\":true,\"valueName\":\"search_term_string\"}}],\"inLanguage\":\"ru-RU\"},{\"@type\":\"Organization\",\"@id\":\"https:\\\/\\\/amt.ee\\\/#organization\",\"name\":\"Astro & Micro Technics Ltd.\",\"url\":\"https:\\\/\\\/amt.ee\\\/\",\"logo\":{\"@type\":\"ImageObject\",\"inLanguage\":\"ru-RU\",\"@id\":\"https:\\\/\\\/amt.ee\\\/#\\\/schema\\\/logo\\\/image\\\/\",\"url\":\"https:\\\/\\\/amt.ee\\\/wp-content\\\/uploads\\\/2021\\\/01\\\/logo.png\",\"contentUrl\":\"https:\\\/\\\/amt.ee\\\/wp-content\\\/uploads\\\/2021\\\/01\\\/logo.png\",\"width\":500,\"height\":149,\"caption\":\"Astro & Micro Technics Ltd.\"},\"image\":{\"@id\":\"https:\\\/\\\/amt.ee\\\/#\\\/schema\\\/logo\\\/image\\\/\"},\"sameAs\":[\"https:\\\/\\\/www.facebook.com\\\/AmtEstonia\\\/\",\"https:\\\/\\\/www.instagram.com\\\/anatoli_medvedev\\\/\"]}]}<\/script>\n<!-- \/ Yoast SEO plugin. -->","yoast_head_json":{"title":"KOSMOS. K\u00dcSIMUSED JA VASTUSED MAAILMARUUMIST HUVILISELE LAPSELE","description":"Autor: Ene Ergma Kirjastus: Tammerraamat Ilmumisaasta: 2020 Lehek\u00fclgi: 68 Formaat: K\u00f5vakaaneline M\u00f5\u00f5dud: 216 \u00d7 215 \u0445 12 \u043c\u043c","robots":{"index":"index","follow":"follow","max-snippet":"max-snippet:-1","max-image-preview":"max-image-preview:large","max-video-preview":"max-video-preview:-1"},"canonical":"https:\/\/amt.ee\/ru\/product\/kosmos-kusimused-ja-vastused-maailmaruumist-huvilisele-lapsele\/","og_locale":"ru_RU","og_type":"article","og_title":"KOSMOS. K\u00dcSIMUSED JA VASTUSED MAAILMARUUMIST HUVILISELE LAPSELE","og_description":"Autor: Ene Ergma Kirjastus: Tammerraamat Ilmumisaasta: 2020 Lehek\u00fclgi: 68 Formaat: K\u00f5vakaaneline M\u00f5\u00f5dud: 216 \u00d7 215 \u0445 12 \u043c\u043c","og_url":"https:\/\/amt.ee\/ru\/product\/kosmos-kusimused-ja-vastused-maailmaruumist-huvilisele-lapsele\/","og_site_name":"Astro &amp; Micro Technics Ltd.","article_publisher":"https:\/\/www.facebook.com\/AmtEstonia\/","article_modified_time":"2023-11-24T10:19:22+00:00","og_image":[{"width":722,"height":962,"url":"https:\/\/amt.ee\/wp-content\/uploads\/2021\/05\/kosmos-kusimused-ja-vastused-maailmaruumist-huvilisele-lapsele.jpg","type":"image\/jpeg"}],"twitter_card":"summary_large_image","schema":{"@context":"https:\/\/schema.org","@graph":[{"@type":"WebPage","@id":"https:\/\/amt.ee\/ru\/product\/kosmos-kusimused-ja-vastused-maailmaruumist-huvilisele-lapsele\/","url":"https:\/\/amt.ee\/ru\/product\/kosmos-kusimused-ja-vastused-maailmaruumist-huvilisele-lapsele\/","name":"KOSMOS. K\u00dcSIMUSED JA VASTUSED MAAILMARUUMIST HUVILISELE LAPSELE","isPartOf":{"@id":"https:\/\/amt.ee\/#website"},"primaryImageOfPage":{"@id":"https:\/\/amt.ee\/ru\/product\/kosmos-kusimused-ja-vastused-maailmaruumist-huvilisele-lapsele\/#primaryimage"},"image":{"@id":"https:\/\/amt.ee\/ru\/product\/kosmos-kusimused-ja-vastused-maailmaruumist-huvilisele-lapsele\/#primaryimage"},"thumbnailUrl":"https:\/\/amt.ee\/wp-content\/uploads\/2021\/05\/kosmos-kusimused-ja-vastused-maailmaruumist-huvilisele-lapsele.jpg","datePublished":"2021-05-25T09:28:29+00:00","dateModified":"2023-11-24T10:19:22+00:00","description":"Autor: Ene Ergma Kirjastus: Tammerraamat Ilmumisaasta: 2020 Lehek\u00fclgi: 68 Formaat: K\u00f5vakaaneline M\u00f5\u00f5dud: 216 \u00d7 215 \u0445 12 \u043c\u043c","breadcrumb":{"@id":"https:\/\/amt.ee\/ru\/product\/kosmos-kusimused-ja-vastused-maailmaruumist-huvilisele-lapsele\/#breadcrumb"},"inLanguage":"ru-RU","potentialAction":[{"@type":"ReadAction","target":["https:\/\/amt.ee\/ru\/product\/kosmos-kusimused-ja-vastused-maailmaruumist-huvilisele-lapsele\/"]}]},{"@type":"ImageObject","inLanguage":"ru-RU","@id":"https:\/\/amt.ee\/ru\/product\/kosmos-kusimused-ja-vastused-maailmaruumist-huvilisele-lapsele\/#primaryimage","url":"https:\/\/amt.ee\/wp-content\/uploads\/2021\/05\/kosmos-kusimused-ja-vastused-maailmaruumist-huvilisele-lapsele.jpg","contentUrl":"https:\/\/amt.ee\/wp-content\/uploads\/2021\/05\/kosmos-kusimused-ja-vastused-maailmaruumist-huvilisele-lapsele.jpg","width":722,"height":962},{"@type":"BreadcrumbList","@id":"https:\/\/amt.ee\/ru\/product\/kosmos-kusimused-ja-vastused-maailmaruumist-huvilisele-lapsele\/#breadcrumb","itemListElement":[{"@type":"ListItem","position":1,"name":"Home","item":"https:\/\/amt.ee\/ru\/"},{"@type":"ListItem","position":2,"name":"\u041c\u0430\u0433\u0430\u0437\u0438\u043d","item":"https:\/\/amt.ee\/ru\/shop\/"},{"@type":"ListItem","position":3,"name":"KOSMOS. K\u00dcSIMUSED JA VASTUSED MAAILMARUUMIST HUVILISELE LAPSELE"}]},{"@type":"WebSite","@id":"https:\/\/amt.ee\/#website","url":"https:\/\/amt.ee\/","name":"Astro &amp; Micro Technics Ltd.","description":"","publisher":{"@id":"https:\/\/amt.ee\/#organization"},"potentialAction":[{"@type":"SearchAction","target":{"@type":"EntryPoint","urlTemplate":"https:\/\/amt.ee\/?s={search_term_string}"},"query-input":{"@type":"PropertyValueSpecification","valueRequired":true,"valueName":"search_term_string"}}],"inLanguage":"ru-RU"},{"@type":"Organization","@id":"https:\/\/amt.ee\/#organization","name":"Astro & Micro Technics Ltd.","url":"https:\/\/amt.ee\/","logo":{"@type":"ImageObject","inLanguage":"ru-RU","@id":"https:\/\/amt.ee\/#\/schema\/logo\/image\/","url":"https:\/\/amt.ee\/wp-content\/uploads\/2021\/01\/logo.png","contentUrl":"https:\/\/amt.ee\/wp-content\/uploads\/2021\/01\/logo.png","width":500,"height":149,"caption":"Astro & Micro Technics Ltd."},"image":{"@id":"https:\/\/amt.ee\/#\/schema\/logo\/image\/"},"sameAs":["https:\/\/www.facebook.com\/AmtEstonia\/","https:\/\/www.instagram.com\/anatoli_medvedev\/"]}]}},"_links":{"self":[{"href":"https:\/\/amt.ee\/ru\/wp-json\/wp\/v2\/product\/13631","targetHints":{"allow":["GET"]}}],"collection":[{"href":"https:\/\/amt.ee\/ru\/wp-json\/wp\/v2\/product"}],"about":[{"href":"https:\/\/amt.ee\/ru\/wp-json\/wp\/v2\/types\/product"}],"replies":[{"embeddable":true,"href":"https:\/\/amt.ee\/ru\/wp-json\/wp\/v2\/comments?post=13631"}],"wp:featuredmedia":[{"embeddable":true,"href":"https:\/\/amt.ee\/ru\/wp-json\/wp\/v2\/media\/13627"}],"wp:attachment":[{"href":"https:\/\/amt.ee\/ru\/wp-json\/wp\/v2\/media?parent=13631"}],"wp:term":[{"taxonomy":"product_brand","embeddable":true,"href":"https:\/\/amt.ee\/ru\/wp-json\/wp\/v2\/product_brand?post=13631"},{"taxonomy":"product_cat","embeddable":true,"href":"https:\/\/amt.ee\/ru\/wp-json\/wp\/v2\/product_cat?post=13631"},{"taxonomy":"product_tag","embeddable":true,"href":"https:\/\/amt.ee\/ru\/wp-json\/wp\/v2\/product_tag?post=13631"}],"curies":[{"name":"wp","href":"https:\/\/api.w.org\/{rel}","templated":true}]}}