{"id":13620,"date":"2021-05-25T09:19:26","date_gmt":"2021-05-25T09:19:26","guid":{"rendered":"https:\/\/amt.ee\/product\/lasteentsuklopeedia\/"},"modified":"2022-04-04T11:32:02","modified_gmt":"2022-04-04T11:32:02","slug":"lasteentsuklopeedia","status":"publish","type":"product","link":"https:\/\/amt.ee\/ru\/product\/lasteentsuklopeedia\/","title":{"rendered":"LASTEENTS\u00dcKLOPEEDIA"},"content":{"rendered":"<p>Hea ja eakohane lapse esimene ents\u00fcklopeedia on kaanest kaaneni t\u00e4is h\u00e4mmastavaid fakte ja kauneid illustratsioone. Ents\u00fcklopeedia annab noorele lugejale esmase kokkupuute paljude p\u00f5nevate teemadega meid \u00fcmbritsevast laiast maailmast.<\/p>\n<p>Ents\u00fcklopeedias on j\u00e4rgmised peat\u00fckid: \u201eKirjeldamatu kosmos\u201c, \u201eToimekas Maa\u201c, \u201eMeeletu ilm\u201c, \u201eTore teadus\u201c, V\u00e4gevad dinosaurused\u201c, \u201eElu ookeanis\u201c, \u201eImelised imetajad\u201c, \u201eLummavad linnud\u201c, \u201eP\u00f5nevad putukad\u201c, \u201eVana-Egiptus\u201c, \u201eVana-Rooma\u201c, \u201eLossid ja r\u00fc\u00fctlid\u201c.<\/p>\n","protected":false},"excerpt":{"rendered":"<p>T\u00f5lkija (d): Kaspar Arme, Ann Kraut, M\u00e4rt K\u00fctas<br \/>\nKirjastus: Pegasus<br \/>\nIlmumisaasta: 2020<br \/>\nLehek\u00fclgi: 384<br \/>\nFormaat: Pehmekaaneline<br \/>\nM\u00f5\u00f5dud: 225 \u00d7 175 \u0445 28 \u043c\u043c<\/p>\n","protected":false},"featured_media":13616,"comment_status":"open","ping_status":"closed","template":"","meta":[],"product_brand":[],"product_cat":[360],"product_tag":[],"class_list":{"0":"post-13620","1":"product","2":"type-product","3":"status-publish","4":"has-post-thumbnail","6":"product_cat-knigi-estonskii","8":"first","9":"outofstock","10":"taxable","11":"shipping-taxable","12":"purchasable","13":"product-type-simple"},"yoast_head":"<!-- This site is optimized with the Yoast SEO plugin v27.4 - https:\/\/yoast.com\/product\/yoast-seo-wordpress\/ -->\n<title>LASTEENTS\u00dcKLOPEEDIA<\/title>\n<meta name=\"description\" content=\"T\u00f5lkija (d): Kaspar Arme, Ann Kraut, M\u00e4rt K\u00fctas Kirjastus: Pegasus Ilmumisaasta: 2020 Lehek\u00fclgi: 384 Formaat: Pehmekaaneline M\u00f5\u00f5dud: 225 \u00d7 175 \u0445 28 \u043c\u043c\" \/>\n<meta name=\"robots\" content=\"index, follow, max-snippet:-1, max-image-preview:large, max-video-preview:-1\" \/>\n<link rel=\"canonical\" href=\"https:\/\/amt.ee\/ru\/product\/lasteentsuklopeedia\/\" \/>\n<meta property=\"og:locale\" content=\"ru_RU\" \/>\n<meta property=\"og:type\" content=\"article\" \/>\n<meta property=\"og:title\" content=\"LASTEENTS\u00dcKLOPEEDIA\" \/>\n<meta property=\"og:description\" content=\"T\u00f5lkija (d): Kaspar Arme, Ann Kraut, M\u00e4rt K\u00fctas Kirjastus: Pegasus Ilmumisaasta: 2020 Lehek\u00fclgi: 384 Formaat: Pehmekaaneline M\u00f5\u00f5dud: 225 \u00d7 175 \u0445 28 \u043c\u043c\" \/>\n<meta property=\"og:url\" content=\"https:\/\/amt.ee\/ru\/product\/lasteentsuklopeedia\/\" \/>\n<meta property=\"og:site_name\" content=\"Astro &amp; Micro Technics Ltd.\" \/>\n<meta property=\"article:publisher\" content=\"https:\/\/www.facebook.com\/AmtEstonia\/\" \/>\n<meta property=\"article:modified_time\" content=\"2022-04-04T11:32:02+00:00\" \/>\n<meta property=\"og:image\" content=\"https:\/\/amt.ee\/wp-content\/uploads\/2021\/05\/lasteentsuklopeedia.jpg\" \/>\n\t<meta property=\"og:image:width\" content=\"1000\" \/>\n\t<meta property=\"og:image:height\" content=\"1332\" \/>\n\t<meta property=\"og:image:type\" content=\"image\/jpeg\" \/>\n<meta name=\"twitter:card\" content=\"summary_large_image\" \/>\n<script type=\"application\/ld+json\" class=\"yoast-schema-graph\">{\"@context\":\"https:\\\/\\\/schema.org\",\"@graph\":[{\"@type\":\"WebPage\",\"@id\":\"https:\\\/\\\/amt.ee\\\/ru\\\/product\\\/lasteentsuklopeedia\\\/\",\"url\":\"https:\\\/\\\/amt.ee\\\/ru\\\/product\\\/lasteentsuklopeedia\\\/\",\"name\":\"LASTEENTS\u00dcKLOPEEDIA\",\"isPartOf\":{\"@id\":\"https:\\\/\\\/amt.ee\\\/#website\"},\"primaryImageOfPage\":{\"@id\":\"https:\\\/\\\/amt.ee\\\/ru\\\/product\\\/lasteentsuklopeedia\\\/#primaryimage\"},\"image\":{\"@id\":\"https:\\\/\\\/amt.ee\\\/ru\\\/product\\\/lasteentsuklopeedia\\\/#primaryimage\"},\"thumbnailUrl\":\"https:\\\/\\\/amt.ee\\\/wp-content\\\/uploads\\\/2021\\\/05\\\/lasteentsuklopeedia.jpg\",\"datePublished\":\"2021-05-25T09:19:26+00:00\",\"dateModified\":\"2022-04-04T11:32:02+00:00\",\"description\":\"T\u00f5lkija (d): Kaspar Arme, Ann Kraut, M\u00e4rt K\u00fctas Kirjastus: Pegasus Ilmumisaasta: 2020 Lehek\u00fclgi: 384 Formaat: Pehmekaaneline M\u00f5\u00f5dud: 225 \u00d7 175 \u0445 28 \u043c\u043c\",\"breadcrumb\":{\"@id\":\"https:\\\/\\\/amt.ee\\\/ru\\\/product\\\/lasteentsuklopeedia\\\/#breadcrumb\"},\"inLanguage\":\"ru-RU\",\"potentialAction\":[{\"@type\":\"ReadAction\",\"target\":[\"https:\\\/\\\/amt.ee\\\/ru\\\/product\\\/lasteentsuklopeedia\\\/\"]}]},{\"@type\":\"ImageObject\",\"inLanguage\":\"ru-RU\",\"@id\":\"https:\\\/\\\/amt.ee\\\/ru\\\/product\\\/lasteentsuklopeedia\\\/#primaryimage\",\"url\":\"https:\\\/\\\/amt.ee\\\/wp-content\\\/uploads\\\/2021\\\/05\\\/lasteentsuklopeedia.jpg\",\"contentUrl\":\"https:\\\/\\\/amt.ee\\\/wp-content\\\/uploads\\\/2021\\\/05\\\/lasteentsuklopeedia.jpg\",\"width\":1000,\"height\":1332},{\"@type\":\"BreadcrumbList\",\"@id\":\"https:\\\/\\\/amt.ee\\\/ru\\\/product\\\/lasteentsuklopeedia\\\/#breadcrumb\",\"itemListElement\":[{\"@type\":\"ListItem\",\"position\":1,\"name\":\"Home\",\"item\":\"https:\\\/\\\/amt.ee\\\/ru\\\/\"},{\"@type\":\"ListItem\",\"position\":2,\"name\":\"\u041c\u0430\u0433\u0430\u0437\u0438\u043d\",\"item\":\"https:\\\/\\\/amt.ee\\\/ru\\\/shop\\\/\"},{\"@type\":\"ListItem\",\"position\":3,\"name\":\"LASTEENTS\u00dcKLOPEEDIA\"}]},{\"@type\":\"WebSite\",\"@id\":\"https:\\\/\\\/amt.ee\\\/#website\",\"url\":\"https:\\\/\\\/amt.ee\\\/\",\"name\":\"Astro &amp; Micro Technics Ltd.\",\"description\":\"\",\"publisher\":{\"@id\":\"https:\\\/\\\/amt.ee\\\/#organization\"},\"potentialAction\":[{\"@type\":\"SearchAction\",\"target\":{\"@type\":\"EntryPoint\",\"urlTemplate\":\"https:\\\/\\\/amt.ee\\\/?s={search_term_string}\"},\"query-input\":{\"@type\":\"PropertyValueSpecification\",\"valueRequired\":true,\"valueName\":\"search_term_string\"}}],\"inLanguage\":\"ru-RU\"},{\"@type\":\"Organization\",\"@id\":\"https:\\\/\\\/amt.ee\\\/#organization\",\"name\":\"Astro & Micro Technics Ltd.\",\"url\":\"https:\\\/\\\/amt.ee\\\/\",\"logo\":{\"@type\":\"ImageObject\",\"inLanguage\":\"ru-RU\",\"@id\":\"https:\\\/\\\/amt.ee\\\/#\\\/schema\\\/logo\\\/image\\\/\",\"url\":\"https:\\\/\\\/amt.ee\\\/wp-content\\\/uploads\\\/2021\\\/01\\\/logo.png\",\"contentUrl\":\"https:\\\/\\\/amt.ee\\\/wp-content\\\/uploads\\\/2021\\\/01\\\/logo.png\",\"width\":500,\"height\":149,\"caption\":\"Astro & Micro Technics Ltd.\"},\"image\":{\"@id\":\"https:\\\/\\\/amt.ee\\\/#\\\/schema\\\/logo\\\/image\\\/\"},\"sameAs\":[\"https:\\\/\\\/www.facebook.com\\\/AmtEstonia\\\/\",\"https:\\\/\\\/www.instagram.com\\\/anatoli_medvedev\\\/\"]}]}<\/script>\n<!-- \/ Yoast SEO plugin. -->","yoast_head_json":{"title":"LASTEENTS\u00dcKLOPEEDIA","description":"T\u00f5lkija (d): Kaspar Arme, Ann Kraut, M\u00e4rt K\u00fctas Kirjastus: Pegasus Ilmumisaasta: 2020 Lehek\u00fclgi: 384 Formaat: Pehmekaaneline M\u00f5\u00f5dud: 225 \u00d7 175 \u0445 28 \u043c\u043c","robots":{"index":"index","follow":"follow","max-snippet":"max-snippet:-1","max-image-preview":"max-image-preview:large","max-video-preview":"max-video-preview:-1"},"canonical":"https:\/\/amt.ee\/ru\/product\/lasteentsuklopeedia\/","og_locale":"ru_RU","og_type":"article","og_title":"LASTEENTS\u00dcKLOPEEDIA","og_description":"T\u00f5lkija (d): Kaspar Arme, Ann Kraut, M\u00e4rt K\u00fctas Kirjastus: Pegasus Ilmumisaasta: 2020 Lehek\u00fclgi: 384 Formaat: Pehmekaaneline M\u00f5\u00f5dud: 225 \u00d7 175 \u0445 28 \u043c\u043c","og_url":"https:\/\/amt.ee\/ru\/product\/lasteentsuklopeedia\/","og_site_name":"Astro &amp; Micro Technics Ltd.","article_publisher":"https:\/\/www.facebook.com\/AmtEstonia\/","article_modified_time":"2022-04-04T11:32:02+00:00","og_image":[{"width":1000,"height":1332,"url":"https:\/\/amt.ee\/wp-content\/uploads\/2021\/05\/lasteentsuklopeedia.jpg","type":"image\/jpeg"}],"twitter_card":"summary_large_image","schema":{"@context":"https:\/\/schema.org","@graph":[{"@type":"WebPage","@id":"https:\/\/amt.ee\/ru\/product\/lasteentsuklopeedia\/","url":"https:\/\/amt.ee\/ru\/product\/lasteentsuklopeedia\/","name":"LASTEENTS\u00dcKLOPEEDIA","isPartOf":{"@id":"https:\/\/amt.ee\/#website"},"primaryImageOfPage":{"@id":"https:\/\/amt.ee\/ru\/product\/lasteentsuklopeedia\/#primaryimage"},"image":{"@id":"https:\/\/amt.ee\/ru\/product\/lasteentsuklopeedia\/#primaryimage"},"thumbnailUrl":"https:\/\/amt.ee\/wp-content\/uploads\/2021\/05\/lasteentsuklopeedia.jpg","datePublished":"2021-05-25T09:19:26+00:00","dateModified":"2022-04-04T11:32:02+00:00","description":"T\u00f5lkija (d): Kaspar Arme, Ann Kraut, M\u00e4rt K\u00fctas Kirjastus: Pegasus Ilmumisaasta: 2020 Lehek\u00fclgi: 384 Formaat: Pehmekaaneline M\u00f5\u00f5dud: 225 \u00d7 175 \u0445 28 \u043c\u043c","breadcrumb":{"@id":"https:\/\/amt.ee\/ru\/product\/lasteentsuklopeedia\/#breadcrumb"},"inLanguage":"ru-RU","potentialAction":[{"@type":"ReadAction","target":["https:\/\/amt.ee\/ru\/product\/lasteentsuklopeedia\/"]}]},{"@type":"ImageObject","inLanguage":"ru-RU","@id":"https:\/\/amt.ee\/ru\/product\/lasteentsuklopeedia\/#primaryimage","url":"https:\/\/amt.ee\/wp-content\/uploads\/2021\/05\/lasteentsuklopeedia.jpg","contentUrl":"https:\/\/amt.ee\/wp-content\/uploads\/2021\/05\/lasteentsuklopeedia.jpg","width":1000,"height":1332},{"@type":"BreadcrumbList","@id":"https:\/\/amt.ee\/ru\/product\/lasteentsuklopeedia\/#breadcrumb","itemListElement":[{"@type":"ListItem","position":1,"name":"Home","item":"https:\/\/amt.ee\/ru\/"},{"@type":"ListItem","position":2,"name":"\u041c\u0430\u0433\u0430\u0437\u0438\u043d","item":"https:\/\/amt.ee\/ru\/shop\/"},{"@type":"ListItem","position":3,"name":"LASTEENTS\u00dcKLOPEEDIA"}]},{"@type":"WebSite","@id":"https:\/\/amt.ee\/#website","url":"https:\/\/amt.ee\/","name":"Astro &amp; Micro Technics Ltd.","description":"","publisher":{"@id":"https:\/\/amt.ee\/#organization"},"potentialAction":[{"@type":"SearchAction","target":{"@type":"EntryPoint","urlTemplate":"https:\/\/amt.ee\/?s={search_term_string}"},"query-input":{"@type":"PropertyValueSpecification","valueRequired":true,"valueName":"search_term_string"}}],"inLanguage":"ru-RU"},{"@type":"Organization","@id":"https:\/\/amt.ee\/#organization","name":"Astro & Micro Technics Ltd.","url":"https:\/\/amt.ee\/","logo":{"@type":"ImageObject","inLanguage":"ru-RU","@id":"https:\/\/amt.ee\/#\/schema\/logo\/image\/","url":"https:\/\/amt.ee\/wp-content\/uploads\/2021\/01\/logo.png","contentUrl":"https:\/\/amt.ee\/wp-content\/uploads\/2021\/01\/logo.png","width":500,"height":149,"caption":"Astro & Micro Technics Ltd."},"image":{"@id":"https:\/\/amt.ee\/#\/schema\/logo\/image\/"},"sameAs":["https:\/\/www.facebook.com\/AmtEstonia\/","https:\/\/www.instagram.com\/anatoli_medvedev\/"]}]}},"_links":{"self":[{"href":"https:\/\/amt.ee\/ru\/wp-json\/wp\/v2\/product\/13620","targetHints":{"allow":["GET"]}}],"collection":[{"href":"https:\/\/amt.ee\/ru\/wp-json\/wp\/v2\/product"}],"about":[{"href":"https:\/\/amt.ee\/ru\/wp-json\/wp\/v2\/types\/product"}],"replies":[{"embeddable":true,"href":"https:\/\/amt.ee\/ru\/wp-json\/wp\/v2\/comments?post=13620"}],"wp:featuredmedia":[{"embeddable":true,"href":"https:\/\/amt.ee\/ru\/wp-json\/wp\/v2\/media\/13616"}],"wp:attachment":[{"href":"https:\/\/amt.ee\/ru\/wp-json\/wp\/v2\/media?parent=13620"}],"wp:term":[{"taxonomy":"product_brand","embeddable":true,"href":"https:\/\/amt.ee\/ru\/wp-json\/wp\/v2\/product_brand?post=13620"},{"taxonomy":"product_cat","embeddable":true,"href":"https:\/\/amt.ee\/ru\/wp-json\/wp\/v2\/product_cat?post=13620"},{"taxonomy":"product_tag","embeddable":true,"href":"https:\/\/amt.ee\/ru\/wp-json\/wp\/v2\/product_tag?post=13620"}],"curies":[{"name":"wp","href":"https:\/\/api.w.org\/{rel}","templated":true}]}}