{"id":13612,"date":"2021-05-25T09:10:30","date_gmt":"2021-05-25T09:10:30","guid":{"rendered":"https:\/\/amt.ee\/product\/liikle-roomuga\/"},"modified":"2024-03-10T07:04:39","modified_gmt":"2024-03-10T07:04:39","slug":"liikle-roomuga","status":"publish","type":"product","link":"https:\/\/amt.ee\/ru\/product\/liikle-roomuga\/","title":{"rendered":"LIIKLE R\u00d5\u00d5MUGA"},"content":{"rendered":"<p><strong>Tarkused ja \u00f5petused ohutu koolitee kohta.<br \/>\n<\/strong><\/p>\n<ul>\n<li>Kas kollase tulega v\u00f5ib veel \u00fcle tee minna?<\/li>\n<li>Kui kaugel tuleb seista m\u00f6\u00f6da tuhisevast rongist?<\/li>\n<li>Miks on ohtlik t\u00e4naval telefonist muusikat kuulata?<\/li>\n<li>Kas tee on libe ainult talvel?<\/li>\n<li>Kus tohib alla 10aastane jalgrattur \u00fcksi s\u00f5ita?<\/li>\n<li>Kui kaugelt n\u00e4eb autojuht pimedas helkuriga ja ilma helkurita jalak\u00e4ijat?<\/li>\n<\/ul>\n<p>Iga lapsevanem r\u00f5\u00f5mustab, kui laps oskab t\u00e4naval ohutult liigelda.<\/p>\n<p>Tunnustatud autor Loone Ots on v\u00f5tnud luubi alla k\u00f5ik t\u00e4htsamad olukorrad, millega lasteaia v\u00f5i 1.\u20133. klassi laps liikluses kokku v\u00f5ib puutuda. Et asi p\u00e4ris klaariks saaks, on lisatud l\u00f5busad ja kaasavad \u00fclesanded, mida v\u00f5ib lahendada nii \u00fcksi kui ka koos suurema-kogenuma liiklejaga.<br \/>\n\u00dclesanded on seotud koolieelse lasteasutuse \u00f5ppekava ja 1.\u20133. klassi emakeele, matemaatika ning loodus\u00f5petuse ainekavadega. Leidub ka niisama toredaid teadmisi ja tarkusi, samuti eakohane rists\u00f5na. Liiklusolukorrad v\u00e4\u00e4rtustavad aktiivset, kuid m\u00f5istlikku last, kes v\u00f5ib m\u00f5nikord ka vanemaid korrale kutsuda.<br \/>\nKoostaja soovib, et laps n\u00e4eks maailma tervikuna \u2013 teede \u00fcmber on loodus, koolimineja k\u00f5rval kaaslased. Tubli liikleja oskab \u00fchiss\u00f5idukis viisakas olla, aitab v\u00e4iksemaid, oskab ning julgeb \u00f6elda h\u00e4id s\u00f5nu.<\/p>\n","protected":false},"excerpt":{"rendered":"<p>Autor: Loone Ots<br \/>\nSari: \u00d5petlikud Raamatud<br \/>\nIllustreerija (d): Urmas Nemvalts<br \/>\nKirjastus: Rahva Raamat<br \/>\nIlmumisaasta: 2019<br \/>\nLehek\u00fclgi: 40<br \/>\nFormaat: Pehmekaaneline<br \/>\nM\u00f5\u00f5dud: 297 \u00d7 210 \u0445 4 \u043c\u043c<\/p>\n","protected":false},"featured_media":13608,"comment_status":"open","ping_status":"closed","template":"","meta":[],"product_brand":[],"product_cat":[360],"product_tag":[],"class_list":{"0":"post-13612","1":"product","2":"type-product","3":"status-publish","4":"has-post-thumbnail","6":"product_cat-knigi-estonskii","8":"first","9":"outofstock","10":"taxable","11":"shipping-taxable","12":"purchasable","13":"product-type-simple"},"yoast_head":"<!-- This site is optimized with the Yoast SEO plugin v27.4 - https:\/\/yoast.com\/product\/yoast-seo-wordpress\/ -->\n<title>LIIKLE R\u00d5\u00d5MUGA<\/title>\n<meta name=\"description\" content=\"Autor: Loone Ots Sari: \u00d5petlikud Raamatud Illustreerija (d): Urmas Nemvalts Kirjastus: Rahva Raamat Ilmumisaasta: 2019 Lehek\u00fclgi: 40 Formaat: Pehmekaaneline M\u00f5\u00f5dud: 297 \u00d7 210 \u0445 4 \u043c\u043c\" \/>\n<meta name=\"robots\" content=\"index, follow, max-snippet:-1, max-image-preview:large, max-video-preview:-1\" \/>\n<link rel=\"canonical\" href=\"https:\/\/amt.ee\/ru\/product\/liikle-roomuga\/\" \/>\n<meta property=\"og:locale\" content=\"ru_RU\" \/>\n<meta property=\"og:type\" content=\"article\" \/>\n<meta property=\"og:title\" content=\"LIIKLE R\u00d5\u00d5MUGA\" \/>\n<meta property=\"og:description\" content=\"Autor: Loone Ots Sari: \u00d5petlikud Raamatud Illustreerija (d): Urmas Nemvalts Kirjastus: Rahva Raamat Ilmumisaasta: 2019 Lehek\u00fclgi: 40 Formaat: Pehmekaaneline M\u00f5\u00f5dud: 297 \u00d7 210 \u0445 4 \u043c\u043c\" \/>\n<meta property=\"og:url\" content=\"https:\/\/amt.ee\/ru\/product\/liikle-roomuga\/\" \/>\n<meta property=\"og:site_name\" content=\"Astro &amp; Micro Technics Ltd.\" \/>\n<meta property=\"article:publisher\" content=\"https:\/\/www.facebook.com\/AmtEstonia\/\" \/>\n<meta property=\"article:modified_time\" content=\"2024-03-10T07:04:39+00:00\" \/>\n<meta property=\"og:image\" content=\"https:\/\/amt.ee\/wp-content\/uploads\/2021\/05\/liikle-roomuga.jpg\" \/>\n\t<meta property=\"og:image:width\" content=\"1060\" \/>\n\t<meta property=\"og:image:height\" content=\"1414\" \/>\n\t<meta property=\"og:image:type\" content=\"image\/jpeg\" \/>\n<meta name=\"twitter:card\" content=\"summary_large_image\" \/>\n<meta name=\"twitter:label1\" content=\"\u041f\u0440\u0438\u043c\u0435\u0440\u043d\u043e\u0435 \u0432\u0440\u0435\u043c\u044f \u0434\u043b\u044f \u0447\u0442\u0435\u043d\u0438\u044f\" \/>\n\t<meta name=\"twitter:data1\" content=\"1 \u043c\u0438\u043d\u0443\u0442\u0430\" \/>\n<script type=\"application\/ld+json\" class=\"yoast-schema-graph\">{\"@context\":\"https:\\\/\\\/schema.org\",\"@graph\":[{\"@type\":\"WebPage\",\"@id\":\"https:\\\/\\\/amt.ee\\\/ru\\\/product\\\/liikle-roomuga\\\/\",\"url\":\"https:\\\/\\\/amt.ee\\\/ru\\\/product\\\/liikle-roomuga\\\/\",\"name\":\"LIIKLE R\u00d5\u00d5MUGA\",\"isPartOf\":{\"@id\":\"https:\\\/\\\/amt.ee\\\/#website\"},\"primaryImageOfPage\":{\"@id\":\"https:\\\/\\\/amt.ee\\\/ru\\\/product\\\/liikle-roomuga\\\/#primaryimage\"},\"image\":{\"@id\":\"https:\\\/\\\/amt.ee\\\/ru\\\/product\\\/liikle-roomuga\\\/#primaryimage\"},\"thumbnailUrl\":\"https:\\\/\\\/amt.ee\\\/wp-content\\\/uploads\\\/2021\\\/05\\\/liikle-roomuga.jpg\",\"datePublished\":\"2021-05-25T09:10:30+00:00\",\"dateModified\":\"2024-03-10T07:04:39+00:00\",\"description\":\"Autor: Loone Ots Sari: \u00d5petlikud Raamatud Illustreerija (d): Urmas Nemvalts Kirjastus: Rahva Raamat Ilmumisaasta: 2019 Lehek\u00fclgi: 40 Formaat: Pehmekaaneline M\u00f5\u00f5dud: 297 \u00d7 210 \u0445 4 \u043c\u043c\",\"breadcrumb\":{\"@id\":\"https:\\\/\\\/amt.ee\\\/ru\\\/product\\\/liikle-roomuga\\\/#breadcrumb\"},\"inLanguage\":\"ru-RU\",\"potentialAction\":[{\"@type\":\"ReadAction\",\"target\":[\"https:\\\/\\\/amt.ee\\\/ru\\\/product\\\/liikle-roomuga\\\/\"]}]},{\"@type\":\"ImageObject\",\"inLanguage\":\"ru-RU\",\"@id\":\"https:\\\/\\\/amt.ee\\\/ru\\\/product\\\/liikle-roomuga\\\/#primaryimage\",\"url\":\"https:\\\/\\\/amt.ee\\\/wp-content\\\/uploads\\\/2021\\\/05\\\/liikle-roomuga.jpg\",\"contentUrl\":\"https:\\\/\\\/amt.ee\\\/wp-content\\\/uploads\\\/2021\\\/05\\\/liikle-roomuga.jpg\",\"width\":1060,\"height\":1414},{\"@type\":\"BreadcrumbList\",\"@id\":\"https:\\\/\\\/amt.ee\\\/ru\\\/product\\\/liikle-roomuga\\\/#breadcrumb\",\"itemListElement\":[{\"@type\":\"ListItem\",\"position\":1,\"name\":\"Home\",\"item\":\"https:\\\/\\\/amt.ee\\\/ru\\\/\"},{\"@type\":\"ListItem\",\"position\":2,\"name\":\"\u041c\u0430\u0433\u0430\u0437\u0438\u043d\",\"item\":\"https:\\\/\\\/amt.ee\\\/ru\\\/shop\\\/\"},{\"@type\":\"ListItem\",\"position\":3,\"name\":\"LIIKLE R\u00d5\u00d5MUGA\"}]},{\"@type\":\"WebSite\",\"@id\":\"https:\\\/\\\/amt.ee\\\/#website\",\"url\":\"https:\\\/\\\/amt.ee\\\/\",\"name\":\"Astro &amp; Micro Technics Ltd.\",\"description\":\"\",\"publisher\":{\"@id\":\"https:\\\/\\\/amt.ee\\\/#organization\"},\"potentialAction\":[{\"@type\":\"SearchAction\",\"target\":{\"@type\":\"EntryPoint\",\"urlTemplate\":\"https:\\\/\\\/amt.ee\\\/?s={search_term_string}\"},\"query-input\":{\"@type\":\"PropertyValueSpecification\",\"valueRequired\":true,\"valueName\":\"search_term_string\"}}],\"inLanguage\":\"ru-RU\"},{\"@type\":\"Organization\",\"@id\":\"https:\\\/\\\/amt.ee\\\/#organization\",\"name\":\"Astro & Micro Technics Ltd.\",\"url\":\"https:\\\/\\\/amt.ee\\\/\",\"logo\":{\"@type\":\"ImageObject\",\"inLanguage\":\"ru-RU\",\"@id\":\"https:\\\/\\\/amt.ee\\\/#\\\/schema\\\/logo\\\/image\\\/\",\"url\":\"https:\\\/\\\/amt.ee\\\/wp-content\\\/uploads\\\/2021\\\/01\\\/logo.png\",\"contentUrl\":\"https:\\\/\\\/amt.ee\\\/wp-content\\\/uploads\\\/2021\\\/01\\\/logo.png\",\"width\":500,\"height\":149,\"caption\":\"Astro & Micro Technics Ltd.\"},\"image\":{\"@id\":\"https:\\\/\\\/amt.ee\\\/#\\\/schema\\\/logo\\\/image\\\/\"},\"sameAs\":[\"https:\\\/\\\/www.facebook.com\\\/AmtEstonia\\\/\",\"https:\\\/\\\/www.instagram.com\\\/anatoli_medvedev\\\/\"]}]}<\/script>\n<!-- \/ Yoast SEO plugin. -->","yoast_head_json":{"title":"LIIKLE R\u00d5\u00d5MUGA","description":"Autor: Loone Ots Sari: \u00d5petlikud Raamatud Illustreerija (d): Urmas Nemvalts Kirjastus: Rahva Raamat Ilmumisaasta: 2019 Lehek\u00fclgi: 40 Formaat: Pehmekaaneline M\u00f5\u00f5dud: 297 \u00d7 210 \u0445 4 \u043c\u043c","robots":{"index":"index","follow":"follow","max-snippet":"max-snippet:-1","max-image-preview":"max-image-preview:large","max-video-preview":"max-video-preview:-1"},"canonical":"https:\/\/amt.ee\/ru\/product\/liikle-roomuga\/","og_locale":"ru_RU","og_type":"article","og_title":"LIIKLE R\u00d5\u00d5MUGA","og_description":"Autor: Loone Ots Sari: \u00d5petlikud Raamatud Illustreerija (d): Urmas Nemvalts Kirjastus: Rahva Raamat Ilmumisaasta: 2019 Lehek\u00fclgi: 40 Formaat: Pehmekaaneline M\u00f5\u00f5dud: 297 \u00d7 210 \u0445 4 \u043c\u043c","og_url":"https:\/\/amt.ee\/ru\/product\/liikle-roomuga\/","og_site_name":"Astro &amp; Micro Technics Ltd.","article_publisher":"https:\/\/www.facebook.com\/AmtEstonia\/","article_modified_time":"2024-03-10T07:04:39+00:00","og_image":[{"width":1060,"height":1414,"url":"https:\/\/amt.ee\/wp-content\/uploads\/2021\/05\/liikle-roomuga.jpg","type":"image\/jpeg"}],"twitter_card":"summary_large_image","twitter_misc":{"\u041f\u0440\u0438\u043c\u0435\u0440\u043d\u043e\u0435 \u0432\u0440\u0435\u043c\u044f \u0434\u043b\u044f \u0447\u0442\u0435\u043d\u0438\u044f":"1 \u043c\u0438\u043d\u0443\u0442\u0430"},"schema":{"@context":"https:\/\/schema.org","@graph":[{"@type":"WebPage","@id":"https:\/\/amt.ee\/ru\/product\/liikle-roomuga\/","url":"https:\/\/amt.ee\/ru\/product\/liikle-roomuga\/","name":"LIIKLE R\u00d5\u00d5MUGA","isPartOf":{"@id":"https:\/\/amt.ee\/#website"},"primaryImageOfPage":{"@id":"https:\/\/amt.ee\/ru\/product\/liikle-roomuga\/#primaryimage"},"image":{"@id":"https:\/\/amt.ee\/ru\/product\/liikle-roomuga\/#primaryimage"},"thumbnailUrl":"https:\/\/amt.ee\/wp-content\/uploads\/2021\/05\/liikle-roomuga.jpg","datePublished":"2021-05-25T09:10:30+00:00","dateModified":"2024-03-10T07:04:39+00:00","description":"Autor: Loone Ots Sari: \u00d5petlikud Raamatud Illustreerija (d): Urmas Nemvalts Kirjastus: Rahva Raamat Ilmumisaasta: 2019 Lehek\u00fclgi: 40 Formaat: Pehmekaaneline M\u00f5\u00f5dud: 297 \u00d7 210 \u0445 4 \u043c\u043c","breadcrumb":{"@id":"https:\/\/amt.ee\/ru\/product\/liikle-roomuga\/#breadcrumb"},"inLanguage":"ru-RU","potentialAction":[{"@type":"ReadAction","target":["https:\/\/amt.ee\/ru\/product\/liikle-roomuga\/"]}]},{"@type":"ImageObject","inLanguage":"ru-RU","@id":"https:\/\/amt.ee\/ru\/product\/liikle-roomuga\/#primaryimage","url":"https:\/\/amt.ee\/wp-content\/uploads\/2021\/05\/liikle-roomuga.jpg","contentUrl":"https:\/\/amt.ee\/wp-content\/uploads\/2021\/05\/liikle-roomuga.jpg","width":1060,"height":1414},{"@type":"BreadcrumbList","@id":"https:\/\/amt.ee\/ru\/product\/liikle-roomuga\/#breadcrumb","itemListElement":[{"@type":"ListItem","position":1,"name":"Home","item":"https:\/\/amt.ee\/ru\/"},{"@type":"ListItem","position":2,"name":"\u041c\u0430\u0433\u0430\u0437\u0438\u043d","item":"https:\/\/amt.ee\/ru\/shop\/"},{"@type":"ListItem","position":3,"name":"LIIKLE R\u00d5\u00d5MUGA"}]},{"@type":"WebSite","@id":"https:\/\/amt.ee\/#website","url":"https:\/\/amt.ee\/","name":"Astro &amp; Micro Technics Ltd.","description":"","publisher":{"@id":"https:\/\/amt.ee\/#organization"},"potentialAction":[{"@type":"SearchAction","target":{"@type":"EntryPoint","urlTemplate":"https:\/\/amt.ee\/?s={search_term_string}"},"query-input":{"@type":"PropertyValueSpecification","valueRequired":true,"valueName":"search_term_string"}}],"inLanguage":"ru-RU"},{"@type":"Organization","@id":"https:\/\/amt.ee\/#organization","name":"Astro & Micro Technics Ltd.","url":"https:\/\/amt.ee\/","logo":{"@type":"ImageObject","inLanguage":"ru-RU","@id":"https:\/\/amt.ee\/#\/schema\/logo\/image\/","url":"https:\/\/amt.ee\/wp-content\/uploads\/2021\/01\/logo.png","contentUrl":"https:\/\/amt.ee\/wp-content\/uploads\/2021\/01\/logo.png","width":500,"height":149,"caption":"Astro & Micro Technics Ltd."},"image":{"@id":"https:\/\/amt.ee\/#\/schema\/logo\/image\/"},"sameAs":["https:\/\/www.facebook.com\/AmtEstonia\/","https:\/\/www.instagram.com\/anatoli_medvedev\/"]}]}},"_links":{"self":[{"href":"https:\/\/amt.ee\/ru\/wp-json\/wp\/v2\/product\/13612","targetHints":{"allow":["GET"]}}],"collection":[{"href":"https:\/\/amt.ee\/ru\/wp-json\/wp\/v2\/product"}],"about":[{"href":"https:\/\/amt.ee\/ru\/wp-json\/wp\/v2\/types\/product"}],"replies":[{"embeddable":true,"href":"https:\/\/amt.ee\/ru\/wp-json\/wp\/v2\/comments?post=13612"}],"wp:featuredmedia":[{"embeddable":true,"href":"https:\/\/amt.ee\/ru\/wp-json\/wp\/v2\/media\/13608"}],"wp:attachment":[{"href":"https:\/\/amt.ee\/ru\/wp-json\/wp\/v2\/media?parent=13612"}],"wp:term":[{"taxonomy":"product_brand","embeddable":true,"href":"https:\/\/amt.ee\/ru\/wp-json\/wp\/v2\/product_brand?post=13612"},{"taxonomy":"product_cat","embeddable":true,"href":"https:\/\/amt.ee\/ru\/wp-json\/wp\/v2\/product_cat?post=13612"},{"taxonomy":"product_tag","embeddable":true,"href":"https:\/\/amt.ee\/ru\/wp-json\/wp\/v2\/product_tag?post=13612"}],"curies":[{"name":"wp","href":"https:\/\/api.w.org\/{rel}","templated":true}]}}