{"id":13604,"date":"2021-05-25T09:01:08","date_gmt":"2021-05-25T09:01:08","guid":{"rendered":"https:\/\/amt.ee\/product\/koiksuse-luhiajalugu\/"},"modified":"2024-03-10T03:03:12","modified_gmt":"2024-03-10T03:03:12","slug":"koiksuse-luhiajalugu","status":"publish","type":"product","link":"https:\/\/amt.ee\/ru\/product\/koiksuse-luhiajalugu\/","title":{"rendered":"K\u00d5IKSUSE L\u00dcHIAJALUGU"},"content":{"rendered":"<p>F\u00fc\u00fcsik Leo Szilard pihtis kord oma s\u00f5brale ja kutsevennale Hans Bethele, et ta peab aru, kas mitte hakata p\u00e4evikut pidama. \u201eEga ma kavatse seda avaldada. Tahaksin vaid panna kirja fakte, et Jumal neid teada saaks.\u201c \u201eKas sa ei arva, et Jumal teab niigi k\u00f5iki fakte?\u201c k\u00fcsis Bethe vastu. \u201eJaa,\u201c vastas Szilard. \u201eteab k\u00fcll, aga mitte minu n\u00e4gemust neist.\u201c<\/p>\n<p>\u2013 Hans Christian von Baeyer, Taming the Atom (Aatomeid taltsutamas)<\/p>\n<p>Ei ma osanud eristada prootonit proteiinist ega kvarki kvasarist, ei ma taibanud, kuidas saavad geoloogid m\u00e4\u00e4rata kivimikihi vanust kanjoniseinas, \u00f5ieti \u00f6elda ei teadnud ma tegelikult midagi. Mind haaras vaibumatu kihu midagi teada saada ja m\u00f5ista, kuidas teadmisi hangitakse. K\u00f5ige p\u00f5nevam oligi see \u2013 kuidas teadlased asju v\u00e4lja selgitavad. Kust me teame, kui palju Maa kaalub, kui vanad on kivimid v\u00f5i mis on Maa keskmes? Kuidas nad k\u00fcll teavad, kuidas ja kunas sai Universum alguse, ja mismoodi see algus v\u00e4lja n\u00e4gi? Ja mis toimub aatomi sees? Ja l\u00f5ppude l\u00f5puks, v\u00f5i eelk\u00f5ige, miks tihti n\u00e4ib, et teadlased teavad peaaegu k\u00f5ike, kuid samas ei suuda ennustada maav\u00e4ringut v\u00f5i soovitada sedagi, kas j\u00e4rgmisel kolmap\u00e4eval hipodroomile v\u00f5iduajamisi vaatama minnes v\u00f5tta vihmavari kaasa v\u00f5i mitte&#8230;<\/p>\n<p>&#8212; Bill Bryson raamatu sissejuhatuses<\/p>\n<p>2003. aastal raputas kogu kirjandus maailma seni reisikirjanikuna tuntud (ja tunnustatud) Bill Brysoni suurteos Short History of Nearly Everything, mis kerkis koheselt k\u00f5igisse edetabelitesse ning p\u00e4lvis tohutut huvi nii teadusringkondades kui tavalugejates. Tundus lausa uskumatu, et t\u00f5sisema teadusliku taustata autor s\u00f6andab v\u00f5tta ette sedav\u00f5rd t\u00f5sise teekonna: kirjeldada p\u00f5hjalikult Maa ja inimese ajalugu ning teha seda niiv\u00f5rd monumentaalselt, k\u00e4sitledes selles universaalses raamatus astronoomiat, f\u00fc\u00fcsikat, kosmoloogiat, geoloogiat, paleontoloogiat, geneetikat ning veel mitmeid teisigi teadusharusid. Ometi ei valminud kolmeaastase t\u00f6\u00f6 tulemusena Brysonil sugugi mitte kuiv, faktip\u00f5hine ja igav anal\u00fc\u00fcs, vaid sisukas ja mahlane, vaimukas ja s\u00fcgav, teadust kui huvitavat ainet avav teos.<\/p>\n","protected":false},"excerpt":{"rendered":"<p>Autor: Bill Bryson<br \/>\nT\u00f5lkija (d): Henn K\u00e4\u00e4mbre<br \/>\nKirjastus: Pegasus<br \/>\nIlmumisaasta: 2017<br \/>\nLehek\u00fclgi: 482<br \/>\nFormaat: K\u00f5vakaaneline<br \/>\nM\u00f5\u00f5dud: 241 \u00d7 162 \u0445 28 \u043c\u043c<\/p>\n","protected":false},"featured_media":13600,"comment_status":"open","ping_status":"closed","template":"","meta":[],"product_brand":[],"product_cat":[360],"product_tag":[],"class_list":{"0":"post-13604","1":"product","2":"type-product","3":"status-publish","4":"has-post-thumbnail","6":"product_cat-knigi-estonskii","8":"first","9":"outofstock","10":"sale","11":"taxable","12":"shipping-taxable","13":"purchasable","14":"product-type-simple"},"yoast_head":"<!-- This site is optimized with the Yoast SEO plugin v27.4 - https:\/\/yoast.com\/product\/yoast-seo-wordpress\/ -->\n<title>K\u00d5IKSUSE L\u00dcHIAJALUGU<\/title>\n<meta name=\"description\" content=\"Autor: Bill Bryson T\u00f5lkija (d): Henn K\u00e4\u00e4mbre Kirjastus: Pegasus Ilmumisaasta: 2017 Lehek\u00fclgi: 482 Formaat: K\u00f5vakaaneline M\u00f5\u00f5dud: 241 \u00d7 162 \u0445 28 \u043c\u043c\" \/>\n<meta name=\"robots\" content=\"index, follow, max-snippet:-1, max-image-preview:large, max-video-preview:-1\" \/>\n<link rel=\"canonical\" href=\"https:\/\/amt.ee\/ru\/product\/koiksuse-luhiajalugu\/\" \/>\n<meta property=\"og:locale\" content=\"ru_RU\" \/>\n<meta property=\"og:type\" content=\"article\" \/>\n<meta property=\"og:title\" content=\"K\u00d5IKSUSE L\u00dcHIAJALUGU\" \/>\n<meta property=\"og:description\" content=\"Autor: Bill Bryson T\u00f5lkija (d): Henn K\u00e4\u00e4mbre Kirjastus: Pegasus Ilmumisaasta: 2017 Lehek\u00fclgi: 482 Formaat: K\u00f5vakaaneline M\u00f5\u00f5dud: 241 \u00d7 162 \u0445 28 \u043c\u043c\" \/>\n<meta property=\"og:url\" content=\"https:\/\/amt.ee\/ru\/product\/koiksuse-luhiajalugu\/\" \/>\n<meta property=\"og:site_name\" content=\"Astro &amp; Micro Technics Ltd.\" \/>\n<meta property=\"article:publisher\" content=\"https:\/\/www.facebook.com\/AmtEstonia\/\" \/>\n<meta property=\"article:modified_time\" content=\"2024-03-10T03:03:12+00:00\" \/>\n<meta property=\"og:image\" content=\"https:\/\/amt.ee\/wp-content\/uploads\/2021\/05\/koiksuse-luhiajalugu.jpg\" \/>\n\t<meta property=\"og:image:width\" content=\"537\" \/>\n\t<meta property=\"og:image:height\" content=\"716\" \/>\n\t<meta property=\"og:image:type\" content=\"image\/jpeg\" \/>\n<meta name=\"twitter:card\" content=\"summary_large_image\" \/>\n<meta name=\"twitter:label1\" content=\"\u041f\u0440\u0438\u043c\u0435\u0440\u043d\u043e\u0435 \u0432\u0440\u0435\u043c\u044f \u0434\u043b\u044f \u0447\u0442\u0435\u043d\u0438\u044f\" \/>\n\t<meta name=\"twitter:data1\" content=\"2 \u043c\u0438\u043d\u0443\u0442\u044b\" \/>\n<script type=\"application\/ld+json\" class=\"yoast-schema-graph\">{\"@context\":\"https:\\\/\\\/schema.org\",\"@graph\":[{\"@type\":\"WebPage\",\"@id\":\"https:\\\/\\\/amt.ee\\\/ru\\\/product\\\/koiksuse-luhiajalugu\\\/\",\"url\":\"https:\\\/\\\/amt.ee\\\/ru\\\/product\\\/koiksuse-luhiajalugu\\\/\",\"name\":\"K\u00d5IKSUSE L\u00dcHIAJALUGU\",\"isPartOf\":{\"@id\":\"https:\\\/\\\/amt.ee\\\/#website\"},\"primaryImageOfPage\":{\"@id\":\"https:\\\/\\\/amt.ee\\\/ru\\\/product\\\/koiksuse-luhiajalugu\\\/#primaryimage\"},\"image\":{\"@id\":\"https:\\\/\\\/amt.ee\\\/ru\\\/product\\\/koiksuse-luhiajalugu\\\/#primaryimage\"},\"thumbnailUrl\":\"https:\\\/\\\/amt.ee\\\/wp-content\\\/uploads\\\/2021\\\/05\\\/koiksuse-luhiajalugu.jpg\",\"datePublished\":\"2021-05-25T09:01:08+00:00\",\"dateModified\":\"2024-03-10T03:03:12+00:00\",\"description\":\"Autor: Bill Bryson T\u00f5lkija (d): Henn K\u00e4\u00e4mbre Kirjastus: Pegasus Ilmumisaasta: 2017 Lehek\u00fclgi: 482 Formaat: K\u00f5vakaaneline M\u00f5\u00f5dud: 241 \u00d7 162 \u0445 28 \u043c\u043c\",\"breadcrumb\":{\"@id\":\"https:\\\/\\\/amt.ee\\\/ru\\\/product\\\/koiksuse-luhiajalugu\\\/#breadcrumb\"},\"inLanguage\":\"ru-RU\",\"potentialAction\":[{\"@type\":\"ReadAction\",\"target\":[\"https:\\\/\\\/amt.ee\\\/ru\\\/product\\\/koiksuse-luhiajalugu\\\/\"]}]},{\"@type\":\"ImageObject\",\"inLanguage\":\"ru-RU\",\"@id\":\"https:\\\/\\\/amt.ee\\\/ru\\\/product\\\/koiksuse-luhiajalugu\\\/#primaryimage\",\"url\":\"https:\\\/\\\/amt.ee\\\/wp-content\\\/uploads\\\/2021\\\/05\\\/koiksuse-luhiajalugu.jpg\",\"contentUrl\":\"https:\\\/\\\/amt.ee\\\/wp-content\\\/uploads\\\/2021\\\/05\\\/koiksuse-luhiajalugu.jpg\",\"width\":537,\"height\":716},{\"@type\":\"BreadcrumbList\",\"@id\":\"https:\\\/\\\/amt.ee\\\/ru\\\/product\\\/koiksuse-luhiajalugu\\\/#breadcrumb\",\"itemListElement\":[{\"@type\":\"ListItem\",\"position\":1,\"name\":\"Home\",\"item\":\"https:\\\/\\\/amt.ee\\\/ru\\\/\"},{\"@type\":\"ListItem\",\"position\":2,\"name\":\"\u041c\u0430\u0433\u0430\u0437\u0438\u043d\",\"item\":\"https:\\\/\\\/amt.ee\\\/ru\\\/shop\\\/\"},{\"@type\":\"ListItem\",\"position\":3,\"name\":\"K\u00d5IKSUSE L\u00dcHIAJALUGU\"}]},{\"@type\":\"WebSite\",\"@id\":\"https:\\\/\\\/amt.ee\\\/#website\",\"url\":\"https:\\\/\\\/amt.ee\\\/\",\"name\":\"Astro &amp; Micro Technics Ltd.\",\"description\":\"\",\"publisher\":{\"@id\":\"https:\\\/\\\/amt.ee\\\/#organization\"},\"potentialAction\":[{\"@type\":\"SearchAction\",\"target\":{\"@type\":\"EntryPoint\",\"urlTemplate\":\"https:\\\/\\\/amt.ee\\\/?s={search_term_string}\"},\"query-input\":{\"@type\":\"PropertyValueSpecification\",\"valueRequired\":true,\"valueName\":\"search_term_string\"}}],\"inLanguage\":\"ru-RU\"},{\"@type\":\"Organization\",\"@id\":\"https:\\\/\\\/amt.ee\\\/#organization\",\"name\":\"Astro & Micro Technics Ltd.\",\"url\":\"https:\\\/\\\/amt.ee\\\/\",\"logo\":{\"@type\":\"ImageObject\",\"inLanguage\":\"ru-RU\",\"@id\":\"https:\\\/\\\/amt.ee\\\/#\\\/schema\\\/logo\\\/image\\\/\",\"url\":\"https:\\\/\\\/amt.ee\\\/wp-content\\\/uploads\\\/2021\\\/01\\\/logo.png\",\"contentUrl\":\"https:\\\/\\\/amt.ee\\\/wp-content\\\/uploads\\\/2021\\\/01\\\/logo.png\",\"width\":500,\"height\":149,\"caption\":\"Astro & Micro Technics Ltd.\"},\"image\":{\"@id\":\"https:\\\/\\\/amt.ee\\\/#\\\/schema\\\/logo\\\/image\\\/\"},\"sameAs\":[\"https:\\\/\\\/www.facebook.com\\\/AmtEstonia\\\/\",\"https:\\\/\\\/www.instagram.com\\\/anatoli_medvedev\\\/\"]}]}<\/script>\n<!-- \/ Yoast SEO plugin. -->","yoast_head_json":{"title":"K\u00d5IKSUSE L\u00dcHIAJALUGU","description":"Autor: Bill Bryson T\u00f5lkija (d): Henn K\u00e4\u00e4mbre Kirjastus: Pegasus Ilmumisaasta: 2017 Lehek\u00fclgi: 482 Formaat: K\u00f5vakaaneline M\u00f5\u00f5dud: 241 \u00d7 162 \u0445 28 \u043c\u043c","robots":{"index":"index","follow":"follow","max-snippet":"max-snippet:-1","max-image-preview":"max-image-preview:large","max-video-preview":"max-video-preview:-1"},"canonical":"https:\/\/amt.ee\/ru\/product\/koiksuse-luhiajalugu\/","og_locale":"ru_RU","og_type":"article","og_title":"K\u00d5IKSUSE L\u00dcHIAJALUGU","og_description":"Autor: Bill Bryson T\u00f5lkija (d): Henn K\u00e4\u00e4mbre Kirjastus: Pegasus Ilmumisaasta: 2017 Lehek\u00fclgi: 482 Formaat: K\u00f5vakaaneline M\u00f5\u00f5dud: 241 \u00d7 162 \u0445 28 \u043c\u043c","og_url":"https:\/\/amt.ee\/ru\/product\/koiksuse-luhiajalugu\/","og_site_name":"Astro &amp; Micro Technics Ltd.","article_publisher":"https:\/\/www.facebook.com\/AmtEstonia\/","article_modified_time":"2024-03-10T03:03:12+00:00","og_image":[{"width":537,"height":716,"url":"https:\/\/amt.ee\/wp-content\/uploads\/2021\/05\/koiksuse-luhiajalugu.jpg","type":"image\/jpeg"}],"twitter_card":"summary_large_image","twitter_misc":{"\u041f\u0440\u0438\u043c\u0435\u0440\u043d\u043e\u0435 \u0432\u0440\u0435\u043c\u044f \u0434\u043b\u044f \u0447\u0442\u0435\u043d\u0438\u044f":"2 \u043c\u0438\u043d\u0443\u0442\u044b"},"schema":{"@context":"https:\/\/schema.org","@graph":[{"@type":"WebPage","@id":"https:\/\/amt.ee\/ru\/product\/koiksuse-luhiajalugu\/","url":"https:\/\/amt.ee\/ru\/product\/koiksuse-luhiajalugu\/","name":"K\u00d5IKSUSE L\u00dcHIAJALUGU","isPartOf":{"@id":"https:\/\/amt.ee\/#website"},"primaryImageOfPage":{"@id":"https:\/\/amt.ee\/ru\/product\/koiksuse-luhiajalugu\/#primaryimage"},"image":{"@id":"https:\/\/amt.ee\/ru\/product\/koiksuse-luhiajalugu\/#primaryimage"},"thumbnailUrl":"https:\/\/amt.ee\/wp-content\/uploads\/2021\/05\/koiksuse-luhiajalugu.jpg","datePublished":"2021-05-25T09:01:08+00:00","dateModified":"2024-03-10T03:03:12+00:00","description":"Autor: Bill Bryson T\u00f5lkija (d): Henn K\u00e4\u00e4mbre Kirjastus: Pegasus Ilmumisaasta: 2017 Lehek\u00fclgi: 482 Formaat: K\u00f5vakaaneline M\u00f5\u00f5dud: 241 \u00d7 162 \u0445 28 \u043c\u043c","breadcrumb":{"@id":"https:\/\/amt.ee\/ru\/product\/koiksuse-luhiajalugu\/#breadcrumb"},"inLanguage":"ru-RU","potentialAction":[{"@type":"ReadAction","target":["https:\/\/amt.ee\/ru\/product\/koiksuse-luhiajalugu\/"]}]},{"@type":"ImageObject","inLanguage":"ru-RU","@id":"https:\/\/amt.ee\/ru\/product\/koiksuse-luhiajalugu\/#primaryimage","url":"https:\/\/amt.ee\/wp-content\/uploads\/2021\/05\/koiksuse-luhiajalugu.jpg","contentUrl":"https:\/\/amt.ee\/wp-content\/uploads\/2021\/05\/koiksuse-luhiajalugu.jpg","width":537,"height":716},{"@type":"BreadcrumbList","@id":"https:\/\/amt.ee\/ru\/product\/koiksuse-luhiajalugu\/#breadcrumb","itemListElement":[{"@type":"ListItem","position":1,"name":"Home","item":"https:\/\/amt.ee\/ru\/"},{"@type":"ListItem","position":2,"name":"\u041c\u0430\u0433\u0430\u0437\u0438\u043d","item":"https:\/\/amt.ee\/ru\/shop\/"},{"@type":"ListItem","position":3,"name":"K\u00d5IKSUSE L\u00dcHIAJALUGU"}]},{"@type":"WebSite","@id":"https:\/\/amt.ee\/#website","url":"https:\/\/amt.ee\/","name":"Astro &amp; Micro Technics Ltd.","description":"","publisher":{"@id":"https:\/\/amt.ee\/#organization"},"potentialAction":[{"@type":"SearchAction","target":{"@type":"EntryPoint","urlTemplate":"https:\/\/amt.ee\/?s={search_term_string}"},"query-input":{"@type":"PropertyValueSpecification","valueRequired":true,"valueName":"search_term_string"}}],"inLanguage":"ru-RU"},{"@type":"Organization","@id":"https:\/\/amt.ee\/#organization","name":"Astro & Micro Technics Ltd.","url":"https:\/\/amt.ee\/","logo":{"@type":"ImageObject","inLanguage":"ru-RU","@id":"https:\/\/amt.ee\/#\/schema\/logo\/image\/","url":"https:\/\/amt.ee\/wp-content\/uploads\/2021\/01\/logo.png","contentUrl":"https:\/\/amt.ee\/wp-content\/uploads\/2021\/01\/logo.png","width":500,"height":149,"caption":"Astro & Micro Technics Ltd."},"image":{"@id":"https:\/\/amt.ee\/#\/schema\/logo\/image\/"},"sameAs":["https:\/\/www.facebook.com\/AmtEstonia\/","https:\/\/www.instagram.com\/anatoli_medvedev\/"]}]}},"_links":{"self":[{"href":"https:\/\/amt.ee\/ru\/wp-json\/wp\/v2\/product\/13604","targetHints":{"allow":["GET"]}}],"collection":[{"href":"https:\/\/amt.ee\/ru\/wp-json\/wp\/v2\/product"}],"about":[{"href":"https:\/\/amt.ee\/ru\/wp-json\/wp\/v2\/types\/product"}],"replies":[{"embeddable":true,"href":"https:\/\/amt.ee\/ru\/wp-json\/wp\/v2\/comments?post=13604"}],"wp:featuredmedia":[{"embeddable":true,"href":"https:\/\/amt.ee\/ru\/wp-json\/wp\/v2\/media\/13600"}],"wp:attachment":[{"href":"https:\/\/amt.ee\/ru\/wp-json\/wp\/v2\/media?parent=13604"}],"wp:term":[{"taxonomy":"product_brand","embeddable":true,"href":"https:\/\/amt.ee\/ru\/wp-json\/wp\/v2\/product_brand?post=13604"},{"taxonomy":"product_cat","embeddable":true,"href":"https:\/\/amt.ee\/ru\/wp-json\/wp\/v2\/product_cat?post=13604"},{"taxonomy":"product_tag","embeddable":true,"href":"https:\/\/amt.ee\/ru\/wp-json\/wp\/v2\/product_tag?post=13604"}],"curies":[{"name":"wp","href":"https:\/\/api.w.org\/{rel}","templated":true}]}}