{"id":24186,"date":"2022-04-06T11:15:17","date_gmt":"2022-04-06T11:15:17","guid":{"rendered":"https:\/\/amt.ee\/?post_type=product&#038;p=24186"},"modified":"2022-04-06T11:15:17","modified_gmt":"2022-04-06T11:15:17","slug":"tegelusraamat-kosmos-atlas","status":"publish","type":"product","link":"https:\/\/amt.ee\/en\/product\/tegelusraamat-kosmos-atlas\/","title":{"rendered":"TEGELUSRAAMAT. KOSMOS. ATLAS"},"content":{"rendered":"<p>Kuidas tekkis universum? Milline planeet on maaga v\u00e4ga sarnane? Miks on uraan rohekassinist v\u00e4rvi?<\/p>\n<p>Nendele ja paljudele teistele p\u00f5nevatele k\u00fcsimustele leiad sellest raamatust vastused. Tegelusraamat on t\u00e4is toredaid fakte ja teadmisi kosmosest. Loe, vasta k\u00fcsimustele, otsi lisainfot internetist, osale viktoriinis ning kleepsuta kleepse \u00f5igetesse kohtadesse. Kas oled valmis suureks kosmosereisiks? Siis raamat k\u00e4tte ja teele!<\/p>\n","protected":false},"excerpt":{"rendered":"<p>T\u00f5lkija (d): Elle Vaht<br \/>\nIlmumisaasta: 2020<br \/>\nLehek\u00fclgi: 32<br \/>\nFormaat: Pehmekaaneline<br \/>\nM\u00f5\u00f5dud: 210 x 298 x 4 mm<\/p>\n","protected":false},"featured_media":24187,"comment_status":"open","ping_status":"closed","template":"","meta":[],"product_brand":[],"product_cat":[354],"product_tag":[],"class_list":{"0":"post-24186","1":"product","2":"type-product","3":"status-publish","4":"has-post-thumbnail","6":"product_cat-books-estonian","8":"first","9":"outofstock","10":"taxable","11":"shipping-taxable","12":"purchasable","13":"product-type-simple"},"yoast_head":"<!-- This site is optimized with the Yoast SEO plugin v25.2 - https:\/\/yoast.com\/wordpress\/plugins\/seo\/ -->\n<title>TEGELUSRAAMAT. KOSMOS. ATLAS<\/title>\n<meta name=\"description\" content=\"T\u00f5lkija (d): Elle Vaht Ilmumisaasta: 2020 Lehek\u00fclgi: 32 Formaat: Pehmekaaneline M\u00f5\u00f5dud: 210 x 298 x 4 mm\" \/>\n<meta name=\"robots\" content=\"index, follow, max-snippet:-1, max-image-preview:large, max-video-preview:-1\" \/>\n<link rel=\"canonical\" href=\"https:\/\/amt.ee\/product\/tegelusraamat-kosmos-atlas\/\" \/>\n<meta property=\"og:locale\" content=\"en_US\" \/>\n<meta property=\"og:type\" content=\"article\" \/>\n<meta property=\"og:title\" content=\"TEGELUSRAAMAT. KOSMOS. ATLAS\" \/>\n<meta property=\"og:description\" content=\"T\u00f5lkija (d): Elle Vaht Ilmumisaasta: 2020 Lehek\u00fclgi: 32 Formaat: Pehmekaaneline M\u00f5\u00f5dud: 210 x 298 x 4 mm\" \/>\n<meta property=\"og:url\" content=\"https:\/\/amt.ee\/product\/tegelusraamat-kosmos-atlas\/\" \/>\n<meta property=\"og:site_name\" content=\"Astro &amp; Micro Technics Ltd.\" \/>\n<meta property=\"article:publisher\" content=\"https:\/\/www.facebook.com\/AmtEstonia\/\" \/>\n<meta property=\"og:image\" content=\"https:\/\/amt.ee\/wp-content\/uploads\/2022\/04\/9789949349920.jpg\" \/>\n\t<meta property=\"og:image:width\" content=\"582\" \/>\n\t<meta property=\"og:image:height\" content=\"776\" \/>\n\t<meta property=\"og:image:type\" content=\"image\/jpeg\" \/>\n<meta name=\"twitter:card\" content=\"summary_large_image\" \/>\n<script type=\"application\/ld+json\" class=\"yoast-schema-graph\">{\"@context\":\"https:\/\/schema.org\",\"@graph\":[{\"@type\":\"WebPage\",\"@id\":\"https:\/\/amt.ee\/product\/tegelusraamat-kosmos-atlas\/\",\"url\":\"https:\/\/amt.ee\/product\/tegelusraamat-kosmos-atlas\/\",\"name\":\"TEGELUSRAAMAT. KOSMOS. ATLAS\",\"isPartOf\":{\"@id\":\"https:\/\/amt.ee\/#website\"},\"primaryImageOfPage\":{\"@id\":\"https:\/\/amt.ee\/product\/tegelusraamat-kosmos-atlas\/#primaryimage\"},\"image\":{\"@id\":\"https:\/\/amt.ee\/product\/tegelusraamat-kosmos-atlas\/#primaryimage\"},\"thumbnailUrl\":\"https:\/\/amt.ee\/wp-content\/uploads\/2022\/04\/9789949349920.jpg\",\"datePublished\":\"2022-04-06T11:15:17+00:00\",\"description\":\"T\u00f5lkija (d): Elle Vaht Ilmumisaasta: 2020 Lehek\u00fclgi: 32 Formaat: Pehmekaaneline M\u00f5\u00f5dud: 210 x 298 x 4 mm\",\"breadcrumb\":{\"@id\":\"https:\/\/amt.ee\/product\/tegelusraamat-kosmos-atlas\/#breadcrumb\"},\"inLanguage\":\"en-US\",\"potentialAction\":[{\"@type\":\"ReadAction\",\"target\":[\"https:\/\/amt.ee\/product\/tegelusraamat-kosmos-atlas\/\"]}]},{\"@type\":\"ImageObject\",\"inLanguage\":\"en-US\",\"@id\":\"https:\/\/amt.ee\/product\/tegelusraamat-kosmos-atlas\/#primaryimage\",\"url\":\"https:\/\/amt.ee\/wp-content\/uploads\/2022\/04\/9789949349920.jpg\",\"contentUrl\":\"https:\/\/amt.ee\/wp-content\/uploads\/2022\/04\/9789949349920.jpg\",\"width\":582,\"height\":776},{\"@type\":\"BreadcrumbList\",\"@id\":\"https:\/\/amt.ee\/product\/tegelusraamat-kosmos-atlas\/#breadcrumb\",\"itemListElement\":[{\"@type\":\"ListItem\",\"position\":1,\"name\":\"Home\",\"item\":\"https:\/\/amt.ee\/en\/\"},{\"@type\":\"ListItem\",\"position\":2,\"name\":\"Shop\",\"item\":\"https:\/\/amt.ee\/en\/shop\/\"},{\"@type\":\"ListItem\",\"position\":3,\"name\":\"TEGELUSRAAMAT. KOSMOS. ATLAS\"}]},{\"@type\":\"WebSite\",\"@id\":\"https:\/\/amt.ee\/#website\",\"url\":\"https:\/\/amt.ee\/\",\"name\":\"Astro &amp; Micro Technics Ltd.\",\"description\":\"\",\"publisher\":{\"@id\":\"https:\/\/amt.ee\/#organization\"},\"potentialAction\":[{\"@type\":\"SearchAction\",\"target\":{\"@type\":\"EntryPoint\",\"urlTemplate\":\"https:\/\/amt.ee\/?s={search_term_string}\"},\"query-input\":{\"@type\":\"PropertyValueSpecification\",\"valueRequired\":true,\"valueName\":\"search_term_string\"}}],\"inLanguage\":\"en-US\"},{\"@type\":\"Organization\",\"@id\":\"https:\/\/amt.ee\/#organization\",\"name\":\"Astro & Micro Technics Ltd.\",\"url\":\"https:\/\/amt.ee\/\",\"logo\":{\"@type\":\"ImageObject\",\"inLanguage\":\"en-US\",\"@id\":\"https:\/\/amt.ee\/#\/schema\/logo\/image\/\",\"url\":\"https:\/\/amt.ee\/wp-content\/uploads\/2021\/01\/logo.png\",\"contentUrl\":\"https:\/\/amt.ee\/wp-content\/uploads\/2021\/01\/logo.png\",\"width\":500,\"height\":149,\"caption\":\"Astro & Micro Technics Ltd.\"},\"image\":{\"@id\":\"https:\/\/amt.ee\/#\/schema\/logo\/image\/\"},\"sameAs\":[\"https:\/\/www.facebook.com\/AmtEstonia\/\",\"https:\/\/www.instagram.com\/anatoli_medvedev\/\"]}]}<\/script>\n<!-- \/ Yoast SEO plugin. -->","yoast_head_json":{"title":"TEGELUSRAAMAT. KOSMOS. ATLAS","description":"T\u00f5lkija (d): Elle Vaht Ilmumisaasta: 2020 Lehek\u00fclgi: 32 Formaat: Pehmekaaneline M\u00f5\u00f5dud: 210 x 298 x 4 mm","robots":{"index":"index","follow":"follow","max-snippet":"max-snippet:-1","max-image-preview":"max-image-preview:large","max-video-preview":"max-video-preview:-1"},"canonical":"https:\/\/amt.ee\/product\/tegelusraamat-kosmos-atlas\/","og_locale":"en_US","og_type":"article","og_title":"TEGELUSRAAMAT. KOSMOS. ATLAS","og_description":"T\u00f5lkija (d): Elle Vaht Ilmumisaasta: 2020 Lehek\u00fclgi: 32 Formaat: Pehmekaaneline M\u00f5\u00f5dud: 210 x 298 x 4 mm","og_url":"https:\/\/amt.ee\/product\/tegelusraamat-kosmos-atlas\/","og_site_name":"Astro &amp; Micro Technics Ltd.","article_publisher":"https:\/\/www.facebook.com\/AmtEstonia\/","og_image":[{"width":582,"height":776,"url":"https:\/\/amt.ee\/wp-content\/uploads\/2022\/04\/9789949349920.jpg","type":"image\/jpeg"}],"twitter_card":"summary_large_image","schema":{"@context":"https:\/\/schema.org","@graph":[{"@type":"WebPage","@id":"https:\/\/amt.ee\/product\/tegelusraamat-kosmos-atlas\/","url":"https:\/\/amt.ee\/product\/tegelusraamat-kosmos-atlas\/","name":"TEGELUSRAAMAT. KOSMOS. ATLAS","isPartOf":{"@id":"https:\/\/amt.ee\/#website"},"primaryImageOfPage":{"@id":"https:\/\/amt.ee\/product\/tegelusraamat-kosmos-atlas\/#primaryimage"},"image":{"@id":"https:\/\/amt.ee\/product\/tegelusraamat-kosmos-atlas\/#primaryimage"},"thumbnailUrl":"https:\/\/amt.ee\/wp-content\/uploads\/2022\/04\/9789949349920.jpg","datePublished":"2022-04-06T11:15:17+00:00","description":"T\u00f5lkija (d): Elle Vaht Ilmumisaasta: 2020 Lehek\u00fclgi: 32 Formaat: Pehmekaaneline M\u00f5\u00f5dud: 210 x 298 x 4 mm","breadcrumb":{"@id":"https:\/\/amt.ee\/product\/tegelusraamat-kosmos-atlas\/#breadcrumb"},"inLanguage":"en-US","potentialAction":[{"@type":"ReadAction","target":["https:\/\/amt.ee\/product\/tegelusraamat-kosmos-atlas\/"]}]},{"@type":"ImageObject","inLanguage":"en-US","@id":"https:\/\/amt.ee\/product\/tegelusraamat-kosmos-atlas\/#primaryimage","url":"https:\/\/amt.ee\/wp-content\/uploads\/2022\/04\/9789949349920.jpg","contentUrl":"https:\/\/amt.ee\/wp-content\/uploads\/2022\/04\/9789949349920.jpg","width":582,"height":776},{"@type":"BreadcrumbList","@id":"https:\/\/amt.ee\/product\/tegelusraamat-kosmos-atlas\/#breadcrumb","itemListElement":[{"@type":"ListItem","position":1,"name":"Home","item":"https:\/\/amt.ee\/en\/"},{"@type":"ListItem","position":2,"name":"Shop","item":"https:\/\/amt.ee\/en\/shop\/"},{"@type":"ListItem","position":3,"name":"TEGELUSRAAMAT. KOSMOS. ATLAS"}]},{"@type":"WebSite","@id":"https:\/\/amt.ee\/#website","url":"https:\/\/amt.ee\/","name":"Astro &amp; Micro Technics Ltd.","description":"","publisher":{"@id":"https:\/\/amt.ee\/#organization"},"potentialAction":[{"@type":"SearchAction","target":{"@type":"EntryPoint","urlTemplate":"https:\/\/amt.ee\/?s={search_term_string}"},"query-input":{"@type":"PropertyValueSpecification","valueRequired":true,"valueName":"search_term_string"}}],"inLanguage":"en-US"},{"@type":"Organization","@id":"https:\/\/amt.ee\/#organization","name":"Astro & Micro Technics Ltd.","url":"https:\/\/amt.ee\/","logo":{"@type":"ImageObject","inLanguage":"en-US","@id":"https:\/\/amt.ee\/#\/schema\/logo\/image\/","url":"https:\/\/amt.ee\/wp-content\/uploads\/2021\/01\/logo.png","contentUrl":"https:\/\/amt.ee\/wp-content\/uploads\/2021\/01\/logo.png","width":500,"height":149,"caption":"Astro & Micro Technics Ltd."},"image":{"@id":"https:\/\/amt.ee\/#\/schema\/logo\/image\/"},"sameAs":["https:\/\/www.facebook.com\/AmtEstonia\/","https:\/\/www.instagram.com\/anatoli_medvedev\/"]}]}},"_links":{"self":[{"href":"https:\/\/amt.ee\/en\/wp-json\/wp\/v2\/product\/24186","targetHints":{"allow":["GET"]}}],"collection":[{"href":"https:\/\/amt.ee\/en\/wp-json\/wp\/v2\/product"}],"about":[{"href":"https:\/\/amt.ee\/en\/wp-json\/wp\/v2\/types\/product"}],"replies":[{"embeddable":true,"href":"https:\/\/amt.ee\/en\/wp-json\/wp\/v2\/comments?post=24186"}],"wp:featuredmedia":[{"embeddable":true,"href":"https:\/\/amt.ee\/en\/wp-json\/wp\/v2\/media\/24187"}],"wp:attachment":[{"href":"https:\/\/amt.ee\/en\/wp-json\/wp\/v2\/media?parent=24186"}],"wp:term":[{"taxonomy":"product_brand","embeddable":true,"href":"https:\/\/amt.ee\/en\/wp-json\/wp\/v2\/product_brand?post=24186"},{"taxonomy":"product_cat","embeddable":true,"href":"https:\/\/amt.ee\/en\/wp-json\/wp\/v2\/product_cat?post=24186"},{"taxonomy":"product_tag","embeddable":true,"href":"https:\/\/amt.ee\/en\/wp-json\/wp\/v2\/product_tag?post=24186"}],"curies":[{"name":"wp","href":"https:\/\/api.w.org\/{rel}","templated":true}]}}