{"id":24178,"date":"2022-04-06T11:05:41","date_gmt":"2022-04-06T11:05:41","guid":{"rendered":"https:\/\/amt.ee\/?post_type=product&#038;p=24178"},"modified":"2024-03-17T00:34:22","modified_gmt":"2024-03-17T00:34:22","slug":"lu-la-tutvustab-kosmos","status":"publish","type":"product","link":"https:\/\/amt.ee\/en\/product\/lu-la-tutvustab-kosmos\/","title":{"rendered":"LU-LA TUTVUSTAB: KOSMOS"},"content":{"rendered":"<p><em><strong>Lendame koos Lu-La ja Samblataguse s\u00f5pradega kosmosesse.<\/strong><\/em><\/p>\n<p>Lu-La kosmoseraamatus on kirjas k\u00f5ik, mida maailmaruumist teadma peaks. Nii et paneme raketid valmis ja KIHUTAME koos Lu-La&#8217;ga vastu t\u00e4iesti kosmilisele seiklusele!<\/p>\n<p>Miks t\u00e4hed vilguvad?<br \/>\nKui vana sa oleksid Merkuuril?<br \/>\nMilline planeet v\u00f5iks vannis hulpida?<\/p>\n<p>Palju kosmosefakte, lahe viktoriin, kleepsud ja t\u00e4heplakat.<\/p>\n","protected":false},"excerpt":{"rendered":"<p>T\u00f5lkija (d): Mihkel M\u00f5isnik<br \/>\nKirjastus: T\u00e4nap\u00e4ev<br \/>\nIlmumisaasta: 2019<br \/>\nLehek\u00fclgi: 32<br \/>\nFormaat: K\u00f5vakaaneline<br \/>\nM\u00f5\u00f5dud: 255 x 257 x 9 mm<\/p>\n","protected":false},"featured_media":24179,"comment_status":"open","ping_status":"closed","template":"","meta":[],"product_brand":[],"product_cat":[354],"product_tag":[],"class_list":{"0":"post-24178","1":"product","2":"type-product","3":"status-publish","4":"has-post-thumbnail","6":"product_cat-books-estonian","8":"first","9":"outofstock","10":"taxable","11":"shipping-taxable","12":"purchasable","13":"product-type-simple"},"yoast_head":"<!-- This site is optimized with the Yoast SEO plugin v25.2 - https:\/\/yoast.com\/wordpress\/plugins\/seo\/ -->\n<title>LU-LA TUTVUSTAB: KOSMOS<\/title>\n<meta name=\"description\" content=\"T\u00f5lkija (d): Mihkel M\u00f5isnik Kirjastus: T\u00e4nap\u00e4ev Ilmumisaasta: 2019 Lehek\u00fclgi: 32 Formaat: K\u00f5vakaaneline M\u00f5\u00f5dud: 255 x 257 x 9 mm\" \/>\n<meta name=\"robots\" content=\"index, follow, max-snippet:-1, max-image-preview:large, max-video-preview:-1\" \/>\n<link rel=\"canonical\" href=\"https:\/\/amt.ee\/product\/lu-la-tutvustab-kosmos\/\" \/>\n<meta property=\"og:locale\" content=\"en_US\" \/>\n<meta property=\"og:type\" content=\"article\" \/>\n<meta property=\"og:title\" content=\"LU-LA TUTVUSTAB: KOSMOS\" \/>\n<meta property=\"og:description\" content=\"T\u00f5lkija (d): Mihkel M\u00f5isnik Kirjastus: T\u00e4nap\u00e4ev Ilmumisaasta: 2019 Lehek\u00fclgi: 32 Formaat: K\u00f5vakaaneline M\u00f5\u00f5dud: 255 x 257 x 9 mm\" \/>\n<meta property=\"og:url\" content=\"https:\/\/amt.ee\/product\/lu-la-tutvustab-kosmos\/\" \/>\n<meta property=\"og:site_name\" content=\"Astro &amp; Micro Technics Ltd.\" \/>\n<meta property=\"article:publisher\" content=\"https:\/\/www.facebook.com\/AmtEstonia\/\" \/>\n<meta property=\"article:modified_time\" content=\"2024-03-17T00:34:22+00:00\" \/>\n<meta property=\"og:image\" content=\"https:\/\/amt.ee\/wp-content\/uploads\/2022\/04\/9789949856169.jpg\" \/>\n\t<meta property=\"og:image:width\" content=\"744\" \/>\n\t<meta property=\"og:image:height\" content=\"992\" \/>\n\t<meta property=\"og:image:type\" content=\"image\/jpeg\" \/>\n<meta name=\"twitter:card\" content=\"summary_large_image\" \/>\n<script type=\"application\/ld+json\" class=\"yoast-schema-graph\">{\"@context\":\"https:\/\/schema.org\",\"@graph\":[{\"@type\":\"WebPage\",\"@id\":\"https:\/\/amt.ee\/product\/lu-la-tutvustab-kosmos\/\",\"url\":\"https:\/\/amt.ee\/product\/lu-la-tutvustab-kosmos\/\",\"name\":\"LU-LA TUTVUSTAB: KOSMOS\",\"isPartOf\":{\"@id\":\"https:\/\/amt.ee\/#website\"},\"primaryImageOfPage\":{\"@id\":\"https:\/\/amt.ee\/product\/lu-la-tutvustab-kosmos\/#primaryimage\"},\"image\":{\"@id\":\"https:\/\/amt.ee\/product\/lu-la-tutvustab-kosmos\/#primaryimage\"},\"thumbnailUrl\":\"https:\/\/amt.ee\/wp-content\/uploads\/2022\/04\/9789949856169.jpg\",\"datePublished\":\"2022-04-06T11:05:41+00:00\",\"dateModified\":\"2024-03-17T00:34:22+00:00\",\"description\":\"T\u00f5lkija (d): Mihkel M\u00f5isnik Kirjastus: T\u00e4nap\u00e4ev Ilmumisaasta: 2019 Lehek\u00fclgi: 32 Formaat: K\u00f5vakaaneline M\u00f5\u00f5dud: 255 x 257 x 9 mm\",\"breadcrumb\":{\"@id\":\"https:\/\/amt.ee\/product\/lu-la-tutvustab-kosmos\/#breadcrumb\"},\"inLanguage\":\"en-US\",\"potentialAction\":[{\"@type\":\"ReadAction\",\"target\":[\"https:\/\/amt.ee\/product\/lu-la-tutvustab-kosmos\/\"]}]},{\"@type\":\"ImageObject\",\"inLanguage\":\"en-US\",\"@id\":\"https:\/\/amt.ee\/product\/lu-la-tutvustab-kosmos\/#primaryimage\",\"url\":\"https:\/\/amt.ee\/wp-content\/uploads\/2022\/04\/9789949856169.jpg\",\"contentUrl\":\"https:\/\/amt.ee\/wp-content\/uploads\/2022\/04\/9789949856169.jpg\",\"width\":744,\"height\":992},{\"@type\":\"BreadcrumbList\",\"@id\":\"https:\/\/amt.ee\/product\/lu-la-tutvustab-kosmos\/#breadcrumb\",\"itemListElement\":[{\"@type\":\"ListItem\",\"position\":1,\"name\":\"Home\",\"item\":\"https:\/\/amt.ee\/en\/\"},{\"@type\":\"ListItem\",\"position\":2,\"name\":\"Shop\",\"item\":\"https:\/\/amt.ee\/en\/shop\/\"},{\"@type\":\"ListItem\",\"position\":3,\"name\":\"LU-LA TUTVUSTAB: KOSMOS\"}]},{\"@type\":\"WebSite\",\"@id\":\"https:\/\/amt.ee\/#website\",\"url\":\"https:\/\/amt.ee\/\",\"name\":\"Astro &amp; Micro Technics Ltd.\",\"description\":\"\",\"publisher\":{\"@id\":\"https:\/\/amt.ee\/#organization\"},\"potentialAction\":[{\"@type\":\"SearchAction\",\"target\":{\"@type\":\"EntryPoint\",\"urlTemplate\":\"https:\/\/amt.ee\/?s={search_term_string}\"},\"query-input\":{\"@type\":\"PropertyValueSpecification\",\"valueRequired\":true,\"valueName\":\"search_term_string\"}}],\"inLanguage\":\"en-US\"},{\"@type\":\"Organization\",\"@id\":\"https:\/\/amt.ee\/#organization\",\"name\":\"Astro & Micro Technics Ltd.\",\"url\":\"https:\/\/amt.ee\/\",\"logo\":{\"@type\":\"ImageObject\",\"inLanguage\":\"en-US\",\"@id\":\"https:\/\/amt.ee\/#\/schema\/logo\/image\/\",\"url\":\"https:\/\/amt.ee\/wp-content\/uploads\/2021\/01\/logo.png\",\"contentUrl\":\"https:\/\/amt.ee\/wp-content\/uploads\/2021\/01\/logo.png\",\"width\":500,\"height\":149,\"caption\":\"Astro & Micro Technics Ltd.\"},\"image\":{\"@id\":\"https:\/\/amt.ee\/#\/schema\/logo\/image\/\"},\"sameAs\":[\"https:\/\/www.facebook.com\/AmtEstonia\/\",\"https:\/\/www.instagram.com\/anatoli_medvedev\/\"]}]}<\/script>\n<!-- \/ Yoast SEO plugin. -->","yoast_head_json":{"title":"LU-LA TUTVUSTAB: KOSMOS","description":"T\u00f5lkija (d): Mihkel M\u00f5isnik Kirjastus: T\u00e4nap\u00e4ev Ilmumisaasta: 2019 Lehek\u00fclgi: 32 Formaat: K\u00f5vakaaneline M\u00f5\u00f5dud: 255 x 257 x 9 mm","robots":{"index":"index","follow":"follow","max-snippet":"max-snippet:-1","max-image-preview":"max-image-preview:large","max-video-preview":"max-video-preview:-1"},"canonical":"https:\/\/amt.ee\/product\/lu-la-tutvustab-kosmos\/","og_locale":"en_US","og_type":"article","og_title":"LU-LA TUTVUSTAB: KOSMOS","og_description":"T\u00f5lkija (d): Mihkel M\u00f5isnik Kirjastus: T\u00e4nap\u00e4ev Ilmumisaasta: 2019 Lehek\u00fclgi: 32 Formaat: K\u00f5vakaaneline M\u00f5\u00f5dud: 255 x 257 x 9 mm","og_url":"https:\/\/amt.ee\/product\/lu-la-tutvustab-kosmos\/","og_site_name":"Astro &amp; Micro Technics Ltd.","article_publisher":"https:\/\/www.facebook.com\/AmtEstonia\/","article_modified_time":"2024-03-17T00:34:22+00:00","og_image":[{"width":744,"height":992,"url":"https:\/\/amt.ee\/wp-content\/uploads\/2022\/04\/9789949856169.jpg","type":"image\/jpeg"}],"twitter_card":"summary_large_image","schema":{"@context":"https:\/\/schema.org","@graph":[{"@type":"WebPage","@id":"https:\/\/amt.ee\/product\/lu-la-tutvustab-kosmos\/","url":"https:\/\/amt.ee\/product\/lu-la-tutvustab-kosmos\/","name":"LU-LA TUTVUSTAB: KOSMOS","isPartOf":{"@id":"https:\/\/amt.ee\/#website"},"primaryImageOfPage":{"@id":"https:\/\/amt.ee\/product\/lu-la-tutvustab-kosmos\/#primaryimage"},"image":{"@id":"https:\/\/amt.ee\/product\/lu-la-tutvustab-kosmos\/#primaryimage"},"thumbnailUrl":"https:\/\/amt.ee\/wp-content\/uploads\/2022\/04\/9789949856169.jpg","datePublished":"2022-04-06T11:05:41+00:00","dateModified":"2024-03-17T00:34:22+00:00","description":"T\u00f5lkija (d): Mihkel M\u00f5isnik Kirjastus: T\u00e4nap\u00e4ev Ilmumisaasta: 2019 Lehek\u00fclgi: 32 Formaat: K\u00f5vakaaneline M\u00f5\u00f5dud: 255 x 257 x 9 mm","breadcrumb":{"@id":"https:\/\/amt.ee\/product\/lu-la-tutvustab-kosmos\/#breadcrumb"},"inLanguage":"en-US","potentialAction":[{"@type":"ReadAction","target":["https:\/\/amt.ee\/product\/lu-la-tutvustab-kosmos\/"]}]},{"@type":"ImageObject","inLanguage":"en-US","@id":"https:\/\/amt.ee\/product\/lu-la-tutvustab-kosmos\/#primaryimage","url":"https:\/\/amt.ee\/wp-content\/uploads\/2022\/04\/9789949856169.jpg","contentUrl":"https:\/\/amt.ee\/wp-content\/uploads\/2022\/04\/9789949856169.jpg","width":744,"height":992},{"@type":"BreadcrumbList","@id":"https:\/\/amt.ee\/product\/lu-la-tutvustab-kosmos\/#breadcrumb","itemListElement":[{"@type":"ListItem","position":1,"name":"Home","item":"https:\/\/amt.ee\/en\/"},{"@type":"ListItem","position":2,"name":"Shop","item":"https:\/\/amt.ee\/en\/shop\/"},{"@type":"ListItem","position":3,"name":"LU-LA TUTVUSTAB: KOSMOS"}]},{"@type":"WebSite","@id":"https:\/\/amt.ee\/#website","url":"https:\/\/amt.ee\/","name":"Astro &amp; Micro Technics Ltd.","description":"","publisher":{"@id":"https:\/\/amt.ee\/#organization"},"potentialAction":[{"@type":"SearchAction","target":{"@type":"EntryPoint","urlTemplate":"https:\/\/amt.ee\/?s={search_term_string}"},"query-input":{"@type":"PropertyValueSpecification","valueRequired":true,"valueName":"search_term_string"}}],"inLanguage":"en-US"},{"@type":"Organization","@id":"https:\/\/amt.ee\/#organization","name":"Astro & Micro Technics Ltd.","url":"https:\/\/amt.ee\/","logo":{"@type":"ImageObject","inLanguage":"en-US","@id":"https:\/\/amt.ee\/#\/schema\/logo\/image\/","url":"https:\/\/amt.ee\/wp-content\/uploads\/2021\/01\/logo.png","contentUrl":"https:\/\/amt.ee\/wp-content\/uploads\/2021\/01\/logo.png","width":500,"height":149,"caption":"Astro & Micro Technics Ltd."},"image":{"@id":"https:\/\/amt.ee\/#\/schema\/logo\/image\/"},"sameAs":["https:\/\/www.facebook.com\/AmtEstonia\/","https:\/\/www.instagram.com\/anatoli_medvedev\/"]}]}},"_links":{"self":[{"href":"https:\/\/amt.ee\/en\/wp-json\/wp\/v2\/product\/24178","targetHints":{"allow":["GET"]}}],"collection":[{"href":"https:\/\/amt.ee\/en\/wp-json\/wp\/v2\/product"}],"about":[{"href":"https:\/\/amt.ee\/en\/wp-json\/wp\/v2\/types\/product"}],"replies":[{"embeddable":true,"href":"https:\/\/amt.ee\/en\/wp-json\/wp\/v2\/comments?post=24178"}],"wp:featuredmedia":[{"embeddable":true,"href":"https:\/\/amt.ee\/en\/wp-json\/wp\/v2\/media\/24179"}],"wp:attachment":[{"href":"https:\/\/amt.ee\/en\/wp-json\/wp\/v2\/media?parent=24178"}],"wp:term":[{"taxonomy":"product_brand","embeddable":true,"href":"https:\/\/amt.ee\/en\/wp-json\/wp\/v2\/product_brand?post=24178"},{"taxonomy":"product_cat","embeddable":true,"href":"https:\/\/amt.ee\/en\/wp-json\/wp\/v2\/product_cat?post=24178"},{"taxonomy":"product_tag","embeddable":true,"href":"https:\/\/amt.ee\/en\/wp-json\/wp\/v2\/product_tag?post=24178"}],"curies":[{"name":"wp","href":"https:\/\/api.w.org\/{rel}","templated":true}]}}