{"id":13728,"date":"2021-05-26T06:52:59","date_gmt":"2021-05-26T06:52:59","guid":{"rendered":"https:\/\/amt.ee\/?post_type=product&#038;p=13728"},"modified":"2022-04-04T11:23:30","modified_gmt":"2022-04-04T11:23:30","slug":"kirev-maailm-uurime-umbritsevat-maailma","status":"publish","type":"product","link":"https:\/\/amt.ee\/en\/product\/kirev-maailm-uurime-umbritsevat-maailma\/","title":{"rendered":"KIREV MAAILM. UURIME \u00dcMBRITSEVAT MAAILMA"},"content":{"rendered":"<p>Kas sa teadsid, et sinivaala keelele mahub \u00e4ra koguni kaks jalgpalliv\u00f5istkonda?<br \/>\nOn asju, nagu n\u00e4iteks Giza suur p\u00fcramiid, mis on nii suured, et neid on raske isegi ette kujutada. On asju, mis on nii v\u00e4ikesed, et neid ilma suurendusklaasita selgesti ei n\u00e4e.<\/p>\n<p>Sajad ootamatud v\u00f5rdlused ja \u00fcllatavad faktid k\u00f5ige suuremate ja v\u00e4iksemate, k\u00f5ige kiiremate ja aeglasemate, k\u00f5ige raskemate ja kergemate n\u00e4htuste ja asjade kohta.<br \/>\nSee l\u00f5bus ja kujutlusv\u00f5imet arendav raamat annab sulle v\u00f5imaluse n\u00e4ha maailma t\u00e4iesti uue pilguga!<\/p>\n","protected":false},"excerpt":{"rendered":"<p>Autor: Clive Gifford<br \/>\nT\u00f5lkija (d): T\u00f5nis V\u00e4rnik<br \/>\nIllustreerija (d): Paul Boston<br \/>\nKirjastus: Varrak<br \/>\nIlmumisaasta: 2020<br \/>\nLehek\u00fclgi: 96<br \/>\nFormaat: K\u00f5vakaaneline<br \/>\nM\u00f5\u00f5dud: 304 \u00d7 256 \u0445 16 \u043c\u043c<\/p>\n","protected":false},"featured_media":13729,"comment_status":"open","ping_status":"closed","template":"","meta":[],"product_brand":[],"product_cat":[354],"product_tag":[],"class_list":{"0":"post-13728","1":"product","2":"type-product","3":"status-publish","4":"has-post-thumbnail","6":"product_cat-books-estonian","8":"first","9":"outofstock","10":"sale","11":"taxable","12":"shipping-taxable","13":"purchasable","14":"product-type-simple"},"yoast_head":"<!-- This site is optimized with the Yoast SEO plugin v25.2 - https:\/\/yoast.com\/wordpress\/plugins\/seo\/ -->\n<title>KIREV MAAILM. UURIME \u00dcMBRITSEVAT MAAILMA<\/title>\n<meta name=\"description\" content=\"Autor: Clive Gifford T\u00f5lkija (d): T\u00f5nis V\u00e4rnik Illustreerija (d): Paul Boston Kirjastus: Varrak Ilmumisaasta: 2020 Lehek\u00fclgi: 96 Formaat: K\u00f5vakaaneline M\u00f5\u00f5dud: 304 \u00d7 256 \u0445 16 \u043c\u043c\" \/>\n<meta name=\"robots\" content=\"index, follow, max-snippet:-1, max-image-preview:large, max-video-preview:-1\" \/>\n<link rel=\"canonical\" href=\"https:\/\/amt.ee\/product\/kirev-maailm-uurime-umbritsevat-maailma\/\" \/>\n<meta property=\"og:locale\" content=\"en_US\" \/>\n<meta property=\"og:type\" content=\"article\" \/>\n<meta property=\"og:title\" content=\"KIREV MAAILM. UURIME \u00dcMBRITSEVAT MAAILMA\" \/>\n<meta property=\"og:description\" content=\"Autor: Clive Gifford T\u00f5lkija (d): T\u00f5nis V\u00e4rnik Illustreerija (d): Paul Boston Kirjastus: Varrak Ilmumisaasta: 2020 Lehek\u00fclgi: 96 Formaat: K\u00f5vakaaneline M\u00f5\u00f5dud: 304 \u00d7 256 \u0445 16 \u043c\u043c\" \/>\n<meta property=\"og:url\" content=\"https:\/\/amt.ee\/product\/kirev-maailm-uurime-umbritsevat-maailma\/\" \/>\n<meta property=\"og:site_name\" content=\"Astro &amp; Micro Technics Ltd.\" \/>\n<meta property=\"article:publisher\" content=\"https:\/\/www.facebook.com\/AmtEstonia\/\" \/>\n<meta property=\"article:modified_time\" content=\"2022-04-04T11:23:30+00:00\" \/>\n<meta property=\"og:image\" content=\"https:\/\/amt.ee\/wp-content\/uploads\/2021\/05\/kirev-maailm-uurime-umbritsevat-maailma.jpg\" \/>\n\t<meta property=\"og:image:width\" content=\"708\" \/>\n\t<meta property=\"og:image:height\" content=\"944\" \/>\n\t<meta property=\"og:image:type\" content=\"image\/jpeg\" \/>\n<meta name=\"twitter:card\" content=\"summary_large_image\" \/>\n<script type=\"application\/ld+json\" class=\"yoast-schema-graph\">{\"@context\":\"https:\/\/schema.org\",\"@graph\":[{\"@type\":\"WebPage\",\"@id\":\"https:\/\/amt.ee\/product\/kirev-maailm-uurime-umbritsevat-maailma\/\",\"url\":\"https:\/\/amt.ee\/product\/kirev-maailm-uurime-umbritsevat-maailma\/\",\"name\":\"KIREV MAAILM. UURIME \u00dcMBRITSEVAT MAAILMA\",\"isPartOf\":{\"@id\":\"https:\/\/amt.ee\/#website\"},\"primaryImageOfPage\":{\"@id\":\"https:\/\/amt.ee\/product\/kirev-maailm-uurime-umbritsevat-maailma\/#primaryimage\"},\"image\":{\"@id\":\"https:\/\/amt.ee\/product\/kirev-maailm-uurime-umbritsevat-maailma\/#primaryimage\"},\"thumbnailUrl\":\"https:\/\/amt.ee\/wp-content\/uploads\/2021\/05\/kirev-maailm-uurime-umbritsevat-maailma.jpg\",\"datePublished\":\"2021-05-26T06:52:59+00:00\",\"dateModified\":\"2022-04-04T11:23:30+00:00\",\"description\":\"Autor: Clive Gifford T\u00f5lkija (d): T\u00f5nis V\u00e4rnik Illustreerija (d): Paul Boston Kirjastus: Varrak Ilmumisaasta: 2020 Lehek\u00fclgi: 96 Formaat: K\u00f5vakaaneline M\u00f5\u00f5dud: 304 \u00d7 256 \u0445 16 \u043c\u043c\",\"breadcrumb\":{\"@id\":\"https:\/\/amt.ee\/product\/kirev-maailm-uurime-umbritsevat-maailma\/#breadcrumb\"},\"inLanguage\":\"en-US\",\"potentialAction\":[{\"@type\":\"ReadAction\",\"target\":[\"https:\/\/amt.ee\/product\/kirev-maailm-uurime-umbritsevat-maailma\/\"]}]},{\"@type\":\"ImageObject\",\"inLanguage\":\"en-US\",\"@id\":\"https:\/\/amt.ee\/product\/kirev-maailm-uurime-umbritsevat-maailma\/#primaryimage\",\"url\":\"https:\/\/amt.ee\/wp-content\/uploads\/2021\/05\/kirev-maailm-uurime-umbritsevat-maailma.jpg\",\"contentUrl\":\"https:\/\/amt.ee\/wp-content\/uploads\/2021\/05\/kirev-maailm-uurime-umbritsevat-maailma.jpg\",\"width\":708,\"height\":944},{\"@type\":\"BreadcrumbList\",\"@id\":\"https:\/\/amt.ee\/product\/kirev-maailm-uurime-umbritsevat-maailma\/#breadcrumb\",\"itemListElement\":[{\"@type\":\"ListItem\",\"position\":1,\"name\":\"Home\",\"item\":\"https:\/\/amt.ee\/en\/\"},{\"@type\":\"ListItem\",\"position\":2,\"name\":\"Shop\",\"item\":\"https:\/\/amt.ee\/en\/shop\/\"},{\"@type\":\"ListItem\",\"position\":3,\"name\":\"KIREV MAAILM. UURIME \u00dcMBRITSEVAT MAAILMA\"}]},{\"@type\":\"WebSite\",\"@id\":\"https:\/\/amt.ee\/#website\",\"url\":\"https:\/\/amt.ee\/\",\"name\":\"Astro &amp; Micro Technics Ltd.\",\"description\":\"\",\"publisher\":{\"@id\":\"https:\/\/amt.ee\/#organization\"},\"potentialAction\":[{\"@type\":\"SearchAction\",\"target\":{\"@type\":\"EntryPoint\",\"urlTemplate\":\"https:\/\/amt.ee\/?s={search_term_string}\"},\"query-input\":{\"@type\":\"PropertyValueSpecification\",\"valueRequired\":true,\"valueName\":\"search_term_string\"}}],\"inLanguage\":\"en-US\"},{\"@type\":\"Organization\",\"@id\":\"https:\/\/amt.ee\/#organization\",\"name\":\"Astro & Micro Technics Ltd.\",\"url\":\"https:\/\/amt.ee\/\",\"logo\":{\"@type\":\"ImageObject\",\"inLanguage\":\"en-US\",\"@id\":\"https:\/\/amt.ee\/#\/schema\/logo\/image\/\",\"url\":\"https:\/\/amt.ee\/wp-content\/uploads\/2021\/01\/logo.png\",\"contentUrl\":\"https:\/\/amt.ee\/wp-content\/uploads\/2021\/01\/logo.png\",\"width\":500,\"height\":149,\"caption\":\"Astro & Micro Technics Ltd.\"},\"image\":{\"@id\":\"https:\/\/amt.ee\/#\/schema\/logo\/image\/\"},\"sameAs\":[\"https:\/\/www.facebook.com\/AmtEstonia\/\",\"https:\/\/www.instagram.com\/anatoli_medvedev\/\"]}]}<\/script>\n<!-- \/ Yoast SEO plugin. -->","yoast_head_json":{"title":"KIREV MAAILM. UURIME \u00dcMBRITSEVAT MAAILMA","description":"Autor: Clive Gifford T\u00f5lkija (d): T\u00f5nis V\u00e4rnik Illustreerija (d): Paul Boston Kirjastus: Varrak Ilmumisaasta: 2020 Lehek\u00fclgi: 96 Formaat: K\u00f5vakaaneline M\u00f5\u00f5dud: 304 \u00d7 256 \u0445 16 \u043c\u043c","robots":{"index":"index","follow":"follow","max-snippet":"max-snippet:-1","max-image-preview":"max-image-preview:large","max-video-preview":"max-video-preview:-1"},"canonical":"https:\/\/amt.ee\/product\/kirev-maailm-uurime-umbritsevat-maailma\/","og_locale":"en_US","og_type":"article","og_title":"KIREV MAAILM. UURIME \u00dcMBRITSEVAT MAAILMA","og_description":"Autor: Clive Gifford T\u00f5lkija (d): T\u00f5nis V\u00e4rnik Illustreerija (d): Paul Boston Kirjastus: Varrak Ilmumisaasta: 2020 Lehek\u00fclgi: 96 Formaat: K\u00f5vakaaneline M\u00f5\u00f5dud: 304 \u00d7 256 \u0445 16 \u043c\u043c","og_url":"https:\/\/amt.ee\/product\/kirev-maailm-uurime-umbritsevat-maailma\/","og_site_name":"Astro &amp; Micro Technics Ltd.","article_publisher":"https:\/\/www.facebook.com\/AmtEstonia\/","article_modified_time":"2022-04-04T11:23:30+00:00","og_image":[{"width":708,"height":944,"url":"https:\/\/amt.ee\/wp-content\/uploads\/2021\/05\/kirev-maailm-uurime-umbritsevat-maailma.jpg","type":"image\/jpeg"}],"twitter_card":"summary_large_image","schema":{"@context":"https:\/\/schema.org","@graph":[{"@type":"WebPage","@id":"https:\/\/amt.ee\/product\/kirev-maailm-uurime-umbritsevat-maailma\/","url":"https:\/\/amt.ee\/product\/kirev-maailm-uurime-umbritsevat-maailma\/","name":"KIREV MAAILM. UURIME \u00dcMBRITSEVAT MAAILMA","isPartOf":{"@id":"https:\/\/amt.ee\/#website"},"primaryImageOfPage":{"@id":"https:\/\/amt.ee\/product\/kirev-maailm-uurime-umbritsevat-maailma\/#primaryimage"},"image":{"@id":"https:\/\/amt.ee\/product\/kirev-maailm-uurime-umbritsevat-maailma\/#primaryimage"},"thumbnailUrl":"https:\/\/amt.ee\/wp-content\/uploads\/2021\/05\/kirev-maailm-uurime-umbritsevat-maailma.jpg","datePublished":"2021-05-26T06:52:59+00:00","dateModified":"2022-04-04T11:23:30+00:00","description":"Autor: Clive Gifford T\u00f5lkija (d): T\u00f5nis V\u00e4rnik Illustreerija (d): Paul Boston Kirjastus: Varrak Ilmumisaasta: 2020 Lehek\u00fclgi: 96 Formaat: K\u00f5vakaaneline M\u00f5\u00f5dud: 304 \u00d7 256 \u0445 16 \u043c\u043c","breadcrumb":{"@id":"https:\/\/amt.ee\/product\/kirev-maailm-uurime-umbritsevat-maailma\/#breadcrumb"},"inLanguage":"en-US","potentialAction":[{"@type":"ReadAction","target":["https:\/\/amt.ee\/product\/kirev-maailm-uurime-umbritsevat-maailma\/"]}]},{"@type":"ImageObject","inLanguage":"en-US","@id":"https:\/\/amt.ee\/product\/kirev-maailm-uurime-umbritsevat-maailma\/#primaryimage","url":"https:\/\/amt.ee\/wp-content\/uploads\/2021\/05\/kirev-maailm-uurime-umbritsevat-maailma.jpg","contentUrl":"https:\/\/amt.ee\/wp-content\/uploads\/2021\/05\/kirev-maailm-uurime-umbritsevat-maailma.jpg","width":708,"height":944},{"@type":"BreadcrumbList","@id":"https:\/\/amt.ee\/product\/kirev-maailm-uurime-umbritsevat-maailma\/#breadcrumb","itemListElement":[{"@type":"ListItem","position":1,"name":"Home","item":"https:\/\/amt.ee\/en\/"},{"@type":"ListItem","position":2,"name":"Shop","item":"https:\/\/amt.ee\/en\/shop\/"},{"@type":"ListItem","position":3,"name":"KIREV MAAILM. UURIME \u00dcMBRITSEVAT MAAILMA"}]},{"@type":"WebSite","@id":"https:\/\/amt.ee\/#website","url":"https:\/\/amt.ee\/","name":"Astro &amp; Micro Technics Ltd.","description":"","publisher":{"@id":"https:\/\/amt.ee\/#organization"},"potentialAction":[{"@type":"SearchAction","target":{"@type":"EntryPoint","urlTemplate":"https:\/\/amt.ee\/?s={search_term_string}"},"query-input":{"@type":"PropertyValueSpecification","valueRequired":true,"valueName":"search_term_string"}}],"inLanguage":"en-US"},{"@type":"Organization","@id":"https:\/\/amt.ee\/#organization","name":"Astro & Micro Technics Ltd.","url":"https:\/\/amt.ee\/","logo":{"@type":"ImageObject","inLanguage":"en-US","@id":"https:\/\/amt.ee\/#\/schema\/logo\/image\/","url":"https:\/\/amt.ee\/wp-content\/uploads\/2021\/01\/logo.png","contentUrl":"https:\/\/amt.ee\/wp-content\/uploads\/2021\/01\/logo.png","width":500,"height":149,"caption":"Astro & Micro Technics Ltd."},"image":{"@id":"https:\/\/amt.ee\/#\/schema\/logo\/image\/"},"sameAs":["https:\/\/www.facebook.com\/AmtEstonia\/","https:\/\/www.instagram.com\/anatoli_medvedev\/"]}]}},"_links":{"self":[{"href":"https:\/\/amt.ee\/en\/wp-json\/wp\/v2\/product\/13728","targetHints":{"allow":["GET"]}}],"collection":[{"href":"https:\/\/amt.ee\/en\/wp-json\/wp\/v2\/product"}],"about":[{"href":"https:\/\/amt.ee\/en\/wp-json\/wp\/v2\/types\/product"}],"replies":[{"embeddable":true,"href":"https:\/\/amt.ee\/en\/wp-json\/wp\/v2\/comments?post=13728"}],"wp:featuredmedia":[{"embeddable":true,"href":"https:\/\/amt.ee\/en\/wp-json\/wp\/v2\/media\/13729"}],"wp:attachment":[{"href":"https:\/\/amt.ee\/en\/wp-json\/wp\/v2\/media?parent=13728"}],"wp:term":[{"taxonomy":"product_brand","embeddable":true,"href":"https:\/\/amt.ee\/en\/wp-json\/wp\/v2\/product_brand?post=13728"},{"taxonomy":"product_cat","embeddable":true,"href":"https:\/\/amt.ee\/en\/wp-json\/wp\/v2\/product_cat?post=13728"},{"taxonomy":"product_tag","embeddable":true,"href":"https:\/\/amt.ee\/en\/wp-json\/wp\/v2\/product_tag?post=13728"}],"curies":[{"name":"wp","href":"https:\/\/api.w.org\/{rel}","templated":true}]}}