{"id":13680,"date":"2021-05-26T05:25:09","date_gmt":"2021-05-26T05:25:09","guid":{"rendered":"https:\/\/amt.ee\/?post_type=product&#038;p=13680"},"modified":"2025-06-02T17:49:21","modified_gmt":"2025-06-02T17:49:21","slug":"kaardid-maid-meresid-ja-kultuure-tutvustav-pildiline-rannak","status":"publish","type":"product","link":"https:\/\/amt.ee\/en\/product\/kaardid-maid-meresid-ja-kultuure-tutvustav-pildiline-rannak\/","title":{"rendered":"x. KAARDID. MAID, MERESID JA KULTUURE TUTVUSTAV PILDILINE R\u00c4NNAK"},"content":{"rendered":"<p>Avasta maailma selle detailirohke ja atraktiivse kaardiraamatu abil. Suurtel kaksiklehek\u00fclgedel on kaardistatud 6 maailmajagu ja 47 riiki, seal hulgas ka Eesti. Peale geograafiliste objektide ja poliitiliste piiride on v\u00e4lja toodud iga riigi vaatamisv\u00e4\u00e4rsused, kuulsad isikud, piirkonnale iseloomulikud loomad ja taimed, rahvustoidud, kultuuris\u00fcndmused, \u00fcllatavad ja vahel ka veidrad faktid.<br \/>\nKokku moodustub muhe ja hariv tervik, mis pakub uusi avastusi ja r\u00f5\u00f5msat \u00e4ratundmist nii lastele kui ka t\u00e4iskasvanutele.<\/p>\n<p>\u201eKaardid&#8221; on alates esmailmumisest 2012. aastal kujunenud rahvusvaheliseks menukiks, mida on avaldatud 25 keeles ja m\u00fc\u00fcdud ligi 2 miljonit eksemplari. Kogu maailm \u00fchte raamatusse ei mahu, k\u00fcll aga on see suurep\u00e4rane v\u00f5imalus teha esimene samm suurel r\u00e4nnakul.<\/p>\n<p><img loading=\"lazy\" decoding=\"async\" class=\"alignnone size-full wp-image-13622\" src=\"https:\/\/amt.ee\/wp-content\/uploads\/2021\/05\/soovitab.png\" alt=\"\" width=\"135\" height=\"135\" \/><\/p>\n","protected":false},"excerpt":{"rendered":"<p>Autor: Daniel Mizielinski, Aleksandra Mizielinska<br \/>\nT\u00f5lkija (d): Kaidi Roots, Kaja Riikoja<br \/>\nKirjastus: Varrak<br \/>\nIlmumisaasta: 2017<br \/>\nLehek\u00fclgi: 116<br \/>\nFormaat: K\u00f5vakaaneline<br \/>\nM\u00f5\u00f5dud: 378 \u00d7 275 \u0445 15 \u043c\u043c<\/p>\n<p><img loading=\"lazy\" decoding=\"async\" class=\"alignnone size-full wp-image-13622\" src=\"https:\/\/amt.ee\/wp-content\/uploads\/2021\/05\/soovitab.png\" alt=\"\" width=\"135\" height=\"135\" \/><\/p>\n<p>&nbsp;<\/p>\n","protected":false},"featured_media":13681,"comment_status":"open","ping_status":"closed","template":"","meta":[],"product_brand":[],"product_cat":[354],"product_tag":[],"class_list":{"0":"post-13680","1":"product","2":"type-product","3":"status-publish","4":"has-post-thumbnail","6":"product_cat-books-estonian","8":"first","9":"outofstock","10":"taxable","11":"shipping-taxable","12":"purchasable","13":"product-type-simple"},"yoast_head":"<!-- This site is optimized with the Yoast SEO plugin v27.4 - https:\/\/yoast.com\/product\/yoast-seo-wordpress\/ -->\n<title>x. KAARDID. MAID, MERESID JA KULTUURE TUTVUSTAV PILDILINE R\u00c4NNAK<\/title>\n<meta name=\"description\" content=\"Autor: Daniel Mizielinski, Aleksandra Mizielinska T\u00f5lkija (d): Kaidi Roots, Kaja Riikoja Kirjastus: Varrak Ilmumisaasta: 2017 Lehek\u00fclgi: 116 Formaat: K\u00f5vakaaneline M\u00f5\u00f5dud: 378 \u00d7 275 \u0445 15 \u043c\u043c    &nbsp;\" \/>\n<meta name=\"robots\" content=\"index, follow, max-snippet:-1, max-image-preview:large, max-video-preview:-1\" \/>\n<link rel=\"canonical\" href=\"https:\/\/amt.ee\/product\/kaardid-maid-meresid-ja-kultuure-tutvustav-pildiline-rannak\/\" \/>\n<meta property=\"og:locale\" content=\"en_US\" \/>\n<meta property=\"og:type\" content=\"article\" \/>\n<meta property=\"og:title\" content=\"x. KAARDID. MAID, MERESID JA KULTUURE TUTVUSTAV PILDILINE R\u00c4NNAK\" \/>\n<meta property=\"og:description\" content=\"Autor: Daniel Mizielinski, Aleksandra Mizielinska T\u00f5lkija (d): Kaidi Roots, Kaja Riikoja Kirjastus: Varrak Ilmumisaasta: 2017 Lehek\u00fclgi: 116 Formaat: K\u00f5vakaaneline M\u00f5\u00f5dud: 378 \u00d7 275 \u0445 15 \u043c\u043c    &nbsp;\" \/>\n<meta property=\"og:url\" content=\"https:\/\/amt.ee\/product\/kaardid-maid-meresid-ja-kultuure-tutvustav-pildiline-rannak\/\" \/>\n<meta property=\"og:site_name\" content=\"Astro &amp; Micro Technics Ltd.\" \/>\n<meta property=\"article:publisher\" content=\"https:\/\/www.facebook.com\/AmtEstonia\/\" \/>\n<meta property=\"article:modified_time\" content=\"2025-06-02T17:49:21+00:00\" \/>\n<meta property=\"og:image\" content=\"https:\/\/amt.ee\/wp-content\/uploads\/2021\/05\/kaardid-maid-meresid-ja-kultuure-tutvustav-pildiline-rannak.jpg\" \/>\n\t<meta property=\"og:image:width\" content=\"601\" \/>\n\t<meta property=\"og:image:height\" content=\"801\" \/>\n\t<meta property=\"og:image:type\" content=\"image\/jpeg\" \/>\n<meta name=\"twitter:card\" content=\"summary_large_image\" \/>\n<meta name=\"twitter:label1\" content=\"Est. reading time\" \/>\n\t<meta name=\"twitter:data1\" content=\"1 minute\" \/>\n<script type=\"application\/ld+json\" class=\"yoast-schema-graph\">{\"@context\":\"https:\\\/\\\/schema.org\",\"@graph\":[{\"@type\":\"WebPage\",\"@id\":\"https:\\\/\\\/amt.ee\\\/product\\\/kaardid-maid-meresid-ja-kultuure-tutvustav-pildiline-rannak\\\/\",\"url\":\"https:\\\/\\\/amt.ee\\\/product\\\/kaardid-maid-meresid-ja-kultuure-tutvustav-pildiline-rannak\\\/\",\"name\":\"x. KAARDID. MAID, MERESID JA KULTUURE TUTVUSTAV PILDILINE R\u00c4NNAK\",\"isPartOf\":{\"@id\":\"https:\\\/\\\/amt.ee\\\/#website\"},\"primaryImageOfPage\":{\"@id\":\"https:\\\/\\\/amt.ee\\\/product\\\/kaardid-maid-meresid-ja-kultuure-tutvustav-pildiline-rannak\\\/#primaryimage\"},\"image\":{\"@id\":\"https:\\\/\\\/amt.ee\\\/product\\\/kaardid-maid-meresid-ja-kultuure-tutvustav-pildiline-rannak\\\/#primaryimage\"},\"thumbnailUrl\":\"https:\\\/\\\/amt.ee\\\/wp-content\\\/uploads\\\/2021\\\/05\\\/kaardid-maid-meresid-ja-kultuure-tutvustav-pildiline-rannak.jpg\",\"datePublished\":\"2021-05-26T05:25:09+00:00\",\"dateModified\":\"2025-06-02T17:49:21+00:00\",\"description\":\"Autor: Daniel Mizielinski, Aleksandra Mizielinska T\u00f5lkija (d): Kaidi Roots, Kaja Riikoja Kirjastus: Varrak Ilmumisaasta: 2017 Lehek\u00fclgi: 116 Formaat: K\u00f5vakaaneline M\u00f5\u00f5dud: 378 \u00d7 275 \u0445 15 \u043c\u043c &nbsp;\",\"breadcrumb\":{\"@id\":\"https:\\\/\\\/amt.ee\\\/product\\\/kaardid-maid-meresid-ja-kultuure-tutvustav-pildiline-rannak\\\/#breadcrumb\"},\"inLanguage\":\"en-US\",\"potentialAction\":[{\"@type\":\"ReadAction\",\"target\":[\"https:\\\/\\\/amt.ee\\\/product\\\/kaardid-maid-meresid-ja-kultuure-tutvustav-pildiline-rannak\\\/\"]}]},{\"@type\":\"ImageObject\",\"inLanguage\":\"en-US\",\"@id\":\"https:\\\/\\\/amt.ee\\\/product\\\/kaardid-maid-meresid-ja-kultuure-tutvustav-pildiline-rannak\\\/#primaryimage\",\"url\":\"https:\\\/\\\/amt.ee\\\/wp-content\\\/uploads\\\/2021\\\/05\\\/kaardid-maid-meresid-ja-kultuure-tutvustav-pildiline-rannak.jpg\",\"contentUrl\":\"https:\\\/\\\/amt.ee\\\/wp-content\\\/uploads\\\/2021\\\/05\\\/kaardid-maid-meresid-ja-kultuure-tutvustav-pildiline-rannak.jpg\",\"width\":601,\"height\":801},{\"@type\":\"BreadcrumbList\",\"@id\":\"https:\\\/\\\/amt.ee\\\/product\\\/kaardid-maid-meresid-ja-kultuure-tutvustav-pildiline-rannak\\\/#breadcrumb\",\"itemListElement\":[{\"@type\":\"ListItem\",\"position\":1,\"name\":\"Home\",\"item\":\"https:\\\/\\\/amt.ee\\\/en\\\/\"},{\"@type\":\"ListItem\",\"position\":2,\"name\":\"Shop\",\"item\":\"https:\\\/\\\/amt.ee\\\/en\\\/shop\\\/\"},{\"@type\":\"ListItem\",\"position\":3,\"name\":\"x. KAARDID. MAID, MERESID JA KULTUURE TUTVUSTAV PILDILINE R\u00c4NNAK\"}]},{\"@type\":\"WebSite\",\"@id\":\"https:\\\/\\\/amt.ee\\\/#website\",\"url\":\"https:\\\/\\\/amt.ee\\\/\",\"name\":\"Astro &amp; Micro Technics Ltd.\",\"description\":\"\",\"publisher\":{\"@id\":\"https:\\\/\\\/amt.ee\\\/#organization\"},\"potentialAction\":[{\"@type\":\"SearchAction\",\"target\":{\"@type\":\"EntryPoint\",\"urlTemplate\":\"https:\\\/\\\/amt.ee\\\/?s={search_term_string}\"},\"query-input\":{\"@type\":\"PropertyValueSpecification\",\"valueRequired\":true,\"valueName\":\"search_term_string\"}}],\"inLanguage\":\"en-US\"},{\"@type\":\"Organization\",\"@id\":\"https:\\\/\\\/amt.ee\\\/#organization\",\"name\":\"Astro & Micro Technics Ltd.\",\"url\":\"https:\\\/\\\/amt.ee\\\/\",\"logo\":{\"@type\":\"ImageObject\",\"inLanguage\":\"en-US\",\"@id\":\"https:\\\/\\\/amt.ee\\\/#\\\/schema\\\/logo\\\/image\\\/\",\"url\":\"https:\\\/\\\/amt.ee\\\/wp-content\\\/uploads\\\/2021\\\/01\\\/logo.png\",\"contentUrl\":\"https:\\\/\\\/amt.ee\\\/wp-content\\\/uploads\\\/2021\\\/01\\\/logo.png\",\"width\":500,\"height\":149,\"caption\":\"Astro & Micro Technics Ltd.\"},\"image\":{\"@id\":\"https:\\\/\\\/amt.ee\\\/#\\\/schema\\\/logo\\\/image\\\/\"},\"sameAs\":[\"https:\\\/\\\/www.facebook.com\\\/AmtEstonia\\\/\",\"https:\\\/\\\/www.instagram.com\\\/anatoli_medvedev\\\/\"]}]}<\/script>\n<!-- \/ Yoast SEO plugin. -->","yoast_head_json":{"title":"x. KAARDID. MAID, MERESID JA KULTUURE TUTVUSTAV PILDILINE R\u00c4NNAK","description":"Autor: Daniel Mizielinski, Aleksandra Mizielinska T\u00f5lkija (d): Kaidi Roots, Kaja Riikoja Kirjastus: Varrak Ilmumisaasta: 2017 Lehek\u00fclgi: 116 Formaat: K\u00f5vakaaneline M\u00f5\u00f5dud: 378 \u00d7 275 \u0445 15 \u043c\u043c    &nbsp;","robots":{"index":"index","follow":"follow","max-snippet":"max-snippet:-1","max-image-preview":"max-image-preview:large","max-video-preview":"max-video-preview:-1"},"canonical":"https:\/\/amt.ee\/product\/kaardid-maid-meresid-ja-kultuure-tutvustav-pildiline-rannak\/","og_locale":"en_US","og_type":"article","og_title":"x. KAARDID. MAID, MERESID JA KULTUURE TUTVUSTAV PILDILINE R\u00c4NNAK","og_description":"Autor: Daniel Mizielinski, Aleksandra Mizielinska T\u00f5lkija (d): Kaidi Roots, Kaja Riikoja Kirjastus: Varrak Ilmumisaasta: 2017 Lehek\u00fclgi: 116 Formaat: K\u00f5vakaaneline M\u00f5\u00f5dud: 378 \u00d7 275 \u0445 15 \u043c\u043c    &nbsp;","og_url":"https:\/\/amt.ee\/product\/kaardid-maid-meresid-ja-kultuure-tutvustav-pildiline-rannak\/","og_site_name":"Astro &amp; Micro Technics Ltd.","article_publisher":"https:\/\/www.facebook.com\/AmtEstonia\/","article_modified_time":"2025-06-02T17:49:21+00:00","og_image":[{"width":601,"height":801,"url":"https:\/\/amt.ee\/wp-content\/uploads\/2021\/05\/kaardid-maid-meresid-ja-kultuure-tutvustav-pildiline-rannak.jpg","type":"image\/jpeg"}],"twitter_card":"summary_large_image","twitter_misc":{"Est. reading time":"1 minute"},"schema":{"@context":"https:\/\/schema.org","@graph":[{"@type":"WebPage","@id":"https:\/\/amt.ee\/product\/kaardid-maid-meresid-ja-kultuure-tutvustav-pildiline-rannak\/","url":"https:\/\/amt.ee\/product\/kaardid-maid-meresid-ja-kultuure-tutvustav-pildiline-rannak\/","name":"x. KAARDID. MAID, MERESID JA KULTUURE TUTVUSTAV PILDILINE R\u00c4NNAK","isPartOf":{"@id":"https:\/\/amt.ee\/#website"},"primaryImageOfPage":{"@id":"https:\/\/amt.ee\/product\/kaardid-maid-meresid-ja-kultuure-tutvustav-pildiline-rannak\/#primaryimage"},"image":{"@id":"https:\/\/amt.ee\/product\/kaardid-maid-meresid-ja-kultuure-tutvustav-pildiline-rannak\/#primaryimage"},"thumbnailUrl":"https:\/\/amt.ee\/wp-content\/uploads\/2021\/05\/kaardid-maid-meresid-ja-kultuure-tutvustav-pildiline-rannak.jpg","datePublished":"2021-05-26T05:25:09+00:00","dateModified":"2025-06-02T17:49:21+00:00","description":"Autor: Daniel Mizielinski, Aleksandra Mizielinska T\u00f5lkija (d): Kaidi Roots, Kaja Riikoja Kirjastus: Varrak Ilmumisaasta: 2017 Lehek\u00fclgi: 116 Formaat: K\u00f5vakaaneline M\u00f5\u00f5dud: 378 \u00d7 275 \u0445 15 \u043c\u043c &nbsp;","breadcrumb":{"@id":"https:\/\/amt.ee\/product\/kaardid-maid-meresid-ja-kultuure-tutvustav-pildiline-rannak\/#breadcrumb"},"inLanguage":"en-US","potentialAction":[{"@type":"ReadAction","target":["https:\/\/amt.ee\/product\/kaardid-maid-meresid-ja-kultuure-tutvustav-pildiline-rannak\/"]}]},{"@type":"ImageObject","inLanguage":"en-US","@id":"https:\/\/amt.ee\/product\/kaardid-maid-meresid-ja-kultuure-tutvustav-pildiline-rannak\/#primaryimage","url":"https:\/\/amt.ee\/wp-content\/uploads\/2021\/05\/kaardid-maid-meresid-ja-kultuure-tutvustav-pildiline-rannak.jpg","contentUrl":"https:\/\/amt.ee\/wp-content\/uploads\/2021\/05\/kaardid-maid-meresid-ja-kultuure-tutvustav-pildiline-rannak.jpg","width":601,"height":801},{"@type":"BreadcrumbList","@id":"https:\/\/amt.ee\/product\/kaardid-maid-meresid-ja-kultuure-tutvustav-pildiline-rannak\/#breadcrumb","itemListElement":[{"@type":"ListItem","position":1,"name":"Home","item":"https:\/\/amt.ee\/en\/"},{"@type":"ListItem","position":2,"name":"Shop","item":"https:\/\/amt.ee\/en\/shop\/"},{"@type":"ListItem","position":3,"name":"x. KAARDID. MAID, MERESID JA KULTUURE TUTVUSTAV PILDILINE R\u00c4NNAK"}]},{"@type":"WebSite","@id":"https:\/\/amt.ee\/#website","url":"https:\/\/amt.ee\/","name":"Astro &amp; Micro Technics Ltd.","description":"","publisher":{"@id":"https:\/\/amt.ee\/#organization"},"potentialAction":[{"@type":"SearchAction","target":{"@type":"EntryPoint","urlTemplate":"https:\/\/amt.ee\/?s={search_term_string}"},"query-input":{"@type":"PropertyValueSpecification","valueRequired":true,"valueName":"search_term_string"}}],"inLanguage":"en-US"},{"@type":"Organization","@id":"https:\/\/amt.ee\/#organization","name":"Astro & Micro Technics Ltd.","url":"https:\/\/amt.ee\/","logo":{"@type":"ImageObject","inLanguage":"en-US","@id":"https:\/\/amt.ee\/#\/schema\/logo\/image\/","url":"https:\/\/amt.ee\/wp-content\/uploads\/2021\/01\/logo.png","contentUrl":"https:\/\/amt.ee\/wp-content\/uploads\/2021\/01\/logo.png","width":500,"height":149,"caption":"Astro & Micro Technics Ltd."},"image":{"@id":"https:\/\/amt.ee\/#\/schema\/logo\/image\/"},"sameAs":["https:\/\/www.facebook.com\/AmtEstonia\/","https:\/\/www.instagram.com\/anatoli_medvedev\/"]}]}},"_links":{"self":[{"href":"https:\/\/amt.ee\/en\/wp-json\/wp\/v2\/product\/13680","targetHints":{"allow":["GET"]}}],"collection":[{"href":"https:\/\/amt.ee\/en\/wp-json\/wp\/v2\/product"}],"about":[{"href":"https:\/\/amt.ee\/en\/wp-json\/wp\/v2\/types\/product"}],"replies":[{"embeddable":true,"href":"https:\/\/amt.ee\/en\/wp-json\/wp\/v2\/comments?post=13680"}],"wp:featuredmedia":[{"embeddable":true,"href":"https:\/\/amt.ee\/en\/wp-json\/wp\/v2\/media\/13681"}],"wp:attachment":[{"href":"https:\/\/amt.ee\/en\/wp-json\/wp\/v2\/media?parent=13680"}],"wp:term":[{"taxonomy":"product_brand","embeddable":true,"href":"https:\/\/amt.ee\/en\/wp-json\/wp\/v2\/product_brand?post=13680"},{"taxonomy":"product_cat","embeddable":true,"href":"https:\/\/amt.ee\/en\/wp-json\/wp\/v2\/product_cat?post=13680"},{"taxonomy":"product_tag","embeddable":true,"href":"https:\/\/amt.ee\/en\/wp-json\/wp\/v2\/product_tag?post=13680"}],"curies":[{"name":"wp","href":"https:\/\/api.w.org\/{rel}","templated":true}]}}