{"id":13640,"date":"2022-04-03T02:00:23","date_gmt":"2022-04-03T02:00:23","guid":{"rendered":"https:\/\/amt.ee\/?post_type=product&#038;p=13640"},"modified":"2025-03-30T15:15:23","modified_gmt":"2025-03-30T15:15:23","slug":"kosmos-teadmiste-entsuklopeedia","status":"publish","type":"product","link":"https:\/\/amt.ee\/en\/product\/kosmos-teadmiste-entsuklopeedia\/","title":{"rendered":"KOSMOS! TEADMISTE ENTS\u00dcKLOPEEDIA"},"content":{"rendered":"<p>Imelised arvutis loodud illustratsioonid n\u00e4itavad Universumi imesid suurest paugust ja mustadest aukudest kosmoselendudeni. R\u00e4nnake s\u00fcgavale punase \u00fclihiiu plahvatusohtlikku tuuma, avastage meie P\u00e4ikeses\u00fcsteemi v\u00f5rratuid planeete ja nende kaaslasi, vaadake kosmoselaevade, skafandrite ja orbitaaljaamade sisemusse ning saage teada, kuidas need t\u00f6\u00f6tavad. Lisaks on raamatus ka p\u00f5hja- ja l\u00f5unapoolkera t\u00e4htkujude atlas.<\/p>\n","protected":false},"excerpt":{"rendered":"<p>T\u00f5lkija (d): Olavi Teppan<br \/>\nIllustreerija (d): Peter Bull, Jason Harding, Arran Lewis<br \/>\nKirjastus: Koolibri<br \/>\nIlmumisaasta: 2019<br \/>\nLehek\u00fclgi: 208<br \/>\nFormaat: K\u00f5vakaaneline<br \/>\nM\u00f5\u00f5dud: 360 \u00d7 259 \u0445 20 \u043c\u043c<\/p>\n","protected":false},"featured_media":13641,"comment_status":"open","ping_status":"closed","template":"","meta":[],"product_brand":[],"product_cat":[354],"product_tag":[],"class_list":{"0":"post-13640","1":"product","2":"type-product","3":"status-publish","4":"has-post-thumbnail","6":"product_cat-books-estonian","8":"first","9":"outofstock","10":"taxable","11":"shipping-taxable","12":"purchasable","13":"product-type-simple"},"yoast_head":"<!-- This site is optimized with the Yoast SEO plugin v25.2 - https:\/\/yoast.com\/wordpress\/plugins\/seo\/ -->\n<title>KOSMOS! TEADMISTE ENTS\u00dcKLOPEEDIA<\/title>\n<meta name=\"description\" content=\"T\u00f5lkija (d): Olavi Teppan Illustreerija (d): Peter Bull, Jason Harding, Arran Lewis Kirjastus: Koolibri Ilmumisaasta: 2019 Lehek\u00fclgi: 208 Formaat: K\u00f5vakaaneline M\u00f5\u00f5dud: 360 \u00d7 259 \u0445 20 \u043c\u043c\" \/>\n<meta name=\"robots\" content=\"index, follow, max-snippet:-1, max-image-preview:large, max-video-preview:-1\" \/>\n<link rel=\"canonical\" href=\"https:\/\/amt.ee\/product\/kosmos-teadmiste-entsuklopeedia\/\" \/>\n<meta property=\"og:locale\" content=\"en_US\" \/>\n<meta property=\"og:type\" content=\"article\" \/>\n<meta property=\"og:title\" content=\"KOSMOS! TEADMISTE ENTS\u00dcKLOPEEDIA\" \/>\n<meta property=\"og:description\" content=\"T\u00f5lkija (d): Olavi Teppan Illustreerija (d): Peter Bull, Jason Harding, Arran Lewis Kirjastus: Koolibri Ilmumisaasta: 2019 Lehek\u00fclgi: 208 Formaat: K\u00f5vakaaneline M\u00f5\u00f5dud: 360 \u00d7 259 \u0445 20 \u043c\u043c\" \/>\n<meta property=\"og:url\" content=\"https:\/\/amt.ee\/product\/kosmos-teadmiste-entsuklopeedia\/\" \/>\n<meta property=\"og:site_name\" content=\"Astro &amp; Micro Technics Ltd.\" \/>\n<meta property=\"article:publisher\" content=\"https:\/\/www.facebook.com\/AmtEstonia\/\" \/>\n<meta property=\"article:modified_time\" content=\"2025-03-30T15:15:23+00:00\" \/>\n<meta property=\"og:image\" content=\"https:\/\/amt.ee\/wp-content\/uploads\/2021\/05\/kosmos-teadmiste-entsuklopeedia.jpg\" \/>\n\t<meta property=\"og:image:width\" content=\"1000\" \/>\n\t<meta property=\"og:image:height\" content=\"1332\" \/>\n\t<meta property=\"og:image:type\" content=\"image\/jpeg\" \/>\n<meta name=\"twitter:card\" content=\"summary_large_image\" \/>\n<script type=\"application\/ld+json\" class=\"yoast-schema-graph\">{\"@context\":\"https:\/\/schema.org\",\"@graph\":[{\"@type\":\"WebPage\",\"@id\":\"https:\/\/amt.ee\/product\/kosmos-teadmiste-entsuklopeedia\/\",\"url\":\"https:\/\/amt.ee\/product\/kosmos-teadmiste-entsuklopeedia\/\",\"name\":\"KOSMOS! TEADMISTE ENTS\u00dcKLOPEEDIA\",\"isPartOf\":{\"@id\":\"https:\/\/amt.ee\/#website\"},\"primaryImageOfPage\":{\"@id\":\"https:\/\/amt.ee\/product\/kosmos-teadmiste-entsuklopeedia\/#primaryimage\"},\"image\":{\"@id\":\"https:\/\/amt.ee\/product\/kosmos-teadmiste-entsuklopeedia\/#primaryimage\"},\"thumbnailUrl\":\"https:\/\/amt.ee\/wp-content\/uploads\/2021\/05\/kosmos-teadmiste-entsuklopeedia.jpg\",\"datePublished\":\"2022-04-03T02:00:23+00:00\",\"dateModified\":\"2025-03-30T15:15:23+00:00\",\"description\":\"T\u00f5lkija (d): Olavi Teppan Illustreerija (d): Peter Bull, Jason Harding, Arran Lewis Kirjastus: Koolibri Ilmumisaasta: 2019 Lehek\u00fclgi: 208 Formaat: K\u00f5vakaaneline M\u00f5\u00f5dud: 360 \u00d7 259 \u0445 20 \u043c\u043c\",\"breadcrumb\":{\"@id\":\"https:\/\/amt.ee\/product\/kosmos-teadmiste-entsuklopeedia\/#breadcrumb\"},\"inLanguage\":\"en-US\",\"potentialAction\":[{\"@type\":\"ReadAction\",\"target\":[\"https:\/\/amt.ee\/product\/kosmos-teadmiste-entsuklopeedia\/\"]}]},{\"@type\":\"ImageObject\",\"inLanguage\":\"en-US\",\"@id\":\"https:\/\/amt.ee\/product\/kosmos-teadmiste-entsuklopeedia\/#primaryimage\",\"url\":\"https:\/\/amt.ee\/wp-content\/uploads\/2021\/05\/kosmos-teadmiste-entsuklopeedia.jpg\",\"contentUrl\":\"https:\/\/amt.ee\/wp-content\/uploads\/2021\/05\/kosmos-teadmiste-entsuklopeedia.jpg\",\"width\":1000,\"height\":1332},{\"@type\":\"BreadcrumbList\",\"@id\":\"https:\/\/amt.ee\/product\/kosmos-teadmiste-entsuklopeedia\/#breadcrumb\",\"itemListElement\":[{\"@type\":\"ListItem\",\"position\":1,\"name\":\"Home\",\"item\":\"https:\/\/amt.ee\/en\/\"},{\"@type\":\"ListItem\",\"position\":2,\"name\":\"Shop\",\"item\":\"https:\/\/amt.ee\/en\/shop\/\"},{\"@type\":\"ListItem\",\"position\":3,\"name\":\"KOSMOS! TEADMISTE ENTS\u00dcKLOPEEDIA\"}]},{\"@type\":\"WebSite\",\"@id\":\"https:\/\/amt.ee\/#website\",\"url\":\"https:\/\/amt.ee\/\",\"name\":\"Astro &amp; Micro Technics Ltd.\",\"description\":\"\",\"publisher\":{\"@id\":\"https:\/\/amt.ee\/#organization\"},\"potentialAction\":[{\"@type\":\"SearchAction\",\"target\":{\"@type\":\"EntryPoint\",\"urlTemplate\":\"https:\/\/amt.ee\/?s={search_term_string}\"},\"query-input\":{\"@type\":\"PropertyValueSpecification\",\"valueRequired\":true,\"valueName\":\"search_term_string\"}}],\"inLanguage\":\"en-US\"},{\"@type\":\"Organization\",\"@id\":\"https:\/\/amt.ee\/#organization\",\"name\":\"Astro & Micro Technics Ltd.\",\"url\":\"https:\/\/amt.ee\/\",\"logo\":{\"@type\":\"ImageObject\",\"inLanguage\":\"en-US\",\"@id\":\"https:\/\/amt.ee\/#\/schema\/logo\/image\/\",\"url\":\"https:\/\/amt.ee\/wp-content\/uploads\/2021\/01\/logo.png\",\"contentUrl\":\"https:\/\/amt.ee\/wp-content\/uploads\/2021\/01\/logo.png\",\"width\":500,\"height\":149,\"caption\":\"Astro & Micro Technics Ltd.\"},\"image\":{\"@id\":\"https:\/\/amt.ee\/#\/schema\/logo\/image\/\"},\"sameAs\":[\"https:\/\/www.facebook.com\/AmtEstonia\/\",\"https:\/\/www.instagram.com\/anatoli_medvedev\/\"]}]}<\/script>\n<!-- \/ Yoast SEO plugin. -->","yoast_head_json":{"title":"KOSMOS! TEADMISTE ENTS\u00dcKLOPEEDIA","description":"T\u00f5lkija (d): Olavi Teppan Illustreerija (d): Peter Bull, Jason Harding, Arran Lewis Kirjastus: Koolibri Ilmumisaasta: 2019 Lehek\u00fclgi: 208 Formaat: K\u00f5vakaaneline M\u00f5\u00f5dud: 360 \u00d7 259 \u0445 20 \u043c\u043c","robots":{"index":"index","follow":"follow","max-snippet":"max-snippet:-1","max-image-preview":"max-image-preview:large","max-video-preview":"max-video-preview:-1"},"canonical":"https:\/\/amt.ee\/product\/kosmos-teadmiste-entsuklopeedia\/","og_locale":"en_US","og_type":"article","og_title":"KOSMOS! TEADMISTE ENTS\u00dcKLOPEEDIA","og_description":"T\u00f5lkija (d): Olavi Teppan Illustreerija (d): Peter Bull, Jason Harding, Arran Lewis Kirjastus: Koolibri Ilmumisaasta: 2019 Lehek\u00fclgi: 208 Formaat: K\u00f5vakaaneline M\u00f5\u00f5dud: 360 \u00d7 259 \u0445 20 \u043c\u043c","og_url":"https:\/\/amt.ee\/product\/kosmos-teadmiste-entsuklopeedia\/","og_site_name":"Astro &amp; Micro Technics Ltd.","article_publisher":"https:\/\/www.facebook.com\/AmtEstonia\/","article_modified_time":"2025-03-30T15:15:23+00:00","og_image":[{"width":1000,"height":1332,"url":"https:\/\/amt.ee\/wp-content\/uploads\/2021\/05\/kosmos-teadmiste-entsuklopeedia.jpg","type":"image\/jpeg"}],"twitter_card":"summary_large_image","schema":{"@context":"https:\/\/schema.org","@graph":[{"@type":"WebPage","@id":"https:\/\/amt.ee\/product\/kosmos-teadmiste-entsuklopeedia\/","url":"https:\/\/amt.ee\/product\/kosmos-teadmiste-entsuklopeedia\/","name":"KOSMOS! TEADMISTE ENTS\u00dcKLOPEEDIA","isPartOf":{"@id":"https:\/\/amt.ee\/#website"},"primaryImageOfPage":{"@id":"https:\/\/amt.ee\/product\/kosmos-teadmiste-entsuklopeedia\/#primaryimage"},"image":{"@id":"https:\/\/amt.ee\/product\/kosmos-teadmiste-entsuklopeedia\/#primaryimage"},"thumbnailUrl":"https:\/\/amt.ee\/wp-content\/uploads\/2021\/05\/kosmos-teadmiste-entsuklopeedia.jpg","datePublished":"2022-04-03T02:00:23+00:00","dateModified":"2025-03-30T15:15:23+00:00","description":"T\u00f5lkija (d): Olavi Teppan Illustreerija (d): Peter Bull, Jason Harding, Arran Lewis Kirjastus: Koolibri Ilmumisaasta: 2019 Lehek\u00fclgi: 208 Formaat: K\u00f5vakaaneline M\u00f5\u00f5dud: 360 \u00d7 259 \u0445 20 \u043c\u043c","breadcrumb":{"@id":"https:\/\/amt.ee\/product\/kosmos-teadmiste-entsuklopeedia\/#breadcrumb"},"inLanguage":"en-US","potentialAction":[{"@type":"ReadAction","target":["https:\/\/amt.ee\/product\/kosmos-teadmiste-entsuklopeedia\/"]}]},{"@type":"ImageObject","inLanguage":"en-US","@id":"https:\/\/amt.ee\/product\/kosmos-teadmiste-entsuklopeedia\/#primaryimage","url":"https:\/\/amt.ee\/wp-content\/uploads\/2021\/05\/kosmos-teadmiste-entsuklopeedia.jpg","contentUrl":"https:\/\/amt.ee\/wp-content\/uploads\/2021\/05\/kosmos-teadmiste-entsuklopeedia.jpg","width":1000,"height":1332},{"@type":"BreadcrumbList","@id":"https:\/\/amt.ee\/product\/kosmos-teadmiste-entsuklopeedia\/#breadcrumb","itemListElement":[{"@type":"ListItem","position":1,"name":"Home","item":"https:\/\/amt.ee\/en\/"},{"@type":"ListItem","position":2,"name":"Shop","item":"https:\/\/amt.ee\/en\/shop\/"},{"@type":"ListItem","position":3,"name":"KOSMOS! TEADMISTE ENTS\u00dcKLOPEEDIA"}]},{"@type":"WebSite","@id":"https:\/\/amt.ee\/#website","url":"https:\/\/amt.ee\/","name":"Astro &amp; Micro Technics Ltd.","description":"","publisher":{"@id":"https:\/\/amt.ee\/#organization"},"potentialAction":[{"@type":"SearchAction","target":{"@type":"EntryPoint","urlTemplate":"https:\/\/amt.ee\/?s={search_term_string}"},"query-input":{"@type":"PropertyValueSpecification","valueRequired":true,"valueName":"search_term_string"}}],"inLanguage":"en-US"},{"@type":"Organization","@id":"https:\/\/amt.ee\/#organization","name":"Astro & Micro Technics Ltd.","url":"https:\/\/amt.ee\/","logo":{"@type":"ImageObject","inLanguage":"en-US","@id":"https:\/\/amt.ee\/#\/schema\/logo\/image\/","url":"https:\/\/amt.ee\/wp-content\/uploads\/2021\/01\/logo.png","contentUrl":"https:\/\/amt.ee\/wp-content\/uploads\/2021\/01\/logo.png","width":500,"height":149,"caption":"Astro & Micro Technics Ltd."},"image":{"@id":"https:\/\/amt.ee\/#\/schema\/logo\/image\/"},"sameAs":["https:\/\/www.facebook.com\/AmtEstonia\/","https:\/\/www.instagram.com\/anatoli_medvedev\/"]}]}},"_links":{"self":[{"href":"https:\/\/amt.ee\/en\/wp-json\/wp\/v2\/product\/13640","targetHints":{"allow":["GET"]}}],"collection":[{"href":"https:\/\/amt.ee\/en\/wp-json\/wp\/v2\/product"}],"about":[{"href":"https:\/\/amt.ee\/en\/wp-json\/wp\/v2\/types\/product"}],"replies":[{"embeddable":true,"href":"https:\/\/amt.ee\/en\/wp-json\/wp\/v2\/comments?post=13640"}],"wp:featuredmedia":[{"embeddable":true,"href":"https:\/\/amt.ee\/en\/wp-json\/wp\/v2\/media\/13641"}],"wp:attachment":[{"href":"https:\/\/amt.ee\/en\/wp-json\/wp\/v2\/media?parent=13640"}],"wp:term":[{"taxonomy":"product_brand","embeddable":true,"href":"https:\/\/amt.ee\/en\/wp-json\/wp\/v2\/product_brand?post=13640"},{"taxonomy":"product_cat","embeddable":true,"href":"https:\/\/amt.ee\/en\/wp-json\/wp\/v2\/product_cat?post=13640"},{"taxonomy":"product_tag","embeddable":true,"href":"https:\/\/amt.ee\/en\/wp-json\/wp\/v2\/product_tag?post=13640"}],"curies":[{"name":"wp","href":"https:\/\/api.w.org\/{rel}","templated":true}]}}