{"id":13577,"date":"2021-03-10T12:03:08","date_gmt":"2021-03-10T12:03:08","guid":{"rendered":"https:\/\/amt.ee\/?post_type=product&#038;p=13577"},"modified":"2022-04-04T11:39:52","modified_gmt":"2022-04-04T11:39:52","slug":"minu-esimene-kolmekeelne-1000-sonaga-pildiraamat-inglise-eesti-vene","status":"publish","type":"product","link":"https:\/\/amt.ee\/en\/product\/minu-esimene-kolmekeelne-1000-sonaga-pildiraamat-inglise-eesti-vene\/","title":{"rendered":"x. MY FIRST THREE-LANGUAGE 1000-WORD PICTURE BOOK. ENGLISH-ESTONIAN-RUSSIAN"},"content":{"rendered":"<p>Esimene kolmekeelne pildiraamat \u00f5petab lapsele s\u00f5nu, mis on seotud \u00fcmbritseva maailmaga.<br \/>\nKool, kodu, perekond, sport, loodus \u2013 raamatust leiab \u00fcle kolmek\u00fcmne lapsele olulise teema, mis on illustreeritud toredate piltidega. Piltide all on kirjas eesti-, inglis- ja venekeelsed s\u00f5nad \u2013 see k\u00f5ik muudab s\u00f5navara omandamise lihtsamaks ja p\u00f5nevamaks!<\/p>\n<p>Tore raamat nii keelek\u00fcmbluseks kui ka kolme keele \u00f5petamiseks algajatele.<\/p>\n","protected":false},"excerpt":{"rendered":"<p>Toimetanud: Sinisukk<br \/>\nKirjastus: Sinisukk<br \/>\nIlmumisaasta: 2021<br \/>\nLehek\u00fclgi: 100<br \/>\nFormaat: K\u00f5vakaaneline<br \/>\nM\u00f5\u00f5dud: 287 \u00d7 240 \u0445 15 \u043c\u043c<\/p>\n","protected":false},"featured_media":13581,"comment_status":"open","ping_status":"closed","template":"","meta":[],"product_brand":[],"product_cat":[354,355],"product_tag":[],"class_list":{"0":"post-13577","1":"product","2":"type-product","3":"status-publish","4":"has-post-thumbnail","6":"product_cat-books-estonian","7":"product_cat-books-russian","9":"first","10":"outofstock","11":"taxable","12":"shipping-taxable","13":"purchasable","14":"product-type-simple"},"yoast_head":"<!-- This site is optimized with the Yoast SEO plugin v27.4 - https:\/\/yoast.com\/product\/yoast-seo-wordpress\/ -->\n<title>x. MY FIRST THREE-LANGUAGE 1000-WORD PICTURE BOOK. ENGLISH-ESTONIAN-RUSSIAN<\/title>\n<meta name=\"description\" content=\"Toimetanud: Sinisukk Kirjastus: Sinisukk Ilmumisaasta: 2021 Lehek\u00fclgi: 100 Formaat: K\u00f5vakaaneline M\u00f5\u00f5dud: 287 \u00d7 240 \u0445 15 \u043c\u043c\" \/>\n<meta name=\"robots\" content=\"index, follow, max-snippet:-1, max-image-preview:large, max-video-preview:-1\" \/>\n<link rel=\"canonical\" href=\"https:\/\/amt.ee\/product\/minu-esimene-kolmekeelne-1000-sonaga-pildiraamat-inglise-eesti-vene\/\" \/>\n<meta property=\"og:locale\" content=\"en_US\" \/>\n<meta property=\"og:type\" content=\"article\" \/>\n<meta property=\"og:title\" content=\"x. MY FIRST THREE-LANGUAGE 1000-WORD PICTURE BOOK. ENGLISH-ESTONIAN-RUSSIAN\" \/>\n<meta property=\"og:description\" content=\"Toimetanud: Sinisukk Kirjastus: Sinisukk Ilmumisaasta: 2021 Lehek\u00fclgi: 100 Formaat: K\u00f5vakaaneline M\u00f5\u00f5dud: 287 \u00d7 240 \u0445 15 \u043c\u043c\" \/>\n<meta property=\"og:url\" content=\"https:\/\/amt.ee\/product\/minu-esimene-kolmekeelne-1000-sonaga-pildiraamat-inglise-eesti-vene\/\" \/>\n<meta property=\"og:site_name\" content=\"Astro &amp; Micro Technics Ltd.\" \/>\n<meta property=\"article:publisher\" content=\"https:\/\/www.facebook.com\/AmtEstonia\/\" \/>\n<meta property=\"article:modified_time\" content=\"2022-04-04T11:39:52+00:00\" \/>\n<meta property=\"og:image\" content=\"https:\/\/amt.ee\/wp-content\/uploads\/2021\/05\/minu-esimene-kolmekeelne-1000-sonaga-pildiraamat-inglise-eesti-vene-1.jpg\" \/>\n\t<meta property=\"og:image:width\" content=\"716\" \/>\n\t<meta property=\"og:image:height\" content=\"956\" \/>\n\t<meta property=\"og:image:type\" content=\"image\/jpeg\" \/>\n<meta name=\"twitter:card\" content=\"summary_large_image\" \/>\n<script type=\"application\/ld+json\" class=\"yoast-schema-graph\">{\"@context\":\"https:\\\/\\\/schema.org\",\"@graph\":[{\"@type\":\"WebPage\",\"@id\":\"https:\\\/\\\/amt.ee\\\/product\\\/minu-esimene-kolmekeelne-1000-sonaga-pildiraamat-inglise-eesti-vene\\\/\",\"url\":\"https:\\\/\\\/amt.ee\\\/product\\\/minu-esimene-kolmekeelne-1000-sonaga-pildiraamat-inglise-eesti-vene\\\/\",\"name\":\"x. MY FIRST THREE-LANGUAGE 1000-WORD PICTURE BOOK. ENGLISH-ESTONIAN-RUSSIAN\",\"isPartOf\":{\"@id\":\"https:\\\/\\\/amt.ee\\\/#website\"},\"primaryImageOfPage\":{\"@id\":\"https:\\\/\\\/amt.ee\\\/product\\\/minu-esimene-kolmekeelne-1000-sonaga-pildiraamat-inglise-eesti-vene\\\/#primaryimage\"},\"image\":{\"@id\":\"https:\\\/\\\/amt.ee\\\/product\\\/minu-esimene-kolmekeelne-1000-sonaga-pildiraamat-inglise-eesti-vene\\\/#primaryimage\"},\"thumbnailUrl\":\"https:\\\/\\\/amt.ee\\\/wp-content\\\/uploads\\\/2021\\\/05\\\/minu-esimene-kolmekeelne-1000-sonaga-pildiraamat-inglise-eesti-vene-1.jpg\",\"datePublished\":\"2021-03-10T12:03:08+00:00\",\"dateModified\":\"2022-04-04T11:39:52+00:00\",\"description\":\"Toimetanud: Sinisukk Kirjastus: Sinisukk Ilmumisaasta: 2021 Lehek\u00fclgi: 100 Formaat: K\u00f5vakaaneline M\u00f5\u00f5dud: 287 \u00d7 240 \u0445 15 \u043c\u043c\",\"breadcrumb\":{\"@id\":\"https:\\\/\\\/amt.ee\\\/product\\\/minu-esimene-kolmekeelne-1000-sonaga-pildiraamat-inglise-eesti-vene\\\/#breadcrumb\"},\"inLanguage\":\"en-US\",\"potentialAction\":[{\"@type\":\"ReadAction\",\"target\":[\"https:\\\/\\\/amt.ee\\\/product\\\/minu-esimene-kolmekeelne-1000-sonaga-pildiraamat-inglise-eesti-vene\\\/\"]}]},{\"@type\":\"ImageObject\",\"inLanguage\":\"en-US\",\"@id\":\"https:\\\/\\\/amt.ee\\\/product\\\/minu-esimene-kolmekeelne-1000-sonaga-pildiraamat-inglise-eesti-vene\\\/#primaryimage\",\"url\":\"https:\\\/\\\/amt.ee\\\/wp-content\\\/uploads\\\/2021\\\/05\\\/minu-esimene-kolmekeelne-1000-sonaga-pildiraamat-inglise-eesti-vene-1.jpg\",\"contentUrl\":\"https:\\\/\\\/amt.ee\\\/wp-content\\\/uploads\\\/2021\\\/05\\\/minu-esimene-kolmekeelne-1000-sonaga-pildiraamat-inglise-eesti-vene-1.jpg\",\"width\":716,\"height\":956},{\"@type\":\"BreadcrumbList\",\"@id\":\"https:\\\/\\\/amt.ee\\\/product\\\/minu-esimene-kolmekeelne-1000-sonaga-pildiraamat-inglise-eesti-vene\\\/#breadcrumb\",\"itemListElement\":[{\"@type\":\"ListItem\",\"position\":1,\"name\":\"Home\",\"item\":\"https:\\\/\\\/amt.ee\\\/en\\\/\"},{\"@type\":\"ListItem\",\"position\":2,\"name\":\"Shop\",\"item\":\"https:\\\/\\\/amt.ee\\\/en\\\/shop\\\/\"},{\"@type\":\"ListItem\",\"position\":3,\"name\":\"x. MY FIRST THREE-LANGUAGE 1000-WORD PICTURE BOOK. ENGLISH-ESTONIAN-RUSSIAN\"}]},{\"@type\":\"WebSite\",\"@id\":\"https:\\\/\\\/amt.ee\\\/#website\",\"url\":\"https:\\\/\\\/amt.ee\\\/\",\"name\":\"Astro &amp; Micro Technics Ltd.\",\"description\":\"\",\"publisher\":{\"@id\":\"https:\\\/\\\/amt.ee\\\/#organization\"},\"potentialAction\":[{\"@type\":\"SearchAction\",\"target\":{\"@type\":\"EntryPoint\",\"urlTemplate\":\"https:\\\/\\\/amt.ee\\\/?s={search_term_string}\"},\"query-input\":{\"@type\":\"PropertyValueSpecification\",\"valueRequired\":true,\"valueName\":\"search_term_string\"}}],\"inLanguage\":\"en-US\"},{\"@type\":\"Organization\",\"@id\":\"https:\\\/\\\/amt.ee\\\/#organization\",\"name\":\"Astro & Micro Technics Ltd.\",\"url\":\"https:\\\/\\\/amt.ee\\\/\",\"logo\":{\"@type\":\"ImageObject\",\"inLanguage\":\"en-US\",\"@id\":\"https:\\\/\\\/amt.ee\\\/#\\\/schema\\\/logo\\\/image\\\/\",\"url\":\"https:\\\/\\\/amt.ee\\\/wp-content\\\/uploads\\\/2021\\\/01\\\/logo.png\",\"contentUrl\":\"https:\\\/\\\/amt.ee\\\/wp-content\\\/uploads\\\/2021\\\/01\\\/logo.png\",\"width\":500,\"height\":149,\"caption\":\"Astro & Micro Technics Ltd.\"},\"image\":{\"@id\":\"https:\\\/\\\/amt.ee\\\/#\\\/schema\\\/logo\\\/image\\\/\"},\"sameAs\":[\"https:\\\/\\\/www.facebook.com\\\/AmtEstonia\\\/\",\"https:\\\/\\\/www.instagram.com\\\/anatoli_medvedev\\\/\"]}]}<\/script>\n<!-- \/ Yoast SEO plugin. -->","yoast_head_json":{"title":"x. MY FIRST THREE-LANGUAGE 1000-WORD PICTURE BOOK. ENGLISH-ESTONIAN-RUSSIAN","description":"Toimetanud: Sinisukk Kirjastus: Sinisukk Ilmumisaasta: 2021 Lehek\u00fclgi: 100 Formaat: K\u00f5vakaaneline M\u00f5\u00f5dud: 287 \u00d7 240 \u0445 15 \u043c\u043c","robots":{"index":"index","follow":"follow","max-snippet":"max-snippet:-1","max-image-preview":"max-image-preview:large","max-video-preview":"max-video-preview:-1"},"canonical":"https:\/\/amt.ee\/product\/minu-esimene-kolmekeelne-1000-sonaga-pildiraamat-inglise-eesti-vene\/","og_locale":"en_US","og_type":"article","og_title":"x. MY FIRST THREE-LANGUAGE 1000-WORD PICTURE BOOK. ENGLISH-ESTONIAN-RUSSIAN","og_description":"Toimetanud: Sinisukk Kirjastus: Sinisukk Ilmumisaasta: 2021 Lehek\u00fclgi: 100 Formaat: K\u00f5vakaaneline M\u00f5\u00f5dud: 287 \u00d7 240 \u0445 15 \u043c\u043c","og_url":"https:\/\/amt.ee\/product\/minu-esimene-kolmekeelne-1000-sonaga-pildiraamat-inglise-eesti-vene\/","og_site_name":"Astro &amp; Micro Technics Ltd.","article_publisher":"https:\/\/www.facebook.com\/AmtEstonia\/","article_modified_time":"2022-04-04T11:39:52+00:00","og_image":[{"width":716,"height":956,"url":"https:\/\/amt.ee\/wp-content\/uploads\/2021\/05\/minu-esimene-kolmekeelne-1000-sonaga-pildiraamat-inglise-eesti-vene-1.jpg","type":"image\/jpeg"}],"twitter_card":"summary_large_image","schema":{"@context":"https:\/\/schema.org","@graph":[{"@type":"WebPage","@id":"https:\/\/amt.ee\/product\/minu-esimene-kolmekeelne-1000-sonaga-pildiraamat-inglise-eesti-vene\/","url":"https:\/\/amt.ee\/product\/minu-esimene-kolmekeelne-1000-sonaga-pildiraamat-inglise-eesti-vene\/","name":"x. MY FIRST THREE-LANGUAGE 1000-WORD PICTURE BOOK. ENGLISH-ESTONIAN-RUSSIAN","isPartOf":{"@id":"https:\/\/amt.ee\/#website"},"primaryImageOfPage":{"@id":"https:\/\/amt.ee\/product\/minu-esimene-kolmekeelne-1000-sonaga-pildiraamat-inglise-eesti-vene\/#primaryimage"},"image":{"@id":"https:\/\/amt.ee\/product\/minu-esimene-kolmekeelne-1000-sonaga-pildiraamat-inglise-eesti-vene\/#primaryimage"},"thumbnailUrl":"https:\/\/amt.ee\/wp-content\/uploads\/2021\/05\/minu-esimene-kolmekeelne-1000-sonaga-pildiraamat-inglise-eesti-vene-1.jpg","datePublished":"2021-03-10T12:03:08+00:00","dateModified":"2022-04-04T11:39:52+00:00","description":"Toimetanud: Sinisukk Kirjastus: Sinisukk Ilmumisaasta: 2021 Lehek\u00fclgi: 100 Formaat: K\u00f5vakaaneline M\u00f5\u00f5dud: 287 \u00d7 240 \u0445 15 \u043c\u043c","breadcrumb":{"@id":"https:\/\/amt.ee\/product\/minu-esimene-kolmekeelne-1000-sonaga-pildiraamat-inglise-eesti-vene\/#breadcrumb"},"inLanguage":"en-US","potentialAction":[{"@type":"ReadAction","target":["https:\/\/amt.ee\/product\/minu-esimene-kolmekeelne-1000-sonaga-pildiraamat-inglise-eesti-vene\/"]}]},{"@type":"ImageObject","inLanguage":"en-US","@id":"https:\/\/amt.ee\/product\/minu-esimene-kolmekeelne-1000-sonaga-pildiraamat-inglise-eesti-vene\/#primaryimage","url":"https:\/\/amt.ee\/wp-content\/uploads\/2021\/05\/minu-esimene-kolmekeelne-1000-sonaga-pildiraamat-inglise-eesti-vene-1.jpg","contentUrl":"https:\/\/amt.ee\/wp-content\/uploads\/2021\/05\/minu-esimene-kolmekeelne-1000-sonaga-pildiraamat-inglise-eesti-vene-1.jpg","width":716,"height":956},{"@type":"BreadcrumbList","@id":"https:\/\/amt.ee\/product\/minu-esimene-kolmekeelne-1000-sonaga-pildiraamat-inglise-eesti-vene\/#breadcrumb","itemListElement":[{"@type":"ListItem","position":1,"name":"Home","item":"https:\/\/amt.ee\/en\/"},{"@type":"ListItem","position":2,"name":"Shop","item":"https:\/\/amt.ee\/en\/shop\/"},{"@type":"ListItem","position":3,"name":"x. MY FIRST THREE-LANGUAGE 1000-WORD PICTURE BOOK. ENGLISH-ESTONIAN-RUSSIAN"}]},{"@type":"WebSite","@id":"https:\/\/amt.ee\/#website","url":"https:\/\/amt.ee\/","name":"Astro &amp; Micro Technics Ltd.","description":"","publisher":{"@id":"https:\/\/amt.ee\/#organization"},"potentialAction":[{"@type":"SearchAction","target":{"@type":"EntryPoint","urlTemplate":"https:\/\/amt.ee\/?s={search_term_string}"},"query-input":{"@type":"PropertyValueSpecification","valueRequired":true,"valueName":"search_term_string"}}],"inLanguage":"en-US"},{"@type":"Organization","@id":"https:\/\/amt.ee\/#organization","name":"Astro & Micro Technics Ltd.","url":"https:\/\/amt.ee\/","logo":{"@type":"ImageObject","inLanguage":"en-US","@id":"https:\/\/amt.ee\/#\/schema\/logo\/image\/","url":"https:\/\/amt.ee\/wp-content\/uploads\/2021\/01\/logo.png","contentUrl":"https:\/\/amt.ee\/wp-content\/uploads\/2021\/01\/logo.png","width":500,"height":149,"caption":"Astro & Micro Technics Ltd."},"image":{"@id":"https:\/\/amt.ee\/#\/schema\/logo\/image\/"},"sameAs":["https:\/\/www.facebook.com\/AmtEstonia\/","https:\/\/www.instagram.com\/anatoli_medvedev\/"]}]}},"_links":{"self":[{"href":"https:\/\/amt.ee\/en\/wp-json\/wp\/v2\/product\/13577","targetHints":{"allow":["GET"]}}],"collection":[{"href":"https:\/\/amt.ee\/en\/wp-json\/wp\/v2\/product"}],"about":[{"href":"https:\/\/amt.ee\/en\/wp-json\/wp\/v2\/types\/product"}],"replies":[{"embeddable":true,"href":"https:\/\/amt.ee\/en\/wp-json\/wp\/v2\/comments?post=13577"}],"wp:featuredmedia":[{"embeddable":true,"href":"https:\/\/amt.ee\/en\/wp-json\/wp\/v2\/media\/13581"}],"wp:attachment":[{"href":"https:\/\/amt.ee\/en\/wp-json\/wp\/v2\/media?parent=13577"}],"wp:term":[{"taxonomy":"product_brand","embeddable":true,"href":"https:\/\/amt.ee\/en\/wp-json\/wp\/v2\/product_brand?post=13577"},{"taxonomy":"product_cat","embeddable":true,"href":"https:\/\/amt.ee\/en\/wp-json\/wp\/v2\/product_cat?post=13577"},{"taxonomy":"product_tag","embeddable":true,"href":"https:\/\/amt.ee\/en\/wp-json\/wp\/v2\/product_tag?post=13577"}],"curies":[{"name":"wp","href":"https:\/\/api.w.org\/{rel}","templated":true}]}}