{"id":8136,"date":"2021-02-05T07:20:38","date_gmt":"2021-02-05T07:20:38","guid":{"rendered":"https:\/\/amt.ee\/?page_id=8136"},"modified":"2021-04-10T13:12:41","modified_gmt":"2021-04-10T13:12:41","slug":"how-to-choose-a-microscope","status":"publish","type":"page","link":"https:\/\/amt.ee\/en\/how-to-choose-a-microscope\/","title":{"rendered":"How to choose a Microscope"},"content":{"rendered":"<section class=\"l-section wpb_row height_medium\"><div class=\"l-section-h i-cf\"><div class=\"g-cols vc_row via_flex valign_top type_default stacking_default\"><div class=\"vc_col-sm-12 wpb_column vc_column_container\"><div class=\"vc_column-inner\"><div class=\"wpb_wrapper\"><div class=\"w-image align_center\"><div class=\"w-image-h\"><img decoding=\"async\" width=\"1400\" height=\"328\" src=\"https:\/\/amt.ee\/wp-content\/uploads\/2021\/02\/Adult-microscop.jpg\" class=\"attachment-full size-full\" alt=\"\" loading=\"lazy\" srcset=\"https:\/\/amt.ee\/wp-content\/uploads\/2021\/02\/Adult-microscop.jpg 1400w, https:\/\/amt.ee\/wp-content\/uploads\/2021\/02\/Adult-microscop-600x141.jpg 600w, https:\/\/amt.ee\/wp-content\/uploads\/2021\/02\/Adult-microscop-300x70.jpg 300w, https:\/\/amt.ee\/wp-content\/uploads\/2021\/02\/Adult-microscop-1024x240.jpg 1024w, https:\/\/amt.ee\/wp-content\/uploads\/2021\/02\/Adult-microscop-872x204.jpg 872w\" sizes=\"auto, (max-width: 1400px) 100vw, 1400px\" \/><\/div><\/div><div class=\"wpb_text_column\"><div class=\"wpb_wrapper\"><h3 style=\"text-align: center;\"><span style=\"color: #000080;\"><strong>\u00a0<\/strong><\/span><\/h3>\n<h3 style=\"text-align: center;\"><span style=\"color: #333399;\"><strong>Valime mikroskoopi<\/strong><strong>.<\/strong><\/span><\/h3>\n<p style=\"padding-left: 40px;\"><span style=\"color: #333399;\"><strong>\u00dcks hea kodune mikroskoop peab v\u00e4lja n\u00e4gema nii:\u00a0 <\/strong><\/span><\/p>\n<p style=\"padding-left: 40px;\">\u2013 metallkorpus<\/p>\n<p style=\"padding-left: 40px;\">\u2013 klaasist, mitte aga plastist optika<\/p>\n<p style=\"padding-left: 40px;\">\u2013 valgusdiood v\u00f5i halogeenvalgustus (\u00fclemine lisavalgustus avardab teie v\u00f5imalusi)<\/p>\n<p style=\"padding-left: 40px;\">\u2013 3 v\u00f5i 4 objektiiviga revolverseade<\/p>\n<p style=\"padding-left: 40px;\">\u2013 lastele, kooli\u00f5pilastele ja harrastajatele sobib mikroskoop 100 kuni 200- kordse suurendusega.<\/p>\n<p style=\"padding-left: 40px;\">\u2013 m\u00f5ningaid mudeleid m\u00fc\u00fcakse kandekotiga. Sellist mikroskoopi on mugav v\u00f5tta reisile v\u00f5i matkale!<\/p>\n<p style=\"padding-left: 40px;\"><span style=\"color: #333399;\"><strong>Kasulikud soovitused<\/strong><\/span><strong><span style=\"color: #333399;\">:<\/span><br \/>\n<\/strong>\u00c4rge unustage mikropreparaatide komplekte \u2013 uuringun\u00e4idiseid. Nendeks v\u00f5ivad olla taimede \u00f5hukesed l\u00f5ikekohad, vees olevad heljumid, mikroorganismid ja palju muud. Iseseisvalt, katsetamata, on neid keeruline teha.<\/p>\n<p style=\"padding-left: 40px;\">Kui tahate koheselt pildi \u00fcle kanda arvutile v\u00f5i salvestada video, v\u00f5iks valida digitaalse usb-mikroskoobi. Digimikroskoobile v\u00f5ib heaks alternatiiviks saada mobiiltelefoni salvestatud sisseehitatud statiiviga optiline mikroskoop, mis samuti lubab avaldada internetis oma vaatluseid.<\/p>\n<p style=\"padding-left: 40px;\">Tasub m\u00e4rkida, et \u00fches ja samas hinnasegmendis olevad optilised seadmed annavad p\u00f5hjalikuma pildi v\u00f5rreldes digiseadmetega.<\/p>\n<p style=\"padding-left: 40px;\">Igas veetilgas v\u00f5ib mikroskoobi abil n\u00e4ha imetillukeste organismidega, zooplanktoniga tervet maailma. Puuviljade ja k\u00f6\u00f6giviljade viljaliha osakestes aga avaneb taimeraku t\u00f5eline ilu \u2013 sibulal on need niiv\u00f5rd suured, et n\u00e4idises v\u00f5ib n\u00e4ha tuuma, rakuseina ja isegi kloroplaste. Veel aga on v\u00e4ga tavatu\u00a0 hallitus \u2013 leivat\u00fckil \u00f5nnestub n\u00e4ha seente tippusid (niiditaoline moodustis) ja eoseid.<\/p>\n<h3 style=\"text-align: center; padding-left: 40px;\"><span style=\"color: #333399;\"><strong>Edu Teile<\/strong><strong>!<\/strong><\/span><\/h3>\n<p>Allpool vaatleme p\u00f5hjalikult mikroskoobi p\u00f5hiparameetreid ja konstruktsiooni.<\/p>\n<p style=\"padding-left: 40px;\"><strong><span style=\"color: #333399;\"><img loading=\"lazy\" decoding=\"async\" class=\"aligncenter wp-image-11770 size-shop_single\" src=\"https:\/\/amt.ee\/wp-content\/uploads\/2021\/04\/mikroskoop-est-600x411.jpg\" alt=\"\" width=\"600\" height=\"411\" srcset=\"https:\/\/amt.ee\/wp-content\/uploads\/2021\/04\/mikroskoop-est-600x411.jpg 600w, https:\/\/amt.ee\/wp-content\/uploads\/2021\/04\/mikroskoop-est-300x206.jpg 300w, https:\/\/amt.ee\/wp-content\/uploads\/2021\/04\/mikroskoop-est.jpg 712w\" sizes=\"auto, (max-width: 600px) 100vw, 600px\" \/>Mitu okulaari on parem: \u00fcks, kaks v\u00f5i isegi kolm?<\/span><\/strong><\/p>\n<p style=\"text-align: left; padding-left: 40px;\">Mikroskoobi valikul m\u00e4ngib okulaar v\u00e4gagi t\u00e4htsat rolli, kuna just sellest s\u00f5ltub paljuski seadme kasutusmugavus. Eksisteerib mitu varianti:<\/p>\n<ul>\n<li style=\"list-style-type: none;\">\n<ul>\n<li>Monokulaarsed \u2013 eeldavad n\u00e4idise vaatlust \u00fche silmaga. Hea lahendus l\u00fchivaatluste korral ja asjaarmastajatele kasutamiseks.<\/li>\n<li>Binokulaarsed \u2013 mugavam. Seda t\u00fc\u00fcpi mikroskoopi tasuks valida juhul, kui kavatsete n\u00e4idiste uuringute taga veeta\u00a0 \u00fcsna palju aega.<\/li>\n<li>Trinokulaarne \u2013 kolmas okulaar on m\u00f5eldud kaamera l\u00fclitamiseks ja kujutise v\u00e4ljutamiseks suuremale ekraanile. Selline mikroskoop sobib r\u00fchmatundideks v\u00f5i pildi salvestamiseks.<\/li>\n<\/ul>\n<\/li>\n<\/ul>\n<p style=\"padding-left: 40px;\">Samuti v\u00f5ib seadmel okulaari asemel olla v\u00e4iksem ekraan.<\/p>\n<p style=\"padding-left: 40px;\"><img loading=\"lazy\" decoding=\"async\" class=\"aligncenter wp-image-8614 size-shop_single\" src=\"https:\/\/amt.ee\/wp-content\/uploads\/2021\/03\/okulyary-600x298.jpg\" alt=\"\" width=\"600\" height=\"298\" srcset=\"https:\/\/amt.ee\/wp-content\/uploads\/2021\/03\/okulyary-600x298.jpg 600w, https:\/\/amt.ee\/wp-content\/uploads\/2021\/03\/okulyary-300x149.jpg 300w, https:\/\/amt.ee\/wp-content\/uploads\/2021\/03\/okulyary.jpg 805w\" sizes=\"auto, (max-width: 600px) 100vw, 600px\" \/><\/p>\n<p style=\"padding-left: 40px;\"><span style=\"color: #333399;\"><strong>Valgustuse erimid<\/strong><\/span><\/p>\n<p style=\"padding-left: 40px;\">Vastates k\u00fcsimusele selle kohta, kuidas valida mikroskoopi, tuleb mainida valgusallika erinevust. Sellest s\u00f5ltub saadud kujutise kvaliteet. Lihtsamates mudelites kasutatakse peegleid ja loomulikku valgustust. Millist mikroskoopi aga valida, kui tahaks vaatluseid teha s\u00f5ltumata ilmast ja \u00f6\u00f6p\u00e4eva ajast? T\u00e4iendava valgustusega kindlasti! See v\u00f5ib olla mitut t\u00fc\u00fcpi:<\/p>\n<ul>\n<li style=\"list-style-type: none;\">\n<ul>\n<li>h\u00f5\u00f5glamp \u2013 \u00fcks lihtsaim lahendus, kuid soojuskiirgus v\u00f5ib n\u00e4idised \u00fclekuivatada, tappa uuritavad mikroorganismid;<\/li>\n<li>valgusdioodid \u2013 universaalne lahendus minimaalse soojenemise ja ereduse reguleerimisega;<\/li>\n<li>halogeenlambid \u2013 annavad v\u00e4ga v\u00f5imsa valgusvoolu, mist\u00f5ttu paigaldatakse neid vaid professionaalsetesse mudelitesse.<\/li>\n<\/ul>\n<\/li>\n<\/ul>\n<p style=\"padding-left: 40px;\"><span style=\"color: #333399;\"><strong>Millist fokusseerimist\u00fc\u00fcpi eelistada?<\/strong><\/span><\/p>\n<p style=\"padding-left: 40px;\">J\u00f5uda selgusele k\u00fcsimuses, millist mikroskoopi oleks m\u00f5ttekam osta, ei ole fokusseerimist\u00fc\u00fcbi m\u00e4\u00e4ratluseta v\u00f5imalik. See on l\u00e4\u00e4tse \u201csuunamise\u201d viis objektile. Lihtsamatel mudelitel on vaid j\u00e4me fokusseering, mille korral moodustab l\u00e4henemise\/kaugenemise samm 0,2-2 mm. Sellest piisab, kui kasutatakse kuni 400 kordset suurendamist.<\/p>\n<p style=\"padding-left: 40px;\">Kui teid huvitab, millise mikroskoobi peaks valima p\u00f5hjalikemaks vaatlusteks, tasuks kaaluda peenfokusseerimise t\u00e4iendava k\u00e4epidemega varianti. See suudab tagada 1-20 mikroniga sammu.<\/p>\n<p style=\"padding-left: 40px;\"><strong><span style=\"color: #333399;\">Suurendamine: kasulik ja kasutu\u00a0<\/span><\/strong><\/p>\n<p style=\"padding-left: 40px;\">K\u00fcsimusele, milline on k\u00f5ige parem mikroskoop, v\u00f5ivad paljud ostjad vastata, et see, mis suurendab k\u00f5ige enam. Kuid see on eksiarvamus. V\u00e4hev\u00f5imsad objektiivid ja okulaarid on igal juhul vajalikud, kuna nendeta ei ole v\u00f5imalik n\u00e4ha n\u00e4idise \u00fcldpilti. T\u00e4helepanu tuleb p\u00f6\u00f6rata vaid kasuliku suurendamise n\u00e4itajale, mis on nominaalsest palju madalam (saaduna objektiivi ja okulaari n\u00e4itajate \u00fcmberkorrutamise teel).<\/p>\n<p style=\"padding-left: 40px;\">\u201eKasutu\u201c suurendamine vaid l\u00e4hendab pilti, lisamata sellele detaile. Mist\u00f5ttu k\u00fcsimuses, kuidas valida mikroskoopi, ei tohiks jahtida \u00e4\u00e4rmiselt suuri numbreid, mida amat\u00f6\u00f6rkasutuses kindlapeale ei vajata.<\/p>\n<h3 style=\"text-align: center;\"><span style=\"color: #000080;\"><strong>\u00a0<\/strong><\/span><\/h3>\n<\/div><\/div><div class=\"w-separator size_large\"><\/div><\/div><\/div><\/div><\/div><\/div><\/section>\n","protected":false},"excerpt":{"rendered":"\u00a0 Valime mikroskoopi. \u00dcks hea kodune mikroskoop peab v\u00e4lja n\u00e4gema nii:\u00a0 \u2013 metallkorpus \u2013 klaasist, mitte aga plastist optika \u2013 valgusdiood v\u00f5i halogeenvalgustus (\u00fclemine lisavalgustus avardab teie v\u00f5imalusi) \u2013 3 v\u00f5i 4 objektiiviga revolverseade \u2013 lastele, kooli\u00f5pilastele ja harrastajatele sobib mikroskoop 100 kuni 200- kordse suurendusega. \u2013 m\u00f5ningaid mudeleid m\u00fc\u00fcakse kandekotiga. Sellist mikroskoopi on mugav...","protected":false},"author":2,"featured_media":0,"parent":0,"menu_order":0,"comment_status":"closed","ping_status":"open","template":"","meta":{"footnotes":""},"class_list":["post-8136","page","type-page","status-publish","hentry"],"yoast_head":"<!-- This site is optimized with the Yoast SEO plugin v27.4 - https:\/\/yoast.com\/product\/yoast-seo-wordpress\/ -->\n<title>How to choose a Microscope - Astro &amp; Micro Technics Ltd.<\/title>\n<meta name=\"robots\" content=\"index, follow, max-snippet:-1, max-image-preview:large, max-video-preview:-1\" \/>\n<link rel=\"canonical\" href=\"https:\/\/amt.ee\/en\/how-to-choose-a-microscope\/\" \/>\n<meta property=\"og:locale\" content=\"en_US\" \/>\n<meta property=\"og:type\" content=\"article\" \/>\n<meta property=\"og:title\" content=\"How to choose a Microscope - Astro &amp; Micro Technics Ltd.\" \/>\n<meta property=\"og:url\" content=\"https:\/\/amt.ee\/en\/how-to-choose-a-microscope\/\" \/>\n<meta property=\"og:site_name\" content=\"Astro &amp; Micro Technics Ltd.\" \/>\n<meta property=\"article:publisher\" content=\"https:\/\/www.facebook.com\/AmtEstonia\/\" \/>\n<meta property=\"article:modified_time\" content=\"2021-04-10T13:12:41+00:00\" \/>\n<meta property=\"og:image\" content=\"https:\/\/amt.ee\/wp-content\/uploads\/2021\/04\/mikroskoop-est-600x411.jpg\" \/>\n<meta name=\"twitter:card\" content=\"summary_large_image\" \/>\n<meta name=\"twitter:label1\" content=\"Est. reading time\" \/>\n\t<meta name=\"twitter:data1\" content=\"3 minutes\" \/>\n<script type=\"application\/ld+json\" class=\"yoast-schema-graph\">{\"@context\":\"https:\\\/\\\/schema.org\",\"@graph\":[{\"@type\":\"WebPage\",\"@id\":\"https:\\\/\\\/amt.ee\\\/en\\\/how-to-choose-a-microscope\\\/\",\"url\":\"https:\\\/\\\/amt.ee\\\/en\\\/how-to-choose-a-microscope\\\/\",\"name\":\"How to choose a Microscope - Astro &amp; Micro Technics Ltd.\",\"isPartOf\":{\"@id\":\"https:\\\/\\\/amt.ee\\\/#website\"},\"primaryImageOfPage\":{\"@id\":\"https:\\\/\\\/amt.ee\\\/en\\\/how-to-choose-a-microscope\\\/#primaryimage\"},\"image\":{\"@id\":\"https:\\\/\\\/amt.ee\\\/en\\\/how-to-choose-a-microscope\\\/#primaryimage\"},\"thumbnailUrl\":\"https:\\\/\\\/amt.ee\\\/wp-content\\\/uploads\\\/2021\\\/04\\\/mikroskoop-est-600x411.jpg\",\"datePublished\":\"2021-02-05T07:20:38+00:00\",\"dateModified\":\"2021-04-10T13:12:41+00:00\",\"breadcrumb\":{\"@id\":\"https:\\\/\\\/amt.ee\\\/en\\\/how-to-choose-a-microscope\\\/#breadcrumb\"},\"inLanguage\":\"en-US\",\"potentialAction\":[{\"@type\":\"ReadAction\",\"target\":[\"https:\\\/\\\/amt.ee\\\/en\\\/how-to-choose-a-microscope\\\/\"]}]},{\"@type\":\"ImageObject\",\"inLanguage\":\"en-US\",\"@id\":\"https:\\\/\\\/amt.ee\\\/en\\\/how-to-choose-a-microscope\\\/#primaryimage\",\"url\":\"https:\\\/\\\/amt.ee\\\/wp-content\\\/uploads\\\/2021\\\/04\\\/mikroskoop-est-600x411.jpg\",\"contentUrl\":\"https:\\\/\\\/amt.ee\\\/wp-content\\\/uploads\\\/2021\\\/04\\\/mikroskoop-est-600x411.jpg\"},{\"@type\":\"BreadcrumbList\",\"@id\":\"https:\\\/\\\/amt.ee\\\/en\\\/how-to-choose-a-microscope\\\/#breadcrumb\",\"itemListElement\":[{\"@type\":\"ListItem\",\"position\":1,\"name\":\"Home\",\"item\":\"https:\\\/\\\/amt.ee\\\/en\\\/\"},{\"@type\":\"ListItem\",\"position\":2,\"name\":\"How to choose a Microscope\"}]},{\"@type\":\"WebSite\",\"@id\":\"https:\\\/\\\/amt.ee\\\/#website\",\"url\":\"https:\\\/\\\/amt.ee\\\/\",\"name\":\"Astro &amp; Micro Technics Ltd.\",\"description\":\"\",\"publisher\":{\"@id\":\"https:\\\/\\\/amt.ee\\\/#organization\"},\"potentialAction\":[{\"@type\":\"SearchAction\",\"target\":{\"@type\":\"EntryPoint\",\"urlTemplate\":\"https:\\\/\\\/amt.ee\\\/?s={search_term_string}\"},\"query-input\":{\"@type\":\"PropertyValueSpecification\",\"valueRequired\":true,\"valueName\":\"search_term_string\"}}],\"inLanguage\":\"en-US\"},{\"@type\":\"Organization\",\"@id\":\"https:\\\/\\\/amt.ee\\\/#organization\",\"name\":\"Astro & Micro Technics Ltd.\",\"url\":\"https:\\\/\\\/amt.ee\\\/\",\"logo\":{\"@type\":\"ImageObject\",\"inLanguage\":\"en-US\",\"@id\":\"https:\\\/\\\/amt.ee\\\/#\\\/schema\\\/logo\\\/image\\\/\",\"url\":\"https:\\\/\\\/amt.ee\\\/wp-content\\\/uploads\\\/2021\\\/01\\\/logo.png\",\"contentUrl\":\"https:\\\/\\\/amt.ee\\\/wp-content\\\/uploads\\\/2021\\\/01\\\/logo.png\",\"width\":500,\"height\":149,\"caption\":\"Astro & Micro Technics Ltd.\"},\"image\":{\"@id\":\"https:\\\/\\\/amt.ee\\\/#\\\/schema\\\/logo\\\/image\\\/\"},\"sameAs\":[\"https:\\\/\\\/www.facebook.com\\\/AmtEstonia\\\/\",\"https:\\\/\\\/www.instagram.com\\\/anatoli_medvedev\\\/\"]}]}<\/script>\n<!-- \/ Yoast SEO plugin. -->","yoast_head_json":{"title":"How to choose a Microscope - Astro &amp; Micro Technics Ltd.","robots":{"index":"index","follow":"follow","max-snippet":"max-snippet:-1","max-image-preview":"max-image-preview:large","max-video-preview":"max-video-preview:-1"},"canonical":"https:\/\/amt.ee\/en\/how-to-choose-a-microscope\/","og_locale":"en_US","og_type":"article","og_title":"How to choose a Microscope - Astro &amp; Micro Technics Ltd.","og_url":"https:\/\/amt.ee\/en\/how-to-choose-a-microscope\/","og_site_name":"Astro &amp; Micro Technics Ltd.","article_publisher":"https:\/\/www.facebook.com\/AmtEstonia\/","article_modified_time":"2021-04-10T13:12:41+00:00","og_image":[{"url":"https:\/\/amt.ee\/wp-content\/uploads\/2021\/04\/mikroskoop-est-600x411.jpg","type":"","width":"","height":""}],"twitter_card":"summary_large_image","twitter_misc":{"Est. reading time":"3 minutes"},"schema":{"@context":"https:\/\/schema.org","@graph":[{"@type":"WebPage","@id":"https:\/\/amt.ee\/en\/how-to-choose-a-microscope\/","url":"https:\/\/amt.ee\/en\/how-to-choose-a-microscope\/","name":"How to choose a Microscope - Astro &amp; Micro Technics Ltd.","isPartOf":{"@id":"https:\/\/amt.ee\/#website"},"primaryImageOfPage":{"@id":"https:\/\/amt.ee\/en\/how-to-choose-a-microscope\/#primaryimage"},"image":{"@id":"https:\/\/amt.ee\/en\/how-to-choose-a-microscope\/#primaryimage"},"thumbnailUrl":"https:\/\/amt.ee\/wp-content\/uploads\/2021\/04\/mikroskoop-est-600x411.jpg","datePublished":"2021-02-05T07:20:38+00:00","dateModified":"2021-04-10T13:12:41+00:00","breadcrumb":{"@id":"https:\/\/amt.ee\/en\/how-to-choose-a-microscope\/#breadcrumb"},"inLanguage":"en-US","potentialAction":[{"@type":"ReadAction","target":["https:\/\/amt.ee\/en\/how-to-choose-a-microscope\/"]}]},{"@type":"ImageObject","inLanguage":"en-US","@id":"https:\/\/amt.ee\/en\/how-to-choose-a-microscope\/#primaryimage","url":"https:\/\/amt.ee\/wp-content\/uploads\/2021\/04\/mikroskoop-est-600x411.jpg","contentUrl":"https:\/\/amt.ee\/wp-content\/uploads\/2021\/04\/mikroskoop-est-600x411.jpg"},{"@type":"BreadcrumbList","@id":"https:\/\/amt.ee\/en\/how-to-choose-a-microscope\/#breadcrumb","itemListElement":[{"@type":"ListItem","position":1,"name":"Home","item":"https:\/\/amt.ee\/en\/"},{"@type":"ListItem","position":2,"name":"How to choose a Microscope"}]},{"@type":"WebSite","@id":"https:\/\/amt.ee\/#website","url":"https:\/\/amt.ee\/","name":"Astro &amp; Micro Technics Ltd.","description":"","publisher":{"@id":"https:\/\/amt.ee\/#organization"},"potentialAction":[{"@type":"SearchAction","target":{"@type":"EntryPoint","urlTemplate":"https:\/\/amt.ee\/?s={search_term_string}"},"query-input":{"@type":"PropertyValueSpecification","valueRequired":true,"valueName":"search_term_string"}}],"inLanguage":"en-US"},{"@type":"Organization","@id":"https:\/\/amt.ee\/#organization","name":"Astro & Micro Technics Ltd.","url":"https:\/\/amt.ee\/","logo":{"@type":"ImageObject","inLanguage":"en-US","@id":"https:\/\/amt.ee\/#\/schema\/logo\/image\/","url":"https:\/\/amt.ee\/wp-content\/uploads\/2021\/01\/logo.png","contentUrl":"https:\/\/amt.ee\/wp-content\/uploads\/2021\/01\/logo.png","width":500,"height":149,"caption":"Astro & Micro Technics Ltd."},"image":{"@id":"https:\/\/amt.ee\/#\/schema\/logo\/image\/"},"sameAs":["https:\/\/www.facebook.com\/AmtEstonia\/","https:\/\/www.instagram.com\/anatoli_medvedev\/"]}]}},"_links":{"self":[{"href":"https:\/\/amt.ee\/en\/wp-json\/wp\/v2\/pages\/8136","targetHints":{"allow":["GET"]}}],"collection":[{"href":"https:\/\/amt.ee\/en\/wp-json\/wp\/v2\/pages"}],"about":[{"href":"https:\/\/amt.ee\/en\/wp-json\/wp\/v2\/types\/page"}],"author":[{"embeddable":true,"href":"https:\/\/amt.ee\/en\/wp-json\/wp\/v2\/users\/2"}],"replies":[{"embeddable":true,"href":"https:\/\/amt.ee\/en\/wp-json\/wp\/v2\/comments?post=8136"}],"version-history":[{"count":3,"href":"https:\/\/amt.ee\/en\/wp-json\/wp\/v2\/pages\/8136\/revisions"}],"predecessor-version":[{"id":11774,"href":"https:\/\/amt.ee\/en\/wp-json\/wp\/v2\/pages\/8136\/revisions\/11774"}],"wp:attachment":[{"href":"https:\/\/amt.ee\/en\/wp-json\/wp\/v2\/media?parent=8136"}],"curies":[{"name":"wp","href":"https:\/\/api.w.org\/{rel}","templated":true}]}}